{"id":1009,"date":"2019-03-02T10:14:00","date_gmt":"2019-03-02T08:14:00","guid":{"rendered":"https:\/\/www.zoner.fi\/tuki\/?page_id=1009"},"modified":"2025-11-28T14:44:03","modified_gmt":"2025-11-28T12:44:03","slug":"miten-liitan-lisaverkkotunnuksen-asiakkaan-webhotelliin","status":"publish","type":"page","link":"https:\/\/www.zoner.fi\/tuki\/kumppanit\/miten-liitan-lisaverkkotunnuksen-asiakkaan-webhotelliin\/","title":{"rendered":"Miten liit\u00e4n lis\u00e4verkkotunnuksen asiakkaan webhotelliin?"},"content":{"rendered":"\n<p><em>Ohje tarkistettu: 4.12.2019<\/em><\/p>\n\n\n\n<p>Asiakkaan hallintan\u00e4kym\u00e4 mahdollistaa useiden verkkotunnusten liitt\u00e4misen webhotelliin. Voit tehd\u00e4 liitt\u00e4misen kirjautumalla asiakkaan webhotelliin J\u00e4lleenmyyj\u00e4-tunnusten kautta.<\/p>\n\n\n\n<p><a href=\"https:\/\/www.zoner.fi\/tuki\/jalleenmyyjat\/miten-kirjaudun-asiakkaan-webhotelliin-jalleenmyyja-tunnuksella\/\">Katso ohje kirjautumiseen.<\/a><\/p>\n\n\n\n<h3 class=\"wp-block-heading\">Lis\u00e4verkkotunnusten m\u00e4\u00e4r\u00e4<\/h3>\n\n\n\n<p>Varmista aluksi J\u00e4lleenmyyj\u00e4-n\u00e4kym\u00e4ss\u00e4, ett\u00e4 asiakkaan webhotellissa on varattu tila useammalle verkkotunnukselle. Esimerkiksi oheisen tapauksen osalta asiakkaalla on k\u00e4yt\u00f6ss\u00e4\u00e4n jo yksi verkkotunnus ja maksimiarvoksi m\u00e4\u00e4ritetty yksi verkkotunnus, jolloin uuden verkkotunnuksen lis\u00e4\u00e4minen ei ole mahdollista ennen asiakkaan webhotellin resurssien kasvattamista.<\/p>\n\n\n\n<p><a href=\"https:\/\/www.zoner.fi\/tuki\/jalleenmyyjat\/miten-muokkaan-yksittaisen-webhotellin-ominaisuuksia\/\">Katso ohje asiakkaan webhotellin ominaisuuksien muuttamisesta.<\/a><\/p>\n\n\n\n<figure class=\"wp-block-image size-full\"><img loading=\"lazy\" decoding=\"async\" width=\"900\" height=\"220\" src=\"https:\/\/www.zoner.fi\/tuki\/wp-content\/uploads\/2021\/11\/jamy-lisaverkkotunnus-lisaaminen-vain-yksi-domain-1.jpg\" alt=\"\" class=\"wp-image-1012\" srcset=\"https:\/\/www.zoner.fi\/tuki\/wp-content\/uploads\/2021\/11\/jamy-lisaverkkotunnus-lisaaminen-vain-yksi-domain-1.jpg 900w, https:\/\/www.zoner.fi\/tuki\/wp-content\/uploads\/2021\/11\/jamy-lisaverkkotunnus-lisaaminen-vain-yksi-domain-1-300x73.jpg 300w, https:\/\/www.zoner.fi\/tuki\/wp-content\/uploads\/2021\/11\/jamy-lisaverkkotunnus-lisaaminen-vain-yksi-domain-1-768x188.jpg 768w\" sizes=\"auto, (max-width: 900px) 100vw, 900px\" \/><\/figure>\n\n\n\n<h3 class=\"wp-block-heading\">Lis\u00e4verkkotunnuksen lis\u00e4\u00e4minen<\/h3>\n\n\n\n<p>Kun olet kirjautunut sis\u00e4\u00e4n asiakkaan webhotelliin, valitse p\u00e4\u00e4valikosta Tilin hallinta \u2013 Verkkotunnusten m\u00e4\u00e4ritys.<\/p>\n\n\n\n<figure class=\"wp-block-image size-full\"><img loading=\"lazy\" decoding=\"async\" width=\"500\" height=\"306\" src=\"https:\/\/www.zoner.fi\/tuki\/wp-content\/uploads\/2021\/11\/jamy-lisaverkkotunnus-lisaaminen-kayttajan-webhotelli-paavalikko-1.jpg\" alt=\"\" class=\"wp-image-1013\" srcset=\"https:\/\/www.zoner.fi\/tuki\/wp-content\/uploads\/2021\/11\/jamy-lisaverkkotunnus-lisaaminen-kayttajan-webhotelli-paavalikko-1.jpg 500w, https:\/\/www.zoner.fi\/tuki\/wp-content\/uploads\/2021\/11\/jamy-lisaverkkotunnus-lisaaminen-kayttajan-webhotelli-paavalikko-1-300x184.jpg 300w\" sizes=\"auto, (max-width: 500px) 100vw, 500px\" \/><\/figure>\n\n\n\n<p>Aukeavalta Verkkotunnusten hallinta -sivulta n\u00e4et kaikki kyseiseen webhotelliin liitetyt verkkotunnukset ja voit lis\u00e4t\u00e4 uuden verkkotunnuksen klikkaamalla vihre\u00e4\u00e4 Lis\u00e4\u00e4 uusi -painiketta.<\/p>\n\n\n\n<figure class=\"wp-block-image size-full\"><img loading=\"lazy\" decoding=\"async\" width=\"900\" height=\"235\" src=\"https:\/\/www.zoner.fi\/tuki\/wp-content\/uploads\/2021\/11\/jamy-lisaverkkotunnus-lisaaminen-lista-kayttajan-domain-1.jpg\" alt=\"\" class=\"wp-image-1014\" srcset=\"https:\/\/www.zoner.fi\/tuki\/wp-content\/uploads\/2021\/11\/jamy-lisaverkkotunnus-lisaaminen-lista-kayttajan-domain-1.jpg 900w, https:\/\/www.zoner.fi\/tuki\/wp-content\/uploads\/2021\/11\/jamy-lisaverkkotunnus-lisaaminen-lista-kayttajan-domain-1-300x78.jpg 300w, https:\/\/www.zoner.fi\/tuki\/wp-content\/uploads\/2021\/11\/jamy-lisaverkkotunnus-lisaaminen-lista-kayttajan-domain-1-768x201.jpg 768w\" sizes=\"auto, (max-width: 900px) 100vw, 900px\" \/><\/figure>\n\n\n\n<p>Kirjoita seuraavaksi verkkotunnuksen nimi ilman www-etuliittett\u00e4. Jos verkkotunnus sis\u00e4lt\u00e4\u00e4 skandeja tai muita erikoismerkkej\u00e4, se t\u00e4ytyy kirjoittaa IDN-muodossa;&nbsp;\u00e4\u00e4kk\u00f6nen.fi =&nbsp;xn--kknen-fraa0m.fi. Muuntamiseen l\u00f6ytyy verkosta ty\u00f6kaluja IDN converter -nimell\u00e4.<\/p>\n\n\n\n<figure class=\"wp-block-image size-full\"><img loading=\"lazy\" decoding=\"async\" width=\"900\" height=\"234\" src=\"https:\/\/www.zoner.fi\/tuki\/wp-content\/uploads\/2021\/11\/jamy-lisaverkkotunnus-domainin-lisaaminen-1.jpg\" alt=\"\" class=\"wp-image-1015\" srcset=\"https:\/\/www.zoner.fi\/tuki\/wp-content\/uploads\/2021\/11\/jamy-lisaverkkotunnus-domainin-lisaaminen-1.jpg 900w, https:\/\/www.zoner.fi\/tuki\/wp-content\/uploads\/2021\/11\/jamy-lisaverkkotunnus-domainin-lisaaminen-1-300x78.jpg 300w, https:\/\/www.zoner.fi\/tuki\/wp-content\/uploads\/2021\/11\/jamy-lisaverkkotunnus-domainin-lisaaminen-1-768x200.jpg 768w\" sizes=\"auto, (max-width: 900px) 100vw, 900px\" \/><\/figure>\n\n\n\n<p>Voit my\u00f6s m\u00e4\u00e4ritt\u00e4\u00e4 uudelle verkkotunnukselle oman rajan siirtokaistaan sek\u00e4 levytilaan, tai asettaa verkkotunnus k\u00e4ytt\u00e4m\u00e4\u00e4n samoja resursseja kuin webhotellin p\u00e4\u00e4verkkotunnus rastittamalla kohdan Sama kuin ensisijainen tili.<\/p>\n\n\n\n<p>Tallenna muutokset klikkaamalla Luo.<\/p>\n\n\n\n<p>Kaikki lis\u00e4tyt&nbsp;verkkotunnukset p\u00e4ivittyv\u00e4t (n. 10-15 min aikana) automaattisesti Zonerin nimipalvelimille sek\u00e4 roskapostinsuodatukseen.&nbsp;<strong>Mik\u00e4li kyseinen verkkotunnus on jo liitettyn\u00e4 Zonerin palveluihin, ota yhteytt\u00e4 asiakaspalveluumme, niin osaamme ohjata verkkotunnuksen oikealle palvelimelle.<\/strong><\/p>\n\n\n\n<p>Varsinaisen verkkotunnuksen rekister\u00f6innin voit joko tehd\u00e4 itse, tai voit tilata verkkotunnuksen verkkokauppamme kautta&nbsp;<a rel=\"noreferrer noopener\" href=\"https:\/\/www.zoner.fi\/domainhaku\/\" target=\"_blank\">https:\/\/www.zoner.fi\/domainhaku\/<\/a><\/p>\n\n\n\n<h3 class=\"wp-block-heading\">Lis\u00e4verkkotunnuksen muokkaus ja poistaminen<\/h3>\n\n\n\n<p>Valitse muokattava verkkotunnus listalta laittamalla valinta verkkotunnuksen edess\u00e4 olevaan ruutuun.<\/p>\n\n\n\n<figure class=\"wp-block-image size-full\"><img loading=\"lazy\" decoding=\"async\" width=\"900\" height=\"264\" src=\"https:\/\/www.zoner.fi\/tuki\/wp-content\/uploads\/2021\/11\/jamy-lisaverkkotunnus-aseta-oletukseksi-poista-1.jpg\" alt=\"\" class=\"wp-image-1017\" srcset=\"https:\/\/www.zoner.fi\/tuki\/wp-content\/uploads\/2021\/11\/jamy-lisaverkkotunnus-aseta-oletukseksi-poista-1.jpg 900w, https:\/\/www.zoner.fi\/tuki\/wp-content\/uploads\/2021\/11\/jamy-lisaverkkotunnus-aseta-oletukseksi-poista-1-300x88.jpg 300w, https:\/\/www.zoner.fi\/tuki\/wp-content\/uploads\/2021\/11\/jamy-lisaverkkotunnus-aseta-oletukseksi-poista-1-768x225.jpg 768w\" sizes=\"auto, (max-width: 900px) 100vw, 900px\" \/><\/figure>\n\n\n\n<p>1. Nime\u00e4 verkkotunnus uudelleen -painikkeesta voit korjata verkkotunnuksen kirjoitusasua.<\/p>\n\n\n\n<p>2. Aseta valittu verkkotunnus k\u00e4ytt\u00e4j\u00e4tilin oletusosoitteeksi.<\/p>\n\n\n\n<p>3. Est\u00e4 verkkotunnuksen k\u00e4ytt\u00f6\/Peru verkkotunnuksen k\u00e4yt\u00f6n esto.<\/p>\n\n\n\n<p>4. Poista verkkotunnus.<\/p>\n","protected":false},"excerpt":{"rendered":"<p>Asiakkaan hallintan\u00e4kym\u00e4 mahdollistaa useiden verkkotunnusten liitt\u00e4misen webhotelliin. Voit tehd\u00e4 liitt\u00e4misen kirjautumalla asiakkaan webhotelliin J\u00e4lleenmyyj\u00e4-tunnusten kautta.<\/p>\n","protected":false},"author":1,"featured_media":0,"parent":136059,"menu_order":8,"comment_status":"closed","ping_status":"closed","template":"","meta":{"_relevanssi_hide_post":"","_relevanssi_hide_content":"","_relevanssi_pin_for_all":"","_relevanssi_pin_keywords":"","_relevanssi_unpin_keywords":"","_relevanssi_related_keywords":"","_relevanssi_related_include_ids":"","_relevanssi_related_exclude_ids":"","_relevanssi_related_no_append":"","_relevanssi_related_not_related":"","_relevanssi_related_posts":"1066,1063,1076","_relevanssi_noindex_reason":"","footnotes":""},"categories":[71],"tags":[88],"wf_page_folders":[],"class_list":{"0":"post-1009","1":"page","2":"type-page","3":"status-publish","5":"category-kumppanit","6":"tag-jalleenmyyjat"},"_links":{"self":[{"href":"https:\/\/www.zoner.fi\/tuki\/wp-json\/wp\/v2\/pages\/1009","targetHints":{"allow":["GET"]}}],"collection":[{"href":"https:\/\/www.zoner.fi\/tuki\/wp-json\/wp\/v2\/pages"}],"about":[{"href":"https:\/\/www.zoner.fi\/tuki\/wp-json\/wp\/v2\/types\/page"}],"author":[{"embeddable":true,"href":"https:\/\/www.zoner.fi\/tuki\/wp-json\/wp\/v2\/users\/1"}],"replies":[{"embeddable":true,"href":"https:\/\/www.zoner.fi\/tuki\/wp-json\/wp\/v2\/comments?post=1009"}],"version-history":[{"count":4,"href":"https:\/\/www.zoner.fi\/tuki\/wp-json\/wp\/v2\/pages\/1009\/revisions"}],"predecessor-version":[{"id":130332,"href":"https:\/\/www.zoner.fi\/tuki\/wp-json\/wp\/v2\/pages\/1009\/revisions\/130332"}],"up":[{"embeddable":true,"href":"https:\/\/www.zoner.fi\/tuki\/wp-json\/wp\/v2\/pages\/136059"}],"wp:attachment":[{"href":"https:\/\/www.zoner.fi\/tuki\/wp-json\/wp\/v2\/media?parent=1009"}],"wp:term":[{"taxonomy":"category","embeddable":true,"href":"https:\/\/www.zoner.fi\/tuki\/wp-json\/wp\/v2\/categories?post=1009"},{"taxonomy":"post_tag","embeddable":true,"href":"https:\/\/www.zoner.fi\/tuki\/wp-json\/wp\/v2\/tags?post=1009"},{"taxonomy":"wf_page_folders","embeddable":true,"href":"https:\/\/www.zoner.fi\/tuki\/wp-json\/wp\/v2\/wf_page_folders?post=1009"}],"curies":[{"name":"wp","href":"https:\/\/api.w.org\/{rel}","templated":true}]}}