{"id":1020,"date":"2019-03-02T10:00:00","date_gmt":"2019-03-02T08:00:00","guid":{"rendered":"https:\/\/www.zoner.fi\/tuki\/?page_id=1020"},"modified":"2025-11-28T14:43:40","modified_gmt":"2025-11-28T12:43:40","slug":"miten-seuraan-jalleenmyyntipalvelun-tilastoja-ja-resursseja","status":"publish","type":"page","link":"https:\/\/www.zoner.fi\/tuki\/kumppanit\/miten-seuraan-jalleenmyyntipalvelun-tilastoja-ja-resursseja\/","title":{"rendered":"Miten seuraan j\u00e4lleenmyyj\u00e4palvelun tilastoja ja resursseja?"},"content":{"rendered":"\n<p><em>Ohje tarkistettu: 11.6.2021<\/em><\/p>\n\n\n\n<p>Kirjaudu J\u00e4lleenmyyj\u00e4-tunnuksillasi sis\u00e4\u00e4n DirectAdmin-hallintapaneeliin.<\/p>\n\n\n\n<p>Valitse p\u00e4\u00e4valikosta J\u00e4rjestelm\u00e4n tiedot ja tiedostot \u2013 J\u00e4lleenmyyj\u00e4n tilastot. Tilastot l\u00f6ytyv\u00e4t my\u00f6s oikopolkuna hallintapaneelin aloitusn\u00e4kym\u00e4st\u00e4.<\/p>\n\n\n\n<figure class=\"wp-block-image size-full\"><img loading=\"lazy\" decoding=\"async\" width=\"468\" height=\"500\" src=\"https:\/\/www.zoner.fi\/tuki\/wp-content\/uploads\/2021\/11\/jamy-jalleenmyyjan-tilastot-paavalikko.jpg\" alt=\"\" class=\"wp-image-1021\" srcset=\"https:\/\/www.zoner.fi\/tuki\/wp-content\/uploads\/2021\/11\/jamy-jalleenmyyjan-tilastot-paavalikko.jpg 468w, https:\/\/www.zoner.fi\/tuki\/wp-content\/uploads\/2021\/11\/jamy-jalleenmyyjan-tilastot-paavalikko-281x300.jpg 281w\" sizes=\"auto, (max-width: 468px) 100vw, 468px\" \/><\/figure>\n\n\n\n<h3 class=\"wp-block-heading\">1. K\u00e4yt\u00f6ss\u00e4 olevat resurssit<\/h3>\n\n\n\n<p>Aukeavalta K\u00e4ytt\u00f6tilastot-n\u00e4kym\u00e4lt\u00e4 n\u00e4et selke\u00e4sti, paljonko k\u00e4yt\u00f6ss\u00e4si on resursseja, paljonko niist\u00e4 on jo otettu k\u00e4ytt\u00f6\u00f6n sek\u00e4 todellisen k\u00e4yt\u00f6n.<\/p>\n\n\n\n<figure class=\"wp-block-table\"><table><tbody><tr><td>Asetus<\/td><td>Yksitt\u00e4iset resurssit ja ominaisuudet ovat listattuna t\u00e4m\u00e4n alla<\/td><\/tr><tr><td>K\u00e4ytt\u00f6<\/td><td>Paljonko webhotellisi todellisesti k\u00e4ytt\u00e4v\u00e4t resursseja<\/td><\/tr><tr><td>Raja<\/td><td>Paljonko jo luomillesi webhotelleille on varattu resursseja<\/td><\/tr><tr><td>Osoitettu<\/td><td>Paljonko voit maksimissaan jakaa resursseja webhotelleiden kesken<\/td><\/tr><\/tbody><\/table><\/figure>\n\n\n\n<figure class=\"wp-block-image size-full\"><img loading=\"lazy\" decoding=\"async\" width=\"900\" height=\"712\" src=\"https:\/\/www.zoner.fi\/tuki\/wp-content\/uploads\/2021\/11\/jamy-jalleenmyyjan-tilastot-aloitussivu.jpg\" alt=\"\" class=\"wp-image-1024\" srcset=\"https:\/\/www.zoner.fi\/tuki\/wp-content\/uploads\/2021\/11\/jamy-jalleenmyyjan-tilastot-aloitussivu.jpg 900w, https:\/\/www.zoner.fi\/tuki\/wp-content\/uploads\/2021\/11\/jamy-jalleenmyyjan-tilastot-aloitussivu-300x237.jpg 300w, https:\/\/www.zoner.fi\/tuki\/wp-content\/uploads\/2021\/11\/jamy-jalleenmyyjan-tilastot-aloitussivu-768x608.jpg 768w\" sizes=\"auto, (max-width: 900px) 100vw, 900px\" \/><\/figure>\n\n\n\n<h3 class=\"wp-block-heading\">2. Tilin tiedot<\/h3>\n\n\n\n<p>Tilin tiedot -v\u00e4lilehdelt\u00e4 l\u00f6yd\u00e4t lis\u00e4tietoja J\u00e4lleenmyyj\u00e4-pakettisi tasosta ja ominaisuuksista, tietoa nimipalvelimista ja voit m\u00e4\u00e4ritell\u00e4, saatko ilmoituksen k\u00e4ytt\u00f6rajojen ylittymisest\u00e4.<\/p>\n\n\n\n<p>Voit my\u00f6s tarvittaessa p\u00e4ivitt\u00e4\u00e4 J\u00e4lleenmyyj\u00e4 -palvelusi tasoa isompaan. Ota yhteys asiakaspalveluumme. Tasot ja hinnastot l\u00f6ytyv\u00e4t kotisivuiltamme:&nbsp;<a href=\"https:\/\/www.zoner.fi\/webhotellien-jalleenmyynti\/\">Webhotellien j\u00e4lleenmyynti<\/a>.<\/p>\n\n\n\n<h3 class=\"wp-block-heading\">3. K\u00e4ytt\u00f6historia<\/h3>\n\n\n\n<p>Voit seurata todellisten resurssien k\u00e4yt\u00f6n kehittymist\u00e4 taulukko- ja kaaviomuodossa sivun alalaidan J\u00e4lleenmyyj\u00e4n historia -linkin kautta.<\/p>\n","protected":false},"excerpt":{"rendered":"<p>Kirjaudu J\u00e4lleenmyyj\u00e4-tunnuksillasi sis\u00e4\u00e4n DirectAdmin-hallintapaneeliin. Valitse p\u00e4\u00e4valikosta J\u00e4rjestelm\u00e4n tiedot ja tiedostot \u2013 J\u00e4lleenmyyj\u00e4n tilastot. Tilastot l\u00f6ytyv\u00e4t my\u00f6s oikopolkuna hallintapaneelin aloitusn\u00e4kym\u00e4st\u00e4.<\/p>\n","protected":false},"author":1,"featured_media":0,"parent":136059,"menu_order":5,"comment_status":"closed","ping_status":"closed","template":"","meta":{"_relevanssi_hide_post":"","_relevanssi_hide_content":"","_relevanssi_pin_for_all":"","_relevanssi_pin_keywords":"","_relevanssi_unpin_keywords":"","_relevanssi_related_keywords":"","_relevanssi_related_include_ids":"","_relevanssi_related_exclude_ids":"","_relevanssi_related_no_append":"","_relevanssi_related_not_related":"","_relevanssi_related_posts":"1063,1076,1066","_relevanssi_noindex_reason":"","footnotes":""},"categories":[71],"tags":[88],"wf_page_folders":[],"class_list":{"0":"post-1020","1":"page","2":"type-page","3":"status-publish","5":"category-kumppanit","6":"tag-jalleenmyyjat"},"_links":{"self":[{"href":"https:\/\/www.zoner.fi\/tuki\/wp-json\/wp\/v2\/pages\/1020","targetHints":{"allow":["GET"]}}],"collection":[{"href":"https:\/\/www.zoner.fi\/tuki\/wp-json\/wp\/v2\/pages"}],"about":[{"href":"https:\/\/www.zoner.fi\/tuki\/wp-json\/wp\/v2\/types\/page"}],"author":[{"embeddable":true,"href":"https:\/\/www.zoner.fi\/tuki\/wp-json\/wp\/v2\/users\/1"}],"replies":[{"embeddable":true,"href":"https:\/\/www.zoner.fi\/tuki\/wp-json\/wp\/v2\/comments?post=1020"}],"version-history":[{"count":3,"href":"https:\/\/www.zoner.fi\/tuki\/wp-json\/wp\/v2\/pages\/1020\/revisions"}],"predecessor-version":[{"id":129852,"href":"https:\/\/www.zoner.fi\/tuki\/wp-json\/wp\/v2\/pages\/1020\/revisions\/129852"}],"up":[{"embeddable":true,"href":"https:\/\/www.zoner.fi\/tuki\/wp-json\/wp\/v2\/pages\/136059"}],"wp:attachment":[{"href":"https:\/\/www.zoner.fi\/tuki\/wp-json\/wp\/v2\/media?parent=1020"}],"wp:term":[{"taxonomy":"category","embeddable":true,"href":"https:\/\/www.zoner.fi\/tuki\/wp-json\/wp\/v2\/categories?post=1020"},{"taxonomy":"post_tag","embeddable":true,"href":"https:\/\/www.zoner.fi\/tuki\/wp-json\/wp\/v2\/tags?post=1020"},{"taxonomy":"wf_page_folders","embeddable":true,"href":"https:\/\/www.zoner.fi\/tuki\/wp-json\/wp\/v2\/wf_page_folders?post=1020"}],"curies":[{"name":"wp","href":"https:\/\/api.w.org\/{rel}","templated":true}]}}