{"id":1026,"date":"2019-02-26T10:27:00","date_gmt":"2019-02-26T08:27:00","guid":{"rendered":"https:\/\/www.zoner.fi\/tuki\/?page_id=1026"},"modified":"2025-11-28T14:43:54","modified_gmt":"2025-11-28T12:43:54","slug":"miten-kirjaudun-asiakkaan-webhotelliin-jalleenmyyja-tunnuksella","status":"publish","type":"page","link":"https:\/\/www.zoner.fi\/tuki\/kumppanit\/miten-kirjaudun-asiakkaan-webhotelliin-jalleenmyyja-tunnuksella\/","title":{"rendered":"Miten kirjaudun asiakkaan webhotelliin j\u00e4lleenmyyj\u00e4-tunnuksella?"},"content":{"rendered":"\n<p><em>Ohje tarkistettu: 14.11.2019<\/em><\/p>\n\n\n\n<p>Voit kirjautua J\u00e4lleenmyyj\u00e4-pakettisi kautta luotuihin webhotelleihin J\u00e4lleenmyyj\u00e4-tunnustesi avulla. T\u00e4m\u00e4 mahdollistaa yksitt\u00e4isten k\u00e4ytt\u00e4jien&nbsp; webhotellin k\u00e4ytt\u00e4misen asiakkaan tavoin ilman varsinaisen webhotellin tunnuksia.<\/p>\n\n\n\n<p>Voit esim. luoda vaivatta asiakkaillesi uusia s\u00e4hk\u00f6postilaatikoita, hallita nettisivujen asennuksia ja tietokantoja jne.<\/p>\n\n\n\n<h3 class=\"wp-block-heading\">Kirjautuminen k\u00e4ytt\u00e4j\u00e4n webhotelliin j\u00e4lleenmyyj\u00e4-paketin kautta<\/h3>\n\n\n\n<p>Kirjaudu J\u00e4lleenmyyj\u00e4-tunnuksillasi sis\u00e4\u00e4n DirectAdmin-hallintapaneeliin.<\/p>\n\n\n\n<p>Valitse p\u00e4\u00e4valikosta Tilin hallinta \u2013 Listaa k\u00e4ytt\u00e4j\u00e4t.<\/p>\n\n\n\n<figure class=\"wp-block-image size-full\"><img loading=\"lazy\" decoding=\"async\" width=\"500\" height=\"268\" src=\"https:\/\/www.zoner.fi\/tuki\/wp-content\/uploads\/2021\/11\/jamy-listaa-kayttajat-paavalikko.jpg\" alt=\"\" class=\"wp-image-969\" srcset=\"https:\/\/www.zoner.fi\/tuki\/wp-content\/uploads\/2021\/11\/jamy-listaa-kayttajat-paavalikko.jpg 500w, https:\/\/www.zoner.fi\/tuki\/wp-content\/uploads\/2021\/11\/jamy-listaa-kayttajat-paavalikko-300x161.jpg 300w\" sizes=\"auto, (max-width: 500px) 100vw, 500px\" \/><\/figure>\n\n\n\n<p>K\u00e4yt\u00e4 hakua tai etsi haluamasi k\u00e4ytt\u00e4j\u00e4tunnus suoraan listan\u00e4kym\u00e4st\u00e4. Klikkaa k\u00e4ytt\u00e4j\u00e4tunnusta.<\/p>\n\n\n\n<figure class=\"wp-block-image size-full\"><img loading=\"lazy\" decoding=\"async\" width=\"900\" height=\"211\" src=\"https:\/\/www.zoner.fi\/tuki\/wp-content\/uploads\/2021\/11\/jamy-listaa-kayttajat-nayta-kaikki.jpg\" alt=\"\" class=\"wp-image-1031\" srcset=\"https:\/\/www.zoner.fi\/tuki\/wp-content\/uploads\/2021\/11\/jamy-listaa-kayttajat-nayta-kaikki.jpg 900w, https:\/\/www.zoner.fi\/tuki\/wp-content\/uploads\/2021\/11\/jamy-listaa-kayttajat-nayta-kaikki-300x70.jpg 300w, https:\/\/www.zoner.fi\/tuki\/wp-content\/uploads\/2021\/11\/jamy-listaa-kayttajat-nayta-kaikki-768x180.jpg 768w\" sizes=\"auto, (max-width: 900px) 100vw, 900px\" \/><\/figure>\n\n\n\n<p>Klikkaa avautuvalta N\u00e4yt\u00e4 k\u00e4ytt\u00e4j\u00e4 -sivulta vihre\u00e4\u00e4 Kirjaudu k\u00e4ytt\u00e4j\u00e4n\u00e4 -painiketta.<\/p>\n\n\n\n<figure class=\"wp-block-image size-full\"><img loading=\"lazy\" decoding=\"async\" width=\"900\" height=\"232\" src=\"https:\/\/www.zoner.fi\/tuki\/wp-content\/uploads\/2021\/11\/jamy-kirjaudu-kayttajana-kayttajan-tiedot.jpg\" alt=\"\" class=\"wp-image-1032\" srcset=\"https:\/\/www.zoner.fi\/tuki\/wp-content\/uploads\/2021\/11\/jamy-kirjaudu-kayttajana-kayttajan-tiedot.jpg 900w, https:\/\/www.zoner.fi\/tuki\/wp-content\/uploads\/2021\/11\/jamy-kirjaudu-kayttajana-kayttajan-tiedot-300x77.jpg 300w, https:\/\/www.zoner.fi\/tuki\/wp-content\/uploads\/2021\/11\/jamy-kirjaudu-kayttajana-kayttajan-tiedot-768x198.jpg 768w\" sizes=\"auto, (max-width: 900px) 100vw, 900px\" \/><\/figure>\n\n\n\n<p>Siirryt suoraan k\u00e4ytt\u00e4j\u00e4n webhotellin aloitussivulle ja voit k\u00e4ytt\u00e4\u00e4 webhotellin toimintoja k\u00e4ytt\u00e4j\u00e4n tavoin. Kun haluat palata takaisin J\u00e4lleenmyyj\u00e4-n\u00e4kym\u00e4\u00e4n, kirjaudu ulos k\u00e4ytt\u00e4j\u00e4n webhotellista n\u00e4yt\u00f6n oikeasta yl\u00e4kulmasta.<\/p>\n\n\n\n<figure class=\"wp-block-image size-full\"><img loading=\"lazy\" decoding=\"async\" width=\"284\" height=\"300\" src=\"https:\/\/www.zoner.fi\/tuki\/wp-content\/uploads\/2021\/11\/jamy-kirjaudu-ulos-kayttajan-tiedoilla.jpg\" alt=\"\" class=\"wp-image-1033\"\/><\/figure>\n\n\n\n<p><\/p>\n","protected":false},"excerpt":{"rendered":"<p>Voit kirjautua J\u00e4lleenmyyj\u00e4-pakettisi kautta luotuihin webhotelleihin J\u00e4lleenmyyj\u00e4-tunnustesi avulla. T\u00e4m\u00e4 mahdollistaa yksitt\u00e4isten k\u00e4ytt\u00e4jien  webhotellin k\u00e4ytt\u00e4misen asiakkaan tavoin ilman varsinaisen webhotellin tunnuksia.<\/p>\n","protected":false},"author":1,"featured_media":0,"parent":136059,"menu_order":7,"comment_status":"closed","ping_status":"closed","template":"","meta":{"_relevanssi_hide_post":"","_relevanssi_hide_content":"","_relevanssi_pin_for_all":"","_relevanssi_pin_keywords":"","_relevanssi_unpin_keywords":"","_relevanssi_related_keywords":"","_relevanssi_related_include_ids":"","_relevanssi_related_exclude_ids":"","_relevanssi_related_no_append":"","_relevanssi_related_not_related":"","_relevanssi_related_posts":"1066,1063,1076","_relevanssi_noindex_reason":"","footnotes":""},"categories":[71],"tags":[88],"wf_page_folders":[],"class_list":{"0":"post-1026","1":"page","2":"type-page","3":"status-publish","5":"category-kumppanit","6":"tag-jalleenmyyjat"},"_links":{"self":[{"href":"https:\/\/www.zoner.fi\/tuki\/wp-json\/wp\/v2\/pages\/1026","targetHints":{"allow":["GET"]}}],"collection":[{"href":"https:\/\/www.zoner.fi\/tuki\/wp-json\/wp\/v2\/pages"}],"about":[{"href":"https:\/\/www.zoner.fi\/tuki\/wp-json\/wp\/v2\/types\/page"}],"author":[{"embeddable":true,"href":"https:\/\/www.zoner.fi\/tuki\/wp-json\/wp\/v2\/users\/1"}],"replies":[{"embeddable":true,"href":"https:\/\/www.zoner.fi\/tuki\/wp-json\/wp\/v2\/comments?post=1026"}],"version-history":[{"count":2,"href":"https:\/\/www.zoner.fi\/tuki\/wp-json\/wp\/v2\/pages\/1026\/revisions"}],"predecessor-version":[{"id":129853,"href":"https:\/\/www.zoner.fi\/tuki\/wp-json\/wp\/v2\/pages\/1026\/revisions\/129853"}],"up":[{"embeddable":true,"href":"https:\/\/www.zoner.fi\/tuki\/wp-json\/wp\/v2\/pages\/136059"}],"wp:attachment":[{"href":"https:\/\/www.zoner.fi\/tuki\/wp-json\/wp\/v2\/media?parent=1026"}],"wp:term":[{"taxonomy":"category","embeddable":true,"href":"https:\/\/www.zoner.fi\/tuki\/wp-json\/wp\/v2\/categories?post=1026"},{"taxonomy":"post_tag","embeddable":true,"href":"https:\/\/www.zoner.fi\/tuki\/wp-json\/wp\/v2\/tags?post=1026"},{"taxonomy":"wf_page_folders","embeddable":true,"href":"https:\/\/www.zoner.fi\/tuki\/wp-json\/wp\/v2\/wf_page_folders?post=1026"}],"curies":[{"name":"wp","href":"https:\/\/api.w.org\/{rel}","templated":true}]}}