{"id":1036,"date":"2019-02-26T10:00:00","date_gmt":"2019-02-26T08:00:00","guid":{"rendered":"https:\/\/www.zoner.fi\/tuki\/?page_id=1036"},"modified":"2025-11-28T14:43:15","modified_gmt":"2025-11-28T12:43:15","slug":"miten-muokkaan-asiakkaan-tunnusviestia","status":"publish","type":"page","link":"https:\/\/www.zoner.fi\/tuki\/kumppanit\/miten-muokkaan-asiakkaan-tunnusviestia\/","title":{"rendered":"Miten muokkaan asiakkaan tunnusviesti\u00e4?"},"content":{"rendered":"\n<p><em>Ohje tarkistettu: 12.11.2025<\/em><\/p>\n\n\n\n<p>Voit muokata viesti\u00e4, joka l\u00e4hetet\u00e4\u00e4n asiakkaalle automaattisesti webhotellin luonnin yhteydess\u00e4.<\/p>\n\n\n\n<p>1. Kirjaudu J\u00e4lleenmyyj\u00e4-tunnuksilla sis\u00e4\u00e4n DirectAdmin-hallintapaneeliin. Ohje:&nbsp;<a href=\"https:\/\/www.zoner.fi\/tuki\/webhotellit\/miten-kaytan-directadmin-hallintapaneelia\/\">DirectAdmin-hallintapaneeli<\/a><\/p>\n\n\n\n<p>2. Valitse p\u00e4\u00e4valikosta <strong>Tilin hallinta<\/strong> \u2192 <strong>Muokkaa k\u00e4ytt\u00e4j\u00e4n viesti\u00e4<\/strong>.<\/p>\n\n\n\n<figure class=\"wp-block-image size-full\"><img loading=\"lazy\" decoding=\"async\" width=\"759\" height=\"491\" src=\"https:\/\/www.zoner.fi\/tuki\/wp-content\/uploads\/2025\/11\/da-viestit.png\" alt=\"\" class=\"wp-image-138004\" srcset=\"https:\/\/www.zoner.fi\/tuki\/wp-content\/uploads\/2025\/11\/da-viestit.png 759w, https:\/\/www.zoner.fi\/tuki\/wp-content\/uploads\/2025\/11\/da-viestit-300x194.png 300w\" sizes=\"auto, (max-width: 759px) 100vw, 759px\" \/><\/figure>\n\n\n\n<p>3. Aukeavalla sivulla voit muokata asiakkaillesi l\u00e4hetett\u00e4v\u00e4\u00e4 viesti\u00e4. Viesti sis\u00e4lt\u00e4\u00e4 useita dynaamisia tageja, joiden paikalle arvot t\u00e4yttyv\u00e4t automaattisesti valitsemasi webhotellipaketin tai palvelimen m\u00e4\u00e4ritysten mukaan.<\/p>\n\n\n\n<figure class=\"wp-block-image size-full\"><img loading=\"lazy\" decoding=\"async\" width=\"900\" height=\"478\" src=\"https:\/\/www.zoner.fi\/tuki\/wp-content\/uploads\/2021\/11\/jamy-kayttaja-tervetuloa-viesti-oletusarvo-muokkaus.jpg\" alt=\"\" class=\"wp-image-1039\" srcset=\"https:\/\/www.zoner.fi\/tuki\/wp-content\/uploads\/2021\/11\/jamy-kayttaja-tervetuloa-viesti-oletusarvo-muokkaus.jpg 900w, https:\/\/www.zoner.fi\/tuki\/wp-content\/uploads\/2021\/11\/jamy-kayttaja-tervetuloa-viesti-oletusarvo-muokkaus-300x159.jpg 300w, https:\/\/www.zoner.fi\/tuki\/wp-content\/uploads\/2021\/11\/jamy-kayttaja-tervetuloa-viesti-oletusarvo-muokkaus-768x408.jpg 768w\" sizes=\"auto, (max-width: 900px) 100vw, 900px\" \/><\/figure>\n\n\n\n<p>4. Tallenna muutokset klikkaamalla <strong>Tallenna<\/strong>-painiketta. <strong>Palauta oletusarvoon<\/strong> -painike palauttaa englanninkielisen oletusviestin kokonaisuudessaan.<\/p>\n\n\n\n<p>Ohessa lista dynaamisista tageista ja niiden merkityksist\u00e4 viestiss\u00e4.<\/p>\n\n\n\n<figure class=\"wp-block-table\"><table><tbody><tr><td>|username|<\/td><td>Webhotelliasiakkaan k\u00e4ytt\u00e4j\u00e4tunnus<\/td><\/tr><tr><td>|password|<\/td><td>Webhotelliasiakkaan salasana<\/td><\/tr><tr><td>|ip|<\/td><td>Palvelimen ip-osoite<\/td><\/tr><tr><td>|PORT|<\/td><td>Hallintapaneelin portin numero<\/td><\/tr><tr><td>|bandwidth|<\/td><td>Siirtokaista megabittein\u00e4<\/td><\/tr><tr><td>|quota|<\/td><td>Levytila megabittein\u00e4<\/td><\/tr><tr><td>|vdomains|<\/td><td>Webhotellin domainien lukum\u00e4\u00e4r\u00e4<\/td><\/tr><tr><td>|nsubdomains|<\/td><td>alidomainien suurin sallittu m\u00e4\u00e4r\u00e4<\/td><\/tr><tr><td>|nemails|<\/td><td>S\u00e4hk\u00f6postilaatikoiden suurin sallittu m\u00e4\u00e4r\u00e4<\/td><\/tr><tr><td>|nemailf|<\/td><td>S\u00e4hk\u00f6postin uudelleenohjauksien suurin sallittu m\u00e4\u00e4r\u00e4<\/td><\/tr><tr><td>|nemailr|<\/td><td>S\u00e4hk\u00f6postin lomavastaajien suurin sallittu m\u00e4\u00e4r\u00e4<\/td><\/tr><tr><td>|nemailml|<\/td><td>S\u00e4hk\u00f6postilistojen suurin sallittu m\u00e4\u00e4r\u00e4<\/td><\/tr><tr><td>|ftp|<\/td><td>FTP-yhteyksien suurin sallittu m\u00e4\u00e4r\u00e4<\/td><\/tr><tr><td>|aftp|<\/td><td>Anonyymi FTP-kirjautuminen ON \/ OFF<\/td><\/tr><tr><td>|mysql|<\/td><td>Tietokantojen suurin sallittu m\u00e4\u00e4r\u00e4<\/td><\/tr><tr><td>|domainptr|<\/td><td>Domain -pointereiden suurin sallittu m\u00e4\u00e4r\u00e4<\/td><\/tr><tr><td>|ns1|<\/td><td>ensisijainen nimipalvelin<\/td><\/tr><tr><td>|ns1ip|<\/td><td>ensisijaisen nimipalvelimen IP-osoite<\/td><\/tr><tr><td>|ns2|<\/td><td>toissijainen nimipalvelin<\/td><\/tr><tr><td>|domainptr|<\/td><td>Domain -pointereiden suurin sallittu m\u00e4\u00e4r\u00e4<\/td><\/tr><tr><td>|ns2ip|<\/td><td>toissijaisen nimipalvelimen IP-osoite<\/td><\/tr><tr><td>|ssh|<\/td><td>SSH-yhteys ON \/ OFF<\/td><\/tr><tr><td>|ssl|<\/td><td>SSL ON \/ OFF<\/td><\/tr><tr><td>|cgi|<\/td><td>CGI ON \/ OFF<\/td><\/tr><tr><td>|php|<\/td><td>PHP ON \/ OFF<\/td><\/tr><tr><td>|dnscontrol|<\/td><td>DNS-hallinta ON \/ OFF<\/td><\/tr><\/tbody><\/table><\/figure>\n\n\n\n<p>Suosittelemme, ett\u00e4 testaat viestin l\u00e4hetyksen ja muodon luomalla itsellesi uuden webhotellin ennen asiakkaita.<\/p>\n\n\n\n<p><\/p>\n","protected":false},"excerpt":{"rendered":"<p>Voit muokata asiakasviesti\u00e4, joka l\u00e4htee asiakkaalle automaattisesti webhotellin luonnin yhteydess\u00e4.<\/p>\n","protected":false},"author":1,"featured_media":0,"parent":136059,"menu_order":2,"comment_status":"closed","ping_status":"closed","template":"","meta":{"_relevanssi_hide_post":"","_relevanssi_hide_content":"","_relevanssi_pin_for_all":"","_relevanssi_pin_keywords":"","_relevanssi_unpin_keywords":"","_relevanssi_related_keywords":"","_relevanssi_related_include_ids":"","_relevanssi_related_exclude_ids":"","_relevanssi_related_no_append":"","_relevanssi_related_not_related":"","_relevanssi_related_posts":"1066,1063,1076","_relevanssi_noindex_reason":"","footnotes":""},"categories":[71],"tags":[88],"wf_page_folders":[],"class_list":{"0":"post-1036","1":"page","2":"type-page","3":"status-publish","5":"category-kumppanit","6":"tag-jalleenmyyjat"},"_links":{"self":[{"href":"https:\/\/www.zoner.fi\/tuki\/wp-json\/wp\/v2\/pages\/1036","targetHints":{"allow":["GET"]}}],"collection":[{"href":"https:\/\/www.zoner.fi\/tuki\/wp-json\/wp\/v2\/pages"}],"about":[{"href":"https:\/\/www.zoner.fi\/tuki\/wp-json\/wp\/v2\/types\/page"}],"author":[{"embeddable":true,"href":"https:\/\/www.zoner.fi\/tuki\/wp-json\/wp\/v2\/users\/1"}],"replies":[{"embeddable":true,"href":"https:\/\/www.zoner.fi\/tuki\/wp-json\/wp\/v2\/comments?post=1036"}],"version-history":[{"count":3,"href":"https:\/\/www.zoner.fi\/tuki\/wp-json\/wp\/v2\/pages\/1036\/revisions"}],"predecessor-version":[{"id":138006,"href":"https:\/\/www.zoner.fi\/tuki\/wp-json\/wp\/v2\/pages\/1036\/revisions\/138006"}],"up":[{"embeddable":true,"href":"https:\/\/www.zoner.fi\/tuki\/wp-json\/wp\/v2\/pages\/136059"}],"wp:attachment":[{"href":"https:\/\/www.zoner.fi\/tuki\/wp-json\/wp\/v2\/media?parent=1036"}],"wp:term":[{"taxonomy":"category","embeddable":true,"href":"https:\/\/www.zoner.fi\/tuki\/wp-json\/wp\/v2\/categories?post=1036"},{"taxonomy":"post_tag","embeddable":true,"href":"https:\/\/www.zoner.fi\/tuki\/wp-json\/wp\/v2\/tags?post=1036"},{"taxonomy":"wf_page_folders","embeddable":true,"href":"https:\/\/www.zoner.fi\/tuki\/wp-json\/wp\/v2\/wf_page_folders?post=1036"}],"curies":[{"name":"wp","href":"https:\/\/api.w.org\/{rel}","templated":true}]}}