{"id":1042,"date":"2019-02-26T09:55:00","date_gmt":"2019-02-26T07:55:00","guid":{"rendered":"https:\/\/www.zoner.fi\/tuki\/?page_id=1042"},"modified":"2025-11-28T14:44:33","modified_gmt":"2025-11-28T12:44:33","slug":"miten-luon-uuden-webhotellin","status":"publish","type":"page","link":"https:\/\/www.zoner.fi\/tuki\/kumppanit\/miten-luon-uuden-webhotellin\/","title":{"rendered":"Miten luon uuden webhotellin?"},"content":{"rendered":"\n<p><em>Ohje tarkistettu: 27.11.2019<\/em><\/p>\n\n\n\n<p>Kirjaudu J\u00e4lleenmyyj\u00e4-tunnuksillasi sis\u00e4\u00e4n DirectAdmin-hallintapaneeliin.<\/p>\n\n\n\n<p>Valitse p\u00e4\u00e4valikosta Tilin hallinta \u2013 Lis\u00e4\u00e4 uusi k\u00e4ytt\u00e4j\u00e4. K\u00e4ytt\u00e4ji\u00e4 voi lis\u00e4t\u00e4 my\u00f6s Listaa k\u00e4ytt\u00e4j\u00e4t -sivulta.<\/p>\n\n\n\n<figure class=\"wp-block-image size-full\"><img loading=\"lazy\" decoding=\"async\" width=\"500\" height=\"265\" src=\"https:\/\/www.zoner.fi\/tuki\/wp-content\/uploads\/2021\/11\/jamy-lisaa-uusi-kayttaja-paavalikko.jpg\" alt=\"\" class=\"wp-image-1043\" srcset=\"https:\/\/www.zoner.fi\/tuki\/wp-content\/uploads\/2021\/11\/jamy-lisaa-uusi-kayttaja-paavalikko.jpg 500w, https:\/\/www.zoner.fi\/tuki\/wp-content\/uploads\/2021\/11\/jamy-lisaa-uusi-kayttaja-paavalikko-300x159.jpg 300w\" sizes=\"auto, (max-width: 500px) 100vw, 500px\" \/><\/figure>\n\n\n\n<p>Anna k\u00e4ytt\u00e4j\u00e4n tiedot:<\/p>\n\n\n\n<p><strong>K\u00e4ytt\u00e4j\u00e4tunnus.<\/strong>&nbsp;Sy\u00f6t\u00e4 haluttu k\u00e4ytt\u00e4j\u00e4tunnus asiakkaalle. K\u00e4ytt\u00e4j\u00e4tunnuksen tulee olla 3-10 merkki\u00e4 pitk\u00e4 ja sen tulee alkaa aakkosella.<\/p>\n\n\n\n<p><strong>S\u00e4hk\u00f6postiosoite.<\/strong>&nbsp;Sy\u00f6t\u00e4 asiakkaan s\u00e4hk\u00f6postiosoite. Tunnukset \/ tervetuloviesti l\u00e4hetet\u00e4\u00e4n suoraan asiakkaalle ja asiakas voi k\u00e4ytt\u00e4\u00e4 s\u00e4hk\u00f6postiosoitetta salasanan palauttamiseen.<\/p>\n\n\n\n<p><strong>Salasana.<\/strong>&nbsp;Sy\u00f6t\u00e4 salasana, v\u00e4hint\u00e4\u00e4n 5 merkki\u00e4. Voit painaa salasanarivin vasemmassa reunassa n\u00e4kyvi\u00e4 noppia, jolloin ohjelma muodostaa automaattisesti vahvan salasanan. Saat salasanan n\u00e4kyviin klikkaamalla rivill\u00e4 n\u00e4kyv\u00e4\u00e4 silm\u00e4-kuvaketta.<\/p>\n\n\n\n<p><strong>Verkkotunnus.<\/strong>&nbsp;Sy\u00f6t\u00e4 webhotellin p\u00e4\u00e4verkkotunnus. Lis\u00e4\u00e4m\u00e4si verkkotunnus lis\u00e4t\u00e4\u00e4n samalla Zonerin nimipalvelimille sek\u00e4 roskapostinsuodatukseen. T\u00e4ss\u00e4 saattaa kest\u00e4\u00e4 n. 10-15 minuuttia. Mik\u00e4li asiakkaan verkkotunnus on jo entuudestaan Zonerin nimipalvelimilla, ota yhteys asiakaspalveluumme, niin osaamme ohjata verkkotunnuksen oikealle palvelimelle.&nbsp;Jos verkkotunnus sis\u00e4lt\u00e4\u00e4 skandeja tai muita erikoismerkkej\u00e4, se t\u00e4ytyy kirjoittaa IDN-muodossa. Muuntamiseen l\u00f6ytyy verkosta ty\u00f6kaluja IDN converter -nimell\u00e4.<\/p>\n\n\n\n<p><strong>K\u00e4ytt\u00e4j\u00e4n paketti.<\/strong>\u00a0Valitse etuk\u00e4teen luomasi paketti webhotellille. (<a href=\"https:\/\/www.zoner.fi\/tuki\/jalleenmyyjat\/miten-luon-ja-muokkaan-kayttajien-paketteja\/\">Katso ohje pakettien luomiseen<\/a>.)<\/p>\n\n\n\n<p><strong>IP.&nbsp;<\/strong>Vakiona aina palvelimen IP-osoite. Mahdollisuus tilata ylim\u00e4\u00e4r\u00e4inen IP-osoite esimerkiksi SSL-salausta varten (kysy lis\u00e4\u00e4 myynnist\u00e4mme).<\/p>\n\n\n\n<p><strong>L\u00e4het\u00e4 ilmoitus s\u00e4hk\u00f6postiin.<\/strong>&nbsp;Valitse, l\u00e4hetet\u00e4\u00e4nk\u00f6 asiakkaalle tervetulo- \/ tunnukset-viesti webhotellin luonnin yhteydess\u00e4. Voit muokata ilmoitusta sivulla n\u00e4kyv\u00e4st\u00e4 vihre\u00e4st\u00e4 Muuta k\u00e4ytt\u00e4j\u00e4n viesti\u00e4 -painikkeesta.<\/p>\n\n\n\n<figure class=\"wp-block-image size-full\"><img loading=\"lazy\" decoding=\"async\" width=\"900\" height=\"408\" src=\"https:\/\/www.zoner.fi\/tuki\/wp-content\/uploads\/2021\/11\/jamy-luo-kayttaja-uusi-webhotelli.jpg\" alt=\"\" class=\"wp-image-1047\" srcset=\"https:\/\/www.zoner.fi\/tuki\/wp-content\/uploads\/2021\/11\/jamy-luo-kayttaja-uusi-webhotelli.jpg 900w, https:\/\/www.zoner.fi\/tuki\/wp-content\/uploads\/2021\/11\/jamy-luo-kayttaja-uusi-webhotelli-300x136.jpg 300w, https:\/\/www.zoner.fi\/tuki\/wp-content\/uploads\/2021\/11\/jamy-luo-kayttaja-uusi-webhotelli-768x348.jpg 768w\" sizes=\"auto, (max-width: 900px) 100vw, 900px\" \/><\/figure>\n\n\n\n<p>Tallenna muutokset klikkaamalla L\u00e4het\u00e4. Saat viestin onnistuneesta webhotellin luomisesta.<\/p>\n","protected":false},"excerpt":{"rendered":"<p>Kirjaudu J\u00e4lleenmyyj\u00e4-tunnuksillasi sis\u00e4\u00e4n DirectAdmin-hallintapaneeliin. Valitse p\u00e4\u00e4valikosta Tilin hallinta \u2013 Lis\u00e4\u00e4 uusi k\u00e4ytt\u00e4j\u00e4. K\u00e4ytt\u00e4ji\u00e4 voi lis\u00e4t\u00e4 my\u00f6s Listaa k\u00e4ytt\u00e4j\u00e4t -sivulta.<\/p>\n","protected":false},"author":1,"featured_media":0,"parent":136059,"menu_order":11,"comment_status":"closed","ping_status":"closed","template":"","meta":{"_relevanssi_hide_post":"","_relevanssi_hide_content":"","_relevanssi_pin_for_all":"","_relevanssi_pin_keywords":"","_relevanssi_unpin_keywords":"","_relevanssi_related_keywords":"","_relevanssi_related_include_ids":"","_relevanssi_related_exclude_ids":"","_relevanssi_related_no_append":"","_relevanssi_related_not_related":"","_relevanssi_related_posts":"1066,1076,1063","_relevanssi_noindex_reason":"","footnotes":""},"categories":[71],"tags":[88],"wf_page_folders":[],"class_list":{"0":"post-1042","1":"page","2":"type-page","3":"status-publish","5":"category-kumppanit","6":"tag-jalleenmyyjat"},"_links":{"self":[{"href":"https:\/\/www.zoner.fi\/tuki\/wp-json\/wp\/v2\/pages\/1042","targetHints":{"allow":["GET"]}}],"collection":[{"href":"https:\/\/www.zoner.fi\/tuki\/wp-json\/wp\/v2\/pages"}],"about":[{"href":"https:\/\/www.zoner.fi\/tuki\/wp-json\/wp\/v2\/types\/page"}],"author":[{"embeddable":true,"href":"https:\/\/www.zoner.fi\/tuki\/wp-json\/wp\/v2\/users\/1"}],"replies":[{"embeddable":true,"href":"https:\/\/www.zoner.fi\/tuki\/wp-json\/wp\/v2\/comments?post=1042"}],"version-history":[{"count":4,"href":"https:\/\/www.zoner.fi\/tuki\/wp-json\/wp\/v2\/pages\/1042\/revisions"}],"predecessor-version":[{"id":130328,"href":"https:\/\/www.zoner.fi\/tuki\/wp-json\/wp\/v2\/pages\/1042\/revisions\/130328"}],"up":[{"embeddable":true,"href":"https:\/\/www.zoner.fi\/tuki\/wp-json\/wp\/v2\/pages\/136059"}],"wp:attachment":[{"href":"https:\/\/www.zoner.fi\/tuki\/wp-json\/wp\/v2\/media?parent=1042"}],"wp:term":[{"taxonomy":"category","embeddable":true,"href":"https:\/\/www.zoner.fi\/tuki\/wp-json\/wp\/v2\/categories?post=1042"},{"taxonomy":"post_tag","embeddable":true,"href":"https:\/\/www.zoner.fi\/tuki\/wp-json\/wp\/v2\/tags?post=1042"},{"taxonomy":"wf_page_folders","embeddable":true,"href":"https:\/\/www.zoner.fi\/tuki\/wp-json\/wp\/v2\/wf_page_folders?post=1042"}],"curies":[{"name":"wp","href":"https:\/\/api.w.org\/{rel}","templated":true}]}}