{"id":129614,"date":"2022-05-27T08:33:04","date_gmt":"2022-05-27T05:33:04","guid":{"rendered":"https:\/\/www.zoner.fi\/tuki\/?page_id=129614"},"modified":"2026-02-17T14:22:05","modified_gmt":"2026-02-17T12:22:05","slug":"miten-asennan-webhotellin-sahkopostin-iphoneen","status":"publish","type":"page","link":"https:\/\/www.zoner.fi\/tuki\/sahkopostiohjeet\/directadmin\/miten-asennan-webhotellin-sahkopostin-iphoneen\/","title":{"rendered":"Miten asennan s\u00e4hk\u00f6postin iPhoneen?"},"content":{"rendered":"\n<p>T\u00e4ll\u00e4 ohjeella voit yhdist\u00e4\u00e4 Zonerilla sijaitsevan s\u00e4hk\u00f6postitilisi iPhoneen.<\/p>\n\n\n\n<p>N\u00e4m\u00e4 ohjeet soveltuvat Applen iOS-laitteille iPhone ja iPad. Aloita tarkistamalla s\u00e4hk\u00f6postisi palvelimet ty\u00f6kalullamme, ja jatka sitten tilin m\u00e4\u00e4ritt\u00e4miseen iPhonessa.<\/p>\n\n\n\n<h2 class=\"wp-block-heading\" id=\"1\">1. Tarkista s\u00e4hk\u00f6postipalvelin<\/h2>\n\n\n\n<p>Tarkista ja merkitse muistiin s\u00e4hk\u00f6postisi saapuvan postin palvelin (incoming mail server) ja l\u00e4htev\u00e4n postin palvelin (outgoing mail server) alla olevalla ty\u00f6kalulla. Sy\u00f6t\u00e4 kentt\u00e4\u00e4n s\u00e4hk\u00f6postiosoite, jonka haluat yhdist\u00e4\u00e4 iPhoneen, ja klikkaa <strong>Tarkista<\/strong>:<\/p>\n\n\n    <div class=\"zoner-email-checker\">\r\n        <div class=\"checker-form\">\r\n            <h2 class=\"form-title\">Verkkotunnuksen tarkistusty\u00f6kalu<\/h2>\r\n            <p class=\"form-subtitle\">Tarkista verkkotunnuksesi s\u00e4hk\u00f6postim\u00e4\u00e4ritykset ja palvelimen tiedot.<\/p>\r\n            \r\n            <form id=\"emailForm\" method=\"POST\">\r\n                <div class=\"input-group\">\r\n                    <input type=\"text\" id=\"email\" name=\"email\" class=\"email-input\" \r\n                           placeholder=\"Sy\u00f6t\u00e4 verkkotunnus (esimerkiksi: zoner.fi)\" required>\r\n                    <button type=\"submit\" class=\"check-btn\" id=\"submitBtn\">\r\n                        <span>Tarkista<\/span>\r\n                        <div class=\"spinner\" id=\"spinner\"><\/div>\r\n                    <\/button>\r\n                <\/div>\r\n            <\/form>\r\n        <\/div>\r\n\r\n        <div id=\"results\" class=\"results-container\"><\/div>\r\n    <\/div>\r\n\r\n    <script>\r\n        document.getElementById('emailForm').addEventListener('submit', async function(e) {\r\n            e.preventDefault();\r\n            \r\n            const submitBtn = document.getElementById('submitBtn');\r\n            const spinner = document.getElementById('spinner');\r\n            const results = document.getElementById('results');\r\n            \r\n            submitBtn.disabled = true;\r\n            spinner.style.display = 'block';\r\n            results.innerHTML = '';\r\n            \r\n            try {\r\n                const formData = new FormData(this);\r\n                const response = await fetch('', {\r\n                    method: 'POST',\r\n                    body: formData\r\n                });\r\n\r\n                const data = await response.json();\r\n                \r\n                if (data.messages && data.messages.length > 0) {\r\n                    data.messages.forEach(message => {\r\n                        results.innerHTML += message;\r\n                    });\r\n                } else {\r\n                    results.innerHTML = '<div class=\"error-container\"><h3 class=\"error-title\">Virheellinen sy\u00f6te<\/h3><p class=\"error-message\">No response received from server.<\/p><\/div>';\r\n                }\r\n            } catch (error) {\r\n                results.innerHTML = '<div class=\"error-container\"><h3 class=\"error-title\">Virheellinen sy\u00f6te<\/h3><p class=\"error-message\">Unable to process request. Please try again.<\/p><\/div>';\r\n            } finally {\r\n                submitBtn.disabled = false;\r\n                spinner.style.display = 'none';\r\n            }\r\n        });\r\n        \r\n        \/\/ FTP Toggle function - make it global\r\n        window.showFtpInfo = function(type, button) {\r\n            \/\/ Remove active class from all buttons\r\n            document.querySelectorAll('.ftp-toggle-btn').forEach(btn => {\r\n                btn.classList.remove('active');\r\n            });\r\n            \r\n            \/\/ Add active class to clicked button\r\n            button.classList.add('active');\r\n            \r\n            \/\/ Hide all ftp info divs\r\n            document.querySelectorAll('.ftp-info').forEach(info => {\r\n                info.classList.remove('active');\r\n            });\r\n            \r\n            \/\/ Show selected ftp info\r\n            const targetInfo = document.getElementById(type + '-info');\r\n            if (targetInfo) {\r\n                targetInfo.classList.add('active');\r\n            }\r\n        };\r\n        \r\n        \/\/ Copy to clipboard function\r\n        window.copyToClipboard = function(text, button) {\r\n            if (navigator.clipboard && window.isSecureContext) {\r\n                navigator.clipboard.writeText(text).then(function() {\r\n                    showCopyFeedback(button);\r\n                }).catch(function(err) {\r\n                    fallbackCopy(text, button);\r\n                });\r\n            } else {\r\n                fallbackCopy(text, button);\r\n            }\r\n        };\r\n        \r\n        \/\/ Fallback copy method for older browsers\r\n        function fallbackCopy(text, button) {\r\n            const textArea = document.createElement('textarea');\r\n            textArea.value = text;\r\n            textArea.style.position = 'fixed';\r\n            textArea.style.left = '-999999px';\r\n            textArea.style.top = '-999999px';\r\n            document.body.appendChild(textArea);\r\n            textArea.focus();\r\n            textArea.select();\r\n            \r\n            try {\r\n                document.execCommand('copy');\r\n                showCopyFeedback(button);\r\n            } catch (err) {\r\n                console.error('Copy failed', err);\r\n            }\r\n            \r\n            document.body.removeChild(textArea);\r\n        }\r\n        \r\n        \/\/ Show copy feedback\r\n        function showCopyFeedback(button) {\r\n            const originalHTML = button.innerHTML;\r\n            const originalClass = button.className;\r\n            \r\n            button.innerHTML = '\u2713 Copied!';\r\n            button.classList.add('copied');\r\n            button.disabled = true;\r\n            \r\n            setTimeout(function() {\r\n                button.innerHTML = originalHTML;\r\n                button.className = originalClass;\r\n                button.disabled = false;\r\n            }, 2000);\r\n        }\r\n        \r\n        \/\/ Copy multiple lines\r\n        window.copyMultiLine = function(lines, button) {\r\n            const text = lines.join('\\n');\r\n            window.copyToClipboard(text, button);\r\n        };\r\n        \r\n        \/\/ Copy email settings\r\n        window.copyEmailSettings = function(button) {\r\n            const settingsContainer = button.closest('.info-group').querySelector('.settings-text');\r\n            if (settingsContainer) {\r\n                \/\/ Get the HTML content and convert <br> tags to newlines\r\n                let html = settingsContainer.innerHTML;\r\n                let text = html.replace(\/<br\\s*\\\/?>\/gi, '\\n')\r\n                              .replace(\/<[^>]*>\/g, '') \/\/ Remove other HTML tags\r\n                              .replace(\/&nbsp;\/g, ' ') \/\/ Replace &nbsp; with spaces\r\n                              .trim();\r\n                window.copyToClipboard(text, button);\r\n            }\r\n        };\r\n    <\/script>\r\n    \n\n\n\n<h2 class=\"wp-block-heading\" id=\"2\">2. Yhdist\u00e4 s\u00e4hk\u00f6postitili iPhoneen<\/h2>\n\n\n\n<ol class=\"wp-block-list\">\n<li>Mene iPhonessa kohtaan <strong>Asetukset <\/strong>\u2192 <strong>Tilit ja salasanat<\/strong><\/li>\n<\/ol>\n\n\n\n<figure class=\"wp-block-image size-large\"><img loading=\"lazy\" decoding=\"async\" width=\"576\" height=\"1024\" src=\"https:\/\/www.zoner.fi\/tuki\/wp-content\/uploads\/2022\/08\/1-576x1024.png\" alt=\"\" class=\"wp-image-130280\" srcset=\"https:\/\/www.zoner.fi\/tuki\/wp-content\/uploads\/2022\/08\/1-576x1024.png 576w, https:\/\/www.zoner.fi\/tuki\/wp-content\/uploads\/2022\/08\/1-169x300.png 169w, https:\/\/www.zoner.fi\/tuki\/wp-content\/uploads\/2022\/08\/1-768x1365.png 768w, https:\/\/www.zoner.fi\/tuki\/wp-content\/uploads\/2022\/08\/1-864x1536.png 864w, https:\/\/www.zoner.fi\/tuki\/wp-content\/uploads\/2022\/08\/1-1152x2048.png 1152w, https:\/\/www.zoner.fi\/tuki\/wp-content\/uploads\/2022\/08\/1.png 1242w\" sizes=\"auto, (max-width: 576px) 100vw, 576px\" \/><\/figure>\n\n\n\n<p>2. Napauta <strong>Lis\u00e4\u00e4 tili<\/strong> \u2192 <strong>Muu<\/strong>:<\/p>\n\n\n\n<figure class=\"wp-block-image size-large\"><img loading=\"lazy\" decoding=\"async\" width=\"576\" height=\"1024\" src=\"https:\/\/www.zoner.fi\/tuki\/wp-content\/uploads\/2022\/08\/3-576x1024.png\" alt=\"\" class=\"wp-image-130281\" srcset=\"https:\/\/www.zoner.fi\/tuki\/wp-content\/uploads\/2022\/08\/3-576x1024.png 576w, https:\/\/www.zoner.fi\/tuki\/wp-content\/uploads\/2022\/08\/3-169x300.png 169w, https:\/\/www.zoner.fi\/tuki\/wp-content\/uploads\/2022\/08\/3-768x1365.png 768w, https:\/\/www.zoner.fi\/tuki\/wp-content\/uploads\/2022\/08\/3-864x1536.png 864w, https:\/\/www.zoner.fi\/tuki\/wp-content\/uploads\/2022\/08\/3-1152x2048.png 1152w, https:\/\/www.zoner.fi\/tuki\/wp-content\/uploads\/2022\/08\/3.png 1242w\" sizes=\"auto, (max-width: 576px) 100vw, 576px\" \/><\/figure>\n\n\n\n<p>3. Napauta <strong>Lis\u00e4\u00e4 s\u00e4hk\u00f6postitili<\/strong>:<\/p>\n\n\n\n<figure class=\"wp-block-image size-large\"><img loading=\"lazy\" decoding=\"async\" width=\"1242\" height=\"2208\" src=\"https:\/\/www.zoner.fi\/tuki\/wp-content\/uploads\/2022\/08\/4-576x1024.png\" alt=\"\" class=\"wp-image-130282\" srcset=\"https:\/\/www.zoner.fi\/tuki\/wp-content\/uploads\/2022\/08\/4-576x1024.png 576w, https:\/\/www.zoner.fi\/tuki\/wp-content\/uploads\/2022\/08\/4-169x300.png 169w, https:\/\/www.zoner.fi\/tuki\/wp-content\/uploads\/2022\/08\/4-768x1365.png 768w, https:\/\/www.zoner.fi\/tuki\/wp-content\/uploads\/2022\/08\/4-864x1536.png 864w, https:\/\/www.zoner.fi\/tuki\/wp-content\/uploads\/2022\/08\/4-1152x2048.png 1152w, https:\/\/www.zoner.fi\/tuki\/wp-content\/uploads\/2022\/08\/4.png 1242w\" sizes=\"auto, (max-width: 1242px) 100vw, 1242px\" \/><\/figure>\n\n\n\n<p>4. Anna tilin tiedot:<\/p>\n\n\n\n<ul class=\"wp-block-list\">\n<li>Nimi<\/li>\n\n\n\n<li>S\u00e4hk\u00f6postiosoite<\/li>\n\n\n\n<li>Salasana<\/li>\n\n\n\n<li>Kuvaus<\/li>\n<\/ul>\n\n\n\n<p>Napauta sitten <strong>Seuraava<\/strong>.<\/p>\n\n\n\n<figure class=\"wp-block-image size-full\"><img loading=\"lazy\" decoding=\"async\" width=\"750\" height=\"1334\" src=\"https:\/\/www.zoner.fi\/tuki\/wp-content\/uploads\/2019\/11\/IMG_5095.jpg\" alt=\"\" class=\"wp-image-79553\" srcset=\"https:\/\/www.zoner.fi\/tuki\/wp-content\/uploads\/2019\/11\/IMG_5095.jpg 750w, https:\/\/www.zoner.fi\/tuki\/wp-content\/uploads\/2019\/11\/IMG_5095-169x300.jpg 169w, https:\/\/www.zoner.fi\/tuki\/wp-content\/uploads\/2019\/11\/IMG_5095-576x1024.jpg 576w\" sizes=\"auto, (max-width: 750px) 100vw, 750px\" \/><\/figure>\n\n\n\n<p>5. M\u00e4\u00e4rit\u00e4 tili: IMAP \/ POP\u00a0\u00a0 (HUOM! Ohje tehty IMAP-s\u00e4hk\u00f6postille, POP-s\u00e4hk\u00f6postitilin asetukset voi tarkastaa <a href=\"https:\/\/www.zoner.fi\/tuki\/sahkopostiohjeet\/directadmin\/webhotellin-sahkopostitilien-asetukset\/\">t\u00e4\u00e4lt\u00e4<\/a>)<\/p>\n\n\n\n<ul class=\"wp-block-list\">\n<li>nimi (pit\u00e4isi olla jo valmiina)<\/li>\n\n\n\n<li>s\u00e4hk\u00f6postiosoite (pit\u00e4isi olla jo valmiina)<\/li>\n\n\n\n<li>kuvaus (pit\u00e4isi olla jo valmiina)<\/li>\n<\/ul>\n\n\n\n<figure class=\"wp-block-image size-full\"><img loading=\"lazy\" decoding=\"async\" width=\"750\" height=\"1334\" src=\"https:\/\/www.zoner.fi\/tuki\/wp-content\/uploads\/2019\/11\/IMG_5096.jpg\" alt=\"\" class=\"wp-image-79554\" srcset=\"https:\/\/www.zoner.fi\/tuki\/wp-content\/uploads\/2019\/11\/IMG_5096.jpg 750w, https:\/\/www.zoner.fi\/tuki\/wp-content\/uploads\/2019\/11\/IMG_5096-169x300.jpg 169w, https:\/\/www.zoner.fi\/tuki\/wp-content\/uploads\/2019\/11\/IMG_5096-576x1024.jpg 576w\" sizes=\"auto, (max-width: 750px) 100vw, 750px\" \/><\/figure>\n\n\n\n<p>K\u00e4yt\u00e4 n\u00e4it\u00e4 tietoja:<\/p>\n\n\n<div class=\"gb-container gb-container-b5ace181\">\n<div class=\"gb-container gb-container-5f7f4c82\">\n<div class=\"gb-container gb-container-37236e1e\">\n\n<p><strong>Saapuvan postin palvelin<\/strong><\/p>\n\n<\/div>\n<\/div>\n<\/div>\n\n\n<ul class=\"wp-block-list\">\n<li>Palvelinnimi: incoming mail server, jonka sait ty\u00f6kalusta <a href=\"#1\">kohdassa 1<\/a><\/li>\n\n\n\n<li>Tunnus: s\u00e4hk\u00f6postiosoite<\/li>\n\n\n\n<li>Salasana: salasana<\/li>\n<\/ul>\n\n\n\n<p><strong>L\u00e4htev\u00e4n postin palvelin<\/strong><\/p>\n\n\n\n<ul class=\"wp-block-list\">\n<li>Palvelinnimi: outgoing mail server, jonka sait ty\u00f6kalusta <a href=\"#1\">kohdassa 1<\/a><\/li>\n\n\n\n<li>Tunnus: s\u00e4hk\u00f6postiosoite<\/li>\n\n\n\n<li>Salasana: salasana<\/li>\n<\/ul>\n\n\n\n<figure class=\"wp-block-image size-full\"><img loading=\"lazy\" decoding=\"async\" width=\"750\" height=\"1334\" src=\"https:\/\/www.zoner.fi\/tuki\/wp-content\/uploads\/2019\/11\/IMG_5097.jpg\" alt=\"\" class=\"wp-image-79555\" srcset=\"https:\/\/www.zoner.fi\/tuki\/wp-content\/uploads\/2019\/11\/IMG_5097.jpg 750w, https:\/\/www.zoner.fi\/tuki\/wp-content\/uploads\/2019\/11\/IMG_5097-169x300.jpg 169w, https:\/\/www.zoner.fi\/tuki\/wp-content\/uploads\/2019\/11\/IMG_5097-576x1024.jpg 576w\" sizes=\"auto, (max-width: 750px) 100vw, 750px\" \/><\/figure>\n\n\n\n<p>6. Kun tili on luotu, avaa tilin asetukset:<\/p>\n\n\n\n<figure class=\"wp-block-image size-large\"><img loading=\"lazy\" decoding=\"async\" width=\"576\" height=\"1024\" src=\"https:\/\/www.zoner.fi\/tuki\/wp-content\/uploads\/2022\/08\/10-576x1024.png\" alt=\"\" class=\"wp-image-130283\" srcset=\"https:\/\/www.zoner.fi\/tuki\/wp-content\/uploads\/2022\/08\/10-576x1024.png 576w, https:\/\/www.zoner.fi\/tuki\/wp-content\/uploads\/2022\/08\/10-169x300.png 169w, https:\/\/www.zoner.fi\/tuki\/wp-content\/uploads\/2022\/08\/10-768x1365.png 768w, https:\/\/www.zoner.fi\/tuki\/wp-content\/uploads\/2022\/08\/10-864x1536.png 864w, https:\/\/www.zoner.fi\/tuki\/wp-content\/uploads\/2022\/08\/10-1152x2048.png 1152w, https:\/\/www.zoner.fi\/tuki\/wp-content\/uploads\/2022\/08\/10.png 1242w\" sizes=\"auto, (max-width: 576px) 100vw, 576px\" \/><\/figure>\n\n\n\n<p>Ja sielt\u00e4 s\u00e4hk\u00f6postiosoitteen kohdalta tarkastamaan miten tili toimii.<\/p>\n\n\n\n<p>7. Lis\u00e4valinnat alta tarkastetaan asetukset.<\/p>\n\n\n\n<figure class=\"wp-block-image size-full\"><img loading=\"lazy\" decoding=\"async\" width=\"750\" height=\"1334\" src=\"https:\/\/www.zoner.fi\/tuki\/wp-content\/uploads\/2019\/11\/IMG_5101.jpg\" alt=\"\" class=\"wp-image-79559\" srcset=\"https:\/\/www.zoner.fi\/tuki\/wp-content\/uploads\/2019\/11\/IMG_5101.jpg 750w, https:\/\/www.zoner.fi\/tuki\/wp-content\/uploads\/2019\/11\/IMG_5101-169x300.jpg 169w, https:\/\/www.zoner.fi\/tuki\/wp-content\/uploads\/2019\/11\/IMG_5101-576x1024.jpg 576w\" sizes=\"auto, (max-width: 750px) 100vw, 750px\" \/><\/figure>\n\n\n\n<p>Tarkasta asetukset varsinkin saapuvan postin asetukset: (HUOM! Ohjeet tehty IMAP-s\u00e4hk\u00f6postille)<\/p>\n\n\n\n<ul class=\"wp-block-list\">\n<li>SSL p\u00e4\u00e4ll\u00e4<\/li>\n\n\n\n<li>Todentaminen: salasana<\/li>\n\n\n\n<li>Palvelimen portti: 993<\/li>\n<\/ul>\n\n\n\n<figure class=\"wp-block-image size-full\"><img loading=\"lazy\" decoding=\"async\" width=\"750\" height=\"1334\" src=\"https:\/\/www.zoner.fi\/tuki\/wp-content\/uploads\/2019\/11\/IMG_5102.jpg\" alt=\"\" class=\"wp-image-79560\" srcset=\"https:\/\/www.zoner.fi\/tuki\/wp-content\/uploads\/2019\/11\/IMG_5102.jpg 750w, https:\/\/www.zoner.fi\/tuki\/wp-content\/uploads\/2019\/11\/IMG_5102-169x300.jpg 169w, https:\/\/www.zoner.fi\/tuki\/wp-content\/uploads\/2019\/11\/IMG_5102-576x1024.jpg 576w\" sizes=\"auto, (max-width: 750px) 100vw, 750px\" \/><\/figure>\n\n\n\n<p>Sen j\u00e4lkeen takaisin tilin tietoihin ja sielt\u00e4 tarkastamaan l\u00e4htev\u00e4n postin asetukset: (HUOM! Ohjeet tehty IMAP s\u00e4hk\u00f6postille)<\/p>\n\n\n\n<figure class=\"wp-block-image size-full\"><img loading=\"lazy\" decoding=\"async\" width=\"750\" height=\"1334\" src=\"https:\/\/www.zoner.fi\/tuki\/wp-content\/uploads\/2019\/11\/IMG_5101.jpg\" alt=\"\" class=\"wp-image-79559\" srcset=\"https:\/\/www.zoner.fi\/tuki\/wp-content\/uploads\/2019\/11\/IMG_5101.jpg 750w, https:\/\/www.zoner.fi\/tuki\/wp-content\/uploads\/2019\/11\/IMG_5101-169x300.jpg 169w, https:\/\/www.zoner.fi\/tuki\/wp-content\/uploads\/2019\/11\/IMG_5101-576x1024.jpg 576w\" sizes=\"auto, (max-width: 750px) 100vw, 750px\" \/><\/figure>\n\n\n\n<ul class=\"wp-block-list\">\n<li>Katso ett\u00e4 tunnus ja salasana on m\u00e4\u00e4ritetty<\/li>\n\n\n\n<li>SSL p\u00e4\u00e4ll\u00e4<\/li>\n\n\n\n<li>Todentaminen: salasana<\/li>\n\n\n\n<li>Palvelimen portti: 465<\/li>\n<\/ul>\n\n\n\n<figure class=\"wp-block-image size-full\"><img loading=\"lazy\" decoding=\"async\" width=\"750\" height=\"1334\" src=\"https:\/\/www.zoner.fi\/tuki\/wp-content\/uploads\/2019\/11\/IMG_5103.jpg\" alt=\"\" class=\"wp-image-79561\" srcset=\"https:\/\/www.zoner.fi\/tuki\/wp-content\/uploads\/2019\/11\/IMG_5103.jpg 750w, https:\/\/www.zoner.fi\/tuki\/wp-content\/uploads\/2019\/11\/IMG_5103-169x300.jpg 169w, https:\/\/www.zoner.fi\/tuki\/wp-content\/uploads\/2019\/11\/IMG_5103-576x1024.jpg 576w\" sizes=\"auto, (max-width: 750px) 100vw, 750px\" \/><\/figure>\n\n\n\n<p><\/p>\n","protected":false},"excerpt":{"rendered":"<p>T\u00e4m\u00e4n ohjeen avulla asennat webhotellin s\u00e4hk\u00f6postin iOS-laitteisiin, esimerkiksi puhelimeen.<\/p>\n","protected":false},"author":15,"featured_media":0,"parent":137084,"menu_order":0,"comment_status":"closed","ping_status":"closed","template":"","meta":{"_relevanssi_hide_post":"","_relevanssi_hide_content":"","_relevanssi_pin_for_all":"","_relevanssi_pin_keywords":"","_relevanssi_unpin_keywords":"","_relevanssi_related_keywords":"","_relevanssi_related_include_ids":"","_relevanssi_related_exclude_ids":"","_relevanssi_related_no_append":"","_relevanssi_related_not_related":"","_relevanssi_related_posts":"1076,1066,1063","_relevanssi_noindex_reason":"","footnotes":""},"categories":[213,218,190,195,192,193,194,217,196],"tags":[199,215],"wf_page_folders":[],"class_list":{"0":"post-129614","1":"page","2":"type-page","3":"status-publish","5":"category-cpanel-webhotelli-fi-sahkoposti","6":"category-cpanel-webhotelli-fi-webhotellit","7":"category-cpanel-wepardi","8":"category-cpanel-wepardi-sahkoposti","9":"category-directadmin","10":"category-directadmin-sahkoposti","11":"category-zoner-home","12":"category-zoner-home-webhotellit","13":"category-zoner-sahkoposti","14":"tag-sahkoposti","15":"tag-sahkopostiohjelmat"},"_links":{"self":[{"href":"https:\/\/www.zoner.fi\/tuki\/wp-json\/wp\/v2\/pages\/129614","targetHints":{"allow":["GET"]}}],"collection":[{"href":"https:\/\/www.zoner.fi\/tuki\/wp-json\/wp\/v2\/pages"}],"about":[{"href":"https:\/\/www.zoner.fi\/tuki\/wp-json\/wp\/v2\/types\/page"}],"author":[{"embeddable":true,"href":"https:\/\/www.zoner.fi\/tuki\/wp-json\/wp\/v2\/users\/15"}],"replies":[{"embeddable":true,"href":"https:\/\/www.zoner.fi\/tuki\/wp-json\/wp\/v2\/comments?post=129614"}],"version-history":[{"count":17,"href":"https:\/\/www.zoner.fi\/tuki\/wp-json\/wp\/v2\/pages\/129614\/revisions"}],"predecessor-version":[{"id":138581,"href":"https:\/\/www.zoner.fi\/tuki\/wp-json\/wp\/v2\/pages\/129614\/revisions\/138581"}],"up":[{"embeddable":true,"href":"https:\/\/www.zoner.fi\/tuki\/wp-json\/wp\/v2\/pages\/137084"}],"wp:attachment":[{"href":"https:\/\/www.zoner.fi\/tuki\/wp-json\/wp\/v2\/media?parent=129614"}],"wp:term":[{"taxonomy":"category","embeddable":true,"href":"https:\/\/www.zoner.fi\/tuki\/wp-json\/wp\/v2\/categories?post=129614"},{"taxonomy":"post_tag","embeddable":true,"href":"https:\/\/www.zoner.fi\/tuki\/wp-json\/wp\/v2\/tags?post=129614"},{"taxonomy":"wf_page_folders","embeddable":true,"href":"https:\/\/www.zoner.fi\/tuki\/wp-json\/wp\/v2\/wf_page_folders?post=129614"}],"curies":[{"name":"wp","href":"https:\/\/api.w.org\/{rel}","templated":true}]}}