{"id":129626,"date":"2022-05-27T09:50:04","date_gmt":"2022-05-27T06:50:04","guid":{"rendered":"https:\/\/www.zoner.fi\/tuki\/?page_id=129626"},"modified":"2025-09-24T11:50:20","modified_gmt":"2025-09-24T08:50:20","slug":"miten-yhdistan-tietokantaan-palvelimen-ulkopuolelta","status":"publish","type":"page","link":"https:\/\/www.zoner.fi\/tuki\/webhotellit\/miten-yhdistan-tietokantaan-palvelimen-ulkopuolelta\/","title":{"rendered":"Miten yhdist\u00e4n tietokantaan palvelimen ulkopuolelta?"},"content":{"rendered":"\n<p>Zonerin <a href=\"https:\/\/www.zoner.fi\/webhotellit\/\">webhotellit <\/a>est\u00e4v\u00e4t tietoturvasyist\u00e4 yhdist\u00e4misen tietokantaan k\u00e4ytetyn webhotellipalvelimen ulkopuolelta. T\u00e4m\u00e4 tarkoittaa, etteiv\u00e4t Zonerin webhotellipalvelimen ulkopuolella py\u00f6riv\u00e4t ohjelmistot p\u00e4\u00e4se k\u00e4siksi Zonerin webhotellista luotuihin tietokantoihin.<\/p>\n\n\n\n<p>T\u00e4ss\u00e4 ohjeessa k\u00e4ymme l\u00e4pi, kuinka tietokantaan on mahdollista tunneloida yhteys palvelimen ulkopuolelta SSH:n avulla.<\/p>\n\n\n\n<h2 class=\"wp-block-heading\">Tietokantayhteyden tunnelointi SSH:n avulla<\/h2>\n\n\n\n<p>Tietokantayhteyden tunnelointi onnistuu esimerkiksi Puttyn avulla. Ohjelmiston voi ladata k\u00e4ytt\u00f6\u00f6n <a href=\"https:\/\/www.chiark.greenend.org.uk\/~sgtatham\/putty\/latest.html\" target=\"_blank\" rel=\"noreferrer noopener\">t\u00e4\u00e4lt\u00e4<\/a>.<\/p>\n\n\n\n<p>Putty Linkin komentona toimii: Plink -ssh -L 3306:localhost:3306 k\u00e4ytt\u00e4j\u00e4tunnus@omadomain.fi<\/p>\n\n\n\n<p>K\u00e4ytt\u00e4j\u00e4tunnus = webhotellin p\u00e4\u00e4k\u00e4ytt\u00e4j\u00e4tunnus, omadomain.fi korvataan luonnollisesti omalla verkkotunnuksella.<\/p>\n\n\n\n<p>Kun tunnelointi on luotu, voit ottaa yhteyden localhostin porttiin 3306 haluamallasi ohjelmalla.<\/p>\n\n\n\n<h3 class=\"wp-block-heading\">Tietokantaan yhdist\u00e4minen MySQL WorkBench:ll\u00e4<\/h3>\n\n\n\n<p>Tietokantaan on mahdollista ottaa yhteys esimerkiksi MySQL WorkBench -ohjelmalla. Oheisesta kuvasta n\u00e4et esimerkkiasetukset tietokantayhteyden osalta.<\/p>\n\n\n\n<figure class=\"wp-block-image size-full\"><img loading=\"lazy\" decoding=\"async\" width=\"800\" height=\"500\" src=\"https:\/\/www.zoner.fi\/tuki\/wp-content\/uploads\/2022\/08\/mysql-workbench-asetukset.png\" alt=\"\" class=\"wp-image-130180\" srcset=\"https:\/\/www.zoner.fi\/tuki\/wp-content\/uploads\/2022\/08\/mysql-workbench-asetukset.png 800w, https:\/\/www.zoner.fi\/tuki\/wp-content\/uploads\/2022\/08\/mysql-workbench-asetukset-300x188.png 300w, https:\/\/www.zoner.fi\/tuki\/wp-content\/uploads\/2022\/08\/mysql-workbench-asetukset-768x480.png 768w\" sizes=\"auto, (max-width: 800px) 100vw, 800px\" \/><\/figure>\n","protected":false},"excerpt":{"rendered":"<p>T\u00e4ss\u00e4 ohjeessa k\u00e4ymme l\u00e4pi, kuinka tietokantaan on mahdollista tunneloida yhteys palvelimen ulkopuolelta SSH:n avulla.<\/p>\n","protected":false},"author":15,"featured_media":0,"parent":129010,"menu_order":0,"comment_status":"closed","ping_status":"closed","template":"","meta":{"_relevanssi_hide_post":"","_relevanssi_hide_content":"","_relevanssi_pin_for_all":"","_relevanssi_pin_keywords":"","_relevanssi_unpin_keywords":"","_relevanssi_related_keywords":"","_relevanssi_related_include_ids":"","_relevanssi_related_exclude_ids":"","_relevanssi_related_no_append":"","_relevanssi_related_not_related":"","_relevanssi_related_posts":"1063,1066,1076","_relevanssi_noindex_reason":"","footnotes":""},"categories":[192],"tags":[99],"wf_page_folders":[],"class_list":{"0":"post-129626","1":"page","2":"type-page","3":"status-publish","5":"category-directadmin","6":"tag-tietokannat"},"_links":{"self":[{"href":"https:\/\/www.zoner.fi\/tuki\/wp-json\/wp\/v2\/pages\/129626","targetHints":{"allow":["GET"]}}],"collection":[{"href":"https:\/\/www.zoner.fi\/tuki\/wp-json\/wp\/v2\/pages"}],"about":[{"href":"https:\/\/www.zoner.fi\/tuki\/wp-json\/wp\/v2\/types\/page"}],"author":[{"embeddable":true,"href":"https:\/\/www.zoner.fi\/tuki\/wp-json\/wp\/v2\/users\/15"}],"replies":[{"embeddable":true,"href":"https:\/\/www.zoner.fi\/tuki\/wp-json\/wp\/v2\/comments?post=129626"}],"version-history":[{"count":7,"href":"https:\/\/www.zoner.fi\/tuki\/wp-json\/wp\/v2\/pages\/129626\/revisions"}],"predecessor-version":[{"id":137581,"href":"https:\/\/www.zoner.fi\/tuki\/wp-json\/wp\/v2\/pages\/129626\/revisions\/137581"}],"up":[{"embeddable":true,"href":"https:\/\/www.zoner.fi\/tuki\/wp-json\/wp\/v2\/pages\/129010"}],"wp:attachment":[{"href":"https:\/\/www.zoner.fi\/tuki\/wp-json\/wp\/v2\/media?parent=129626"}],"wp:term":[{"taxonomy":"category","embeddable":true,"href":"https:\/\/www.zoner.fi\/tuki\/wp-json\/wp\/v2\/categories?post=129626"},{"taxonomy":"post_tag","embeddable":true,"href":"https:\/\/www.zoner.fi\/tuki\/wp-json\/wp\/v2\/tags?post=129626"},{"taxonomy":"wf_page_folders","embeddable":true,"href":"https:\/\/www.zoner.fi\/tuki\/wp-json\/wp\/v2\/wf_page_folders?post=129626"}],"curies":[{"name":"wp","href":"https:\/\/api.w.org\/{rel}","templated":true}]}}