{"id":129628,"date":"2022-05-27T10:03:29","date_gmt":"2022-05-27T07:03:29","guid":{"rendered":"https:\/\/www.zoner.fi\/tuki\/?page_id=129628"},"modified":"2026-02-17T14:23:31","modified_gmt":"2026-02-17T12:23:31","slug":"miten-yhdistan-sahkopostin-outlookiin","status":"publish","type":"page","link":"https:\/\/www.zoner.fi\/tuki\/sahkopostiohjeet\/directadmin\/miten-yhdistan-sahkopostin-outlookiin\/","title":{"rendered":"Miten asennan s\u00e4hk\u00f6postin Outlookiin?"},"content":{"rendered":"\n<p>T\u00e4m\u00e4 ohje k\u00e4sittelee webhotellin s\u00e4hk\u00f6postitilin lis\u00e4\u00e4mist\u00e4 Microsoft Outlook-ohjelmaan, joka on yksi maailman suosituimmista omalle laitteelle asennettavista s\u00e4hk\u00f6postiohjelmistoista.<\/p>\n\n\n\n<p>Mik\u00e4li et viel\u00e4 ole asentanut Outlook-ohjelmistoa, on se mahdollista ostaa yritykselle Zonerin kautta: <a href=\"https:\/\/www.zoner.fi\/microsoft-365\/\">Microsoft 365<\/a> tai ottaa kokeiluversiona k\u00e4ytt\u00f6\u00f6n <a href=\"https:\/\/products.office.com\/fi-fi\/outlook\/email-and-calendar-software-microsoft-outlook\" target=\"_blank\" rel=\"noreferrer noopener\">t\u00e4lt\u00e4 Microsoftin sivulta<\/a>. Outlookin vaihtoehdoksi voit k\u00e4ytt\u00e4\u00e4 s\u00e4hk\u00f6postia my\u00f6s ilmaisella <a href=\"https:\/\/www.zoner.fi\/tuki\/sahkopostiohjeet\/directadmin\/miten-asennan-sahkopostin-thunderbirdiin\/\">Mozilla Thunderbird-s\u00e4hk\u00f6postiohjelmalla<\/a>.<\/p>\n\n\n\n<h2 class=\"wp-block-heading\" id=\"1\">1. Tarkista s\u00e4hk\u00f6postipalvelin<\/h2>\n\n\n\n<p>Tarkista ja merkitse muistiin s\u00e4hk\u00f6postisi saapuvan postin palvelin (incoming mail server) ja l\u00e4htev\u00e4n postin palvelin (outgoing mail server) alla olevalla ty\u00f6kalulla. Sy\u00f6t\u00e4 kentt\u00e4\u00e4n s\u00e4hk\u00f6postiosoite, jonka haluat yhdist\u00e4\u00e4 iPhoneen, ja klikkaa <strong>Tarkista<\/strong>:<\/p>\n\n\n    <div class=\"zoner-email-checker\">\r\n        <div class=\"checker-form\">\r\n            <h2 class=\"form-title\">Verkkotunnuksen tarkistusty\u00f6kalu<\/h2>\r\n            <p class=\"form-subtitle\">Tarkista verkkotunnuksesi s\u00e4hk\u00f6postim\u00e4\u00e4ritykset ja palvelimen tiedot.<\/p>\r\n            \r\n            <form id=\"emailForm\" method=\"POST\">\r\n                <div class=\"input-group\">\r\n                    <input type=\"text\" id=\"email\" name=\"email\" class=\"email-input\" \r\n                           placeholder=\"Sy\u00f6t\u00e4 verkkotunnus (esimerkiksi: zoner.fi)\" required>\r\n                    <button type=\"submit\" class=\"check-btn\" id=\"submitBtn\">\r\n                        <span>Tarkista<\/span>\r\n                        <div class=\"spinner\" id=\"spinner\"><\/div>\r\n                    <\/button>\r\n                <\/div>\r\n            <\/form>\r\n        <\/div>\r\n\r\n        <div id=\"results\" class=\"results-container\"><\/div>\r\n    <\/div>\r\n\r\n    <script>\r\n        document.getElementById('emailForm').addEventListener('submit', async function(e) {\r\n            e.preventDefault();\r\n            \r\n            const submitBtn = document.getElementById('submitBtn');\r\n            const spinner = document.getElementById('spinner');\r\n            const results = document.getElementById('results');\r\n            \r\n            submitBtn.disabled = true;\r\n            spinner.style.display = 'block';\r\n            results.innerHTML = '';\r\n            \r\n            try {\r\n                const formData = new FormData(this);\r\n                const response = await fetch('', {\r\n                    method: 'POST',\r\n                    body: formData\r\n                });\r\n\r\n                const data = await response.json();\r\n                \r\n                if (data.messages && data.messages.length > 0) {\r\n                    data.messages.forEach(message => {\r\n                        results.innerHTML += message;\r\n                    });\r\n                } else {\r\n                    results.innerHTML = '<div class=\"error-container\"><h3 class=\"error-title\">Virheellinen sy\u00f6te<\/h3><p class=\"error-message\">No response received from server.<\/p><\/div>';\r\n                }\r\n            } catch (error) {\r\n                results.innerHTML = '<div class=\"error-container\"><h3 class=\"error-title\">Virheellinen sy\u00f6te<\/h3><p class=\"error-message\">Unable to process request. Please try again.<\/p><\/div>';\r\n            } finally {\r\n                submitBtn.disabled = false;\r\n                spinner.style.display = 'none';\r\n            }\r\n        });\r\n        \r\n        \/\/ FTP Toggle function - make it global\r\n        window.showFtpInfo = function(type, button) {\r\n            \/\/ Remove active class from all buttons\r\n            document.querySelectorAll('.ftp-toggle-btn').forEach(btn => {\r\n                btn.classList.remove('active');\r\n            });\r\n            \r\n            \/\/ Add active class to clicked button\r\n            button.classList.add('active');\r\n            \r\n            \/\/ Hide all ftp info divs\r\n            document.querySelectorAll('.ftp-info').forEach(info => {\r\n                info.classList.remove('active');\r\n            });\r\n            \r\n            \/\/ Show selected ftp info\r\n            const targetInfo = document.getElementById(type + '-info');\r\n            if (targetInfo) {\r\n                targetInfo.classList.add('active');\r\n            }\r\n        };\r\n        \r\n        \/\/ Copy to clipboard function\r\n        window.copyToClipboard = function(text, button) {\r\n            if (navigator.clipboard && window.isSecureContext) {\r\n                navigator.clipboard.writeText(text).then(function() {\r\n                    showCopyFeedback(button);\r\n                }).catch(function(err) {\r\n                    fallbackCopy(text, button);\r\n                });\r\n            } else {\r\n                fallbackCopy(text, button);\r\n            }\r\n        };\r\n        \r\n        \/\/ Fallback copy method for older browsers\r\n        function fallbackCopy(text, button) {\r\n            const textArea = document.createElement('textarea');\r\n            textArea.value = text;\r\n            textArea.style.position = 'fixed';\r\n            textArea.style.left = '-999999px';\r\n            textArea.style.top = '-999999px';\r\n            document.body.appendChild(textArea);\r\n            textArea.focus();\r\n            textArea.select();\r\n            \r\n            try {\r\n                document.execCommand('copy');\r\n                showCopyFeedback(button);\r\n            } catch (err) {\r\n                console.error('Copy failed', err);\r\n            }\r\n            \r\n            document.body.removeChild(textArea);\r\n        }\r\n        \r\n        \/\/ Show copy feedback\r\n        function showCopyFeedback(button) {\r\n            const originalHTML = button.innerHTML;\r\n            const originalClass = button.className;\r\n            \r\n            button.innerHTML = '\u2713 Copied!';\r\n            button.classList.add('copied');\r\n            button.disabled = true;\r\n            \r\n            setTimeout(function() {\r\n                button.innerHTML = originalHTML;\r\n                button.className = originalClass;\r\n                button.disabled = false;\r\n            }, 2000);\r\n        }\r\n        \r\n        \/\/ Copy multiple lines\r\n        window.copyMultiLine = function(lines, button) {\r\n            const text = lines.join('\\n');\r\n            window.copyToClipboard(text, button);\r\n        };\r\n        \r\n        \/\/ Copy email settings\r\n        window.copyEmailSettings = function(button) {\r\n            const settingsContainer = button.closest('.info-group').querySelector('.settings-text');\r\n            if (settingsContainer) {\r\n                \/\/ Get the HTML content and convert <br> tags to newlines\r\n                let html = settingsContainer.innerHTML;\r\n                let text = html.replace(\/<br\\s*\\\/?>\/gi, '\\n')\r\n                              .replace(\/<[^>]*>\/g, '') \/\/ Remove other HTML tags\r\n                              .replace(\/&nbsp;\/g, ' ') \/\/ Replace &nbsp; with spaces\r\n                              .trim();\r\n                window.copyToClipboard(text, button);\r\n            }\r\n        };\r\n    <\/script>\r\n    \n\n\n\n<p><\/p>\n\n\n\n<h2 class=\"wp-block-heading\">2. S\u00e4hk\u00f6postin m\u00e4\u00e4ritys: Microsoft Outlook<\/h2>\n\n\n\n<p><\/p>\n\n\n<div id=\"rank-math-howto\" class=\"rank-math-block\">\n<div class=\"rank-math-howto-description\">\n\n<p>Oheisella ohjeella saat kytketty\u00e4 s\u00e4hk\u00f6postitilisi Outlook-ohjelmistoon. Huomaa, ett\u00e4 ohjelman eri versioiden v\u00e4lill\u00e4 voi olla pieni\u00e4 eroja. T\u00e4m\u00e4n ohjeen kuvakaappaukset on otettu p\u00e4\u00e4asiassa Microsoft Outlookin uudemmista versiosta, mutta mahdolliset eroavaisuudet muihin versioihin on pyritty huomioimaan ja selitt\u00e4m\u00e4\u00e4n kussakin ohjeen kohdassa.<\/p>\n\n<\/div>\n<p class=\"rank-math-howto-duration\"><strong>Total Time:<\/strong> <span>15 minutes<\/span><\/p>\n<div class=\"rank-math-steps \">\n<div id=\"howto-step-1671454844089\" class=\"rank-math-step\">\n<h3 class=\"rank-math-step-title \">1. Aloita s\u00e4hk\u00f6postitilin lis\u00e4\u00e4minen<\/h3>\n<div class=\"rank-math-step-content \"><img loading=\"lazy\" decoding=\"async\" width=\"403\" height=\"126\" src=\"https:\/\/www.zoner.fi\/tuki\/wp-content\/uploads\/2024\/03\/Outlook_ohje1.jpg\" class=\"attachment-full size-full\" alt=\"\" \/><p>Valitse Outlookin oikeasta yl\u00e4kulmasta kohta Tiedosto.<\/p>\n<\/div>\n<\/div>\n<div id=\"howto-step-1671454950401\" class=\"rank-math-step\">\n<h3 class=\"rank-math-step-title \">2. Valitse Lis\u00e4\u00e4 tili.<\/h3>\n<div class=\"rank-math-step-content \"><img loading=\"lazy\" decoding=\"async\" width=\"743\" height=\"318\" src=\"https:\/\/www.zoner.fi\/tuki\/wp-content\/uploads\/2024\/03\/Outlook_ohje2.jpg\" class=\"attachment-full size-full\" alt=\"\" \/><p>Valitse seuraavassa n\u00e4kym\u00e4ss\u00e4 Lis\u00e4\u00e4 tili-painike.<\/p>\n<\/div>\n<\/div>\n<div id=\"howto-step-1671455034230\" class=\"rank-math-step\">\n<h3 class=\"rank-math-step-title \">3. Sy\u00f6t\u00e4 s\u00e4hk\u00f6postiosoite ja tee tarvittavat valinnat<\/h3>\n<div class=\"rank-math-step-content \"><img loading=\"lazy\" decoding=\"async\" width=\"444\" height=\"500\" src=\"https:\/\/www.zoner.fi\/tuki\/wp-content\/uploads\/2022\/08\/outlook-anna-sahkopostiosoite.jpg\" class=\"attachment-full size-full\" alt=\"\" \/><p>T\u00e4yt\u00e4 s\u00e4hk\u00f6postiosoite, klikkaa Lis\u00e4asetukset ja laita valinta kohtaan Anna minun m\u00e4\u00e4ritt\u00e4\u00e4 tilini manuaalisesti. Valitse Yhdist\u00e4.<\/p>\n<p><strong>Versio 2016 ja aiemmat:<\/strong> Laita valinta kohtaan M\u00e4\u00e4rit\u00e4 manuaalisesti tai lis\u00e4\u00e4 palvelintyyppej\u00e4 ja klikkaa Seuraava.<\/p>\n<\/div>\n<\/div>\n<div id=\"howto-step-1671455098943\" class=\"rank-math-step\">\n<h3 class=\"rank-math-step-title \">4. Valitse s\u00e4hk\u00f6postitilin tyyppi<\/h3>\n<div class=\"rank-math-step-content \"><img loading=\"lazy\" decoding=\"async\" width=\"473\" height=\"550\" src=\"https:\/\/www.zoner.fi\/tuki\/wp-content\/uploads\/2024\/03\/Outlook_ohje3.jpg\" class=\"attachment-full size-full\" alt=\"\" \/><p>Valitse s\u00e4hk\u00f6postitilin tyypiksi IMAP.<\/p>\n<p><strong>Versio 2010 ja aiemmat:\u00a0<\/strong>Valitse Internet-s\u00e4hk\u00f6posti.<\/p>\n<p><strong>Versiot 2016 ja aiemmat:<\/strong> Siirry ohjeen kohtaan 8.<\/p>\n<\/div>\n<\/div>\n<div id=\"howto-step-1671455141180\" class=\"rank-math-step\">\n<h3 class=\"rank-math-step-title \">5. Anna salasana<\/h3>\n<div class=\"rank-math-step-content \"><img loading=\"lazy\" decoding=\"async\" width=\"479\" height=\"537\" src=\"https:\/\/www.zoner.fi\/tuki\/wp-content\/uploads\/2022\/08\/outlook-anna-salasana.jpg\" class=\"attachment-full size-full\" alt=\"\" \/><p>T\u00e4yt\u00e4 salasana ja valitse Yhdist\u00e4.<\/p>\n<p><strong>Outlook for Office365:<\/strong>\u00a0Tilin luominen on nyt valmis.<\/p>\n<\/div>\n<\/div>\n<div id=\"howto-step-1671455203783\" class=\"rank-math-step\">\n<h3 class=\"rank-math-step-title \">6. Valitse peruuta <\/h3>\n<div class=\"rank-math-step-content \"><img loading=\"lazy\" decoding=\"async\" width=\"368\" height=\"212\" src=\"https:\/\/www.zoner.fi\/tuki\/wp-content\/uploads\/2022\/08\/outlook2018_6.jpg\" class=\"attachment-full size-full\" alt=\"\" \/><p>Valitse seuraavassa kohdassa Peruuta.<\/p>\n<\/div>\n<\/div>\n<div id=\"howto-step-1671455327318\" class=\"rank-math-step\">\n<h3 class=\"rank-math-step-title \">7. Muuta tilin asetuksia<\/h3>\n<div class=\"rank-math-step-content \"><img loading=\"lazy\" decoding=\"async\" width=\"447\" height=\"500\" src=\"https:\/\/www.zoner.fi\/tuki\/wp-content\/uploads\/2022\/08\/outlook2018_7.jpg\" class=\"attachment-full size-full\" alt=\"\" \/><p>Valitse Vaihda tilin asetuksia.<\/p>\n<\/div>\n<\/div>\n<div id=\"howto-step-1671455353975\" class=\"rank-math-step\">\n<h3 class=\"rank-math-step-title \">8. T\u00e4yt\u00e4 tarvittavat tiedot<\/h3>\n<div class=\"rank-math-step-content \"><p>T\u00e4yt\u00e4 tiedot seuraavasti:<\/p>\n<p><strong>Saapuva posti <\/strong><br \/><strong>Palvelin<\/strong>: Incoming mail server, jonka sait ty\u00f6kalulla <a href=\"#1\">kohdassa 1.<\/a><br \/><strong>Portti<\/strong>: Incoming mail port, jonka sait ty\u00f6kalulla <a href=\"#1\">kohdassa 1.<\/a><br \/><strong>Salausmenetelm\u00e4<\/strong>: SSL\/TLS<\/p>\n<p><strong>L\u00e4htev\u00e4 posti<\/strong><br \/><strong>Palvelin<\/strong>: Outgoing mail server, jonka sait ty\u00f6kalulla <a href=\"#1\">kohdassa 1.<\/a><br \/><strong>Portti<\/strong>: Outgoing mail port, jonka sait ty\u00f6kalulla <a href=\"#1\">kohdassa 1.<\/a><br \/><strong>Salausmenetelm\u00e4<\/strong>: SSL\/TLS<\/p>\n<p><img loading=\"lazy\" decoding=\"async\" width=\"444\" height=\"500\" class=\"wp-image-130830\" style=\"width: 500px\" src=\"https:\/\/www.zoner.fi\/tuki\/wp-content\/uploads\/2023\/06\/outlook2018_8.jpg\" alt=\"\" srcset=\"https:\/\/www.zoner.fi\/tuki\/wp-content\/uploads\/2023\/06\/outlook2018_8.jpg 444w, https:\/\/www.zoner.fi\/tuki\/wp-content\/uploads\/2023\/06\/outlook2018_8-266x300.jpg 266w\" sizes=\"auto, (max-width: 444px) 100vw, 444px\" \/><\/p>\n<p><strong>Mik\u00e4li tili on jo lis\u00e4ttyn\u00e4 Outlookkiin:<\/strong> Ohjeen 1. vaiheen &#8221;Tiedosto&#8221; -painikkeen j\u00e4lkeen ilmestyv\u00e4lt\u00e4 sivulta p\u00e4\u00e4see m\u00e4\u00e4ritt\u00e4m\u00e4\u00e4n olemassa olevien k\u00e4ytt\u00e4jien palvelinasetuksia &#8221;Tiliasetukset&#8221;, &#8221;Palvelimen asetukset&#8221; -kautta.<\/p>\n<p><img loading=\"lazy\" decoding=\"async\" width=\"751\" height=\"602\" class=\"wp-image-131597\" style=\"width: 500px\" src=\"https:\/\/www.zoner.fi\/tuki\/wp-content\/uploads\/2024\/03\/Outlook_ohje4-1.jpg\" alt=\"\" srcset=\"https:\/\/www.zoner.fi\/tuki\/wp-content\/uploads\/2024\/03\/Outlook_ohje4-1.jpg 751w, https:\/\/www.zoner.fi\/tuki\/wp-content\/uploads\/2024\/03\/Outlook_ohje4-1-300x240.jpg 300w\" sizes=\"auto, (max-width: 751px) 100vw, 751px\" \/><br \/><strong>Versiot 2016 ja aiemmat:<\/strong> Anna tilin kirjautumistiedot ja klikkaa Lis\u00e4\u00e4 asetuksia -painiketta.<\/p>\n<p><img decoding=\"async\" src=\"https:\/\/www.zoner.fi\/tuki\/wp-content\/uploads\/2022\/08\/outlook-2016-asetukset.jpg\" alt=\"\"><br \/>Laita valinta kohtaan L\u00e4htev\u00e4n postin palvelin edellytt\u00e4\u00e4 k\u00e4ytt\u00f6oikeuden tarkistusta ja klikkaa Ok.<\/p>\n<p><img decoding=\"async\" src=\"https:\/\/www.zoner.fi\/tuki\/wp-content\/uploads\/2022\/08\/outlook-2016-lahteva-posti.jpg\" alt=\"\"><\/p>\n<p>Anna Lis\u00e4asetukset ja klikkaa Ok.<\/p>\n<p><img decoding=\"async\" src=\"https:\/\/www.zoner.fi\/tuki\/wp-content\/uploads\/2022\/08\/outlook-2016-saapuva-posti.jpg\" alt=\"\"><br \/><strong>Versiot 2016 ja aiemmat:\u00a0<\/strong>Tilin luominen on nyt valmis.<\/p>\n<\/div>\n<\/div>\n<div id=\"howto-step-1671455570148\" class=\"rank-math-step\">\n<h3 class=\"rank-math-step-title \">9. Anna salasana uudelleen<\/h3>\n<div class=\"rank-math-step-content \"><img loading=\"lazy\" decoding=\"async\" width=\"446\" height=\"500\" src=\"https:\/\/www.zoner.fi\/tuki\/wp-content\/uploads\/2022\/08\/outlook2018_9.jpg\" class=\"attachment-full size-full\" alt=\"\" \/><p>Anna salasana viel\u00e4 uudelleen ja valitse Yhdist\u00e4.<\/p>\n<\/div>\n<\/div>\n<div id=\"howto-step-1671455610338\" class=\"rank-math-step\">\n<h3 class=\"rank-math-step-title \">10. Valmista<\/h3>\n<div class=\"rank-math-step-content \"><img loading=\"lazy\" decoding=\"async\" width=\"446\" height=\"500\" src=\"https:\/\/www.zoner.fi\/tuki\/wp-content\/uploads\/2022\/08\/outlook-onnistui.jpg\" class=\"attachment-full size-full\" alt=\"\" \/><p>Tilin luominen on nyt valmis. Valitse Valmis poistuaksesi.<\/p>\n<\/div>\n<\/div>\n<\/div>\n<\/div>","protected":false},"excerpt":{"rendered":"<p>T\u00e4m\u00e4 ohje k\u00e4sittelee s\u00e4hk\u00f6postitilin lis\u00e4\u00e4mist\u00e4 Microsoft Outlook-ohjelmaan, joka on yksi maailman suosituimmista omalle laitteelle asennettavista s\u00e4hk\u00f6postiohjelmistoista.<\/p>\n","protected":false},"author":15,"featured_media":0,"parent":137084,"menu_order":0,"comment_status":"closed","ping_status":"closed","template":"","meta":{"_relevanssi_hide_post":"","_relevanssi_hide_content":"","_relevanssi_pin_for_all":"","_relevanssi_pin_keywords":"","_relevanssi_unpin_keywords":"","_relevanssi_related_keywords":"","_relevanssi_related_include_ids":"","_relevanssi_related_exclude_ids":"","_relevanssi_related_no_append":"","_relevanssi_related_not_related":"","_relevanssi_related_posts":"1063,1066,1076","_relevanssi_noindex_reason":"","footnotes":""},"categories":[213,218,190,195,192,193,194,217,196],"tags":[199,215],"wf_page_folders":[],"class_list":{"0":"post-129628","1":"page","2":"type-page","3":"status-publish","5":"category-cpanel-webhotelli-fi-sahkoposti","6":"category-cpanel-webhotelli-fi-webhotellit","7":"category-cpanel-wepardi","8":"category-cpanel-wepardi-sahkoposti","9":"category-directadmin","10":"category-directadmin-sahkoposti","11":"category-zoner-home","12":"category-zoner-home-webhotellit","13":"category-zoner-sahkoposti","14":"tag-sahkoposti","15":"tag-sahkopostiohjelmat"},"_links":{"self":[{"href":"https:\/\/www.zoner.fi\/tuki\/wp-json\/wp\/v2\/pages\/129628","targetHints":{"allow":["GET"]}}],"collection":[{"href":"https:\/\/www.zoner.fi\/tuki\/wp-json\/wp\/v2\/pages"}],"about":[{"href":"https:\/\/www.zoner.fi\/tuki\/wp-json\/wp\/v2\/types\/page"}],"author":[{"embeddable":true,"href":"https:\/\/www.zoner.fi\/tuki\/wp-json\/wp\/v2\/users\/15"}],"replies":[{"embeddable":true,"href":"https:\/\/www.zoner.fi\/tuki\/wp-json\/wp\/v2\/comments?post=129628"}],"version-history":[{"count":16,"href":"https:\/\/www.zoner.fi\/tuki\/wp-json\/wp\/v2\/pages\/129628\/revisions"}],"predecessor-version":[{"id":138582,"href":"https:\/\/www.zoner.fi\/tuki\/wp-json\/wp\/v2\/pages\/129628\/revisions\/138582"}],"up":[{"embeddable":true,"href":"https:\/\/www.zoner.fi\/tuki\/wp-json\/wp\/v2\/pages\/137084"}],"wp:attachment":[{"href":"https:\/\/www.zoner.fi\/tuki\/wp-json\/wp\/v2\/media?parent=129628"}],"wp:term":[{"taxonomy":"category","embeddable":true,"href":"https:\/\/www.zoner.fi\/tuki\/wp-json\/wp\/v2\/categories?post=129628"},{"taxonomy":"post_tag","embeddable":true,"href":"https:\/\/www.zoner.fi\/tuki\/wp-json\/wp\/v2\/tags?post=129628"},{"taxonomy":"wf_page_folders","embeddable":true,"href":"https:\/\/www.zoner.fi\/tuki\/wp-json\/wp\/v2\/wf_page_folders?post=129628"}],"curies":[{"name":"wp","href":"https:\/\/api.w.org\/{rel}","templated":true}]}}