{"id":129633,"date":"2022-05-27T10:08:06","date_gmt":"2022-05-27T07:08:06","guid":{"rendered":"https:\/\/www.zoner.fi\/tuki\/?page_id=129633"},"modified":"2025-08-20T11:43:08","modified_gmt":"2025-08-20T08:43:08","slug":"cron-job-ajastetut-tehtavat","status":"publish","type":"page","link":"https:\/\/www.zoner.fi\/tuki\/webhotellit\/cron-job-ajastetut-tehtavat\/","title":{"rendered":"Cron Job &#8211; ajastetut teht\u00e4v\u00e4t"},"content":{"rendered":"\n<p>Cron Job on j\u00e4rjestelm\u00e4k\u00e4sky, joka ajastetaan suoritettavaksi my\u00f6hemmin. Esim. jos haluat ajaa CGI scriptin maanantaiaamuisin, voit tehd\u00e4 siit\u00e4 Cron Jobin webhotellin hallinnasta.<\/p>\n\n\n\n<p><a href=\"https:\/\/www.zoner.fi\/webhotellit\/\">Webhotellit <\/a>mahdollistavat cron jobien luomisen suoraan hallintapaneelin kautta ja sen k\u00e4ymme vaiheittain l\u00e4pi t\u00e4ss\u00e4 ohjeessa. <\/p>\n\n\n\n<h2 class=\"wp-block-heading\">Mik\u00e4 on Cron job?<\/h2>\n\n\n\n<p><strong>Cron<\/strong> itsess\u00e4\u00e4n on Linux toiminnallisuus, joka mahdollistaa ajastukseen pohjautuvan k\u00e4skyn (cron job) suorittamisen palvelimella haluttuna ajankohtana. Cron job tarkoittaa siis suomeksi ajastettua teht\u00e4v\u00e4\u00e4.<\/p>\n\n\n\n<p>Monet ohjelmistot, kuten avoimen l\u00e4hdekoodin verkkokaupat, vaativat my\u00f6s cronin k\u00e4ytt\u00f6\u00e4 edistyneempien toimintojen suorittamiseen. Verkkokauppaan voidaan esimerkiksi ohjelmoida toimintoja, kuten markkinointiviestien l\u00e4hetyksi\u00e4, joita taas ajastettujen teht\u00e4vien avulla saadaan automatisoidusti l\u00e4htem\u00e4\u00e4n, ilman yll\u00e4pit\u00e4j\u00e4n erillisi\u00e4 toimenpiteit\u00e4.<\/p>\n\n\n\n<h3 class=\"wp-block-heading\">Cron Jobin luominen<\/h3>\n\n\n\n<p>Kirjaudu sis\u00e4\u00e4n webhotellin DirectAdmin-hallintapaneeliin.<\/p>\n\n\n\n<p>Valitse p\u00e4\u00e4valikosta Edistyneet toiminnot &#8211; Cronjobs tai k\u00e4yt\u00e4 hakua.<\/p>\n\n\n\n<figure class=\"wp-block-image size-full\"><img loading=\"lazy\" decoding=\"async\" width=\"500\" height=\"276\" src=\"https:\/\/www.zoner.fi\/tuki\/wp-content\/uploads\/2022\/08\/cronjobs-paavalikko.jpg\" alt=\"\" class=\"wp-image-130050\" srcset=\"https:\/\/www.zoner.fi\/tuki\/wp-content\/uploads\/2022\/08\/cronjobs-paavalikko.jpg 500w, https:\/\/www.zoner.fi\/tuki\/wp-content\/uploads\/2022\/08\/cronjobs-paavalikko-300x166.jpg 300w\" sizes=\"auto, (max-width: 500px) 100vw, 500px\" \/><\/figure>\n\n\n\n<p>Klikkaa avautuvalla Cron-ty\u00f6t -sivulla n\u00e4kyv\u00e4\u00e4 sinist\u00e4 painiketta Luo cron-ty\u00f6.<\/p>\n\n\n\n<figure class=\"wp-block-image size-full\"><img loading=\"lazy\" decoding=\"async\" width=\"900\" height=\"151\" src=\"https:\/\/www.zoner.fi\/tuki\/wp-content\/uploads\/2022\/08\/cronjobs-lista-luo-uusi-cron-job-tyo.jpg\" alt=\"\" class=\"wp-image-130054\" srcset=\"https:\/\/www.zoner.fi\/tuki\/wp-content\/uploads\/2022\/08\/cronjobs-lista-luo-uusi-cron-job-tyo.jpg 900w, https:\/\/www.zoner.fi\/tuki\/wp-content\/uploads\/2022\/08\/cronjobs-lista-luo-uusi-cron-job-tyo-300x50.jpg 300w, https:\/\/www.zoner.fi\/tuki\/wp-content\/uploads\/2022\/08\/cronjobs-lista-luo-uusi-cron-job-tyo-768x129.jpg 768w\" sizes=\"auto, (max-width: 900px) 100vw, 900px\" \/><\/figure>\n\n\n\n<p><em>Sivulla n\u00e4kyv\u00e4ss\u00e4 listassa n\u00e4kyv\u00e4t my\u00f6s mahdolliset aiemmin luomasi Cron Jobit.<\/em><\/p>\n\n\n\n<p>Anna ajastuksen asetukset ja komento. Esimerkiss\u00e4mme komennon suorittaminen on asetettu suoritettavaksi kuukauden ensimm\u00e4isen\u00e4 p\u00e4iv\u00e4n\u00e4 klo 12.15.<\/p>\n\n\n\n<figure class=\"wp-block-image size-full\"><img loading=\"lazy\" decoding=\"async\" width=\"900\" height=\"641\" src=\"https:\/\/www.zoner.fi\/tuki\/wp-content\/uploads\/2022\/08\/cronjobs-asettaminen-ajastaminen-maaritykset.jpg\" alt=\"\" class=\"wp-image-130055\" srcset=\"https:\/\/www.zoner.fi\/tuki\/wp-content\/uploads\/2022\/08\/cronjobs-asettaminen-ajastaminen-maaritykset.jpg 900w, https:\/\/www.zoner.fi\/tuki\/wp-content\/uploads\/2022\/08\/cronjobs-asettaminen-ajastaminen-maaritykset-300x214.jpg 300w, https:\/\/www.zoner.fi\/tuki\/wp-content\/uploads\/2022\/08\/cronjobs-asettaminen-ajastaminen-maaritykset-768x547.jpg 768w\" sizes=\"auto, (max-width: 900px) 100vw, 900px\" \/><\/figure>\n\n\n\n<p>Komennon suorittamisesta tulee viesti j\u00e4rjestelm\u00e4n postilaatikkoon. Jos haluat est\u00e4\u00e4 n\u00e4m\u00e4 viestit, klikkaa Est\u00e4 s\u00e4hk\u00f6posti -painiketta, jolloin j\u00e4rjestelm\u00e4 lis\u00e4\u00e4 komennon per\u00e4\u00e4n rivin&nbsp;&gt;\/dev\/null 2&gt;&amp;1 automaattisesti.<\/p>\n\n\n\n<figure class=\"wp-block-image size-full\"><img loading=\"lazy\" decoding=\"async\" width=\"900\" height=\"193\" src=\"https:\/\/www.zoner.fi\/tuki\/wp-content\/uploads\/2022\/08\/cronjob-esta-sahkoposti.jpg\" alt=\"\" class=\"wp-image-130048\" srcset=\"https:\/\/www.zoner.fi\/tuki\/wp-content\/uploads\/2022\/08\/cronjob-esta-sahkoposti.jpg 900w, https:\/\/www.zoner.fi\/tuki\/wp-content\/uploads\/2022\/08\/cronjob-esta-sahkoposti-300x64.jpg 300w, https:\/\/www.zoner.fi\/tuki\/wp-content\/uploads\/2022\/08\/cronjob-esta-sahkoposti-768x165.jpg 768w\" sizes=\"auto, (max-width: 900px) 100vw, 900px\" \/><\/figure>\n\n\n\n<p>J\u00e4rjestelm\u00e4n postilaatikko:<br>kirjautumistunnus [at] omadomain.fi<\/p>\n\n\n\n<p>Tallenna muutokset klikkaamalla Luo.<\/p>\n\n\n\n<h3 class=\"wp-block-heading\">Cron Jobin muokkaaminen ja poistaminen<\/h3>\n\n\n\n<p>Klikkaa muokattavan Cron-ty\u00f6n kohdalla n\u00e4kyv\u00e4\u00e4 kyn\u00e4-kuvaketta muokataksesi komentoa ja ajastusta. Cron Jobin poistaminen tapahtuu laittamalla valinta Cron-ty\u00f6n kohdalla olevaan valintaruutuun ja klikkaamalla sen j\u00e4lkeen Poista-painiketta.<\/p>\n\n\n\n<figure class=\"wp-block-image size-full\"><img loading=\"lazy\" decoding=\"async\" width=\"900\" height=\"155\" src=\"https:\/\/www.zoner.fi\/tuki\/wp-content\/uploads\/2022\/08\/cronjobs-poista-muokkaa-cron-job-tyo.jpg\" alt=\"\" class=\"wp-image-130059\" srcset=\"https:\/\/www.zoner.fi\/tuki\/wp-content\/uploads\/2022\/08\/cronjobs-poista-muokkaa-cron-job-tyo.jpg 900w, https:\/\/www.zoner.fi\/tuki\/wp-content\/uploads\/2022\/08\/cronjobs-poista-muokkaa-cron-job-tyo-300x52.jpg 300w, https:\/\/www.zoner.fi\/tuki\/wp-content\/uploads\/2022\/08\/cronjobs-poista-muokkaa-cron-job-tyo-768x132.jpg 768w\" sizes=\"auto, (max-width: 900px) 100vw, 900px\" \/><\/figure>\n","protected":false},"excerpt":{"rendered":"<p>Cron Job on j\u00e4rjestelm\u00e4k\u00e4sky, joka ajastetaan suoritettavaksi my\u00f6hemmin. T\u00e4ss\u00e4 ohjeessa k\u00e4ymme l\u00e4pi, kuinka saat luotua cron jobin webhotellin hallintapaneelista.<\/p>\n","protected":false},"author":15,"featured_media":0,"parent":129010,"menu_order":0,"comment_status":"closed","ping_status":"closed","template":"","meta":{"_relevanssi_hide_post":"","_relevanssi_hide_content":"","_relevanssi_pin_for_all":"","_relevanssi_pin_keywords":"","_relevanssi_unpin_keywords":"","_relevanssi_related_keywords":"","_relevanssi_related_include_ids":"","_relevanssi_related_exclude_ids":"","_relevanssi_related_no_append":"","_relevanssi_related_not_related":"","_relevanssi_related_posts":"1066,1063,1076","_relevanssi_noindex_reason":"","footnotes":""},"categories":[192],"tags":[93],"wf_page_folders":[],"class_list":{"0":"post-129633","1":"page","2":"type-page","3":"status-publish","5":"category-directadmin","6":"tag-ftp-sftp-ssh"},"_links":{"self":[{"href":"https:\/\/www.zoner.fi\/tuki\/wp-json\/wp\/v2\/pages\/129633","targetHints":{"allow":["GET"]}}],"collection":[{"href":"https:\/\/www.zoner.fi\/tuki\/wp-json\/wp\/v2\/pages"}],"about":[{"href":"https:\/\/www.zoner.fi\/tuki\/wp-json\/wp\/v2\/types\/page"}],"author":[{"embeddable":true,"href":"https:\/\/www.zoner.fi\/tuki\/wp-json\/wp\/v2\/users\/15"}],"replies":[{"embeddable":true,"href":"https:\/\/www.zoner.fi\/tuki\/wp-json\/wp\/v2\/comments?post=129633"}],"version-history":[{"count":4,"href":"https:\/\/www.zoner.fi\/tuki\/wp-json\/wp\/v2\/pages\/129633\/revisions"}],"predecessor-version":[{"id":131436,"href":"https:\/\/www.zoner.fi\/tuki\/wp-json\/wp\/v2\/pages\/129633\/revisions\/131436"}],"up":[{"embeddable":true,"href":"https:\/\/www.zoner.fi\/tuki\/wp-json\/wp\/v2\/pages\/129010"}],"wp:attachment":[{"href":"https:\/\/www.zoner.fi\/tuki\/wp-json\/wp\/v2\/media?parent=129633"}],"wp:term":[{"taxonomy":"category","embeddable":true,"href":"https:\/\/www.zoner.fi\/tuki\/wp-json\/wp\/v2\/categories?post=129633"},{"taxonomy":"post_tag","embeddable":true,"href":"https:\/\/www.zoner.fi\/tuki\/wp-json\/wp\/v2\/tags?post=129633"},{"taxonomy":"wf_page_folders","embeddable":true,"href":"https:\/\/www.zoner.fi\/tuki\/wp-json\/wp\/v2\/wf_page_folders?post=129633"}],"curies":[{"name":"wp","href":"https:\/\/api.w.org\/{rel}","templated":true}]}}