{"id":129646,"date":"2022-05-27T11:23:58","date_gmt":"2022-05-27T08:23:58","guid":{"rendered":"https:\/\/www.zoner.fi\/tuki\/?page_id=129646"},"modified":"2025-09-22T09:44:55","modified_gmt":"2025-09-22T06:44:55","slug":"concrete5-php-7-yhteensopivuusongelma","status":"publish","type":"page","link":"https:\/\/www.zoner.fi\/tuki\/webhotellit\/concrete5-php-7-yhteensopivuusongelma\/","title":{"rendered":"Concrete5 PHP 7 yhteensopivuusongelma"},"content":{"rendered":"\n<p>Concrete5 ei ole suoraan yhteensopiva PHP 7 kanssa.&nbsp;Ongelma aiheuttaa alla olevan kuvan mukaisen virheilmoituksen.<\/p>\n\n\n\n<figure class=\"wp-block-image size-large\"><img loading=\"lazy\" decoding=\"async\" width=\"1024\" height=\"103\" src=\"https:\/\/www.zoner.fi\/tuki\/wp-content\/uploads\/2022\/08\/concrete_virhe-1024x103.jpg\" alt=\"\" class=\"wp-image-130172\" srcset=\"https:\/\/www.zoner.fi\/tuki\/wp-content\/uploads\/2022\/08\/concrete_virhe-1024x103.jpg 1024w, https:\/\/www.zoner.fi\/tuki\/wp-content\/uploads\/2022\/08\/concrete_virhe-300x30.jpg 300w, https:\/\/www.zoner.fi\/tuki\/wp-content\/uploads\/2022\/08\/concrete_virhe-768x77.jpg 768w, https:\/\/www.zoner.fi\/tuki\/wp-content\/uploads\/2022\/08\/concrete_virhe.jpg 1237w\" sizes=\"auto, (max-width: 1024px) 100vw, 1024px\" \/><\/figure>\n\n\n\n<p>Ongelma on korjattavissa aktivoimalla Concretesta tietokantaperusteiset istunnot.<\/p>\n\n\n\n<h3 class=\"wp-block-heading\">Suositeltu tapa:<\/h3>\n\n\n\n<p>Muutos m\u00e4\u00e4ritet\u00e4\u00e4n tiedostoon \/application\/config\/concrete.php. Jos tiedostoa ei ole, sen voi luoda.<\/p>\n\n\n\n<p>Tiedoston sis\u00e4lt\u00f6:<\/p>\n\n\n\n<pre class=\"wp-block-preformatted\">&lt;?php\nreturn [\n &nbsp;&nbsp; 'session' =&gt; [\n &nbsp;&nbsp;&nbsp;&nbsp;&nbsp;&nbsp; 'handler' =&gt; 'database'\n &nbsp;&nbsp; ],\n];<\/pre>\n\n\n\n<p>Muutoksen voi vaihtoehtoisesti tehd\u00e4 muuttamalla mihin sessiot tallennetaan:<\/p>\n\n\n\n<pre class=\"wp-block-preformatted\">&lt;?php\nreturn [\n &nbsp;&nbsp; 'session' =&gt; [\n &nbsp;&nbsp;&nbsp;&nbsp;&nbsp;&nbsp; 'save_path' =&gt; '\/home\/user\/domains\/domain.fi\/sessions'\n &nbsp;&nbsp; ],\n];<\/pre>\n\n\n\n<h3 class=\"wp-block-heading\">Vaihtoehtoinen tapa:<\/h3>\n\n\n\n<p>Muutos voidaan m\u00e4\u00e4ritt\u00e4\u00e4 my\u00f6s olemassa olevaan tiedostoon. T\u00e4m\u00e4 saattaa kuitenkin ylikirjoittua p\u00e4ivityksen yhteydess\u00e4.<\/p>\n\n\n\n<p>Concreten 8.3.2 versiossa t\u00e4m\u00e4 tiedosto l\u00f6ytyy kansiopolusta \/concrete\/config\/<\/p>\n\n\n\n<p>Etsi tiedostosta <strong>&#8217;session&#8217;<\/strong>-asetukset ja sen alta kohta <strong>handler<\/strong>.<\/p>\n\n\n\n<p>Vaihdetaan asetuksen file tilalle database.<\/p>\n\n\n\n<figure class=\"wp-block-image size-full\"><img loading=\"lazy\" decoding=\"async\" width=\"558\" height=\"214\" src=\"https:\/\/www.zoner.fi\/tuki\/wp-content\/uploads\/2022\/08\/concrete.jpg\" alt=\"\" class=\"wp-image-130277\" srcset=\"https:\/\/www.zoner.fi\/tuki\/wp-content\/uploads\/2022\/08\/concrete.jpg 558w, https:\/\/www.zoner.fi\/tuki\/wp-content\/uploads\/2022\/08\/concrete-300x115.jpg 300w\" sizes=\"auto, (max-width: 558px) 100vw, 558px\" \/><\/figure>\n\n\n\n<p>Vaihtoehtona on my\u00f6s vaihtaa kansioita, johon sessiot tallennetaan:<\/p>\n\n\n\n<figure class=\"wp-block-image size-full\"><img loading=\"lazy\" decoding=\"async\" width=\"765\" height=\"214\" src=\"https:\/\/www.zoner.fi\/tuki\/wp-content\/uploads\/2022\/08\/concrete2.jpg\" alt=\"\" class=\"wp-image-130278\" srcset=\"https:\/\/www.zoner.fi\/tuki\/wp-content\/uploads\/2022\/08\/concrete2.jpg 765w, https:\/\/www.zoner.fi\/tuki\/wp-content\/uploads\/2022\/08\/concrete2-300x84.jpg 300w\" sizes=\"auto, (max-width: 765px) 100vw, 765px\" \/><\/figure>\n","protected":false},"excerpt":{"rendered":"<p>T\u00e4ss\u00e4 ohjeessa k\u00e4sitell\u00e4\u00e4n PHP 7 ja Concrete 5 yhteensopivuusongelmaa.<\/p>\n","protected":false},"author":15,"featured_media":0,"parent":129010,"menu_order":0,"comment_status":"closed","ping_status":"closed","template":"","meta":{"_relevanssi_hide_post":"","_relevanssi_hide_content":"","_relevanssi_pin_for_all":"","_relevanssi_pin_keywords":"","_relevanssi_unpin_keywords":"","_relevanssi_related_keywords":"","_relevanssi_related_include_ids":"","_relevanssi_related_exclude_ids":"","_relevanssi_related_no_append":"","_relevanssi_related_not_related":"","_relevanssi_related_posts":"1066,1063,1076","_relevanssi_noindex_reason":"","footnotes":""},"categories":[218,190,192,217],"tags":[94],"wf_page_folders":[],"class_list":{"0":"post-129646","1":"page","2":"type-page","3":"status-publish","5":"category-cpanel-webhotelli-fi-webhotellit","6":"category-cpanel-wepardi","7":"category-directadmin","8":"category-zoner-home-webhotellit","9":"tag-html-php"},"_links":{"self":[{"href":"https:\/\/www.zoner.fi\/tuki\/wp-json\/wp\/v2\/pages\/129646","targetHints":{"allow":["GET"]}}],"collection":[{"href":"https:\/\/www.zoner.fi\/tuki\/wp-json\/wp\/v2\/pages"}],"about":[{"href":"https:\/\/www.zoner.fi\/tuki\/wp-json\/wp\/v2\/types\/page"}],"author":[{"embeddable":true,"href":"https:\/\/www.zoner.fi\/tuki\/wp-json\/wp\/v2\/users\/15"}],"replies":[{"embeddable":true,"href":"https:\/\/www.zoner.fi\/tuki\/wp-json\/wp\/v2\/comments?post=129646"}],"version-history":[{"count":4,"href":"https:\/\/www.zoner.fi\/tuki\/wp-json\/wp\/v2\/pages\/129646\/revisions"}],"predecessor-version":[{"id":137532,"href":"https:\/\/www.zoner.fi\/tuki\/wp-json\/wp\/v2\/pages\/129646\/revisions\/137532"}],"up":[{"embeddable":true,"href":"https:\/\/www.zoner.fi\/tuki\/wp-json\/wp\/v2\/pages\/129010"}],"wp:attachment":[{"href":"https:\/\/www.zoner.fi\/tuki\/wp-json\/wp\/v2\/media?parent=129646"}],"wp:term":[{"taxonomy":"category","embeddable":true,"href":"https:\/\/www.zoner.fi\/tuki\/wp-json\/wp\/v2\/categories?post=129646"},{"taxonomy":"post_tag","embeddable":true,"href":"https:\/\/www.zoner.fi\/tuki\/wp-json\/wp\/v2\/tags?post=129646"},{"taxonomy":"wf_page_folders","embeddable":true,"href":"https:\/\/www.zoner.fi\/tuki\/wp-json\/wp\/v2\/wf_page_folders?post=129646"}],"curies":[{"name":"wp","href":"https:\/\/api.w.org\/{rel}","templated":true}]}}