{"id":129650,"date":"2019-03-02T11:26:00","date_gmt":"2019-03-02T09:26:00","guid":{"rendered":"https:\/\/www.zoner.fi\/tuki\/?page_id=129650"},"modified":"2025-09-29T15:44:51","modified_gmt":"2025-09-29T12:44:51","slug":"miten-lahetan-sahkopostiviesteja-joomla-sivustolta","status":"publish","type":"page","link":"https:\/\/www.zoner.fi\/tuki\/webhotellit\/miten-lahetan-sahkopostiviesteja-joomla-sivustolta\/","title":{"rendered":"Miten l\u00e4het\u00e4n s\u00e4hk\u00f6postiviestej\u00e4 Joomla-sivustolta?"},"content":{"rendered":"\n<p>Nettisivusto tarvitsee viestien l\u00e4hetysominaisuutta esim. yhteydenottolomakkeiden viestien ja verkkokaupan tilauksia koskevien viestien l\u00e4hett\u00e4miseen. Joomla k\u00e4ytt\u00e4\u00e4 viestien l\u00e4hett\u00e4miseen oletuksena PHP mail -toimintoa, jota <a href=\"https:\/\/www.zoner.fi\/webhotellit\/\">webhotellit <\/a>eiv\u00e4t salli turvallisuussyist\u00e4. Voidaksesi hy\u00f6dynt\u00e4\u00e4 Joomlan viestitoimintoja sinun pit\u00e4\u00e4 asentaa ja aktivoida SMTP k\u00e4ytt\u00f6\u00f6n sivustolle.<\/p>\n\n\n\n<p><strong>1. Luo uusi s\u00e4hk\u00f6postilaatikko<\/strong><\/p>\n\n\n\n<p>Voit my\u00f6s k\u00e4ytt\u00e4\u00e4 vanhaa olemassa olevaa laatikkoa, mutta suosittelemme uuden luontia.<\/p>\n\n\n\n<p><strong>2. Kirjaudu Joomla-sivun hallintaan ja mene ohjauspaneeliin<\/strong><\/p>\n\n\n\n<p>Valitse sivun vasemmassa&nbsp;reunasta &#8221;Sivuston asetukset&#8221;.<\/p>\n\n\n\n<p>3. Valitse Palvelin-v\u00e4lilehti.<\/p>\n\n\n\n<p>4. Valitse kohdasta S\u00e4hk\u00f6postin asetukset kohtaan l\u00e4hetystapa: SMTP, jolloin sinulle aukeaa lis\u00e4\u00e4 valintoja.<\/p>\n\n\n\n<p>T\u00e4yt\u00e4 seuraavat tiedot:<\/p>\n\n\n\n<p><strong>L\u00e4hett\u00e4j\u00e4n s\u00e4hk\u00f6postiosoite:<\/strong>&nbsp;Luomasi uuden&nbsp;s\u00e4hk\u00f6postin s\u00e4hk\u00f6postiosoite<\/p>\n\n\n\n<p><strong>L\u00e4hett\u00e4j\u00e4:<\/strong>&nbsp;L\u00e4hett\u00e4j\u00e4n nimi, esimerkiksi yritys tai toiminimi. (Tai mink\u00e4 nimen haluaa viestien toimitukseen.)<\/p>\n\n\n\n<p><strong>SMTP-Autentikointi:&nbsp;<\/strong>Kyll\u00e4<\/p>\n\n\n\n<p><strong>SMTP-tietoturva:&nbsp;<\/strong>Ei arvoa.<\/p>\n\n\n\n<p><strong>SMTP-portti:<\/strong>&nbsp;587<\/p>\n\n\n\n<p><strong>SMTP-k\u00e4ytt\u00e4j\u00e4nimi:<\/strong>&nbsp;Luomasi uuden s\u00e4hk\u00f6postin s\u00e4hk\u00f6postiosoite<\/p>\n\n\n\n<p><strong>STMP-salasana:<\/strong>&nbsp;Luomasi uuden s\u00e4hk\u00f6postin salasana<\/p>\n\n\n\n<p><strong>SMTP-palvelin:<\/strong>&nbsp;localhost<\/p>\n\n\n\n<p>Kun tarvittavat tiedot on t\u00e4ytetty painetaan Tallenna asetukset.<\/p>\n","protected":false},"excerpt":{"rendered":"<p>T\u00e4ss\u00e4 ohjeessa k\u00e4yd\u00e4\u00e4n l\u00e4pi s\u00e4hk\u00f6postien l\u00e4hetys Joomla-sivustolta webhotellissa.<\/p>\n","protected":false},"author":15,"featured_media":0,"parent":129010,"menu_order":0,"comment_status":"closed","ping_status":"closed","template":"","meta":{"_relevanssi_hide_post":"","_relevanssi_hide_content":"","_relevanssi_pin_for_all":"","_relevanssi_pin_keywords":"","_relevanssi_unpin_keywords":"","_relevanssi_related_keywords":"","_relevanssi_related_include_ids":"","_relevanssi_related_exclude_ids":"","_relevanssi_related_no_append":"","_relevanssi_related_not_related":"","_relevanssi_related_posts":"1066,1063,1076","_relevanssi_noindex_reason":"","footnotes":""},"categories":[218,190,192,217],"tags":[95,199],"wf_page_folders":[],"class_list":{"0":"post-129650","1":"page","2":"type-page","3":"status-publish","5":"category-cpanel-webhotelli-fi-webhotellit","6":"category-cpanel-wepardi","7":"category-directadmin","8":"category-zoner-home-webhotellit","9":"tag-ohjelmistot","10":"tag-sahkoposti"},"_links":{"self":[{"href":"https:\/\/www.zoner.fi\/tuki\/wp-json\/wp\/v2\/pages\/129650","targetHints":{"allow":["GET"]}}],"collection":[{"href":"https:\/\/www.zoner.fi\/tuki\/wp-json\/wp\/v2\/pages"}],"about":[{"href":"https:\/\/www.zoner.fi\/tuki\/wp-json\/wp\/v2\/types\/page"}],"author":[{"embeddable":true,"href":"https:\/\/www.zoner.fi\/tuki\/wp-json\/wp\/v2\/users\/15"}],"replies":[{"embeddable":true,"href":"https:\/\/www.zoner.fi\/tuki\/wp-json\/wp\/v2\/comments?post=129650"}],"version-history":[{"count":5,"href":"https:\/\/www.zoner.fi\/tuki\/wp-json\/wp\/v2\/pages\/129650\/revisions"}],"predecessor-version":[{"id":137788,"href":"https:\/\/www.zoner.fi\/tuki\/wp-json\/wp\/v2\/pages\/129650\/revisions\/137788"}],"up":[{"embeddable":true,"href":"https:\/\/www.zoner.fi\/tuki\/wp-json\/wp\/v2\/pages\/129010"}],"wp:attachment":[{"href":"https:\/\/www.zoner.fi\/tuki\/wp-json\/wp\/v2\/media?parent=129650"}],"wp:term":[{"taxonomy":"category","embeddable":true,"href":"https:\/\/www.zoner.fi\/tuki\/wp-json\/wp\/v2\/categories?post=129650"},{"taxonomy":"post_tag","embeddable":true,"href":"https:\/\/www.zoner.fi\/tuki\/wp-json\/wp\/v2\/tags?post=129650"},{"taxonomy":"wf_page_folders","embeddable":true,"href":"https:\/\/www.zoner.fi\/tuki\/wp-json\/wp\/v2\/wf_page_folders?post=129650"}],"curies":[{"name":"wp","href":"https:\/\/api.w.org\/{rel}","templated":true}]}}