{"id":129654,"date":"2019-03-02T11:32:00","date_gmt":"2019-03-02T09:32:00","guid":{"rendered":"https:\/\/www.zoner.fi\/tuki\/?page_id=129654"},"modified":"2025-09-17T15:23:53","modified_gmt":"2025-09-17T12:23:53","slug":"miten-teen-kotisivuista-varmuuskopion-dropbox-tallennustilaan","status":"publish","type":"page","link":"https:\/\/www.zoner.fi\/tuki\/webhotellit\/miten-teen-kotisivuista-varmuuskopion-dropbox-tallennustilaan\/","title":{"rendered":"Miten teen kotisivuista varmuuskopion Dropbox -tallennustilaan?"},"content":{"rendered":"\n<p><a href=\"https:\/\/www.zoner.fi\/kotisivut\/\">Kotisivut <\/a>kannattaa varmuuskopioida s\u00e4\u00e4nn\u00f6llisesti. Kaikki Zonerin <a href=\"https:\/\/www.zoner.fi\/webhotellit\/\">webhotellit<\/a>\u00a0sis\u00e4lt\u00e4v\u00e4t automaattisen, p\u00e4ivitt\u00e4isen varmuuskopioinnin, joka s\u00e4ilytt\u00e4\u00e4 varmuuskopioita kolme p\u00e4iv\u00e4\u00e4 takautuvasti. Monesti tulee kuitenkin vastaan tilanteita, joissa ylim\u00e4\u00e4r\u00e4isist\u00e4 varmuuskopioista olisi suuri ilo.<\/p>\n\n\n\n<p>Webhotellimme Installatron-asennusty\u00f6kalulla voi helposti automatisoida kotisivuasennuksen varmuuskopiointia, sek\u00e4 my\u00f6s ottaa manuaalisia varmuuskopioita sivustosta. Koska asiakkaan omia varmuuskopioita olisi hyv\u00e4 s\u00e4ilytt\u00e4\u00e4 itse webhotellin ulkopuolella, on Dropbox k\u00e4tev\u00e4 paikka omien varmuuskopioiden tallentamiseen.T\u00e4ss\u00e4 kirjoituksessa opastamme l\u00e4pi, kuinka kotisivujen varmuuskopioinnin saa yhdistetty\u00e4 omalle Dropbox -tilille.<\/p>\n\n\n\n<p><strong>Mit\u00e4 tarvitsen kotisivujen varmuuskopiointiin Dropbox tilille?<\/strong><\/p>\n\n\n\n<ol class=\"wp-block-list\">\n<li>Sinulla tulee olla olemassa oleva Dropbox tili. Voit luoda ilmaisen 2Gt Dropbox -tilin t\u00e4\u00e4lt\u00e4:<br><a href=\"https:\/\/www.dropbox.com\/\" target=\"_blank\" rel=\"noreferrer noopener\">www.dropbox.com<\/a><\/li>\n\n\n\n<li>Sivustosi tulee lis\u00e4ksi olla kytkettyn\u00e4 webhotellimme Installatron asennusohjelmaan sek\u00e4 k\u00e4ytt\u00e4\u00e4 Installatronin tukemaa julkaisuj\u00e4rjestelm\u00e4\u00e4.<br><strong>a) Olemassa oleva sivusto<\/strong><br>Lue ohjeet, <a href=\"https:\/\/www.zoner.fi\/tuki\/webhotellit\/miten-kytken-sivuston-installatron-ohjelmaan\/\">miten kytket kotisivusi Installatron asennusohjelmaan<\/a>.<br><strong>b) Uusi kotisivuasennus<\/strong><br>Voit m\u00e4\u00e4ritt\u00e4\u00e4 Dropbox varmuuskopioinnin my\u00f6s uuden, Installatronin kautta suoritettavan, kotisivuasennuksen yhteydess\u00e4.T\u00e4m\u00e4 tapahtuu avaamalla asennusvaiheessa, kotisivuasennuksesi edistyneet asetukset esiin, valitsemalla manuaalinen m\u00e4\u00e4ritys \u201cAnna minun hallinnoida n\u00e4it\u00e4 asetuksia\u201d -valinnalla.<br><\/li>\n<\/ol>\n\n\n\n<figure class=\"wp-block-image size-full\"><img loading=\"lazy\" decoding=\"async\" width=\"900\" height=\"852\" src=\"https:\/\/www.zoner.fi\/tuki\/wp-content\/uploads\/2021\/11\/installatron-wordpress-uusi-asennus-varmuuskopiot-lisaasetukset.jpg\" alt=\"\" class=\"wp-image-818\" srcset=\"https:\/\/www.zoner.fi\/tuki\/wp-content\/uploads\/2021\/11\/installatron-wordpress-uusi-asennus-varmuuskopiot-lisaasetukset.jpg 900w, https:\/\/www.zoner.fi\/tuki\/wp-content\/uploads\/2021\/11\/installatron-wordpress-uusi-asennus-varmuuskopiot-lisaasetukset-300x284.jpg 300w, https:\/\/www.zoner.fi\/tuki\/wp-content\/uploads\/2021\/11\/installatron-wordpress-uusi-asennus-varmuuskopiot-lisaasetukset-768x727.jpg 768w\" sizes=\"auto, (max-width: 900px) 100vw, 900px\" \/><\/figure>\n\n\n\n<h3 class=\"wp-block-heading\">Avaa kotisivuasennuksesi asetukset <\/h3>\n\n\n\n<p>Kirjaudu sis\u00e4\u00e4n webhotellin DirectAdmin-hallintapaneeliin.Valitse p\u00e4\u00e4valikosta Lis\u00e4toiminnot \u2013 Installatron Applications Installer<\/p>\n\n\n\n<figure class=\"wp-block-image size-full\"><img loading=\"lazy\" decoding=\"async\" width=\"399\" height=\"400\" src=\"https:\/\/www.zoner.fi\/tuki\/wp-content\/uploads\/2021\/11\/installatron-paavalikko.jpg\" alt=\"\" class=\"wp-image-807\" srcset=\"https:\/\/www.zoner.fi\/tuki\/wp-content\/uploads\/2021\/11\/installatron-paavalikko.jpg 399w, https:\/\/www.zoner.fi\/tuki\/wp-content\/uploads\/2021\/11\/installatron-paavalikko-300x300.jpg 300w, https:\/\/www.zoner.fi\/tuki\/wp-content\/uploads\/2021\/11\/installatron-paavalikko-150x150.jpg 150w\" sizes=\"auto, (max-width: 399px) 100vw, 399px\" \/><\/figure>\n\n\n\n<p>N\u00e4et asennusohjelman listauksessa kaikki omat asennuksesi ja voit hallita kotisivuasennuksen asetuksia ty\u00f6kalukuvaketta painamalla. Jos kotisivujasi ei l\u00f6ydy sovelluslistauksesta, kytke kotisivuasennus ensin Installatron-asennusohjelmaan t\u00e4m\u00e4n ohjeen avulla:&nbsp;<a href=\"https:\/\/www.zoner.fi\/tuki\/webhotellit\/miten-kytken-sivuston-installatron-ohjelmaan\/\" data-type=\"page\" data-id=\"129659\">Lue t\u00e4\u00e4lt\u00e4.<\/a><\/p>\n\n\n\n<figure class=\"wp-block-image size-full\"><img loading=\"lazy\" decoding=\"async\" width=\"900\" height=\"233\" src=\"https:\/\/www.zoner.fi\/tuki\/wp-content\/uploads\/2022\/08\/installatron-sovelluslista-asetukset.jpg\" alt=\"\" class=\"wp-image-130175\" srcset=\"https:\/\/www.zoner.fi\/tuki\/wp-content\/uploads\/2022\/08\/installatron-sovelluslista-asetukset.jpg 900w, https:\/\/www.zoner.fi\/tuki\/wp-content\/uploads\/2022\/08\/installatron-sovelluslista-asetukset-300x78.jpg 300w, https:\/\/www.zoner.fi\/tuki\/wp-content\/uploads\/2022\/08\/installatron-sovelluslista-asetukset-768x199.jpg 768w\" sizes=\"auto, (max-width: 900px) 100vw, 900px\" \/><\/figure>\n\n\n\n<h3 class=\"wp-block-heading\">Varmuuskopioinnin m\u00e4\u00e4ritykset <\/h3>\n\n\n\n<p>Alkuun m\u00e4\u00e4rit\u00e4 kotisivuasennuksesi asetuksista varmuuskopiointien sijainti sek\u00e4 ajastus.<\/p>\n\n\n\n<p><strong>Oletus varmuuskopion sijainti<\/strong>. Varmuuskopiointien sijainti on oletuksena webhotellin k\u00e4ytt\u00e4m\u00e4 levytila, joten vaihda ensin valinta kohtaan Lis\u00e4\u00e4 uusi varmuuskopion sijainti. T\u00e4m\u00e4n j\u00e4lkeen saat eteesi uusia vaihtoehtoja, joiden avulla varmuuskopiointeja on mahdollista siirt\u00e4\u00e4 my\u00f6s muihin sijainteihin. Valitsemme t\u00e4ss\u00e4 ohjeessa vaihtoehdoksi&nbsp;Dropbox.<\/p>\n\n\n\n<p><strong>Automaattinen varmuuskopio<\/strong>. Seuraavaksi voidaan valita, kuinka usein Installatron k\u00e4y automaattisesti ottamassa sivustosta varmuuskopion. Automaattista varmuuskopiointia ei toki ole pakko hy\u00f6dynt\u00e4\u00e4, mutta tietyin aikav\u00e4lein tapahtuva varmuuskopiointi on eritt\u00e4in suositeltavaa. T\u00e4ss\u00e4 esimerkiss\u00e4 olen valinnut ohjelman ottavan varmuuskopion p\u00e4ivitt\u00e4in ja sit\u00e4 s\u00e4ilytet\u00e4\u00e4n aina 30 p\u00e4iv\u00e4\u00e4 taaksep\u00e4in.Tallenna lopuksi asetuksesi Tallenna kaikki -painikkeella, jonka j\u00e4lkeen ohjelma pyyt\u00e4\u00e4 sinua kirjautumaan Dropbox -tilillesi.<\/p>\n\n\n\n<figure class=\"gb-block-image gb-block-image-1f9b9c37\"><img loading=\"lazy\" decoding=\"async\" width=\"900\" height=\"321\" class=\"gb-image gb-image-1f9b9c37\" src=\"https:\/\/www.zoner.fi\/tuki\/wp-content\/uploads\/2022\/08\/installatron-varmuuskopio-sijainti-vaihtaminen.jpg\" alt=\"\" title=\"installatron-varmuuskopio-sijainti-vaihtaminen\" srcset=\"https:\/\/www.zoner.fi\/tuki\/wp-content\/uploads\/2022\/08\/installatron-varmuuskopio-sijainti-vaihtaminen.jpg 900w, https:\/\/www.zoner.fi\/tuki\/wp-content\/uploads\/2022\/08\/installatron-varmuuskopio-sijainti-vaihtaminen-300x107.jpg 300w, https:\/\/www.zoner.fi\/tuki\/wp-content\/uploads\/2022\/08\/installatron-varmuuskopio-sijainti-vaihtaminen-768x274.jpg 768w\" sizes=\"auto, (max-width: 900px) 100vw, 900px\" \/><\/figure>\n\n\n\n<p><\/p>\n\n\n\n<h3 class=\"wp-block-heading\">Dropbox-tilille kirjautuminen <\/h3>\n\n\n\n<p>Kirjaudu sis\u00e4\u00e4n Dropbox-tilillesi, varmuuskopioinnin sijainnin vahvistamiseksi.<\/p>\n\n\n\n<figure class=\"gb-block-image gb-block-image-ae482165\"><img loading=\"lazy\" decoding=\"async\" width=\"467\" height=\"243\" class=\"gb-image gb-image-ae482165\" src=\"https:\/\/www.zoner.fi\/tuki\/wp-content\/uploads\/2022\/08\/varmuuskopiointi-dropbox.jpg\" alt=\"\" title=\"varmuuskopiointi-dropbox\" srcset=\"https:\/\/www.zoner.fi\/tuki\/wp-content\/uploads\/2022\/08\/varmuuskopiointi-dropbox.jpg 467w, https:\/\/www.zoner.fi\/tuki\/wp-content\/uploads\/2022\/08\/varmuuskopiointi-dropbox-300x156.jpg 300w\" sizes=\"auto, (max-width: 467px) 100vw, 467px\" \/><\/figure>\n\n\n\n<h3 class=\"wp-block-heading\">Vahvista oikeudet Dropbox-tilillesi <\/h3>\n\n\n\n<p>Seuraavaksi Dropbox pyyt\u00e4\u00e4 sinua vahvistamaan viel\u00e4 oikeudet Installatron-asennusohjelmalle. Samalla Dropbox-tilillesi luodaan Apps -&gt; Installatron kansio varmuuskopioita varten.Hyv\u00e4ksy ja jatka valitsemalla Allow.<\/p>\n\n\n\n<figure class=\"gb-block-image gb-block-image-5b176888\"><img loading=\"lazy\" decoding=\"async\" width=\"603\" height=\"307\" class=\"gb-image gb-image-5b176888\" src=\"https:\/\/www.zoner.fi\/tuki\/wp-content\/uploads\/2022\/08\/installatron-dropbox-varmuuskopiointi.jpg\" alt=\"\" title=\"installatron-dropbox-varmuuskopiointi\" srcset=\"https:\/\/www.zoner.fi\/tuki\/wp-content\/uploads\/2022\/08\/installatron-dropbox-varmuuskopiointi.jpg 603w, https:\/\/www.zoner.fi\/tuki\/wp-content\/uploads\/2022\/08\/installatron-dropbox-varmuuskopiointi-300x153.jpg 300w\" sizes=\"auto, (max-width: 603px) 100vw, 603px\" \/><\/figure>\n\n\n\n<p><\/p>\n\n\n\n<h3 class=\"wp-block-heading\">Kirjaudu uudelleen hallintapaneeliin <\/h3>\n\n\n\n<p>Dropbox-hyv\u00e4ksynn\u00e4n j\u00e4lkeen, sinun tulee kirjautua viel\u00e4 kertaalleen webhotellisi tunnuksilla sis\u00e4lle DirectAdmin hallintapaneeliin.T\u00e4m\u00e4n j\u00e4lkeen ohjelma palaa Installatronin n\u00e4kym\u00e4lle omasta asennuksestasi ja varmuuskopionnin yhdist\u00e4minen on valmis.<\/p>\n\n\n\n<h2 class=\"wp-block-heading\">Kotisivujen varmuuskopiointi manuaalisesti <\/h2>\n\n\n\n<p>Voit varmistaa varmuuskopioinnin toiminnan ottamalla manuaalisen varmuuskopion kotisivuista Installatronin kautta. Manuaalinen kotisivujen varmuuskopiointi on my\u00f6s fiksua suorittaa aina ennen isojen muutosten tekemist\u00e4 sivustolle.Varmuuskopion ottaminen hoituu Backup -painikkeen kautta.<\/p>\n\n\n\n<figure class=\"gb-block-image gb-block-image-ea33a17f\"><img loading=\"lazy\" decoding=\"async\" width=\"900\" height=\"233\" class=\"gb-image gb-image-ea33a17f\" src=\"https:\/\/www.zoner.fi\/tuki\/wp-content\/uploads\/2022\/08\/installatron-sovelluslista-asetukset-1.jpg\" alt=\"\" title=\"installatron-sovelluslista-asetukset-1\" srcset=\"https:\/\/www.zoner.fi\/tuki\/wp-content\/uploads\/2022\/08\/installatron-sovelluslista-asetukset-1.jpg 900w, https:\/\/www.zoner.fi\/tuki\/wp-content\/uploads\/2022\/08\/installatron-sovelluslista-asetukset-1-300x78.jpg 300w, https:\/\/www.zoner.fi\/tuki\/wp-content\/uploads\/2022\/08\/installatron-sovelluslista-asetukset-1-768x199.jpg 768w\" sizes=\"auto, (max-width: 900px) 100vw, 900px\" \/><\/figure>\n\n\n\n<p><\/p>\n\n\n\n<p>Ennen varmuuskopioinnin suorittamista n\u00e4et viel\u00e4 informaation kopioitavasta sivustosta, varmuuskopion sijainnista ja itse varmuuskopion arvioidun koon. Voit my\u00f6s m\u00e4\u00e4ritt\u00e4\u00e4 varmuuskopiolle oman otsikon, ett\u00e4 varmuuskopion tunnistaminen muiden varmuuskopioiden joukosta helpottuu.Aloita varmuuskopiointi painamalla Varmuuskopio-painiketta.<\/p>\n\n\n\n<figure class=\"wp-block-image size-full\"><img loading=\"lazy\" decoding=\"async\" width=\"900\" height=\"389\" src=\"https:\/\/www.zoner.fi\/tuki\/wp-content\/uploads\/2022\/08\/installatron-varmuuskopio-manuaalisesti-varmuuskopioi.jpg\" alt=\"\" class=\"wp-image-130195\" srcset=\"https:\/\/www.zoner.fi\/tuki\/wp-content\/uploads\/2022\/08\/installatron-varmuuskopio-manuaalisesti-varmuuskopioi.jpg 900w, https:\/\/www.zoner.fi\/tuki\/wp-content\/uploads\/2022\/08\/installatron-varmuuskopio-manuaalisesti-varmuuskopioi-300x130.jpg 300w, https:\/\/www.zoner.fi\/tuki\/wp-content\/uploads\/2022\/08\/installatron-varmuuskopio-manuaalisesti-varmuuskopioi-768x332.jpg 768w\" sizes=\"auto, (max-width: 900px) 100vw, 900px\" \/><\/figure>\n\n\n\n<p><\/p>\n\n\n\n<p>T\u00e4m\u00e4n j\u00e4lkeen Installatron l\u00e4htee suorittamaan varmuuskopiointia, ja voit seurata sen edistymist\u00e4 ruudultasi.<\/p>\n\n\n\n<figure class=\"gb-block-image gb-block-image-9ac46039\"><img loading=\"lazy\" decoding=\"async\" width=\"900\" height=\"222\" class=\"gb-image gb-image-9ac46039\" src=\"https:\/\/www.zoner.fi\/tuki\/wp-content\/uploads\/2022\/08\/installatron-varmuuskopioi-edistyminen.jpg\" alt=\"\" title=\"installatron-varmuuskopioi-edistyminen\" srcset=\"https:\/\/www.zoner.fi\/tuki\/wp-content\/uploads\/2022\/08\/installatron-varmuuskopioi-edistyminen.jpg 900w, https:\/\/www.zoner.fi\/tuki\/wp-content\/uploads\/2022\/08\/installatron-varmuuskopioi-edistyminen-300x74.jpg 300w, https:\/\/www.zoner.fi\/tuki\/wp-content\/uploads\/2022\/08\/installatron-varmuuskopioi-edistyminen-768x189.jpg 768w\" sizes=\"auto, (max-width: 900px) 100vw, 900px\" \/><\/figure>\n\n\n\n<p><\/p>\n\n\n\n<h3 class=\"wp-block-heading\">N\u00e4kym\u00e4 Dropbox-tilill\u00e4 <\/h3>\n\n\n\n<p>Kun varmuuskopiointi on suoritettu. L\u00f6yd\u00e4t .tar.gz muotoisen tiedoston omalta Dropbox tililt\u00e4si, kansiosta Apps -&gt; Installatron.<\/p>\n\n\n\n<figure class=\"gb-block-image gb-block-image-4a365f60\"><img loading=\"lazy\" decoding=\"async\" width=\"500\" height=\"93\" class=\"gb-image gb-image-4a365f60\" src=\"https:\/\/www.zoner.fi\/tuki\/wp-content\/uploads\/2022\/08\/dropbox-varmuuskopio-nakyma.jpg\" alt=\"\" title=\"dropbox-varmuuskopio-nakyma\" srcset=\"https:\/\/www.zoner.fi\/tuki\/wp-content\/uploads\/2022\/08\/dropbox-varmuuskopio-nakyma.jpg 500w, https:\/\/www.zoner.fi\/tuki\/wp-content\/uploads\/2022\/08\/dropbox-varmuuskopio-nakyma-300x56.jpg 300w\" sizes=\"auto, (max-width: 500px) 100vw, 500px\" \/><\/figure>\n\n\n\n<p><\/p>\n","protected":false},"excerpt":{"rendered":"<p>T\u00e4ss\u00e4 kirjoituksessa opastamme l\u00e4pi, kuinka kotisivujen varmuuskopioinnin saa yhdistetty\u00e4 omalle Dropbox -tilille.<\/p>\n","protected":false},"author":15,"featured_media":0,"parent":129010,"menu_order":0,"comment_status":"closed","ping_status":"closed","template":"","meta":{"_relevanssi_hide_post":"","_relevanssi_hide_content":"","_relevanssi_pin_for_all":"","_relevanssi_pin_keywords":"","_relevanssi_unpin_keywords":"","_relevanssi_related_keywords":"","_relevanssi_related_include_ids":"","_relevanssi_related_exclude_ids":"","_relevanssi_related_no_append":"","_relevanssi_related_not_related":"","_relevanssi_related_posts":"1076,1066,1063","_relevanssi_noindex_reason":"","footnotes":""},"categories":[192],"tags":[95,220],"wf_page_folders":[],"class_list":{"0":"post-129654","1":"page","2":"type-page","3":"status-publish","5":"category-directadmin","6":"tag-ohjelmistot","7":"tag-tiedostonhallinta"},"_links":{"self":[{"href":"https:\/\/www.zoner.fi\/tuki\/wp-json\/wp\/v2\/pages\/129654","targetHints":{"allow":["GET"]}}],"collection":[{"href":"https:\/\/www.zoner.fi\/tuki\/wp-json\/wp\/v2\/pages"}],"about":[{"href":"https:\/\/www.zoner.fi\/tuki\/wp-json\/wp\/v2\/types\/page"}],"author":[{"embeddable":true,"href":"https:\/\/www.zoner.fi\/tuki\/wp-json\/wp\/v2\/users\/15"}],"replies":[{"embeddable":true,"href":"https:\/\/www.zoner.fi\/tuki\/wp-json\/wp\/v2\/comments?post=129654"}],"version-history":[{"count":17,"href":"https:\/\/www.zoner.fi\/tuki\/wp-json\/wp\/v2\/pages\/129654\/revisions"}],"predecessor-version":[{"id":137501,"href":"https:\/\/www.zoner.fi\/tuki\/wp-json\/wp\/v2\/pages\/129654\/revisions\/137501"}],"up":[{"embeddable":true,"href":"https:\/\/www.zoner.fi\/tuki\/wp-json\/wp\/v2\/pages\/129010"}],"wp:attachment":[{"href":"https:\/\/www.zoner.fi\/tuki\/wp-json\/wp\/v2\/media?parent=129654"}],"wp:term":[{"taxonomy":"category","embeddable":true,"href":"https:\/\/www.zoner.fi\/tuki\/wp-json\/wp\/v2\/categories?post=129654"},{"taxonomy":"post_tag","embeddable":true,"href":"https:\/\/www.zoner.fi\/tuki\/wp-json\/wp\/v2\/tags?post=129654"},{"taxonomy":"wf_page_folders","embeddable":true,"href":"https:\/\/www.zoner.fi\/tuki\/wp-json\/wp\/v2\/wf_page_folders?post=129654"}],"curies":[{"name":"wp","href":"https:\/\/api.w.org\/{rel}","templated":true}]}}