{"id":129657,"date":"2019-03-02T11:36:00","date_gmt":"2019-03-02T09:36:00","guid":{"rendered":"https:\/\/www.zoner.fi\/tuki\/?page_id=129657"},"modified":"2025-09-29T15:41:34","modified_gmt":"2025-09-29T12:41:34","slug":"miten-hallinnoin-kotisivujeni-automaattisia-paivityksia-ja-varmuuskopiointia","status":"publish","type":"page","link":"https:\/\/www.zoner.fi\/tuki\/webhotellit\/miten-hallinnoin-kotisivujeni-automaattisia-paivityksia-ja-varmuuskopiointia\/","title":{"rendered":"Miten hallinnoin kotisivujeni automaattisia p\u00e4ivityksi\u00e4 ja varmuuskopiointia?"},"content":{"rendered":"\n<p>Kotisivujen varmuuskopioilla ja p\u00e4ivityksill\u00e4 voit huolehtia niiden turvallisuudesta. Jos kotisivuilla ilmenee ongelmia, yksinkertaisin tapa korjata ne on usein palauttaa toimiva varmuuskopio. Alla kerromme, miten voit hallita varmuuskopioita Zonerin webhotelleissa.<\/p>\n\n\n\n<h2 class=\"wp-block-heading\">Ohjelmistojen p\u00e4ivitykset ovat t\u00e4rke\u00e4 suorittaa<\/h2>\n\n\n\n<p>Kotisivuasennuksen ja kaikkien muidenkin ohjelmistojen p\u00e4ivitt\u00e4minen on eritt\u00e4in t\u00e4rke\u00e4\u00e4! P\u00e4ivitt\u00e4m\u00e4tt\u00f6mi\u00e4 kotisivuasennuksia hakkeroidaan s\u00e4\u00e4nn\u00f6llisesti, joka aiheuttavat harmaita hiuksia niin sivuston omistajille, k\u00e4ytt\u00e4jille kuin meille kotisivutilan yll\u00e4pit\u00e4jillekin.<\/p>\n\n\n\n<p>Paras tapa est\u00e4\u00e4 hakkerointia on p\u00e4ivitt\u00e4\u00e4 kotisivuasennuksessa k\u00e4ytett\u00e4v\u00e4 julkaisuj\u00e4rjestelm\u00e4 s\u00e4\u00e4nn\u00f6llisesti.<\/p>\n\n\n\n<p>Mik\u00e4li k\u00e4yt\u00e4t WordPress-julkaisuj\u00e4rjestelm\u00e4\u00e4, tutustu my\u00f6s meid\u00e4n WP.one <a href=\"https:\/\/www.zoner.fi\/wordpress\/wp-one\/\">WordPress hosting <\/a>-palveluumme, joka sis\u00e4lt\u00e4\u00e4 sivuston p\u00e4ivitykset toimivuustestauksineen.<\/p>\n\n\n\n<h3 class=\"wp-block-heading\">Ota automaattiset p\u00e4ivitykset ja varmuuskopiointi k\u00e4ytt\u00f6\u00f6n<\/h3>\n\n\n\n<p><a href=\"https:\/\/www.zoner.fi\/kotisivut\/\">Kotisivut <\/a>kannattaa aina pit\u00e4\u00e4 mahdollisimman hyvin p\u00e4ivitettyn\u00e4 jo ihan tietoturvankin takia. Onneksi Installatron-asennusohjelma tarjoaa laajat p\u00e4ivitys- ja varmuuskopiointitoiminnot avoimen l\u00e4hdekoodin ohjelmistoille. T\u00e4ss\u00e4 ohjeessa k\u00e4ymme l\u00e4pi, kuinka saat automatisoitua ohjelmistosi p\u00e4ivitykset Installatron -asennusohjelmasta k\u00e4sin.<\/p>\n\n\n\n<p>Paras tapa est\u00e4\u00e4 hakkerointia on p\u00e4ivitt\u00e4\u00e4 kotisivuasennuksessa k\u00e4ytett\u00e4v\u00e4 julkaisuj\u00e4rjestelm\u00e4 s\u00e4\u00e4nn\u00f6llisesti.Installatron-asennusohjelma tarjoaa nimenomaan t\u00e4h\u00e4n mahdollisuuden, eli saat kotisivuasennuksen p\u00e4ivitykset ja varmuuskopiot automatisoitua suoraan webhotellin hallintapaneelista.<\/p>\n\n\n\n<p>Kirjaudu sis\u00e4\u00e4n webhotellin DirectAdmin-hallintapaneeliin.<\/p>\n\n\n\n<p>Valitse p\u00e4\u00e4valikosta Lis\u00e4toiminnot \u2013 Installatron Applications Installer<\/p>\n\n\n\n<figure class=\"wp-block-image size-full\"><img loading=\"lazy\" decoding=\"async\" width=\"399\" height=\"400\" src=\"https:\/\/www.zoner.fi\/tuki\/wp-content\/uploads\/2021\/11\/installatron-paavalikko.jpg\" alt=\"\" class=\"wp-image-807\" srcset=\"https:\/\/www.zoner.fi\/tuki\/wp-content\/uploads\/2021\/11\/installatron-paavalikko.jpg 399w, https:\/\/www.zoner.fi\/tuki\/wp-content\/uploads\/2021\/11\/installatron-paavalikko-300x300.jpg 300w, https:\/\/www.zoner.fi\/tuki\/wp-content\/uploads\/2021\/11\/installatron-paavalikko-150x150.jpg 150w\" sizes=\"auto, (max-width: 399px) 100vw, 399px\" \/><\/figure>\n\n\n\n<p>N\u00e4et asennusohjelman listauksessa kaikki omat asennuksesi ja voit hallita kotisivuasennuksen asetuksia ty\u00f6kalukuvaketta painamalla. Jos kotisivujasi ei l\u00f6ydy sovelluslistauksesta, kytke kotisivuasennus ensin Installatron-asennusohjelmaan <a href=\"https:\/\/www.zoner.fi\/tuki\/webhotellit\/miten-kytken-sivuston-installatron-ohjelmaan\/\">t\u00e4m\u00e4n ohjeen<\/a> avulla.<\/p>\n\n\n\n<figure class=\"wp-block-image size-full\"><img loading=\"lazy\" decoding=\"async\" width=\"900\" height=\"233\" src=\"https:\/\/www.zoner.fi\/tuki\/wp-content\/uploads\/2022\/08\/installatron-sovelluslista-asetukset.jpg\" alt=\"\" class=\"wp-image-130175\" srcset=\"https:\/\/www.zoner.fi\/tuki\/wp-content\/uploads\/2022\/08\/installatron-sovelluslista-asetukset.jpg 900w, https:\/\/www.zoner.fi\/tuki\/wp-content\/uploads\/2022\/08\/installatron-sovelluslista-asetukset-300x78.jpg 300w, https:\/\/www.zoner.fi\/tuki\/wp-content\/uploads\/2022\/08\/installatron-sovelluslista-asetukset-768x199.jpg 768w\" sizes=\"auto, (max-width: 900px) 100vw, 900px\" \/><\/figure>\n\n\n\n<h3 class=\"wp-block-heading\">M\u00e4\u00e4rit\u00e4 haluamasi asetukset kotisivuasennuksen automaattisille p\u00e4ivityksille ja varmuuskopioinnin aikav\u00e4lit<\/h3>\n\n\n\n<p>Huomioithan, ett\u00e4 julkaisuj\u00e4rjestelm\u00e4n tai sen yksitt\u00e4isen osan p\u00e4ivitt\u00e4minen saattaa aina rikkoa jotain sivustollasi. Jokin sivustosi elementti, lis\u00e4osa tai ulkoasu ei v\u00e4ltt\u00e4m\u00e4tt\u00e4 ole aina yhteensopiva uusimpien p\u00e4ivitysten kanssa. T\u00e4m\u00e4n takia suosittelemme k\u00e4ytt\u00e4m\u00e4\u00e4n p\u00e4ivitysten yhteydess\u00e4 my\u00f6s varmuuskopiointeja ja tarkistamaan p\u00e4ivitysten j\u00e4lkeen, ett\u00e4 kaikki toimii oikein.<\/p>\n\n\n\n<p><strong>Automaattinen P\u00e4ivitys<\/strong>. Automaattinen julkaisuj\u00e4rjestelm\u00e4n p\u00e4ivitys. Suosittelemme, ett\u00e4 p\u00e4ivit\u00e4t automaattisesti v\u00e4hint\u00e4\u00e4n viimeisimm\u00e4t aliversiot ja tietoturvap\u00e4ivitykset.<\/p>\n\n\n\n<p>Muut automaattisesti p\u00e4ivitett\u00e4v\u00e4t toiminnot, kuten lis\u00e4osat ja ulkoasuteemat asetuksineen, vaihtelevat k\u00e4ytetyn julkaisuj\u00e4rjestelm\u00e4n mukaisesti. On kuitenkin eritt\u00e4in t\u00e4rke\u00e4\u00e4 huolehtia my\u00f6s kaikkien lis\u00e4osien ja ladattavien ulkoasuteemojen p\u00e4ivityksist\u00e4.<\/p>\n\n\n\n<p><strong>Automaattinen varmuuskopiointi p\u00e4ivityksen yhteydess\u00e4<\/strong>. Asennusohjelma ottaa varmuuskopion aina ennen p\u00e4ivityst\u00e4 ja palauttaa varmuuskopion automaattisesti, jos p\u00e4ivitys ep\u00e4onnistuu. Suositeltava toiminto.<\/p>\n\n\n\n<p><strong>S\u00e4hk\u00f6posti-ilmoitus<\/strong>. S\u00e4hk\u00f6posti-ilmoitukset julkaisuj\u00e4rjestelm\u00e4n p\u00e4ivityksist\u00e4. Ota k\u00e4ytt\u00f6\u00f6n automaattisesti s\u00e4hk\u00f6posti-ilmoitukset, kun asennusohjelma p\u00e4ivitt\u00e4\u00e4 julkaisuj\u00e4rjestelm\u00e4\u00e4si. K\u00e4y aina p\u00e4ivityksen tultua tarkistamassa sivustollasi, ett\u00e4 kaikki toimii edelleen kuten pit\u00e4\u00e4kin.<\/p>\n\n\n\n<p><strong>Oletus varmuuskopion sijainti<\/strong>. Valitse sijainti kotisivuasennuksen varmuuskopioinneille. Oletuksena asennusohjelma tallentaa varmuuskopiot webhotellin sis\u00e4lle, mutta asennusohjelma tarjoaa my\u00f6s mahdollisuuksia kytke\u00e4 varmuuskopioinnin esimerkiksi Dropbox-tilillesi.<\/p>\n\n\n\n<p><strong>Automaattinen varmuuskopio<\/strong>. Automaattiset varmuuskopiot kotisivuasennuksestasi. Erillist\u00e4 varmuuskopiointia ei ole v\u00e4ltt\u00e4m\u00e4t\u00f6n ottaa k\u00e4ytt\u00f6\u00f6n, mutta varmuuskopioinnin k\u00e4ytt\u00f6\u00e4 ja kotisivujen varmuuskopioiden s\u00e4ilytt\u00e4mist\u00e4 suositellaan.<\/p>\n\n\n\n<p>Zonerin webhotellit sis\u00e4lt\u00e4v\u00e4t aina varmuuskopioinnin jo ilman erillisi\u00e4 varmuuskopiointitoimintoja. Otamme varmuuskopion webhotellistasi joka aamuy\u00f6 ja s\u00e4ilyt\u00e4mme varmuuskopioita v\u00e4hint\u00e4\u00e4n kolme p\u00e4iv\u00e4\u00e4 takautuvasti. Varmuuskopio otetaan koko webhotellista, jolloin mik\u00e4li haluat k\u00e4ytt\u00e4\u00e4 yhdess\u00e4 webhotellissa useaa eri asennusta, suosittelemme pit\u00e4m\u00e4\u00e4n niist\u00e4 jokaisesta my\u00f6s omia erillisi\u00e4 varmuuskopioita. Varmuuskopioita kannattaa ottaa ja s\u00e4ilytt\u00e4\u00e4 joka tapauksessa sivustostasi ainakin kuukausitasolla.<\/p>\n\n\n\n<p>Tallenna muutokset Tallenna kaikki -painikkeesta<\/p>\n\n\n\n<figure class=\"wp-block-image size-full\"><img loading=\"lazy\" decoding=\"async\" width=\"900\" height=\"833\" src=\"https:\/\/www.zoner.fi\/tuki\/wp-content\/uploads\/2022\/08\/installatron-paivitykset-valinnat-varmuuskopio-automaattinen.jpg\" alt=\"\" class=\"wp-image-130174\" srcset=\"https:\/\/www.zoner.fi\/tuki\/wp-content\/uploads\/2022\/08\/installatron-paivitykset-valinnat-varmuuskopio-automaattinen.jpg 900w, https:\/\/www.zoner.fi\/tuki\/wp-content\/uploads\/2022\/08\/installatron-paivitykset-valinnat-varmuuskopio-automaattinen-300x278.jpg 300w, https:\/\/www.zoner.fi\/tuki\/wp-content\/uploads\/2022\/08\/installatron-paivitykset-valinnat-varmuuskopio-automaattinen-768x711.jpg 768w\" sizes=\"auto, (max-width: 900px) 100vw, 900px\" \/><\/figure>\n\n\n\n<p>Huomioithan, ett\u00e4 varmuuskopiointi webhotelliin kuluttaa aina webhotellin levytilaa. Varmista siis, ett\u00e4 webhotellissasi on riitt\u00e4v\u00e4sti levytilaa k\u00e4ytett\u00e4viss\u00e4. Jos et ole t\u00e4st\u00e4 varma, ota asiakaspalveluumme yhteytt\u00e4 ja katsotaan yhdess\u00e4 webhotellipakettisi sopivan kokoiseksi k\u00e4ytt\u00f6\u00e4 varten.<\/p>\n\n\n\n<p>Voit my\u00f6s m\u00e4\u00e4ritt\u00e4\u00e4 varmuuskopioiden tallennussijainniksi ulkoisen <a href=\"https:\/\/www.zoner.fi\/tuki\/webhotellit\/miten-teen-kotisivuista-varmuuskopion-dropbox-tallennustilaan\/\">Dropbox -pilvitallennustilan<\/a>.<\/p>\n\n\n\n<p><\/p>\n","protected":false},"excerpt":{"rendered":"<p>T\u00e4ss\u00e4 ohjeessa k\u00e4ymme l\u00e4pi, kuinka saat automatisoitua ohjelmistosi p\u00e4ivitykset Installatron -asennusohjelmasta k\u00e4sin.<\/p>\n","protected":false},"author":15,"featured_media":0,"parent":129010,"menu_order":0,"comment_status":"closed","ping_status":"closed","template":"","meta":{"_relevanssi_hide_post":"","_relevanssi_hide_content":"","_relevanssi_pin_for_all":"","_relevanssi_pin_keywords":"","_relevanssi_unpin_keywords":"","_relevanssi_related_keywords":"","_relevanssi_related_include_ids":"","_relevanssi_related_exclude_ids":"","_relevanssi_related_no_append":"","_relevanssi_related_not_related":"","_relevanssi_related_posts":"1076,1066,1063","_relevanssi_noindex_reason":"","footnotes":""},"categories":[192],"tags":[220,158],"wf_page_folders":[],"class_list":{"0":"post-129657","1":"page","2":"type-page","3":"status-publish","5":"category-directadmin","6":"tag-tiedostonhallinta","7":"tag-yleiset"},"_links":{"self":[{"href":"https:\/\/www.zoner.fi\/tuki\/wp-json\/wp\/v2\/pages\/129657","targetHints":{"allow":["GET"]}}],"collection":[{"href":"https:\/\/www.zoner.fi\/tuki\/wp-json\/wp\/v2\/pages"}],"about":[{"href":"https:\/\/www.zoner.fi\/tuki\/wp-json\/wp\/v2\/types\/page"}],"author":[{"embeddable":true,"href":"https:\/\/www.zoner.fi\/tuki\/wp-json\/wp\/v2\/users\/15"}],"replies":[{"embeddable":true,"href":"https:\/\/www.zoner.fi\/tuki\/wp-json\/wp\/v2\/comments?post=129657"}],"version-history":[{"count":10,"href":"https:\/\/www.zoner.fi\/tuki\/wp-json\/wp\/v2\/pages\/129657\/revisions"}],"predecessor-version":[{"id":137786,"href":"https:\/\/www.zoner.fi\/tuki\/wp-json\/wp\/v2\/pages\/129657\/revisions\/137786"}],"up":[{"embeddable":true,"href":"https:\/\/www.zoner.fi\/tuki\/wp-json\/wp\/v2\/pages\/129010"}],"wp:attachment":[{"href":"https:\/\/www.zoner.fi\/tuki\/wp-json\/wp\/v2\/media?parent=129657"}],"wp:term":[{"taxonomy":"category","embeddable":true,"href":"https:\/\/www.zoner.fi\/tuki\/wp-json\/wp\/v2\/categories?post=129657"},{"taxonomy":"post_tag","embeddable":true,"href":"https:\/\/www.zoner.fi\/tuki\/wp-json\/wp\/v2\/tags?post=129657"},{"taxonomy":"wf_page_folders","embeddable":true,"href":"https:\/\/www.zoner.fi\/tuki\/wp-json\/wp\/v2\/wf_page_folders?post=129657"}],"curies":[{"name":"wp","href":"https:\/\/api.w.org\/{rel}","templated":true}]}}