{"id":129659,"date":"2019-03-02T11:38:00","date_gmt":"2019-03-02T09:38:00","guid":{"rendered":"https:\/\/www.zoner.fi\/tuki\/?page_id=129659"},"modified":"2025-09-17T15:05:21","modified_gmt":"2025-09-17T12:05:21","slug":"miten-kytken-sivuston-installatron-ohjelmaan","status":"publish","type":"page","link":"https:\/\/www.zoner.fi\/tuki\/webhotellit\/miten-kytken-sivuston-installatron-ohjelmaan\/","title":{"rendered":"Miten kytken sivuston Installatron-ohjelmaan?"},"content":{"rendered":"\n<p>Moni asiakkaamme on tyk\u00e4stynyt webhotellista l\u00f6ytyv\u00e4n Installatron -asennusohjelman automaattisiin p\u00e4ivitys- ja varmuuskopiointitoimintoihin. Suurimmalla osalla asiakkaistamme on kuitenkin k\u00e4yt\u00f6ss\u00e4\u00e4n perinteisesti, ns. k\u00e4sipelill\u00e4, asennettu julkaisuj\u00e4rjestelm\u00e4, kuten <a href=\"https:\/\/www.zoner.fi\/wordpress\/\" data-type=\"link\" data-id=\"https:\/\/www.zoner.fi\/wordpress\/\">WordPress<\/a> tai <a href=\"https:\/\/www.zoner.fi\/kotisivut\/joomla\/\">Joomla<\/a>.<\/p>\n\n\n\n<p>T\u00e4ss\u00e4 ohjeessa k\u00e4ymme l\u00e4pi, kuinka aiemmin Zonerin&nbsp;<a href=\"https:\/\/www.zoner.fi\/webhotellit\/\">webhotelliin<\/a>&nbsp;asennetun kotisivuasennuksen saa kytketty\u00e4 Installatron-asennusohjelmaan.<\/p>\n\n\n\n<h3 class=\"wp-block-heading\">1. avaa Installatron-asennusohjelma <\/h3>\n\n\n\n<p>Valitse p\u00e4\u00e4valikosta Lis\u00e4toiminnot &#8211; Installatron Applications Installer<\/p>\n\n\n\n<figure class=\"wp-block-image size-full\"><img loading=\"lazy\" decoding=\"async\" width=\"399\" height=\"400\" src=\"https:\/\/www.zoner.fi\/tuki\/wp-content\/uploads\/2021\/11\/installatron-paavalikko.jpg\" alt=\"\" class=\"wp-image-807\" srcset=\"https:\/\/www.zoner.fi\/tuki\/wp-content\/uploads\/2021\/11\/installatron-paavalikko.jpg 399w, https:\/\/www.zoner.fi\/tuki\/wp-content\/uploads\/2021\/11\/installatron-paavalikko-300x300.jpg 300w, https:\/\/www.zoner.fi\/tuki\/wp-content\/uploads\/2021\/11\/installatron-paavalikko-150x150.jpg 150w\" sizes=\"auto, (max-width: 399px) 100vw, 399px\" \/><\/figure>\n\n\n\n<h3 class=\"wp-block-heading\">2. valitse listasta k\u00e4ytt\u00e4m\u00e4si julkaisuj\u00e4rjestelm\u00e4 <\/h3>\n\n\n\n<p>Valitse aluksi listasta juuri sama julkaisuj\u00e4rjestelm\u00e4, joka siirrett\u00e4v\u00e4ll\u00e4 kotisivulla on k\u00e4yt\u00f6ss\u00e4.<\/p>\n\n\n\n<figure class=\"wp-block-image size-large\"><img loading=\"lazy\" decoding=\"async\" width=\"1024\" height=\"456\" src=\"https:\/\/www.zoner.fi\/tuki\/wp-content\/uploads\/2022\/08\/installatron-sovellukset-kuvina-1024x456.jpg\" alt=\"\" class=\"wp-image-130076\" srcset=\"https:\/\/www.zoner.fi\/tuki\/wp-content\/uploads\/2022\/08\/installatron-sovellukset-kuvina-1024x456.jpg 1024w, https:\/\/www.zoner.fi\/tuki\/wp-content\/uploads\/2022\/08\/installatron-sovellukset-kuvina-300x134.jpg 300w, https:\/\/www.zoner.fi\/tuki\/wp-content\/uploads\/2022\/08\/installatron-sovellukset-kuvina-768x342.jpg 768w, https:\/\/www.zoner.fi\/tuki\/wp-content\/uploads\/2022\/08\/installatron-sovellukset-kuvina-1536x684.jpg 1536w, https:\/\/www.zoner.fi\/tuki\/wp-content\/uploads\/2022\/08\/installatron-sovellukset-kuvina.jpg 1923w\" sizes=\"auto, (max-width: 1024px) 100vw, 1024px\" \/><\/figure>\n\n\n\n<h3 class=\"wp-block-heading\">3. valitse tuo olemassaoleva asennus -asetus <\/h3>\n\n\n\n<p>L\u00f6ydetty\u00e4si oikean julkaisuj\u00e4rjestelm\u00e4n \u00e4l\u00e4 valitse uutta asennusta, vaan valitse pudotusvalikon napista Tuo olemassaoleva asennus.<\/p>\n\n\n\n<figure class=\"wp-block-image size-full\"><img loading=\"lazy\" decoding=\"async\" width=\"900\" height=\"307\" src=\"https:\/\/www.zoner.fi\/tuki\/wp-content\/uploads\/2022\/08\/installatron-wordpress-tuo-olemassaoleva-asetus-asenna-tama-sovellus.jpg\" alt=\"\" class=\"wp-image-130070\" srcset=\"https:\/\/www.zoner.fi\/tuki\/wp-content\/uploads\/2022\/08\/installatron-wordpress-tuo-olemassaoleva-asetus-asenna-tama-sovellus.jpg 900w, https:\/\/www.zoner.fi\/tuki\/wp-content\/uploads\/2022\/08\/installatron-wordpress-tuo-olemassaoleva-asetus-asenna-tama-sovellus-300x102.jpg 300w, https:\/\/www.zoner.fi\/tuki\/wp-content\/uploads\/2022\/08\/installatron-wordpress-tuo-olemassaoleva-asetus-asenna-tama-sovellus-768x262.jpg 768w\" sizes=\"auto, (max-width: 900px) 100vw, 900px\" \/><\/figure>\n\n\n\n<h3 class=\"wp-block-heading\">4. valitse tili<\/h3>\n\n\n\n<p>Valitse seuraavaksi sijainti, josta kotisivuasennus kytket\u00e4\u00e4n asennusohjelmaan eli kohdasta Tilist\u00e4 klikataan&nbsp; Jatka.&nbsp;Jos puolestaan haluat kopioida kotisivuston ulkoisesta palvelusta, kuten toisen palveluntarjoajan webhotellista,&nbsp;<a href=\"https:\/\/www.zoner.fi\/tuki\/webhotellit\/miten-siirran-kotisivuni-webhotelliin\/\">lue ohje kotisivujen kopiointiin t\u00e4\u00e4lt\u00e4<\/a>.<\/p>\n\n\n\n<figure class=\"wp-block-image size-full\"><img loading=\"lazy\" decoding=\"async\" width=\"900\" height=\"267\" src=\"https:\/\/www.zoner.fi\/tuki\/wp-content\/uploads\/2022\/08\/installatron-wordpress-tuo-tilista-eri.jpg\" alt=\"\" class=\"wp-image-130160\" srcset=\"https:\/\/www.zoner.fi\/tuki\/wp-content\/uploads\/2022\/08\/installatron-wordpress-tuo-tilista-eri.jpg 900w, https:\/\/www.zoner.fi\/tuki\/wp-content\/uploads\/2022\/08\/installatron-wordpress-tuo-tilista-eri-300x89.jpg 300w, https:\/\/www.zoner.fi\/tuki\/wp-content\/uploads\/2022\/08\/installatron-wordpress-tuo-tilista-eri-768x228.jpg 768w\" sizes=\"auto, (max-width: 900px) 100vw, 900px\" \/><\/figure>\n\n\n\n<p><br><\/p>\n\n\n\n<h3 class=\"wp-block-heading\">5. valitse tuotavan kotisivuasennuksen sijainti <\/h3>\n\n\n\n<p><strong>Verkkotunnus<\/strong>. Valitse pudotusvalikosta haluamasi kotisivuasennuksen sijainti. Mik\u00e4li webhotelliisi on lis\u00e4tty useita verkkotunnuksia, tai luotu alidomaineja, l\u00f6yd\u00e4t ne kaikki t\u00e4st\u00e4 pudotusvalikosta.<\/p>\n\n\n\n<p><strong>Polku (path)<\/strong>. Mik\u00e4li olet asentanut julkaisuj\u00e4rjestelm\u00e4si jonkin domainin alikansioon, t\u00e4yt\u00e4 kansion nimi Directory kentt\u00e4\u00e4n. Esimerkiksi, jos kotisivuasennuksesi toimii osoitteessa www.verkkotunnuksesi.com\/blogi, sy\u00f6t\u00e4 kentt\u00e4\u00e4n: blogi.<\/p>\n\n\n\n<p>Klikkaa lopuksi Tuo.<\/p>\n\n\n\n<figure class=\"wp-block-image size-full\"><img loading=\"lazy\" decoding=\"async\" width=\"900\" height=\"325\" src=\"https:\/\/www.zoner.fi\/tuki\/wp-content\/uploads\/2022\/08\/installatron-wordpress-tuo-samalta-tililta.jpg\" alt=\"\" class=\"wp-image-130159\" srcset=\"https:\/\/www.zoner.fi\/tuki\/wp-content\/uploads\/2022\/08\/installatron-wordpress-tuo-samalta-tililta.jpg 900w, https:\/\/www.zoner.fi\/tuki\/wp-content\/uploads\/2022\/08\/installatron-wordpress-tuo-samalta-tililta-300x108.jpg 300w, https:\/\/www.zoner.fi\/tuki\/wp-content\/uploads\/2022\/08\/installatron-wordpress-tuo-samalta-tililta-768x277.jpg 768w\" sizes=\"auto, (max-width: 900px) 100vw, 900px\" \/><\/figure>\n\n\n\n<h3 class=\"wp-block-heading\">6. ota automaattiset p\u00e4ivitykset ja varmuuskopiointi k\u00e4ytt\u00f6\u00f6n <\/h3>\n\n\n\n<p>Kun asennusohjelma on kytkenyt nykyisen kotisivuasennuksen itseens\u00e4, voidaan ottaa k\u00e4ytt\u00f6\u00f6n ohjelman tarjoamat p\u00e4ivitys- ja varmuuskopiointiominaisuudet. Lue lis\u00e4tietoja <a href=\"https:\/\/www.zoner.fi\/tuki\/webhotellit\/miten-hallinnoin-kotisivujeni-automaattisia-paivityksia-ja-varmuuskopiointia\/\">ominaisuuksista t\u00e4\u00e4lt\u00e4<\/a>.<\/p>\n","protected":false},"excerpt":{"rendered":"<p>T\u00e4ss\u00e4 ohjeessa k\u00e4ymme l\u00e4pi, kuinka aiemmin Zonerin webhotelliin asennetun kotisivuasennuksen saa kytketty\u00e4 Installatron-asennusohjelmaan.<\/p>\n","protected":false},"author":15,"featured_media":0,"parent":129010,"menu_order":0,"comment_status":"closed","ping_status":"closed","template":"","meta":{"_relevanssi_hide_post":"","_relevanssi_hide_content":"","_relevanssi_pin_for_all":"","_relevanssi_pin_keywords":"","_relevanssi_unpin_keywords":"","_relevanssi_related_keywords":"","_relevanssi_related_include_ids":"","_relevanssi_related_exclude_ids":"","_relevanssi_related_no_append":"","_relevanssi_related_not_related":"","_relevanssi_related_posts":"1066,1063,1076","_relevanssi_noindex_reason":"","footnotes":""},"categories":[192],"tags":[95],"wf_page_folders":[],"class_list":{"0":"post-129659","1":"page","2":"type-page","3":"status-publish","5":"category-directadmin","6":"tag-ohjelmistot"},"_links":{"self":[{"href":"https:\/\/www.zoner.fi\/tuki\/wp-json\/wp\/v2\/pages\/129659","targetHints":{"allow":["GET"]}}],"collection":[{"href":"https:\/\/www.zoner.fi\/tuki\/wp-json\/wp\/v2\/pages"}],"about":[{"href":"https:\/\/www.zoner.fi\/tuki\/wp-json\/wp\/v2\/types\/page"}],"author":[{"embeddable":true,"href":"https:\/\/www.zoner.fi\/tuki\/wp-json\/wp\/v2\/users\/15"}],"replies":[{"embeddable":true,"href":"https:\/\/www.zoner.fi\/tuki\/wp-json\/wp\/v2\/comments?post=129659"}],"version-history":[{"count":9,"href":"https:\/\/www.zoner.fi\/tuki\/wp-json\/wp\/v2\/pages\/129659\/revisions"}],"predecessor-version":[{"id":137485,"href":"https:\/\/www.zoner.fi\/tuki\/wp-json\/wp\/v2\/pages\/129659\/revisions\/137485"}],"up":[{"embeddable":true,"href":"https:\/\/www.zoner.fi\/tuki\/wp-json\/wp\/v2\/pages\/129010"}],"wp:attachment":[{"href":"https:\/\/www.zoner.fi\/tuki\/wp-json\/wp\/v2\/media?parent=129659"}],"wp:term":[{"taxonomy":"category","embeddable":true,"href":"https:\/\/www.zoner.fi\/tuki\/wp-json\/wp\/v2\/categories?post=129659"},{"taxonomy":"post_tag","embeddable":true,"href":"https:\/\/www.zoner.fi\/tuki\/wp-json\/wp\/v2\/tags?post=129659"},{"taxonomy":"wf_page_folders","embeddable":true,"href":"https:\/\/www.zoner.fi\/tuki\/wp-json\/wp\/v2\/wf_page_folders?post=129659"}],"curies":[{"name":"wp","href":"https:\/\/api.w.org\/{rel}","templated":true}]}}