{"id":129664,"date":"2019-03-02T11:45:00","date_gmt":"2019-03-02T09:45:00","guid":{"rendered":"https:\/\/www.zoner.fi\/tuki\/?page_id=129664"},"modified":"2025-09-17T15:04:58","modified_gmt":"2025-09-17T12:04:58","slug":"miten-siirran-kotisivuni-webhotelliin","status":"publish","type":"page","link":"https:\/\/www.zoner.fi\/tuki\/webhotellit\/miten-siirran-kotisivuni-webhotelliin\/","title":{"rendered":"Miten siirr\u00e4n kotisivuni webhotelliin?"},"content":{"rendered":"\n<p>Zonerin webhotelleista l\u00f6ytyy n\u00e4pp\u00e4r\u00e4 Installatron-asennusohjelma, jonka avulla voi my\u00f6s helposti siirt\u00e4\u00e4 vanhalla palveluntarjoajalla olevat <a href=\"https:\/\/www.zoner.fi\/kotisivut\/\">kotisivut<\/a> Zonerin <a href=\"https:\/\/www.zoner.fi\/webhotellit\/\">webhotelliin<\/a>.<\/p>\n\n\n\n<p>T\u00e4ss\u00e4 ohjeessa k\u00e4ymme l\u00e4pi, kuinka yleisill\u00e4 julkaisuj\u00e4rjestelmill\u00e4 toteutetun sivuston siirto vanhalta palveluntarjoajalta onnistuu.<\/p>\n\n\n\n<h2 class=\"wp-block-heading\">Kotisivujen siirto Installatron sovelluksella<\/h2>\n\n\n\n<p>Kirjaudu sis\u00e4\u00e4n webhotellin DirectAdmin-hallintapaneeliin.<\/p>\n\n\n\n<p>Tyhjenn\u00e4 aluksi webhotellistasi tarpeettomat tiedostot haluamaltasi domainilta. Webhotelli sis\u00e4lt\u00e4\u00e4 lis\u00e4tyille verkkotunnuksille ja aliverkkotunnuksille oletuksena index.html tiedoston, joka haittaa kopioitavan sivuston toimintaa ja n\u00e4kymist\u00e4 kopioinnin j\u00e4lkeen. Voit poistaa t\u00e4m\u00e4n index.html tiedoston my\u00f6s vasta kopioinnin suoritettuasi.<\/p>\n\n\n\n<p>Tiedoston voit poistaa joko kirjautumalla FTP-yhteydell\u00e4 webhotelliisi tai webhotellin <a href=\"https:\/\/www.zoner.fi\/tuki\/webhotellit\/miten-hallitsen-tiedostoja-file-managerilla\/\">Tiedostonhallinnan<\/a> kautta.<\/p>\n\n\n\n<h3 class=\"wp-block-heading\">1. Avaa Installatron-asennusohjelma <\/h3>\n\n\n\n<p>Valitse p\u00e4\u00e4valikosta Lis\u00e4toiminnot &#8211; Installatron Applications Installer<\/p>\n\n\n\n<figure class=\"wp-block-image size-full\"><img loading=\"lazy\" decoding=\"async\" width=\"399\" height=\"400\" src=\"https:\/\/www.zoner.fi\/tuki\/wp-content\/uploads\/2021\/11\/installatron-paavalikko.jpg\" alt=\"\" class=\"wp-image-807\" srcset=\"https:\/\/www.zoner.fi\/tuki\/wp-content\/uploads\/2021\/11\/installatron-paavalikko.jpg 399w, https:\/\/www.zoner.fi\/tuki\/wp-content\/uploads\/2021\/11\/installatron-paavalikko-300x300.jpg 300w, https:\/\/www.zoner.fi\/tuki\/wp-content\/uploads\/2021\/11\/installatron-paavalikko-150x150.jpg 150w\" sizes=\"auto, (max-width: 399px) 100vw, 399px\" \/><\/figure>\n\n\n\n<h3 class=\"wp-block-heading\">2. Valitse listasta k\u00e4ytt\u00e4m\u00e4si julkaisuj\u00e4rjestelm\u00e4 <\/h3>\n\n\n\n<p>Valitse aluksi listasta juuri sama julkaisuj\u00e4rjestelm\u00e4, joka siirrett\u00e4v\u00e4ll\u00e4 kotisivulla on k\u00e4yt\u00f6ss\u00e4.<\/p>\n\n\n\n<figure class=\"wp-block-image size-large\"><img loading=\"lazy\" decoding=\"async\" width=\"1024\" height=\"456\" src=\"https:\/\/www.zoner.fi\/tuki\/wp-content\/uploads\/2022\/08\/installatron-sovellukset-kuvina-1024x456.jpg\" alt=\"\" class=\"wp-image-130076\" srcset=\"https:\/\/www.zoner.fi\/tuki\/wp-content\/uploads\/2022\/08\/installatron-sovellukset-kuvina-1024x456.jpg 1024w, https:\/\/www.zoner.fi\/tuki\/wp-content\/uploads\/2022\/08\/installatron-sovellukset-kuvina-300x134.jpg 300w, https:\/\/www.zoner.fi\/tuki\/wp-content\/uploads\/2022\/08\/installatron-sovellukset-kuvina-768x342.jpg 768w, https:\/\/www.zoner.fi\/tuki\/wp-content\/uploads\/2022\/08\/installatron-sovellukset-kuvina-1536x684.jpg 1536w, https:\/\/www.zoner.fi\/tuki\/wp-content\/uploads\/2022\/08\/installatron-sovellukset-kuvina.jpg 1923w\" sizes=\"auto, (max-width: 1024px) 100vw, 1024px\" \/><\/figure>\n\n\n\n<h3 class=\"wp-block-heading\">3. Valitse tuo olemassaoleva asennus -asetus <\/h3>\n\n\n\n<p>L\u00f6ydetty\u00e4si oikean julkaisuj\u00e4rjestelm\u00e4n \u00e4l\u00e4 valitse uutta asennusta, vaan valitse pudotusvalikon napista Tuo olemassaoleva asennus.<\/p>\n\n\n\n<figure class=\"wp-block-image size-full\"><img loading=\"lazy\" decoding=\"async\" width=\"900\" height=\"307\" src=\"https:\/\/www.zoner.fi\/tuki\/wp-content\/uploads\/2022\/08\/installatron-wordpress-tuo-olemassaoleva-asetus-asenna-tama-sovellus.jpg\" alt=\"\" class=\"wp-image-130070\" srcset=\"https:\/\/www.zoner.fi\/tuki\/wp-content\/uploads\/2022\/08\/installatron-wordpress-tuo-olemassaoleva-asetus-asenna-tama-sovellus.jpg 900w, https:\/\/www.zoner.fi\/tuki\/wp-content\/uploads\/2022\/08\/installatron-wordpress-tuo-olemassaoleva-asetus-asenna-tama-sovellus-300x102.jpg 300w, https:\/\/www.zoner.fi\/tuki\/wp-content\/uploads\/2022\/08\/installatron-wordpress-tuo-olemassaoleva-asetus-asenna-tama-sovellus-768x262.jpg 768w\" sizes=\"auto, (max-width: 900px) 100vw, 900px\" \/><\/figure>\n\n\n\n<h3 class=\"wp-block-heading\">4. Valitse tili <\/h3>\n\n\n\n<p>Valitse mist\u00e4 sijainnista asennus tuodaan Installatroniin. Mik\u00e4li tarkoitus on kopioida sivusto toisesta webhotellista tai muusta sijainnista, valitse Eri tili ja Jatka.<\/p>\n\n\n\n<figure class=\"wp-block-image size-full\"><img loading=\"lazy\" decoding=\"async\" width=\"900\" height=\"270\" src=\"https:\/\/www.zoner.fi\/tuki\/wp-content\/uploads\/2022\/08\/installatron-wordpress-tuo-tilista.jpg\" alt=\"\" class=\"wp-image-130084\" srcset=\"https:\/\/www.zoner.fi\/tuki\/wp-content\/uploads\/2022\/08\/installatron-wordpress-tuo-tilista.jpg 900w, https:\/\/www.zoner.fi\/tuki\/wp-content\/uploads\/2022\/08\/installatron-wordpress-tuo-tilista-300x90.jpg 300w, https:\/\/www.zoner.fi\/tuki\/wp-content\/uploads\/2022\/08\/installatron-wordpress-tuo-tilista-768x230.jpg 768w\" sizes=\"auto, (max-width: 900px) 100vw, 900px\" \/><\/figure>\n\n\n\n<h3 class=\"wp-block-heading\">5. M\u00e4\u00e4rit\u00e4 kopioitavan sivuston l\u00e4hde<\/h3>\n\n\n\n<p>Valitse aluksi l\u00e4hde, josta julkaisuj\u00e4rjestelm\u00e4 kopioidaan. T\u00e4yt\u00e4 L\u00e4hde-osiossa tiedot vanhan palveluntarjoajan toimittamien tietojen mukaisesti.<\/p>\n\n\n\n<ul class=\"wp-block-list\">\n<li><strong>URL<\/strong>. T\u00e4yt\u00e4 URL kentt\u00e4\u00e4n asennuksen t\u00e4sm\u00e4llinen osoite https:\/\/ tai https:\/\/ -etuliitteen kera. Jos julkaisuj\u00e4rjestelm\u00e4 on asennettu alikansioon, muista sy\u00f6tt\u00e4\u00e4 my\u00f6s kansio URL kent\u00e4n osoitteeseen.<\/li>\n\n\n\n<li><strong>URL IP Address (Optional)<\/strong>. Asennuksen ip-osoite. K\u00e4yt\u00e4 vain, jos sivusto ei en\u00e4\u00e4 ohjaudu oikealla osoitteellaan kopioitavaan asennukseen (esimerkiksi, olet siirt\u00e4nyt domainin jo Zonerin webhotelliin).<\/li>\n\n\n\n<li><strong>FTP-tiedonsiirto.<\/strong> Valitse ensisijaisesti suojattu FTP yhteys<\/li>\n\n\n\n<li><strong>FTP-palvelimen osoite<\/strong>. Sy\u00f6t\u00e4 FTP is\u00e4nt\u00e4palvelimen osoite. Saat t\u00e4m\u00e4n tietoosi vanhalta palveluntarjoajaltasi.<\/li>\n\n\n\n<li><strong>FTP-palvelimen portti<\/strong>. Portti on oletuksena 22, jos ei, tarkista portti vanhalta palveluntarjoajalta.<\/li>\n\n\n\n<li><strong>FTP-palvelimen kirjautumisk\u00e4ytt\u00e4j\u00e4<\/strong>. Sy\u00f6t\u00e4 FTP-tilisi k\u00e4ytt\u00e4j\u00e4tunnus.<\/li>\n\n\n\n<li><strong>FTP-palvelimen salasana<\/strong>. Sy\u00f6t\u00e4 FTP-tilisi salasana.<\/li>\n\n\n\n<li><strong>FTP-palvelimen polku<\/strong>. Sy\u00f6t\u00e4 tiedostopolku FTP-yhteyden juuresta vanhan palveluntarjoajasi tiedostokansioon kotisivuille.<\/li>\n<\/ul>\n\n\n\n<figure class=\"wp-block-image size-full\"><img loading=\"lazy\" decoding=\"async\" width=\"900\" height=\"659\" src=\"https:\/\/www.zoner.fi\/tuki\/wp-content\/uploads\/2022\/08\/installatron-wordpress-tuo-asetukset-lahde.jpg\" alt=\"\" class=\"wp-image-130069\" srcset=\"https:\/\/www.zoner.fi\/tuki\/wp-content\/uploads\/2022\/08\/installatron-wordpress-tuo-asetukset-lahde.jpg 900w, https:\/\/www.zoner.fi\/tuki\/wp-content\/uploads\/2022\/08\/installatron-wordpress-tuo-asetukset-lahde-300x220.jpg 300w, https:\/\/www.zoner.fi\/tuki\/wp-content\/uploads\/2022\/08\/installatron-wordpress-tuo-asetukset-lahde-768x562.jpg 768w\" sizes=\"auto, (max-width: 900px) 100vw, 900px\" \/><\/figure>\n\n\n\n<h3 class=\"wp-block-heading\">6. M\u00e4\u00e4rit\u00e4 kopioitavan sivuston kohde <\/h3>\n\n\n\n<ul class=\"wp-block-list\">\n<li><strong>Verkkotunnus.<\/strong> Valitse pudotusvalikosta haluamasi verkkotunnus, johon sivusto kopioidaan. Ohjelma osaa halutessasi kopioida sivuston my\u00f6s eri osoitteeseen, kuin miss\u00e4 se on alunperin toiminut. Listasta l\u00f6ytyv\u00e4t my\u00f6s kaikki webhotellista luomasi alidomainit.<\/li>\n\n\n\n<li><strong>Polku (path)<\/strong>. Valitse mahdollinen kansio, eli jos esimerkiksi haluat asennuksen toimivan verkkotunnuksesi yleisen osoitteen sijasta muodossa \/blogi, kirjoita kentt\u00e4\u00e4n blogi. J\u00e4t\u00e4 kentt\u00e4 tyhj\u00e4ksi, jos haluat sivuston toimivan suoraan verkkotunnuksella kirjoitettuna.<\/li>\n\n\n\n<li><strong>Tietokantojen hallinta<\/strong>. Valitse luoko asennusohjelma tietokannan automaattisesti vai k\u00e4ytet\u00e4\u00e4nk\u00f6 jo aiemmin webhotellista luomaasi tietokantaa asennukselle.<\/li>\n<\/ul>\n\n\n\n<figure class=\"wp-block-image size-full\"><img loading=\"lazy\" decoding=\"async\" width=\"900\" height=\"512\" src=\"https:\/\/www.zoner.fi\/tuki\/wp-content\/uploads\/2022\/08\/installatron-wordpress-tuo-asetukset-kohde.jpg\" alt=\"\" class=\"wp-image-130081\" srcset=\"https:\/\/www.zoner.fi\/tuki\/wp-content\/uploads\/2022\/08\/installatron-wordpress-tuo-asetukset-kohde.jpg 900w, https:\/\/www.zoner.fi\/tuki\/wp-content\/uploads\/2022\/08\/installatron-wordpress-tuo-asetukset-kohde-300x171.jpg 300w, https:\/\/www.zoner.fi\/tuki\/wp-content\/uploads\/2022\/08\/installatron-wordpress-tuo-asetukset-kohde-768x437.jpg 768w\" sizes=\"auto, (max-width: 900px) 100vw, 900px\" \/><\/figure>\n\n\n\n<p>Kun asetukset ovat paikoillaan, valitse Tuo ja ohjelma aloittaa kopioinnin.<\/p>\n\n\n\n<p>Huomioithan, ett\u00e4 mik\u00e4li verkkotunnustasi ei viel\u00e4 ole siirretty Zonerille ennen kopiointia, ei sivustoa todenn\u00e4k\u00f6isesti viel\u00e4, ohjelmistosta riippuen, pysty n\u00e4kem\u00e4\u00e4n tai k\u00e4ytt\u00e4m\u00e4\u00e4n. Tarkista verkkotunnuksen siirron j\u00e4lkeen, ett\u00e4 kaikki asetukset sivustolla ovat varmasti oikein.<\/p>\n\n\n\n<h3 class=\"wp-block-heading\">7. M\u00e4\u00e4rit\u00e4 asetukset p\u00e4ivityksille ja varmuuskopioinnille <\/h3>\n\n\n\n<p>Kun sivuston kopiointi on valmis, voit m\u00e4\u00e4ritt\u00e4\u00e4 julkaisuj\u00e4rjestelm\u00e4llesi my\u00f6s erilaisia automaattisia p\u00e4ivityksi\u00e4 ja varmuuskopiointeja. Automaattisten p\u00e4ivitysten k\u00e4ytt\u00f6 on eritt\u00e4in suositeltavaa, koska n\u00e4in voidaan v\u00e4ltty\u00e4 erilaisilta julkaisuj\u00e4rjestelm\u00e4n tietoturva-aukoista johtuvilta hakkeroinneilta. P\u00e4ivitysten vaihtoehdot vaihtelevat hieman ohjelmistokohtaisesti.<\/p>\n\n\n\n<p>Automaattinen varmuuskopiointi saattaa vied\u00e4 my\u00f6s runsaasti levytilaa, jolloin suosittelemme, ett\u00e4 webhotelli p\u00e4ivitet\u00e4\u00e4n mahdollisimman suureksi. Kysy webhotellin p\u00e4ivityksest\u00e4 lis\u00e4\u00e4: myynti@zoner.fi tai 010 235 6688 (ark. 8.00-16.00).<\/p>\n\n\n\n<figure class=\"wp-block-image size-full\"><img loading=\"lazy\" decoding=\"async\" width=\"900\" height=\"647\" src=\"https:\/\/www.zoner.fi\/tuki\/wp-content\/uploads\/2021\/11\/installatron-wordpress-uusi-asennus-versio-varmuuskopiot.jpg\" alt=\"\" class=\"wp-image-814\" srcset=\"https:\/\/www.zoner.fi\/tuki\/wp-content\/uploads\/2021\/11\/installatron-wordpress-uusi-asennus-versio-varmuuskopiot.jpg 900w, https:\/\/www.zoner.fi\/tuki\/wp-content\/uploads\/2021\/11\/installatron-wordpress-uusi-asennus-versio-varmuuskopiot-300x216.jpg 300w, https:\/\/www.zoner.fi\/tuki\/wp-content\/uploads\/2021\/11\/installatron-wordpress-uusi-asennus-versio-varmuuskopiot-768x552.jpg 768w\" sizes=\"auto, (max-width: 900px) 100vw, 900px\" \/><\/figure>\n\n\n\n<p>Valitse, kuinka usein varmuuskopio tallennetaan laittamalla valinnan kohtaan Anna minun hallinnoida n\u00e4it\u00e4 asetuksia.<\/p>\n\n\n\n<figure class=\"wp-block-image size-full\"><img loading=\"lazy\" decoding=\"async\" width=\"900\" height=\"852\" src=\"https:\/\/www.zoner.fi\/tuki\/wp-content\/uploads\/2021\/11\/installatron-wordpress-uusi-asennus-varmuuskopiot-lisaasetukset.jpg\" alt=\"\" class=\"wp-image-818\" srcset=\"https:\/\/www.zoner.fi\/tuki\/wp-content\/uploads\/2021\/11\/installatron-wordpress-uusi-asennus-varmuuskopiot-lisaasetukset.jpg 900w, https:\/\/www.zoner.fi\/tuki\/wp-content\/uploads\/2021\/11\/installatron-wordpress-uusi-asennus-varmuuskopiot-lisaasetukset-300x284.jpg 300w, https:\/\/www.zoner.fi\/tuki\/wp-content\/uploads\/2021\/11\/installatron-wordpress-uusi-asennus-varmuuskopiot-lisaasetukset-768x727.jpg 768w\" sizes=\"auto, (max-width: 900px) 100vw, 900px\" \/><\/figure>\n","protected":false},"excerpt":{"rendered":"<p>T\u00e4ss\u00e4 ohjeessa k\u00e4ymme l\u00e4pi, kuinka yleisill\u00e4 julkaisuj\u00e4rjestelmill\u00e4 toteutetun sivuston siirto vanhalta palveluntarjoajalta onnistuu.<\/p>\n","protected":false},"author":15,"featured_media":0,"parent":129010,"menu_order":0,"comment_status":"closed","ping_status":"closed","template":"","meta":{"_relevanssi_hide_post":"","_relevanssi_hide_content":"","_relevanssi_pin_for_all":"","_relevanssi_pin_keywords":"","_relevanssi_unpin_keywords":"","_relevanssi_related_keywords":"","_relevanssi_related_include_ids":"","_relevanssi_related_exclude_ids":"","_relevanssi_related_no_append":"","_relevanssi_related_not_related":"","_relevanssi_related_posts":"1063,1066,1076","_relevanssi_noindex_reason":"","footnotes":""},"categories":[192],"tags":[95],"wf_page_folders":[],"class_list":{"0":"post-129664","1":"page","2":"type-page","3":"status-publish","5":"category-directadmin","6":"tag-ohjelmistot"},"_links":{"self":[{"href":"https:\/\/www.zoner.fi\/tuki\/wp-json\/wp\/v2\/pages\/129664","targetHints":{"allow":["GET"]}}],"collection":[{"href":"https:\/\/www.zoner.fi\/tuki\/wp-json\/wp\/v2\/pages"}],"about":[{"href":"https:\/\/www.zoner.fi\/tuki\/wp-json\/wp\/v2\/types\/page"}],"author":[{"embeddable":true,"href":"https:\/\/www.zoner.fi\/tuki\/wp-json\/wp\/v2\/users\/15"}],"replies":[{"embeddable":true,"href":"https:\/\/www.zoner.fi\/tuki\/wp-json\/wp\/v2\/comments?post=129664"}],"version-history":[{"count":11,"href":"https:\/\/www.zoner.fi\/tuki\/wp-json\/wp\/v2\/pages\/129664\/revisions"}],"predecessor-version":[{"id":137484,"href":"https:\/\/www.zoner.fi\/tuki\/wp-json\/wp\/v2\/pages\/129664\/revisions\/137484"}],"up":[{"embeddable":true,"href":"https:\/\/www.zoner.fi\/tuki\/wp-json\/wp\/v2\/pages\/129010"}],"wp:attachment":[{"href":"https:\/\/www.zoner.fi\/tuki\/wp-json\/wp\/v2\/media?parent=129664"}],"wp:term":[{"taxonomy":"category","embeddable":true,"href":"https:\/\/www.zoner.fi\/tuki\/wp-json\/wp\/v2\/categories?post=129664"},{"taxonomy":"post_tag","embeddable":true,"href":"https:\/\/www.zoner.fi\/tuki\/wp-json\/wp\/v2\/tags?post=129664"},{"taxonomy":"wf_page_folders","embeddable":true,"href":"https:\/\/www.zoner.fi\/tuki\/wp-json\/wp\/v2\/wf_page_folders?post=129664"}],"curies":[{"name":"wp","href":"https:\/\/api.w.org\/{rel}","templated":true}]}}