{"id":129667,"date":"2019-03-02T11:53:00","date_gmt":"2019-03-02T09:53:00","guid":{"rendered":"https:\/\/www.zoner.fi\/tuki\/?page_id=129667"},"modified":"2025-09-17T15:04:38","modified_gmt":"2025-09-17T12:04:38","slug":"installatron-asennusohjelma-esittely-toiminnoista","status":"publish","type":"page","link":"https:\/\/www.zoner.fi\/tuki\/webhotellit\/installatron-asennusohjelma-esittely-toiminnoista\/","title":{"rendered":"Installatron asennusohjelma &#8211; esittely toiminnoista"},"content":{"rendered":"\n<p>Zonerilta tilatut <a href=\"https:\/\/www.zoner.fi\/webhotellit\/\">Webhotellit<\/a> sis\u00e4lt\u00e4v\u00e4t Installatron-asennusohjelma, jonka avulla voit helposti asentaa yli 100 erilaista sovellusta, mukaanlukien kaikki suosituimmat julkaisuj\u00e4rjestelm\u00e4t. Asennusohjelma luo puolestasi kaikki tarvittavat tietokannat ja tunnukset.<\/p>\n\n\n\n<p>Kirjaudu sis\u00e4\u00e4n webhotellin DirectAdmin-hallintapaneeliin.<\/p>\n\n\n\n<p>Valitse p\u00e4\u00e4valikosta Lis\u00e4toiminnot &#8211; Installatron Applications Installer.<\/p>\n\n\n\n<figure class=\"wp-block-image size-full\"><img loading=\"lazy\" decoding=\"async\" width=\"399\" height=\"400\" src=\"https:\/\/www.zoner.fi\/tuki\/wp-content\/uploads\/2021\/11\/installatron-paavalikko.jpg\" alt=\"\" class=\"wp-image-807\" srcset=\"https:\/\/www.zoner.fi\/tuki\/wp-content\/uploads\/2021\/11\/installatron-paavalikko.jpg 399w, https:\/\/www.zoner.fi\/tuki\/wp-content\/uploads\/2021\/11\/installatron-paavalikko-300x300.jpg 300w, https:\/\/www.zoner.fi\/tuki\/wp-content\/uploads\/2021\/11\/installatron-paavalikko-150x150.jpg 150w\" sizes=\"auto, (max-width: 399px) 100vw, 399px\" \/><\/figure>\n\n\n\n<p>Siirryt Installatronin aloitusn\u00e4kym\u00e4\u00e4n. P\u00e4\u00e4set takaisin DirectAdmin-hallintapaneeliin klikkaamalla oikean yl\u00e4kulman talo-kuvaketta (kohta 4).<\/p>\n\n\n\n<p><strong>1 Sovellukset.<\/strong> V\u00e4lilehdelt\u00e4 l\u00f6ytyv\u00e4t kaikki asentamasi sovellukset. Voit muokata asennuksen tietoja, poistaa sovelluksen ja siirty\u00e4 sovelluksen hallintan\u00e4kym\u00e4\u00e4n linkin kautta.<\/p>\n\n\n\n<p><strong>2 Varmuuskopiot.<\/strong> V\u00e4lilehdelt\u00e4 l\u00f6ytyv\u00e4t sovellusten varmuuskopiot, jos niit\u00e4 on tallennettu.<\/p>\n\n\n\n<p><strong>3 Sovellusselain.<\/strong> Kaikki Installatron-asennusohjelman kautta saatavilla olevat sovellukset.<\/p>\n\n\n\n<p><strong>4 Talo-kuvake.<\/strong> Kuvaketta klikkaamalla palaat takaisin webhotellisi DirectAdmin-hallintapaneeliin.<\/p>\n\n\n\n<p><strong>5 Sovellukset.&nbsp;<\/strong>Kaikki Installatron-asennusohjelman kautta saatavilla olevat sovellukset.<\/p>\n\n\n\n<figure class=\"wp-block-image size-full\"><img loading=\"lazy\" decoding=\"async\" width=\"900\" height=\"801\" src=\"https:\/\/www.zoner.fi\/tuki\/wp-content\/uploads\/2022\/08\/installatron-sovellukset-lista.jpg\" alt=\"\" class=\"wp-image-130153\" srcset=\"https:\/\/www.zoner.fi\/tuki\/wp-content\/uploads\/2022\/08\/installatron-sovellukset-lista.jpg 900w, https:\/\/www.zoner.fi\/tuki\/wp-content\/uploads\/2022\/08\/installatron-sovellukset-lista-300x267.jpg 300w, https:\/\/www.zoner.fi\/tuki\/wp-content\/uploads\/2022\/08\/installatron-sovellukset-lista-768x684.jpg 768w\" sizes=\"auto, (max-width: 900px) 100vw, 900px\" \/><\/figure>\n\n\n\n<h3 class=\"wp-block-heading\">Sovelluksen asentaminen<\/h3>\n\n\n\n<p>Esimerkiss\u00e4 asennetaan PrestaShop-verkkokauppaohjelmisto. Valitaan PrestaShop Installatronin sovellusvalikosta.<\/p>\n\n\n\n<p>Sovelluksen tietosivulta l\u00f6ytyv\u00e4t mm. tieto sovelluksen tarvitsemasta levytilasta, sovelluksen versiotiedot ja sovelluksen esittely. Klikkaa Asenna t\u00e4m\u00e4 sovellus. Jos olet siirt\u00e4m\u00e4ss\u00e4 vastaavan sovelluksen asennusta toisesta webhotellista, voit valita Tuo olemassaoleva asennus. Lue ohje t\u00e4\u00e4lt\u00e4:<\/p>\n\n\n\n<figure class=\"wp-block-image size-full\"><img loading=\"lazy\" decoding=\"async\" width=\"900\" height=\"595\" src=\"https:\/\/www.zoner.fi\/tuki\/wp-content\/uploads\/2022\/08\/installatron-sovellukset-yksittainen-sovellus-asenna-lisatiedot.jpg\" alt=\"\" class=\"wp-image-130156\" srcset=\"https:\/\/www.zoner.fi\/tuki\/wp-content\/uploads\/2022\/08\/installatron-sovellukset-yksittainen-sovellus-asenna-lisatiedot.jpg 900w, https:\/\/www.zoner.fi\/tuki\/wp-content\/uploads\/2022\/08\/installatron-sovellukset-yksittainen-sovellus-asenna-lisatiedot-300x198.jpg 300w, https:\/\/www.zoner.fi\/tuki\/wp-content\/uploads\/2022\/08\/installatron-sovellukset-yksittainen-sovellus-asenna-lisatiedot-768x508.jpg 768w\" sizes=\"auto, (max-width: 900px) 100vw, 900px\" \/><\/figure>\n\n\n\n<p>Siirryt asennuksen asetusten valintaan. Valitse, mihin sovellus asennetaan, luo k\u00e4ytt\u00e4j\u00e4tunnus ja salasana ja valitse, miten haluat toimia p\u00e4ivitysten suhteen.<\/p>\n\n\n\n<figure class=\"wp-block-image size-full\"><img loading=\"lazy\" decoding=\"async\" width=\"900\" height=\"690\" src=\"https:\/\/www.zoner.fi\/tuki\/wp-content\/uploads\/2022\/08\/installatron-asenna-prestashop-aloitus.jpg\" alt=\"\" class=\"wp-image-130155\" srcset=\"https:\/\/www.zoner.fi\/tuki\/wp-content\/uploads\/2022\/08\/installatron-asenna-prestashop-aloitus.jpg 900w, https:\/\/www.zoner.fi\/tuki\/wp-content\/uploads\/2022\/08\/installatron-asenna-prestashop-aloitus-300x230.jpg 300w, https:\/\/www.zoner.fi\/tuki\/wp-content\/uploads\/2022\/08\/installatron-asenna-prestashop-aloitus-768x589.jpg 768w\" sizes=\"auto, (max-width: 900px) 100vw, 900px\" \/><\/figure>\n\n\n\n<p>M\u00e4\u00e4rittele automaattisten p\u00e4ivitysten sek\u00e4 varmuuskopioinnin asetukset, s\u00e4ilytyspaikka ja tallennustiheys. <a href=\"https:\/\/www.zoner.fi\/tuki\/webhotellit\/miten-hallinnoin-kotisivujeni-automaattisia-paivityksia-ja-varmuuskopiointia\/\">Lue n\u00e4ist\u00e4 toiminnoista lis\u00e4\u00e4 t\u00e4\u00e4lt\u00e4<\/a>. Klikkaa lopuksi Asenna.<\/p>\n\n\n\n<figure class=\"wp-block-image size-full\"><img loading=\"lazy\" decoding=\"async\" width=\"900\" height=\"381\" src=\"https:\/\/www.zoner.fi\/tuki\/wp-content\/uploads\/2022\/08\/installatron-asenna-prestashop-varmuuskopiot.jpg\" alt=\"\" class=\"wp-image-130157\" srcset=\"https:\/\/www.zoner.fi\/tuki\/wp-content\/uploads\/2022\/08\/installatron-asenna-prestashop-varmuuskopiot.jpg 900w, https:\/\/www.zoner.fi\/tuki\/wp-content\/uploads\/2022\/08\/installatron-asenna-prestashop-varmuuskopiot-300x127.jpg 300w, https:\/\/www.zoner.fi\/tuki\/wp-content\/uploads\/2022\/08\/installatron-asenna-prestashop-varmuuskopiot-768x325.jpg 768w\" sizes=\"auto, (max-width: 900px) 100vw, 900px\" \/><\/figure>\n\n\n\n<p>Kun sovellus on asennettu, siirryt Sovellukset v\u00e4lilehdelle ja n\u00e4et asentamasi sovelluksen perustiedot. Voit muokata asennuksen tietoja, kopioda tai poistaa asennuksen. Perustiedoista l\u00f6ytyy my\u00f6s linkki sovelluksen hallintasivulle.<\/p>\n\n\n\n<figure class=\"wp-block-image size-full\"><img loading=\"lazy\" decoding=\"async\" width=\"900\" height=\"488\" src=\"https:\/\/www.zoner.fi\/tuki\/wp-content\/uploads\/2022\/08\/installatron-asennettu-ohjelma-listaus.jpg\" alt=\"\" class=\"wp-image-130152\" srcset=\"https:\/\/www.zoner.fi\/tuki\/wp-content\/uploads\/2022\/08\/installatron-asennettu-ohjelma-listaus.jpg 900w, https:\/\/www.zoner.fi\/tuki\/wp-content\/uploads\/2022\/08\/installatron-asennettu-ohjelma-listaus-300x163.jpg 300w, https:\/\/www.zoner.fi\/tuki\/wp-content\/uploads\/2022\/08\/installatron-asennettu-ohjelma-listaus-768x416.jpg 768w\" sizes=\"auto, (max-width: 900px) 100vw, 900px\" \/><\/figure>\n\n\n\n<p>P\u00e4\u00e4set takaisin DirectAdmin-hallintapaneeliin klikkaamalla oikean yl\u00e4kulman talo-kuvaketta (kohta 4).<\/p>\n","protected":false},"excerpt":{"rendered":"<p>T\u00e4ss\u00e4 ohjeessa esitell\u00e4\u00e4n Installatron-asennusohjelma. <\/p>\n","protected":false},"author":15,"featured_media":0,"parent":129010,"menu_order":0,"comment_status":"closed","ping_status":"closed","template":"","meta":{"_relevanssi_hide_post":"","_relevanssi_hide_content":"","_relevanssi_pin_for_all":"","_relevanssi_pin_keywords":"","_relevanssi_unpin_keywords":"","_relevanssi_related_keywords":"","_relevanssi_related_include_ids":"","_relevanssi_related_exclude_ids":"","_relevanssi_related_no_append":"","_relevanssi_related_not_related":"","_relevanssi_related_posts":"1063,1066,1076","_relevanssi_noindex_reason":"","footnotes":""},"categories":[192],"tags":[95],"wf_page_folders":[],"class_list":{"0":"post-129667","1":"page","2":"type-page","3":"status-publish","5":"category-directadmin","6":"tag-ohjelmistot"},"_links":{"self":[{"href":"https:\/\/www.zoner.fi\/tuki\/wp-json\/wp\/v2\/pages\/129667","targetHints":{"allow":["GET"]}}],"collection":[{"href":"https:\/\/www.zoner.fi\/tuki\/wp-json\/wp\/v2\/pages"}],"about":[{"href":"https:\/\/www.zoner.fi\/tuki\/wp-json\/wp\/v2\/types\/page"}],"author":[{"embeddable":true,"href":"https:\/\/www.zoner.fi\/tuki\/wp-json\/wp\/v2\/users\/15"}],"replies":[{"embeddable":true,"href":"https:\/\/www.zoner.fi\/tuki\/wp-json\/wp\/v2\/comments?post=129667"}],"version-history":[{"count":7,"href":"https:\/\/www.zoner.fi\/tuki\/wp-json\/wp\/v2\/pages\/129667\/revisions"}],"predecessor-version":[{"id":137483,"href":"https:\/\/www.zoner.fi\/tuki\/wp-json\/wp\/v2\/pages\/129667\/revisions\/137483"}],"up":[{"embeddable":true,"href":"https:\/\/www.zoner.fi\/tuki\/wp-json\/wp\/v2\/pages\/129010"}],"wp:attachment":[{"href":"https:\/\/www.zoner.fi\/tuki\/wp-json\/wp\/v2\/media?parent=129667"}],"wp:term":[{"taxonomy":"category","embeddable":true,"href":"https:\/\/www.zoner.fi\/tuki\/wp-json\/wp\/v2\/categories?post=129667"},{"taxonomy":"post_tag","embeddable":true,"href":"https:\/\/www.zoner.fi\/tuki\/wp-json\/wp\/v2\/tags?post=129667"},{"taxonomy":"wf_page_folders","embeddable":true,"href":"https:\/\/www.zoner.fi\/tuki\/wp-json\/wp\/v2\/wf_page_folders?post=129667"}],"curies":[{"name":"wp","href":"https:\/\/api.w.org\/{rel}","templated":true}]}}