{"id":129671,"date":"2020-02-28T12:08:00","date_gmt":"2020-02-28T10:08:00","guid":{"rendered":"https:\/\/www.zoner.fi\/tuki\/?page_id=129671"},"modified":"2025-11-12T13:50:17","modified_gmt":"2025-11-12T11:50:17","slug":"miten-lahetan-sahkopostiviesteja-wordpress-sivustolta","status":"publish","type":"page","link":"https:\/\/www.zoner.fi\/tuki\/webhotellit\/miten-lahetan-sahkopostiviesteja-wordpress-sivustolta\/","title":{"rendered":"Miten l\u00e4het\u00e4n s\u00e4hk\u00f6postiviestej\u00e4 WordPress-sivustolta webhotellissa?"},"content":{"rendered":"\n<p>Sivustot tarvitsevat viestien l\u00e4hetysominaisuutta esimerkiksi yhteydenottolomakkeiden viestien ja verkkokaupan tilauksia koskevien viestien l\u00e4hett\u00e4miseen. WordPress k\u00e4ytt\u00e4\u00e4 viestien l\u00e4hett\u00e4miseen oletuksena PHP mail -toimintoa, jota <a href=\"https:\/\/www.zoner.fi\/webhotellit\/\">webhotellit<\/a> eiv\u00e4t salli tietoturvasyist\u00e4. Voidaksesi hy\u00f6dynt\u00e4\u00e4 WordPressin viestitoimintoja webhotellissa, sinun pit\u00e4\u00e4 asentaa ja aktivoida SMTP-l\u00e4hetystapa k\u00e4ytt\u00f6\u00f6n sivustolle.<\/p>\n\n\n\n<p>T\u00e4ss\u00e4 ohjeessa k\u00e4ymme l\u00e4pi Easy WP SMTP -lis\u00e4osan asennuksen ja m\u00e4\u00e4rityksen. Voit tietenkin k\u00e4ytt\u00e4\u00e4 mit\u00e4 tahansa haluamaasi SMTP-lis\u00e4osaa yhteyden m\u00e4\u00e4ritt\u00e4miseen. WP.one <a href=\"https:\/\/www.zoner.fi\/wordpress\/wp.one\/\">WordPress hosting <\/a>-palvelussa ei tarvita erillist\u00e4 SMTP-lis\u00e4osaa viestien l\u00e4hetykseen.<\/p>\n\n\n\n<h3 class=\"wp-block-heading\">Easy WP SMTP -lis\u00e4osan asennus ja m\u00e4\u00e4ritys<\/h3>\n\n\n\n<p><strong>1. Luo uusi s\u00e4hk\u00f6postilaatikko<\/strong><\/p>\n\n\n\n<p>Voit my\u00f6s k\u00e4ytt\u00e4\u00e4 vanhaa olemassa olevaa laatikkoa, mutta suosittelemme luomaan yhden s\u00e4hk\u00f6postilaatikon vain SMTP-l\u00e4hetystapaa varten.<\/p>\n\n\n\n<p>S\u00e4hk\u00f6postilaatikon luonnista <a href=\"https:\/\/www.zoner.fi\/tuki\/sahkopostiohjeet\/miten-luon-sahkopostilaatikon-webhotellissa\/\">l\u00f6yd\u00e4t ohjeen t\u00e4\u00e4lt\u00e4<\/a>.<\/p>\n\n\n\n<p><strong>2. Asenna SMTP lis\u00e4osa<\/strong><\/p>\n\n\n\n<p>Kirjaudu WordPress-hallintapaneeliin ja valitse Lis\u00e4osat<\/p>\n\n\n\n<p>Valitse Lis\u00e4\u00e4 uusi<\/p>\n\n\n\n<figure class=\"wp-block-image size-full\"><img loading=\"lazy\" decoding=\"async\" width=\"500\" height=\"156\" src=\"https:\/\/www.zoner.fi\/tuki\/wp-content\/uploads\/2022\/08\/smtp-wp-lisaa-uusi-lisaosa-e1551352647229.jpg\" alt=\"\" class=\"wp-image-130266\" srcset=\"https:\/\/www.zoner.fi\/tuki\/wp-content\/uploads\/2022\/08\/smtp-wp-lisaa-uusi-lisaosa-e1551352647229.jpg 500w, https:\/\/www.zoner.fi\/tuki\/wp-content\/uploads\/2022\/08\/smtp-wp-lisaa-uusi-lisaosa-e1551352647229-300x94.jpg 300w\" sizes=\"auto, (max-width: 500px) 100vw, 500px\" \/><\/figure>\n\n\n\n<p>Kirjoita Etsi lis\u00e4osia -hakukentt\u00e4\u00e4n Easy WP SMTP<\/p>\n\n\n\n<figure class=\"wp-block-image size-full\"><img loading=\"lazy\" decoding=\"async\" width=\"500\" height=\"71\" src=\"https:\/\/www.zoner.fi\/tuki\/wp-content\/uploads\/2022\/08\/smtp-wp-lisaosa-etsi.jpg\" alt=\"\" class=\"wp-image-130263\" srcset=\"https:\/\/www.zoner.fi\/tuki\/wp-content\/uploads\/2022\/08\/smtp-wp-lisaosa-etsi.jpg 500w, https:\/\/www.zoner.fi\/tuki\/wp-content\/uploads\/2022\/08\/smtp-wp-lisaosa-etsi-300x43.jpg 300w\" sizes=\"auto, (max-width: 500px) 100vw, 500px\" \/><\/figure>\n\n\n\n<p>Valitse Easy WP SMTP ja asenna se WordPressiin klikkaamalla Asenna nyt.<\/p>\n\n\n\n<figure class=\"wp-block-image size-full\"><img loading=\"lazy\" decoding=\"async\" width=\"573\" height=\"333\" src=\"https:\/\/www.zoner.fi\/tuki\/wp-content\/uploads\/2023\/02\/easywpsmtp-asennus-1-1.jpg\" alt=\"\" class=\"wp-image-130676\" srcset=\"https:\/\/www.zoner.fi\/tuki\/wp-content\/uploads\/2023\/02\/easywpsmtp-asennus-1-1.jpg 573w, https:\/\/www.zoner.fi\/tuki\/wp-content\/uploads\/2023\/02\/easywpsmtp-asennus-1-1-300x174.jpg 300w\" sizes=\"auto, (max-width: 573px) 100vw, 573px\" \/><\/figure>\n\n\n\n<p>Aktivoi lis\u00e4osa k\u00e4ytt\u00f6\u00f6n klikkaamalla Ota k\u00e4ytt\u00f6\u00f6n.<\/p>\n\n\n\n<figure class=\"wp-block-image size-full\"><img loading=\"lazy\" decoding=\"async\" width=\"584\" height=\"345\" src=\"https:\/\/www.zoner.fi\/tuki\/wp-content\/uploads\/2023\/02\/easywpsmtp-asennus-2-1.jpg\" alt=\"\" class=\"wp-image-130677\" srcset=\"https:\/\/www.zoner.fi\/tuki\/wp-content\/uploads\/2023\/02\/easywpsmtp-asennus-2-1.jpg 584w, https:\/\/www.zoner.fi\/tuki\/wp-content\/uploads\/2023\/02\/easywpsmtp-asennus-2-1-300x177.jpg 300w\" sizes=\"auto, (max-width: 584px) 100vw, 584px\" \/><\/figure>\n\n\n\n<p><strong>3. Asetusten m\u00e4\u00e4ritys.<\/strong><\/p>\n\n\n\n<p>Easy WP SMTP -asetuksiin p\u00e4\u00e4set klikkaamalla vasemman reunan valikosta Easy WP SMTP ja Settings.<\/p>\n\n\n\n<figure class=\"wp-block-image size-full is-resized\"><img loading=\"lazy\" decoding=\"async\" width=\"334\" height=\"175\" src=\"https:\/\/www.zoner.fi\/tuki\/wp-content\/uploads\/2023\/02\/easywpsmtp-asetukset-1.jpg\" alt=\"\" class=\"wp-image-130679\" style=\"width:440px;height:231px\" srcset=\"https:\/\/www.zoner.fi\/tuki\/wp-content\/uploads\/2023\/02\/easywpsmtp-asetukset-1.jpg 334w, https:\/\/www.zoner.fi\/tuki\/wp-content\/uploads\/2023\/02\/easywpsmtp-asetukset-1-300x157.jpg 300w\" sizes=\"auto, (max-width: 334px) 100vw, 334px\" \/><\/figure>\n\n\n\n<p>Valitse Other SMTP<\/p>\n\n\n\n<figure class=\"wp-block-image size-large\"><img loading=\"lazy\" decoding=\"async\" width=\"1024\" height=\"305\" src=\"https:\/\/www.zoner.fi\/tuki\/wp-content\/uploads\/2023\/02\/easywpsmtp-asetukset-2-1024x305.jpg\" alt=\"\" class=\"wp-image-130680\" srcset=\"https:\/\/www.zoner.fi\/tuki\/wp-content\/uploads\/2023\/02\/easywpsmtp-asetukset-2-1024x305.jpg 1024w, https:\/\/www.zoner.fi\/tuki\/wp-content\/uploads\/2023\/02\/easywpsmtp-asetukset-2-300x89.jpg 300w, https:\/\/www.zoner.fi\/tuki\/wp-content\/uploads\/2023\/02\/easywpsmtp-asetukset-2-768x229.jpg 768w, https:\/\/www.zoner.fi\/tuki\/wp-content\/uploads\/2023\/02\/easywpsmtp-asetukset-2.jpg 1190w\" sizes=\"auto, (max-width: 1024px) 100vw, 1024px\" \/><\/figure>\n\n\n\n<p>T\u00e4yt\u00e4 asetuksiin seuraavat tiedot ja tallenna muutokset klikkaamalla Save Changes.<\/p>\n\n\n\n<figure class=\"wp-block-table\"><table><tbody><tr><td><strong>SMTP Host<\/strong><\/td><td>localhost<\/td><\/tr><tr><td><strong>Type of Encryption<\/strong><\/td><td>None<\/td><\/tr><tr><td><strong>SMTP Port<\/strong><\/td><td>587<\/td><\/tr><tr><td><strong>Auto TLS<\/strong><\/td><td>OFF<\/td><\/tr><tr><td><strong>SMTP Authentication<\/strong><\/td><td>ON<\/td><\/tr><tr><td><strong>SMTP username<\/strong><\/td><td>Uuden s\u00e4hk\u00f6postin s\u00e4hk\u00f6postiosoite<\/td><\/tr><tr><td><strong>SMTP Password<\/strong><\/td><td>Uuden s\u00e4hk\u00f6postin salasana<\/td><\/tr><tr><td><strong>From Email Address<\/strong><\/td><td>Uuden s\u00e4hk\u00f6postin s\u00e4hk\u00f6postiosoite<\/td><\/tr><tr><td><strong>From Name<\/strong><\/td><td>Vastaanottajalle n\u00e4kyv\u00e4 l\u00e4hett\u00e4j\u00e4n nimi<\/td><\/tr><\/tbody><\/table><\/figure>\n\n\n\n<figure class=\"wp-block-image size-large is-resized\"><img loading=\"lazy\" decoding=\"async\" width=\"867\" height=\"1024\" src=\"https:\/\/www.zoner.fi\/tuki\/wp-content\/uploads\/2023\/02\/easywpsmtp-asetukset-3-867x1024.jpg\" alt=\"\" class=\"wp-image-130681\" style=\"width:928px;height:1096px\" srcset=\"https:\/\/www.zoner.fi\/tuki\/wp-content\/uploads\/2023\/02\/easywpsmtp-asetukset-3-867x1024.jpg 867w, https:\/\/www.zoner.fi\/tuki\/wp-content\/uploads\/2023\/02\/easywpsmtp-asetukset-3-254x300.jpg 254w, https:\/\/www.zoner.fi\/tuki\/wp-content\/uploads\/2023\/02\/easywpsmtp-asetukset-3-768x907.jpg 768w, https:\/\/www.zoner.fi\/tuki\/wp-content\/uploads\/2023\/02\/easywpsmtp-asetukset-3.jpg 947w\" sizes=\"auto, (max-width: 867px) 100vw, 867px\" \/><\/figure>\n\n\n\n<h3 class=\"wp-block-heading\">Testaa viestin l\u00e4hetyst\u00e4<\/h3>\n\n\n\n<p>Muista my\u00f6s testata viestin l\u00e4hetyksen onnistuminen. Voit l\u00e4hett\u00e4\u00e4 itsellesi testiviestin Send a Test -valikosta.<\/p>\n\n\n\n<p>Testaa my\u00f6s varsinaisen lomakkeen toiminta, sill\u00e4 moni l\u00e4hetysongelmista voi johtua my\u00f6s varsinaisen lomakety\u00f6kalun omista m\u00e4\u00e4rityksist\u00e4.<\/p>\n","protected":false},"excerpt":{"rendered":"<p>WordPress k\u00e4ytt\u00e4\u00e4 viestien l\u00e4hett\u00e4miseen oletuksena PHP mail -toimintoa, joka on tietoturvasyist\u00e4 estetty webhotelleissamme. Voidaksesi hy\u00f6dynt\u00e4\u00e4 WordPressin viestitoimintoja, sinun pit\u00e4\u00e4 asentaa ja aktivoida SMTP-l\u00e4hetystapa k\u00e4ytt\u00f6\u00f6n.<\/p>\n<p>T\u00e4ss\u00e4 ohjeessa k\u00e4ymme l\u00e4pi Easy WP SMTP -lis\u00e4osan asennuksen ja m\u00e4\u00e4rityksen.<\/p>\n","protected":false},"author":15,"featured_media":0,"parent":129010,"menu_order":0,"comment_status":"closed","ping_status":"closed","template":"","meta":{"_relevanssi_hide_post":"","_relevanssi_hide_content":"","_relevanssi_pin_for_all":"","_relevanssi_pin_keywords":"","_relevanssi_unpin_keywords":"","_relevanssi_related_keywords":"","_relevanssi_related_include_ids":"","_relevanssi_related_exclude_ids":"","_relevanssi_related_no_append":"","_relevanssi_related_not_related":"","_relevanssi_related_posts":"1066,1063,1076","_relevanssi_noindex_reason":"","footnotes":""},"categories":[72],"tags":[100],"wf_page_folders":[],"class_list":{"0":"post-129671","1":"page","2":"type-page","3":"status-publish","5":"category-wordpress","6":"tag-wordpressin-perusohjeet"},"_links":{"self":[{"href":"https:\/\/www.zoner.fi\/tuki\/wp-json\/wp\/v2\/pages\/129671","targetHints":{"allow":["GET"]}}],"collection":[{"href":"https:\/\/www.zoner.fi\/tuki\/wp-json\/wp\/v2\/pages"}],"about":[{"href":"https:\/\/www.zoner.fi\/tuki\/wp-json\/wp\/v2\/types\/page"}],"author":[{"embeddable":true,"href":"https:\/\/www.zoner.fi\/tuki\/wp-json\/wp\/v2\/users\/15"}],"replies":[{"embeddable":true,"href":"https:\/\/www.zoner.fi\/tuki\/wp-json\/wp\/v2\/comments?post=129671"}],"version-history":[{"count":8,"href":"https:\/\/www.zoner.fi\/tuki\/wp-json\/wp\/v2\/pages\/129671\/revisions"}],"predecessor-version":[{"id":131437,"href":"https:\/\/www.zoner.fi\/tuki\/wp-json\/wp\/v2\/pages\/129671\/revisions\/131437"}],"up":[{"embeddable":true,"href":"https:\/\/www.zoner.fi\/tuki\/wp-json\/wp\/v2\/pages\/129010"}],"wp:attachment":[{"href":"https:\/\/www.zoner.fi\/tuki\/wp-json\/wp\/v2\/media?parent=129671"}],"wp:term":[{"taxonomy":"category","embeddable":true,"href":"https:\/\/www.zoner.fi\/tuki\/wp-json\/wp\/v2\/categories?post=129671"},{"taxonomy":"post_tag","embeddable":true,"href":"https:\/\/www.zoner.fi\/tuki\/wp-json\/wp\/v2\/tags?post=129671"},{"taxonomy":"wf_page_folders","embeddable":true,"href":"https:\/\/www.zoner.fi\/tuki\/wp-json\/wp\/v2\/wf_page_folders?post=129671"}],"curies":[{"name":"wp","href":"https:\/\/api.w.org\/{rel}","templated":true}]}}