{"id":129673,"date":"2019-02-24T12:11:00","date_gmt":"2019-02-24T10:11:00","guid":{"rendered":"https:\/\/www.zoner.fi\/tuki\/?page_id=129673"},"modified":"2025-09-17T14:49:01","modified_gmt":"2025-09-17T11:49:01","slug":"miten-muokkaan-dns-tietueita-webhotellissa","status":"publish","type":"page","link":"https:\/\/www.zoner.fi\/tuki\/webhotellit\/miten-muokkaan-dns-tietueita-webhotellissa\/","title":{"rendered":"DNS-tietueiden muokkaus"},"content":{"rendered":"\n<p>DNS-tietueiden muokkaaminen tarkoittaa k\u00e4yt\u00e4nn\u00f6ss\u00e4 vanhan tietueen poistamista ja uuden tietueen lis\u00e4\u00e4mist\u00e4 DNS-hallinnasta k\u00e4sin.<\/p>\n\n\n\n<p>Katso my\u00f6s kirjoitus: <a href=\"https:\/\/www.zoner.fi\/verkkotunnus\/dns-hallinta\/\">DNS-hallinnan lyhyt oppim\u00e4\u00e4r\u00e4<\/a><\/p>\n\n\n\n<p>Tietue koostuu kolmesta kohdasta, jotka ovat: nimi, tyyppi ja arvo (name, type ja value).<\/p>\n\n\n\n<ul class=\"wp-block-list\">\n<li><strong>Nimi<\/strong>&nbsp;m\u00e4\u00e4ritt\u00e4\u00e4 tietueen nimen, eli esimerkiksi osoitteen, jota DNS-kysely koskee.<\/li>\n\n\n\n<li><strong>Tyyppi<\/strong> m\u00e4\u00e4ritt\u00e4\u00e4 mink\u00e4laisesta tietueesta on kyse. Katso alempaa kuvaukset yleisimmist\u00e4 tietueista.<\/li>\n\n\n\n<li><strong>Arvo<\/strong> m\u00e4\u00e4ritt\u00e4\u00e4 sen, mit\u00e4 tietue palauttaa kyselyn tekij\u00e4lle.<\/li>\n<\/ul>\n\n\n\n<p>Piste eli . -merkki p\u00e4\u00e4tt\u00e4\u00e4 nimen tai arvon. Mik\u00e4li selkokielinen osoite ilmoitetaan ilman . -merkki\u00e4, lis\u00e4t\u00e4\u00e4n useimmissa DNS-hallinnoissa automaattisesti varsinainen verkkotunnus osoitteen per\u00e4\u00e4n. Esimerkiksi tietueen nimi www muuttuisi automaattisesti muotoon www.domaintesti.fi, koska sille ei ole m\u00e4\u00e4ritetty . -merkki\u00e4 loppuun. Poikkeuksen tekev\u00e4t numeraaliset IP-osoitteet, joita ei tarvitse p\u00e4\u00e4tt\u00e4\u00e4 . -merkill\u00e4.<\/p>\n\n\n\n<p>Huomioi my\u00f6s, ett\u00e4 www.domaintesti.fi ja&nbsp;domaintesti.fi (ilman www. alkuosaa) ovat kaksi eri osoitetta ja tietuetta. Www on siis vain alidomain, jota usein k\u00e4ytet\u00e4\u00e4n ilmaisemaan kotisivujen osoitetta. Tyypillinen virhe on luoda DNS-ohjaus vain www.-etuliitteen sis\u00e4lt\u00e4v\u00e4lle osoitteelle, jolloin verkkotunnus ilman www.-etuliitett\u00e4 ei pahimmassa tapauksessa ohjaudu samaan paikkaan.<\/p>\n\n\n\n<p><strong>Yleisi\u00e4 tietueita<\/strong><\/p>\n\n\n\n<p><strong>A tietue&nbsp;<\/strong>(Address record)<\/p>\n\n\n\n<p>A tietueella ohjataan verkkotunnuksen, tai sen alidomainin, liikenne haluttuun&nbsp;<strong>IP-osoitteeseen<\/strong>.<\/p>\n\n\n\n<p><strong>CNAME<\/strong>&nbsp;(Canonical Name record)<br>CNAME ohjaa verkkotunnuksen alidomainin liikenteen johonkin toiseen verkkotunnukseen tai sen alidomainiin.<br>Huomionarvoista on, ett\u00e4 esimerkiksi www. (esim. www.omadomain.fi) lasketaan aliverkkotunnukseksi, jonka liikenteen voisi ohjata vaikkapa yrityksendomain.fi osoitteeseen, mutta omadomain.fi verkkotunnuksen liikennett\u00e4, ilman www -etuliitett\u00e4, ei pysty ohjaamaan CNAME tietueella.<br>Toisin kuin A-tietueet, CNAME-tietue ei voi ohjata suoraan johonkin IP-osoitteeseen.<\/p>\n\n\n\n<p><strong>MX-tietue<\/strong>&nbsp;(Mail Exchanger record)<br>MX-tietueet liittyv\u00e4t oleellisesti verkkotunnukseen liitettyihin s\u00e4hk\u00f6posteihin. MX-tietueiden tarkoitus on siis ohjata s\u00e4hk\u00f6postiliikenne haluttuun palveluun.<br>Hyvin yleinen harhaluulo on, ett\u00e4 verkkotunnuksen s\u00e4hk\u00f6postipalveluiden t\u00e4ytyy sijaita samalla palveluntarjoajalla, kuin verkkotunnus tai esimerkiksi muu webhotelli. N\u00e4in ei kuitenkaan ole, ja MX-tietueiden avulla on mahdollista hankkia s\u00e4hk\u00f6postipalvelut mist\u00e4 tahansa halutusta palvelusta.<\/p>\n\n\n\n<p><strong>TXT tietue<\/strong>&nbsp;(Text record)<br>TXT tietue on nimenomaisesti teksti\u00e4, joka voidaan lis\u00e4t\u00e4 verkkotunnuksen DNS tietoihin. T\u00e4m\u00e4n lis\u00e4tyn tekstin pohjalta voidaan hy\u00f6dynt\u00e4\u00e4 esimerkiksi erilaisia varmennuksia ulkoisista palveluista. Tekstitietue kirjoitetaan usein \u201d \u201d eli lainausmerkkien v\u00e4liin, erityisesti mik\u00e4li sen sis\u00e4ll\u00e4 on v\u00e4lily\u00f6ntej\u00e4. Verkkotunnuksella voi olla samanaikaisesti useampia eri TXT tietueita k\u00e4yt\u00f6ss\u00e4.<\/p>\n\n\n\n<h3 class=\"wp-block-heading\">DNS-tietueiden muokkaaminen<\/h3>\n\n\n\n<p>Zonerin <a href=\"https:\/\/www.zoner.fi\/webhotellit\/\">webhotellit <\/a>mahdollistavat DNS-tietueiden muokkaamisen suoraan hallintapaneelista. <\/p>\n\n\n\n<p>1. Kirjaudu sis\u00e4\u00e4n webhotellin DirectAdmin-hallintapaneeliin.<\/p>\n\n\n\n<p>2. Jos sinulla on kauttamme useampi <a href=\"https:\/\/www.zoner.fi\/verkkotunnus\/\">verkkotunnus<\/a>, valitse ensin se <a href=\"https:\/\/www.zoner.fi\/english\/domain\/\">domain<\/a>, johon haluat kohdentaa muokkauksen. Ohje muokattavan domainin valintaan l\u00f6ytyy&nbsp;<a href=\"https:\/\/www.zoner.fi\/tuki\/webhotellit\/miten-kaytan-directadmin-hallintapaneelia\/\">t\u00e4\u00e4lt\u00e4<\/a>.<\/p>\n\n\n\n<p>3. Valitse p\u00e4\u00e4valikosta <strong>Tilin hallinta<\/strong> \u2192 <strong>DNS-hallinta<\/strong>.<\/p>\n\n\n\n<figure class=\"wp-block-image size-full\"><img loading=\"lazy\" decoding=\"async\" width=\"736\" height=\"552\" src=\"https:\/\/www.zoner.fi\/tuki\/wp-content\/uploads\/2025\/09\/direct-admin-dnshallinta.png\" alt=\"\" class=\"wp-image-137336\" srcset=\"https:\/\/www.zoner.fi\/tuki\/wp-content\/uploads\/2025\/09\/direct-admin-dnshallinta.png 736w, https:\/\/www.zoner.fi\/tuki\/wp-content\/uploads\/2025\/09\/direct-admin-dnshallinta-300x225.png 300w\" sizes=\"auto, (max-width: 736px) 100vw, 736px\" \/><\/figure>\n\n\n\n<p>4. Avautuvalla DNS-hallinta -sivulla voit lis\u00e4t\u00e4 uusia tietueita sek\u00e4 poistaa ja muokata olemassa olevia tietueita.<\/p>\n\n\n\n<figure class=\"wp-block-image size-full\"><img loading=\"lazy\" decoding=\"async\" width=\"900\" height=\"187\" src=\"https:\/\/www.zoner.fi\/tuki\/wp-content\/uploads\/2022\/08\/dns-hallinta-lisaa-tietue-korvaa-ttl-arvo.jpg\" alt=\"\" class=\"wp-image-129977\" srcset=\"https:\/\/www.zoner.fi\/tuki\/wp-content\/uploads\/2022\/08\/dns-hallinta-lisaa-tietue-korvaa-ttl-arvo.jpg 900w, https:\/\/www.zoner.fi\/tuki\/wp-content\/uploads\/2022\/08\/dns-hallinta-lisaa-tietue-korvaa-ttl-arvo-300x62.jpg 300w, https:\/\/www.zoner.fi\/tuki\/wp-content\/uploads\/2022\/08\/dns-hallinta-lisaa-tietue-korvaa-ttl-arvo-768x160.jpg 768w\" sizes=\"auto, (max-width: 900px) 100vw, 900px\" \/><\/figure>\n\n\n\n<p>Muutokset tulevat voimaan nelj\u00e4n tunnin kuluessa.<\/p>\n\n\n\n<p>Ennen kuin lis\u00e4\u00e4t uuden tietueen tulee vanha poistaa. Se onnistuu laittamalla valinnan tietueen vasemmassa reunassa olevaan ruutuun ja klikkaamalla <strong>Poista<\/strong>.<\/p>\n\n\n\n<p>Uusia tietueita lis\u00e4t\u00e4\u00e4n vihre\u00e4n <strong>Lis\u00e4\u00e4 tietue<\/strong> -painikkeen kautta. Muista tallentaa tekem\u00e4si muutokset klikkaamalla <strong>Lis\u00e4\u00e4<\/strong>.<\/p>\n\n\n\n<p>Tietuetta p\u00e4\u00e4see muokkaamaan klikkaamalla tietueen rivill\u00e4 n\u00e4kyv\u00e4\u00e4 kyn\u00e4-kuvaketta.<\/p>\n\n\n\n<p><\/p>\n","protected":false},"excerpt":{"rendered":"<p>T\u00e4ss\u00e4 ohjeessa k\u00e4yd\u00e4\u00e4n l\u00e4pi webhotellien DNS-muokkaus. <\/p>\n","protected":false},"author":15,"featured_media":0,"parent":129010,"menu_order":0,"comment_status":"closed","ping_status":"closed","template":"","meta":{"_relevanssi_hide_post":"","_relevanssi_hide_content":"","_relevanssi_pin_for_all":"","_relevanssi_pin_keywords":"","_relevanssi_unpin_keywords":"","_relevanssi_related_keywords":"","_relevanssi_related_include_ids":"","_relevanssi_related_exclude_ids":"","_relevanssi_related_no_append":"","_relevanssi_related_not_related":"","_relevanssi_related_posts":"1063,1066,1076","_relevanssi_noindex_reason":"","footnotes":""},"categories":[192,209],"tags":[207,219],"wf_page_folders":[],"class_list":{"0":"post-129673","1":"page","2":"type-page","3":"status-publish","5":"category-directadmin","6":"category-directadmin-verkkotunnus","7":"tag-dns","8":"tag-verkkotunnusten-hallinta"},"_links":{"self":[{"href":"https:\/\/www.zoner.fi\/tuki\/wp-json\/wp\/v2\/pages\/129673","targetHints":{"allow":["GET"]}}],"collection":[{"href":"https:\/\/www.zoner.fi\/tuki\/wp-json\/wp\/v2\/pages"}],"about":[{"href":"https:\/\/www.zoner.fi\/tuki\/wp-json\/wp\/v2\/types\/page"}],"author":[{"embeddable":true,"href":"https:\/\/www.zoner.fi\/tuki\/wp-json\/wp\/v2\/users\/15"}],"replies":[{"embeddable":true,"href":"https:\/\/www.zoner.fi\/tuki\/wp-json\/wp\/v2\/comments?post=129673"}],"version-history":[{"count":10,"href":"https:\/\/www.zoner.fi\/tuki\/wp-json\/wp\/v2\/pages\/129673\/revisions"}],"predecessor-version":[{"id":137471,"href":"https:\/\/www.zoner.fi\/tuki\/wp-json\/wp\/v2\/pages\/129673\/revisions\/137471"}],"up":[{"embeddable":true,"href":"https:\/\/www.zoner.fi\/tuki\/wp-json\/wp\/v2\/pages\/129010"}],"wp:attachment":[{"href":"https:\/\/www.zoner.fi\/tuki\/wp-json\/wp\/v2\/media?parent=129673"}],"wp:term":[{"taxonomy":"category","embeddable":true,"href":"https:\/\/www.zoner.fi\/tuki\/wp-json\/wp\/v2\/categories?post=129673"},{"taxonomy":"post_tag","embeddable":true,"href":"https:\/\/www.zoner.fi\/tuki\/wp-json\/wp\/v2\/tags?post=129673"},{"taxonomy":"wf_page_folders","embeddable":true,"href":"https:\/\/www.zoner.fi\/tuki\/wp-json\/wp\/v2\/wf_page_folders?post=129673"}],"curies":[{"name":"wp","href":"https:\/\/api.w.org\/{rel}","templated":true}]}}