{"id":129676,"date":"2019-02-24T12:13:00","date_gmt":"2019-02-24T10:13:00","guid":{"rendered":"https:\/\/www.zoner.fi\/tuki\/?page_id=129676"},"modified":"2025-11-12T13:48:21","modified_gmt":"2025-11-12T11:48:21","slug":"miten-maaritan-mx-tietueet-webhotellissa","status":"publish","type":"page","link":"https:\/\/www.zoner.fi\/tuki\/webhotellit\/miten-maaritan-mx-tietueet-webhotellissa\/","title":{"rendered":"MX-tietueiden m\u00e4\u00e4ritys"},"content":{"rendered":"\n<p>T\u00e4ss\u00e4 ohjeessa k\u00e4ymme l\u00e4pi, kuinka saat muokattua MX-tietueita, jos sinulla on <a href=\"https:\/\/www.zoner.fi\/webhotellit\/\">webhotelli <\/a>Zonerilta. <\/p>\n\n\n\n<p>T\u00e4\u00e4lt\u00e4 l\u00f6yd\u00e4t tarkemmat ohjeet <a href=\"https:\/\/www.zoner.fi\/tuki\/webhotellit\/miten-aktivoin-google-workspace-sahkopostin-webhotellissa\/\">Googlen<\/a> ja <a href=\"https:\/\/www.zoner.fi\/tuki\/webhotellit\/miten-aktivoin-microsoft-365-sahkopostin-webhotellissa\/\">Office365:n<\/a> s\u00e4hk\u00f6postipalveluita varten.<\/p>\n\n\n\n<h2 class=\"wp-block-heading\">MX-tietueiden m\u00e4\u00e4ritt\u00e4minen, kun s\u00e4hk\u00f6posti toimii ulkopuolisessa palvelussa<\/h2>\n\n\n\n<p>Oletuksena webhotelliin on valmiiksi m\u00e4\u00e4ritetty tarvittavat MX-tietueet, ett\u00e4 s\u00e4hk\u00f6postipalvelut toimivat Zonerin webhotellin kautta.<\/p>\n\n\n\n<p>Mik\u00e4li webhotellissa m\u00e4\u00e4ritetyll\u00e4 verkkotunnuksella k\u00e4ytet\u00e4\u00e4n s\u00e4hk\u00f6postipalveluita webhotellin ulkopuolisessa palvelussa, kuten Office365, vanhan palveluntarjoajaja yms., t\u00e4ytyy webhotellin asetuksia muokata n\u00e4iden mukaisesti. Muussa tapauksessa osa s\u00e4hk\u00f6posteista voi j\u00e4\u00e4d\u00e4 tulematta perille.<\/p>\n\n\n\n<h2 class=\"wp-block-heading\">MX-tietueiden muokkaus<\/h2>\n\n\n\n<p>Kirjaudu sis\u00e4\u00e4n webhotellin DirectAdmin-hallintapaneeliin.<\/p>\n\n\n\n<p>Jos sinulla on kauttamme useampi domain, valitse ensin se domain, johon haluat kohdentaa muokkauksen. Ohje muokattavan domainin valintaan l\u00f6ytyy&nbsp;<a href=\"https:\/\/www.zoner.fi\/tuki\/webhotellit\/miten-kaytan-directadmin-hallintapaneelia\/\">t\u00e4\u00e4lt\u00e4<\/a>.<\/p>\n\n\n\n<p>Valitse p\u00e4\u00e4valikosta S\u00e4hk\u00f6postien hallinta \u2013MX-tietueet<\/p>\n\n\n\n<figure class=\"wp-block-image size-full\"><img loading=\"lazy\" decoding=\"async\" width=\"500\" height=\"298\" src=\"https:\/\/www.zoner.fi\/tuki\/wp-content\/uploads\/2022\/08\/dns-hallinta-lisaa-tietue-google-mx-records-paavalikko.jpg\" alt=\"\" class=\"wp-image-130086\" srcset=\"https:\/\/www.zoner.fi\/tuki\/wp-content\/uploads\/2022\/08\/dns-hallinta-lisaa-tietue-google-mx-records-paavalikko.jpg 500w, https:\/\/www.zoner.fi\/tuki\/wp-content\/uploads\/2022\/08\/dns-hallinta-lisaa-tietue-google-mx-records-paavalikko-300x179.jpg 300w\" sizes=\"auto, (max-width: 500px) 100vw, 500px\" \/><\/figure>\n\n\n\n<p>Poista vanhat m\u00e4\u00e4ritykset laittamalla valinta m\u00e4\u00e4rityksen kohdalla olevaan ruutuun ja klikkaamalla Poista.<\/p>\n\n\n\n<figure class=\"wp-block-image size-full\"><img loading=\"lazy\" decoding=\"async\" width=\"800\" height=\"140\" src=\"https:\/\/www.zoner.fi\/tuki\/wp-content\/uploads\/2022\/08\/mx-tietueiden-muokkaus.jpg\" alt=\"\" class=\"wp-image-130108\" srcset=\"https:\/\/www.zoner.fi\/tuki\/wp-content\/uploads\/2022\/08\/mx-tietueiden-muokkaus.jpg 800w, https:\/\/www.zoner.fi\/tuki\/wp-content\/uploads\/2022\/08\/mx-tietueiden-muokkaus-300x53.jpg 300w, https:\/\/www.zoner.fi\/tuki\/wp-content\/uploads\/2022\/08\/mx-tietueiden-muokkaus-768x134.jpg 768w\" sizes=\"auto, (max-width: 800px) 100vw, 800px\" \/><\/figure>\n\n\n\n<p>Lis\u00e4\u00e4 sitten uudet tietueet klikkaamalla vihre\u00e4\u00e4 Lis\u00e4\u00e4 tietue -painiketta.<\/p>\n\n\n\n<figure class=\"wp-block-image size-full\"><img loading=\"lazy\" decoding=\"async\" width=\"279\" height=\"128\" src=\"https:\/\/www.zoner.fi\/tuki\/wp-content\/uploads\/2022\/08\/muokkaa-mx-tietueita.jpg\" alt=\"\" class=\"wp-image-130109\"\/><\/figure>\n\n\n\n<p>Avautuvassa ponnahdusikkunassa voidaan muokata luotavaa tietuetta. Suurin osa kentist\u00e4 on jo oletuksena oikein ja muokkaukset koskevat l\u00e4hinn\u00e4 rivi\u00e4 Arvo. Muutokset tallennetaan klikkaamalla Lis\u00e4\u00e4.<\/p>\n\n\n\n<p>Arvo -kent\u00e4ss\u00e4 on kaksi valintaa. Ensimm\u00e4isest\u00e4 pudotusvalikosta valitaan tietueelle prioriteetti. J\u00e4lkimm\u00e4iseen kentt\u00e4\u00e4n sy\u00f6tet\u00e4\u00e4n selkokielinen osoite, johon s\u00e4hk\u00f6postiliikenteen kuuluu ohjautua. Huomaathan, ett\u00e4 osoite tulee p\u00e4\u00e4tt\u00e4\u00e4 . merkkiin, joka p\u00e4\u00e4tt\u00e4\u00e4 tietueen. Ilman pistett\u00e4 kirjoitettava tietue ei l\u00e4ht\u00f6kohtaisesti toimi oikein.<\/p>\n\n\n\n<figure class=\"wp-block-image size-full\"><img loading=\"lazy\" decoding=\"async\" width=\"500\" height=\"259\" src=\"https:\/\/www.zoner.fi\/tuki\/wp-content\/uploads\/2022\/08\/dns-hallinta-lisaa-mx-tietue-google.jpg\" alt=\"\" class=\"wp-image-130105\" srcset=\"https:\/\/www.zoner.fi\/tuki\/wp-content\/uploads\/2022\/08\/dns-hallinta-lisaa-mx-tietue-google.jpg 500w, https:\/\/www.zoner.fi\/tuki\/wp-content\/uploads\/2022\/08\/dns-hallinta-lisaa-mx-tietue-google-300x155.jpg 300w\" sizes=\"auto, (max-width: 500px) 100vw, 500px\" \/><\/figure>\n\n\n\n<p>Kun kaikki tarvittavat tietueet on lis\u00e4tty, poista viel\u00e4 valinta kohdasta: K\u00e4yt\u00e4 t\u00e4t\u00e4 palvelinta s\u00e4hk\u00f6postieni k\u00e4sittelyyn.<\/p>\n\n\n\n<figure class=\"wp-block-image size-full\"><img loading=\"lazy\" decoding=\"async\" width=\"800\" height=\"90\" src=\"https:\/\/www.zoner.fi\/tuki\/wp-content\/uploads\/2022\/08\/mx-tietueiden-muokkaaminen.jpg\" alt=\"\" class=\"wp-image-130111\" srcset=\"https:\/\/www.zoner.fi\/tuki\/wp-content\/uploads\/2022\/08\/mx-tietueiden-muokkaaminen.jpg 800w, https:\/\/www.zoner.fi\/tuki\/wp-content\/uploads\/2022\/08\/mx-tietueiden-muokkaaminen-300x34.jpg 300w, https:\/\/www.zoner.fi\/tuki\/wp-content\/uploads\/2022\/08\/mx-tietueiden-muokkaaminen-768x86.jpg 768w\" sizes=\"auto, (max-width: 800px) 100vw, 800px\" \/><\/figure>\n\n\n\n<p>Mik\u00e4li k\u00e4ytett\u00e4v\u00e4 s\u00e4hk\u00f6postipalvelu vaatii my\u00f6s muiden DNS-tietueiden m\u00e4\u00e4ritt\u00e4mist\u00e4, saat ne tehty\u00e4 <a href=\"https:\/\/www.zoner.fi\/tuki\/verkkotunnus\/miten-muokkaan-dns-tietueita-oma-zonerissa\/\">seuraavan ohjeen<\/a> avulla.<\/p>\n","protected":false},"excerpt":{"rendered":"<p>T\u00e4ss\u00e4 ohjeessa k\u00e4ymme l\u00e4pi, kuinka saat muokattua MX-tietueita Zonerin webhotellissa.<\/p>\n","protected":false},"author":15,"featured_media":0,"parent":129010,"menu_order":0,"comment_status":"closed","ping_status":"closed","template":"","meta":{"_relevanssi_hide_post":"","_relevanssi_hide_content":"","_relevanssi_pin_for_all":"","_relevanssi_pin_keywords":"","_relevanssi_unpin_keywords":"","_relevanssi_related_keywords":"","_relevanssi_related_include_ids":"","_relevanssi_related_exclude_ids":"","_relevanssi_related_no_append":"","_relevanssi_related_not_related":"","_relevanssi_related_posts":"1066,1076,1063","_relevanssi_noindex_reason":"","footnotes":""},"categories":[192,193,209],"tags":[207,214,219],"wf_page_folders":[],"class_list":{"0":"post-129676","1":"page","2":"type-page","3":"status-publish","5":"category-directadmin","6":"category-directadmin-sahkoposti","7":"category-directadmin-verkkotunnus","8":"tag-dns","9":"tag-sahkopostin-hallinta","10":"tag-verkkotunnusten-hallinta"},"_links":{"self":[{"href":"https:\/\/www.zoner.fi\/tuki\/wp-json\/wp\/v2\/pages\/129676","targetHints":{"allow":["GET"]}}],"collection":[{"href":"https:\/\/www.zoner.fi\/tuki\/wp-json\/wp\/v2\/pages"}],"about":[{"href":"https:\/\/www.zoner.fi\/tuki\/wp-json\/wp\/v2\/types\/page"}],"author":[{"embeddable":true,"href":"https:\/\/www.zoner.fi\/tuki\/wp-json\/wp\/v2\/users\/15"}],"replies":[{"embeddable":true,"href":"https:\/\/www.zoner.fi\/tuki\/wp-json\/wp\/v2\/comments?post=129676"}],"version-history":[{"count":8,"href":"https:\/\/www.zoner.fi\/tuki\/wp-json\/wp\/v2\/pages\/129676\/revisions"}],"predecessor-version":[{"id":137468,"href":"https:\/\/www.zoner.fi\/tuki\/wp-json\/wp\/v2\/pages\/129676\/revisions\/137468"}],"up":[{"embeddable":true,"href":"https:\/\/www.zoner.fi\/tuki\/wp-json\/wp\/v2\/pages\/129010"}],"wp:attachment":[{"href":"https:\/\/www.zoner.fi\/tuki\/wp-json\/wp\/v2\/media?parent=129676"}],"wp:term":[{"taxonomy":"category","embeddable":true,"href":"https:\/\/www.zoner.fi\/tuki\/wp-json\/wp\/v2\/categories?post=129676"},{"taxonomy":"post_tag","embeddable":true,"href":"https:\/\/www.zoner.fi\/tuki\/wp-json\/wp\/v2\/tags?post=129676"},{"taxonomy":"wf_page_folders","embeddable":true,"href":"https:\/\/www.zoner.fi\/tuki\/wp-json\/wp\/v2\/wf_page_folders?post=129676"}],"curies":[{"name":"wp","href":"https:\/\/api.w.org\/{rel}","templated":true}]}}