{"id":129678,"date":"2019-02-24T12:15:00","date_gmt":"2019-02-24T10:15:00","guid":{"rendered":"https:\/\/www.zoner.fi\/tuki\/?page_id=129678"},"modified":"2025-08-20T11:43:21","modified_gmt":"2025-08-20T08:43:21","slug":"miten-aktivoin-google-workspace-sahkopostin-webhotellissa","status":"publish","type":"page","link":"https:\/\/www.zoner.fi\/tuki\/webhotellit\/miten-aktivoin-google-workspace-sahkopostin-webhotellissa\/","title":{"rendered":"Google Apps k\u00e4ytt\u00f6\u00f6notto verkkotunnukselle"},"content":{"rendered":"\n<p>Google Appsin k\u00e4ytt\u00f6\u00f6notto on kaksivaiheinen prosessi: ensiksi varmistetaan Googlelle ett\u00e4 sinulla on verkkotunnuksen hallinta ja toisessa vaiheessa tehd\u00e4\u00e4n varsinaiset nimipalvelinm\u00e4\u00e4ritykset.<\/p>\n\n\n\n<p>Kirjaudu sis\u00e4\u00e4n webhotellin DirectAdmin-hallintapaneeliin.<\/p>\n\n\n\n<p>Jos sinulla on kauttamme useampi <a href=\"https:\/\/www.zoner.fi\/verkkotunnus\/\">verkkotunnus<\/a>, valitse ensin se domain, johon haluat kohdentaa muokkauksen. Ohje muokattavan domainin valintaan l\u00f6ytyy <a href=\"https:\/\/www.zoner.fi\/tuki\/webhotellit\/miten-kaytan-directadmin-hallintapaneelia\/\">t\u00e4\u00e4lt\u00e4<\/a>.<\/p>\n\n\n\n<p>Valitse p\u00e4\u00e4valikosta Tilin hallinta \u2013 DNS-hallinta.<\/p>\n\n\n\n<figure class=\"wp-block-image size-full\"><img loading=\"lazy\" decoding=\"async\" width=\"500\" height=\"318\" src=\"https:\/\/www.zoner.fi\/tuki\/wp-content\/uploads\/2022\/08\/dns-hallinta-paavalikko.jpg\" alt=\"\" class=\"wp-image-129976\" srcset=\"https:\/\/www.zoner.fi\/tuki\/wp-content\/uploads\/2022\/08\/dns-hallinta-paavalikko.jpg 500w, https:\/\/www.zoner.fi\/tuki\/wp-content\/uploads\/2022\/08\/dns-hallinta-paavalikko-300x191.jpg 300w\" sizes=\"auto, (max-width: 500px) 100vw, 500px\" \/><\/figure>\n\n\n\n<h3 class=\"wp-block-heading\"><strong>Verkkotunnuksen validointi<\/strong><\/h3>\n\n\n\n<p>Verkkotunnuksen validointi tapahtuu lis\u00e4\u00e4m\u00e4ll\u00e4 nimipalvelimille TXT-tietue (muotoa: google-site-verification=XXXXXX). Oikean TXT-tietueen saat Googlelta.<\/p>\n\n\n\n<p>Klikkaa avautuvalla DNS-hallinta -sivulla n\u00e4kyv\u00e4\u00e4 vihre\u00e4\u00e4 painiketta Lis\u00e4\u00e4 tietue.<\/p>\n\n\n\n<figure class=\"wp-block-image size-full\"><img loading=\"lazy\" decoding=\"async\" width=\"900\" height=\"187\" src=\"https:\/\/www.zoner.fi\/tuki\/wp-content\/uploads\/2022\/08\/dns-hallinta-lisaa-tietue-korvaa-ttl-arvo.jpg\" alt=\"\" class=\"wp-image-129977\" srcset=\"https:\/\/www.zoner.fi\/tuki\/wp-content\/uploads\/2022\/08\/dns-hallinta-lisaa-tietue-korvaa-ttl-arvo.jpg 900w, https:\/\/www.zoner.fi\/tuki\/wp-content\/uploads\/2022\/08\/dns-hallinta-lisaa-tietue-korvaa-ttl-arvo-300x62.jpg 300w, https:\/\/www.zoner.fi\/tuki\/wp-content\/uploads\/2022\/08\/dns-hallinta-lisaa-tietue-korvaa-ttl-arvo-768x160.jpg 768w\" sizes=\"auto, (max-width: 900px) 100vw, 900px\" \/><\/figure>\n\n\n\n<p>Ruutuun aukeaa ponnahdusikkuna, joka t\u00e4ytet\u00e4\u00e4n mallin mukaan.<\/p>\n\n\n\n<figure class=\"gb-block-image gb-block-image-53dc851f\"><img loading=\"lazy\" decoding=\"async\" width=\"500\" height=\"342\" class=\"gb-image gb-image-53dc851f\" src=\"https:\/\/www.zoner.fi\/tuki\/wp-content\/uploads\/2022\/08\/dns-hallinta-lisaa-tietue-gootle-apps.jpg\" alt=\"\" title=\"dns-hallinta-lisaa-tietue-gootle-apps\" srcset=\"https:\/\/www.zoner.fi\/tuki\/wp-content\/uploads\/2022\/08\/dns-hallinta-lisaa-tietue-gootle-apps.jpg 500w, https:\/\/www.zoner.fi\/tuki\/wp-content\/uploads\/2022\/08\/dns-hallinta-lisaa-tietue-gootle-apps-300x205.jpg 300w\" sizes=\"auto, (max-width: 500px) 100vw, 500px\" \/><\/figure>\n\n\n\n<h3 class=\"wp-block-heading\">Nimipalvelinm\u00e4\u00e4ritykset<\/h3>\n\n\n\n<p>Kun vahvistus on tehty, voidaan s\u00e4hk\u00f6postit ohjata Googlelle.&nbsp;Valitse p\u00e4\u00e4valikosta S\u00e4hk\u00f6postien hallinta \u2013MX-tietueet<\/p>\n\n\n\n<figure class=\"wp-block-image size-full\"><img loading=\"lazy\" decoding=\"async\" width=\"500\" height=\"298\" src=\"https:\/\/www.zoner.fi\/tuki\/wp-content\/uploads\/2022\/08\/dns-hallinta-lisaa-tietue-google-mx-records-paavalikko.jpg\" alt=\"\" class=\"wp-image-130086\" srcset=\"https:\/\/www.zoner.fi\/tuki\/wp-content\/uploads\/2022\/08\/dns-hallinta-lisaa-tietue-google-mx-records-paavalikko.jpg 500w, https:\/\/www.zoner.fi\/tuki\/wp-content\/uploads\/2022\/08\/dns-hallinta-lisaa-tietue-google-mx-records-paavalikko-300x179.jpg 300w\" sizes=\"auto, (max-width: 500px) 100vw, 500px\" \/><\/figure>\n\n\n\n<p>Poista vanhat m\u00e4\u00e4ritykset laittamalla valinta m\u00e4\u00e4rityksen kohdalla olevaan ruutuun ja klikkaamalla Poista. Lis\u00e4\u00e4 sitten kaikki alla olevat tietueet klikkaamalla vihre\u00e4\u00e4 Lis\u00e4\u00e4 tietue -painiketta. Avautuvassa ponnahdusikkunassa muokataan rivi\u00e4 Arvo ja muutokset tallennetaan klikkaamalla Lis\u00e4\u00e4.<\/p>\n\n\n\n<figure class=\"wp-block-image size-full\"><img loading=\"lazy\" decoding=\"async\" width=\"500\" height=\"259\" src=\"https:\/\/www.zoner.fi\/tuki\/wp-content\/uploads\/2022\/08\/dns-hallinta-lisaa-mx-tietue-google.jpg\" alt=\"\" class=\"wp-image-130105\" srcset=\"https:\/\/www.zoner.fi\/tuki\/wp-content\/uploads\/2022\/08\/dns-hallinta-lisaa-mx-tietue-google.jpg 500w, https:\/\/www.zoner.fi\/tuki\/wp-content\/uploads\/2022\/08\/dns-hallinta-lisaa-mx-tietue-google-300x155.jpg 300w\" sizes=\"auto, (max-width: 500px) 100vw, 500px\" \/><\/figure>\n\n\n\n<p><strong>Lis\u00e4tt\u00e4v\u00e4t tietueet:<\/strong><\/p>\n\n\n\n<p>1 aspmx.l.google.com.<br>5 alt1.aspmx.l.google.com.<br>5 alt2.aspmx.l.google.com.<br>10 alt3.aspmx.l.google.com.<br>10 alt4.aspmx.l.google.com.<\/p>\n\n\n\n<figure class=\"gb-block-image gb-block-image-b58e31be\"><img loading=\"lazy\" decoding=\"async\" width=\"900\" height=\"364\" class=\"gb-image gb-image-b58e31be\" src=\"https:\/\/www.zoner.fi\/tuki\/wp-content\/uploads\/2022\/08\/dns-hallinta-mx-asetukset-google.jpg\" alt=\"\" title=\"dns-hallinta-mx-asetukset-google\" srcset=\"https:\/\/www.zoner.fi\/tuki\/wp-content\/uploads\/2022\/08\/dns-hallinta-mx-asetukset-google.jpg 900w, https:\/\/www.zoner.fi\/tuki\/wp-content\/uploads\/2022\/08\/dns-hallinta-mx-asetukset-google-300x121.jpg 300w, https:\/\/www.zoner.fi\/tuki\/wp-content\/uploads\/2022\/08\/dns-hallinta-mx-asetukset-google-768x311.jpg 768w\" sizes=\"auto, (max-width: 900px) 100vw, 900px\" \/><\/figure>\n\n\n\n<p>Poista viel\u00e4 valinta kohdasta K\u00e4yt\u00e4 t\u00e4t\u00e4 palvelinta s\u00e4hk\u00f6postieni k\u00e4sittelyyn.<\/p>\n\n\n\n<p>Muutoksen j\u00e4lkeen s\u00e4hk\u00f6postit alkavat ohjautumaan Googlelle muutaman tunnin kuluessa.<\/p>\n","protected":false},"excerpt":{"rendered":"<p>T\u00e4ss\u00e4 ohjeessa k\u00e4yd\u00e4\u00e4n l\u00e4pi Google Appsin k\u00e4ytt\u00f6\u00f6notto webhotellissa olevalle verkkotunnukselle.<\/p>\n","protected":false},"author":15,"featured_media":0,"parent":129010,"menu_order":0,"comment_status":"closed","ping_status":"closed","template":"","meta":{"_relevanssi_hide_post":"","_relevanssi_hide_content":"","_relevanssi_pin_for_all":"","_relevanssi_pin_keywords":"","_relevanssi_unpin_keywords":"","_relevanssi_related_keywords":"","_relevanssi_related_include_ids":"","_relevanssi_related_exclude_ids":"","_relevanssi_related_no_append":"","_relevanssi_related_not_related":"","_relevanssi_related_posts":"1076,1066,1063","_relevanssi_noindex_reason":"","footnotes":""},"categories":[192],"tags":[95],"wf_page_folders":[],"class_list":{"0":"post-129678","1":"page","2":"type-page","3":"status-publish","5":"category-directadmin","6":"tag-ohjelmistot"},"_links":{"self":[{"href":"https:\/\/www.zoner.fi\/tuki\/wp-json\/wp\/v2\/pages\/129678","targetHints":{"allow":["GET"]}}],"collection":[{"href":"https:\/\/www.zoner.fi\/tuki\/wp-json\/wp\/v2\/pages"}],"about":[{"href":"https:\/\/www.zoner.fi\/tuki\/wp-json\/wp\/v2\/types\/page"}],"author":[{"embeddable":true,"href":"https:\/\/www.zoner.fi\/tuki\/wp-json\/wp\/v2\/users\/15"}],"replies":[{"embeddable":true,"href":"https:\/\/www.zoner.fi\/tuki\/wp-json\/wp\/v2\/comments?post=129678"}],"version-history":[{"count":12,"href":"https:\/\/www.zoner.fi\/tuki\/wp-json\/wp\/v2\/pages\/129678\/revisions"}],"predecessor-version":[{"id":132062,"href":"https:\/\/www.zoner.fi\/tuki\/wp-json\/wp\/v2\/pages\/129678\/revisions\/132062"}],"up":[{"embeddable":true,"href":"https:\/\/www.zoner.fi\/tuki\/wp-json\/wp\/v2\/pages\/129010"}],"wp:attachment":[{"href":"https:\/\/www.zoner.fi\/tuki\/wp-json\/wp\/v2\/media?parent=129678"}],"wp:term":[{"taxonomy":"category","embeddable":true,"href":"https:\/\/www.zoner.fi\/tuki\/wp-json\/wp\/v2\/categories?post=129678"},{"taxonomy":"post_tag","embeddable":true,"href":"https:\/\/www.zoner.fi\/tuki\/wp-json\/wp\/v2\/tags?post=129678"},{"taxonomy":"wf_page_folders","embeddable":true,"href":"https:\/\/www.zoner.fi\/tuki\/wp-json\/wp\/v2\/wf_page_folders?post=129678"}],"curies":[{"name":"wp","href":"https:\/\/api.w.org\/{rel}","templated":true}]}}