{"id":129680,"date":"2019-02-24T12:17:00","date_gmt":"2019-02-24T10:17:00","guid":{"rendered":"https:\/\/www.zoner.fi\/tuki\/?page_id=129680"},"modified":"2025-09-17T14:38:16","modified_gmt":"2025-09-17T11:38:16","slug":"miten-asennan-olemassaolevan-sertifikaatin","status":"publish","type":"page","link":"https:\/\/www.zoner.fi\/tuki\/webhotellit\/miten-asennan-olemassaolevan-sertifikaatin\/","title":{"rendered":"Olemassaolevan SSL-sertifikaatin asennus"},"content":{"rendered":"\n<p>SSL-sertifikaatteja on useita eri tasoja ja niiden k\u00e4ytt\u00f6tarve vaihtelee sivuston ja organisaation tarpeiden mukaan. T\u00e4ss\u00e4 ohjeessa k\u00e4ymme l\u00e4pi, kuinka voit asentaa olemassaolevan SSL-sertifikaatin Zonerin webhotelliin.<\/p>\n\n\n\n<p>Mik\u00e4li tilaat kaupallisen SSL-sertifikaatin kauttamme, asennamme sen webhotelliisi k\u00e4ytt\u00f6\u00f6n ilman eri kulua. Tarjoamamme <a href=\"https:\/\/www.zoner.fi\/ssl-sertifikaatit\/\">SSL-sertifikaatit<\/a> l\u00f6ytyv\u00e4t erilliselt\u00e4 sivulta.<\/p>\n\n\n\n<p><a href=\"https:\/\/www.zoner.fi\/webhotellit\/\">Webhotellit<\/a> sis\u00e4lt\u00e4v\u00e4t my\u00f6s mahdollisuuden k\u00e4ytt\u00e4\u00e4 ilmaista Let&#8217;s Encrypt -sertifikaattia, jonka k\u00e4ytt\u00f6\u00f6notosta l\u00f6yd\u00e4t ohjeen <a href=\"https:\/\/www.zoner.fi\/tuki\/webhotellit\/miten-otan-kayttoon-lets-encrypt-ssl-sertifikaatin\/\">t\u00e4\u00e4lt\u00e4<\/a>.<\/p>\n\n\n\n<h2 class=\"wp-block-heading\">SSL-sertifikaatin asennus<\/h2>\n\n\n\n<p>Sertifikaatin k\u00e4ytt\u00f6\u00f6notto voidaan jakaa karkeasti kolmeen operaatioon; sertifikaattipyynn\u00f6n luontiin, sertifikaatin luomiseen sek\u00e4 sertifikaatin asentamiseen.<\/p>\n\n\n\n<p>Ennen SSL-sertifikaatin luomista, tarvitaan palvelimelta pyynt\u00f6 sertifikaatin luontia varten. T\u00e4st\u00e4 k\u00e4ytet\u00e4\u00e4n usein termi\u00e4 CSR (Certificate Signing Request).<\/p>\n\n\n\n<h3 class=\"wp-block-heading\">Sertifikaattipyynn\u00f6n luominen<\/h3>\n\n\n\n<p>Kirjaudu sis\u00e4\u00e4n webhotellin DirectAdmin-hallintapaneeliin.<\/p>\n\n\n\n<p>Valitse p\u00e4\u00e4valikosta Tilin hallinta \u2013 SSL-sertifikaatit<\/p>\n\n\n\n<figure class=\"wp-block-image size-full\"><img loading=\"lazy\" decoding=\"async\" width=\"500\" height=\"319\" src=\"https:\/\/www.zoner.fi\/tuki\/wp-content\/uploads\/2022\/08\/ssl-sertifikaatti-lets-encrypt-salaus-paavalikko.jpg\" alt=\"\" class=\"wp-image-129959\" srcset=\"https:\/\/www.zoner.fi\/tuki\/wp-content\/uploads\/2022\/08\/ssl-sertifikaatti-lets-encrypt-salaus-paavalikko.jpg 500w, https:\/\/www.zoner.fi\/tuki\/wp-content\/uploads\/2022\/08\/ssl-sertifikaatti-lets-encrypt-salaus-paavalikko-300x191.jpg 300w\" sizes=\"auto, (max-width: 500px) 100vw, 500px\" \/><\/figure>\n\n\n\n<p>Laita valinta kohtaan Luo sertifikaattipyynt\u00f6. T\u00e4yt\u00e4 lomake (maa: FI) ja tallenna muutokset klikkaamalla Tallenna.<\/p>\n\n\n\n<figure class=\"wp-block-image size-full\"><img loading=\"lazy\" decoding=\"async\" width=\"900\" height=\"509\" src=\"https:\/\/www.zoner.fi\/tuki\/wp-content\/uploads\/2022\/08\/ssl-sertifikaatti-oma-sertifikaattipyynto.jpg\" alt=\"\" class=\"wp-image-130141\" srcset=\"https:\/\/www.zoner.fi\/tuki\/wp-content\/uploads\/2022\/08\/ssl-sertifikaatti-oma-sertifikaattipyynto.jpg 900w, https:\/\/www.zoner.fi\/tuki\/wp-content\/uploads\/2022\/08\/ssl-sertifikaatti-oma-sertifikaattipyynto-300x170.jpg 300w, https:\/\/www.zoner.fi\/tuki\/wp-content\/uploads\/2022\/08\/ssl-sertifikaatti-oma-sertifikaattipyynto-768x434.jpg 768w\" sizes=\"auto, (max-width: 900px) 100vw, 900px\" \/><\/figure>\n\n\n\n<p>Kopioi ponnahdusikkunaan aukeava sertifikaattipyynt\u00f6 leikep\u00f6yd\u00e4lle ja toimita se tarvittaessa taholle, jolta olet hankkimassa sertifikaattia.<\/p>\n\n\n\n<figure class=\"wp-block-image size-full\"><img loading=\"lazy\" decoding=\"async\" width=\"500\" height=\"452\" src=\"https:\/\/www.zoner.fi\/tuki\/wp-content\/uploads\/2022\/08\/ssl-sertifikaatti-oma-sertifikaatti-pyynto-koodi-kopioi.jpg\" alt=\"\" class=\"wp-image-130142\" srcset=\"https:\/\/www.zoner.fi\/tuki\/wp-content\/uploads\/2022\/08\/ssl-sertifikaatti-oma-sertifikaatti-pyynto-koodi-kopioi.jpg 500w, https:\/\/www.zoner.fi\/tuki\/wp-content\/uploads\/2022\/08\/ssl-sertifikaatti-oma-sertifikaatti-pyynto-koodi-kopioi-300x271.jpg 300w\" sizes=\"auto, (max-width: 500px) 100vw, 500px\" \/><\/figure>\n\n\n\n<h3 class=\"wp-block-heading\">Valmiin sertifikaatin asennus<\/h3>\n\n\n\n<p>Siirry SSL-sertifikaatit -sivulle ja valitse Liit\u00e4 valmiiksi luotu sertifikaatti ja avain. Liit\u00e4 avain (key) ja sertifikaatti (certificate) niille varattuihin ruutuihin ruudussa jo olevan koodin per\u00e4\u00e4n. Tallenna muutokset klikkaamalla Tallenna.<\/p>\n\n\n\n<figure class=\"wp-block-image size-full\"><img loading=\"lazy\" decoding=\"async\" width=\"900\" height=\"332\" src=\"https:\/\/www.zoner.fi\/tuki\/wp-content\/uploads\/2022\/08\/ssl-sertifikaatti-oma-sertifikaatti-liittaminen.jpg\" alt=\"\" class=\"wp-image-130138\" srcset=\"https:\/\/www.zoner.fi\/tuki\/wp-content\/uploads\/2022\/08\/ssl-sertifikaatti-oma-sertifikaatti-liittaminen.jpg 900w, https:\/\/www.zoner.fi\/tuki\/wp-content\/uploads\/2022\/08\/ssl-sertifikaatti-oma-sertifikaatti-liittaminen-300x111.jpg 300w, https:\/\/www.zoner.fi\/tuki\/wp-content\/uploads\/2022\/08\/ssl-sertifikaatti-oma-sertifikaatti-liittaminen-768x283.jpg 768w\" sizes=\"auto, (max-width: 900px) 100vw, 900px\" \/><\/figure>\n","protected":false},"excerpt":{"rendered":"<p>T\u00e4ss\u00e4 ohjeessa k\u00e4ymme l\u00e4pi, kuinka voit asentaa olemassaolevan SSL-sertifikaatin Zonerin webhotelliin.<\/p>\n","protected":false},"author":15,"featured_media":0,"parent":129010,"menu_order":0,"comment_status":"closed","ping_status":"closed","template":"","meta":{"_relevanssi_hide_post":"","_relevanssi_hide_content":"","_relevanssi_pin_for_all":"","_relevanssi_pin_keywords":"","_relevanssi_unpin_keywords":"","_relevanssi_related_keywords":"","_relevanssi_related_include_ids":"","_relevanssi_related_exclude_ids":"","_relevanssi_related_no_append":"","_relevanssi_related_not_related":"","_relevanssi_related_posts":"1063,1076,1066","_relevanssi_noindex_reason":"","footnotes":""},"categories":[192,209],"tags":[219,158],"wf_page_folders":[],"class_list":{"0":"post-129680","1":"page","2":"type-page","3":"status-publish","5":"category-directadmin","6":"category-directadmin-verkkotunnus","7":"tag-verkkotunnusten-hallinta","8":"tag-yleiset"},"_links":{"self":[{"href":"https:\/\/www.zoner.fi\/tuki\/wp-json\/wp\/v2\/pages\/129680","targetHints":{"allow":["GET"]}}],"collection":[{"href":"https:\/\/www.zoner.fi\/tuki\/wp-json\/wp\/v2\/pages"}],"about":[{"href":"https:\/\/www.zoner.fi\/tuki\/wp-json\/wp\/v2\/types\/page"}],"author":[{"embeddable":true,"href":"https:\/\/www.zoner.fi\/tuki\/wp-json\/wp\/v2\/users\/15"}],"replies":[{"embeddable":true,"href":"https:\/\/www.zoner.fi\/tuki\/wp-json\/wp\/v2\/comments?post=129680"}],"version-history":[{"count":7,"href":"https:\/\/www.zoner.fi\/tuki\/wp-json\/wp\/v2\/pages\/129680\/revisions"}],"predecessor-version":[{"id":137465,"href":"https:\/\/www.zoner.fi\/tuki\/wp-json\/wp\/v2\/pages\/129680\/revisions\/137465"}],"up":[{"embeddable":true,"href":"https:\/\/www.zoner.fi\/tuki\/wp-json\/wp\/v2\/pages\/129010"}],"wp:attachment":[{"href":"https:\/\/www.zoner.fi\/tuki\/wp-json\/wp\/v2\/media?parent=129680"}],"wp:term":[{"taxonomy":"category","embeddable":true,"href":"https:\/\/www.zoner.fi\/tuki\/wp-json\/wp\/v2\/categories?post=129680"},{"taxonomy":"post_tag","embeddable":true,"href":"https:\/\/www.zoner.fi\/tuki\/wp-json\/wp\/v2\/tags?post=129680"},{"taxonomy":"wf_page_folders","embeddable":true,"href":"https:\/\/www.zoner.fi\/tuki\/wp-json\/wp\/v2\/wf_page_folders?post=129680"}],"curies":[{"name":"wp","href":"https:\/\/api.w.org\/{rel}","templated":true}]}}