{"id":129682,"date":"2019-02-24T12:19:00","date_gmt":"2019-02-24T10:19:00","guid":{"rendered":"https:\/\/www.zoner.fi\/tuki\/?page_id=129682"},"modified":"2025-09-17T14:36:47","modified_gmt":"2025-09-17T11:36:47","slug":"miten-otan-kayttoon-lets-encrypt-ssl-sertifikaatin","status":"publish","type":"page","link":"https:\/\/www.zoner.fi\/tuki\/webhotellit\/miten-otan-kayttoon-lets-encrypt-ssl-sertifikaatin\/","title":{"rendered":"Let&#8217;s Encrypt -SSL-sertifikaatin k\u00e4ytt\u00f6\u00f6notto"},"content":{"rendered":"\n<p>Kaikkiin tarjoamiimme<a href=\"https:\/\/www.zoner.fi\/webhotellit\/\"> webhotellipaketteihin<\/a>&nbsp;sis\u00e4ltyy mahdollisuus k\u00e4ytt\u00e4\u00e4 SSL-salausta. K\u00e4ytt\u00e4j\u00e4lle salaus ilmenee selaimen osoiterivill\u00e4 n\u00e4kyv\u00e4st\u00e4 lukon kuvasta ja verkkosivujen osoitteesta, joka alkaa kirjainyhdistelm\u00e4ll\u00e4 https:\/\/.<\/p>\n\n\n\n<p>T\u00e4m\u00e4 ohje k\u00e4sittelee ilmaisen Let&#8217;s Encrypt -sertifikaatin luontia ja k\u00e4ytt\u00f6\u00f6nottoa. Mik\u00e4li sinulla on erillinen maksullinen SSL-sertifikaatti, lue ohje <a href=\"https:\/\/www.zoner.fi\/tuki\/webhotellit\/miten-asennan-olemassaolevan-sertifikaatin\/\">olemassaolevan sertifikaatin asentamisesta<\/a>.<\/p>\n\n\n\n<h2 class=\"wp-block-heading\">SSL-tuen aktivointi verkkotunnukselle<\/h2>\n\n\n\n<p>Tarkista ensin, ett\u00e4 SSL-tuki on asetettu webhotellin hallinnassa k\u00e4ytt\u00f6\u00f6n kyseiselle verkkotunnukselle.<\/p>\n\n\n\n<p>1. Kirjaudu sis\u00e4\u00e4n webhotellin DirectAdmin-hallintapaneeliin ja valitse p\u00e4\u00e4valikosta <strong>Tilin hallinta<\/strong> \u2192 <strong>Verkkotunnushallinta<\/strong>.<\/p>\n\n\n\n<figure class=\"wp-block-image size-full\"><img loading=\"lazy\" decoding=\"async\" width=\"1612\" height=\"1120\" src=\"https:\/\/www.zoner.fi\/tuki\/wp-content\/uploads\/2025\/09\/da-verkkotunnushallinta.png\" alt=\"\" class=\"wp-image-137328\" srcset=\"https:\/\/www.zoner.fi\/tuki\/wp-content\/uploads\/2025\/09\/da-verkkotunnushallinta.png 1612w, https:\/\/www.zoner.fi\/tuki\/wp-content\/uploads\/2025\/09\/da-verkkotunnushallinta-300x208.png 300w, https:\/\/www.zoner.fi\/tuki\/wp-content\/uploads\/2025\/09\/da-verkkotunnushallinta-1024x711.png 1024w, https:\/\/www.zoner.fi\/tuki\/wp-content\/uploads\/2025\/09\/da-verkkotunnushallinta-768x534.png 768w, https:\/\/www.zoner.fi\/tuki\/wp-content\/uploads\/2025\/09\/da-verkkotunnushallinta-1536x1067.png 1536w\" sizes=\"auto, (max-width: 1612px) 100vw, 1612px\" \/><\/figure>\n\n\n\n<p>2. Klikkaa Verkkotunnushallinta -sivulla sit\u00e4 verkkotunnusta, jolle haluat asentaa salauksen.<\/p>\n\n\n\n<p>3. Tarkista, ett\u00e4 asetuksissa on valittuna kohta <strong>Suojattu SSL<\/strong>. Voit my\u00f6s laittaa valinnan kohtaan&nbsp;&#8221;Force SSL with https redirect&#8221;. Tallenna mahdolliset tekem\u00e4si muutokset klikkaamalla <strong>Muokkaa<\/strong>.<\/p>\n\n\n\n<figure class=\"wp-block-image size-full\"><img loading=\"lazy\" decoding=\"async\" width=\"900\" height=\"270\" src=\"https:\/\/www.zoner.fi\/tuki\/wp-content\/uploads\/2022\/08\/ssl-sertifikaatti-ssl-enabled-asetus.jpg\" alt=\"\" class=\"wp-image-130065\" srcset=\"https:\/\/www.zoner.fi\/tuki\/wp-content\/uploads\/2022\/08\/ssl-sertifikaatti-ssl-enabled-asetus.jpg 900w, https:\/\/www.zoner.fi\/tuki\/wp-content\/uploads\/2022\/08\/ssl-sertifikaatti-ssl-enabled-asetus-300x90.jpg 300w, https:\/\/www.zoner.fi\/tuki\/wp-content\/uploads\/2022\/08\/ssl-sertifikaatti-ssl-enabled-asetus-768x230.jpg 768w\" sizes=\"auto, (max-width: 900px) 100vw, 900px\" \/><\/figure>\n\n\n\n<p><\/p>\n\n\n\n<h2 class=\"wp-block-heading\">Let&#8217;s Encrypt -sertifikaatin luonti<\/h2>\n\n\n\n<p>Seuraavaksi luodaan salauksen todentava sertifikaatti. Valitse p\u00e4\u00e4valikosta<strong> Tilin hallinta <\/strong>\u2192 <strong>SSL-sertifikaatit<\/strong>.<\/p>\n\n\n\n<figure class=\"wp-block-image size-full\"><img loading=\"lazy\" decoding=\"async\" width=\"817\" height=\"574\" src=\"https:\/\/www.zoner.fi\/tuki\/wp-content\/uploads\/2025\/09\/da-ssl-sertifikaatit.png\" alt=\"\" class=\"wp-image-137331\" srcset=\"https:\/\/www.zoner.fi\/tuki\/wp-content\/uploads\/2025\/09\/da-ssl-sertifikaatit.png 817w, https:\/\/www.zoner.fi\/tuki\/wp-content\/uploads\/2025\/09\/da-ssl-sertifikaatit-300x211.png 300w, https:\/\/www.zoner.fi\/tuki\/wp-content\/uploads\/2025\/09\/da-ssl-sertifikaatit-768x540.png 768w\" sizes=\"auto, (max-width: 817px) 100vw, 817px\" \/><\/figure>\n\n\n\n<p>Laita valinta kohtaan&nbsp;&#8221;Ilmainen ja automaattinen sertifikaatti Let&#8217;s Encryptilt\u00e4&#8221;. Voit hakea sertifikaattia lomakkeen oletusarvoilla tai voit muokata hakuehtoja tarvittaessa.<\/p>\n\n\n\n<figure class=\"wp-block-image size-full\"><img loading=\"lazy\" decoding=\"async\" width=\"900\" height=\"582\" src=\"https:\/\/www.zoner.fi\/tuki\/wp-content\/uploads\/2022\/08\/ssl-sertifikaatti-lets-encrypt-asetukset-ruutu.jpg\" alt=\"\" class=\"wp-image-129960\" srcset=\"https:\/\/www.zoner.fi\/tuki\/wp-content\/uploads\/2022\/08\/ssl-sertifikaatti-lets-encrypt-asetukset-ruutu.jpg 900w, https:\/\/www.zoner.fi\/tuki\/wp-content\/uploads\/2022\/08\/ssl-sertifikaatti-lets-encrypt-asetukset-ruutu-300x194.jpg 300w, https:\/\/www.zoner.fi\/tuki\/wp-content\/uploads\/2022\/08\/ssl-sertifikaatti-lets-encrypt-asetukset-ruutu-768x497.jpg 768w\" sizes=\"auto, (max-width: 900px) 100vw, 900px\" \/><\/figure>\n\n\n\n<p>Jos haluat hakea wildcard-sertifikaattia, joka kattaa my\u00f6s alidomainit, laita valinta ruutuun Wildcard. Domainlistalla on oletuksena valittuna p\u00e4\u00e4domainisi kaksi eri muotoa eli domain.fi ja www.domain.fi. Voit valita useamman kohteen tarpeen mukaan. L\u00e4het\u00e4 hakemus klikkaamalla Tallenna.<\/p>\n\n\n\n<p>Onnistuneen sertifikaatin hakemisen j\u00e4lkeen saat ilmoituksen sertifikaatin ja avaimen tallentamisesta ponnahdusikkunaan.<\/p>\n\n\n\n<figure class=\"wp-block-image size-full\"><img loading=\"lazy\" decoding=\"async\" width=\"500\" height=\"303\" src=\"https:\/\/www.zoner.fi\/tuki\/wp-content\/uploads\/2022\/08\/ssl-sertifikaatti-lets-encrypt-onnistunut-viesti.jpg\" alt=\"\" class=\"wp-image-130063\" srcset=\"https:\/\/www.zoner.fi\/tuki\/wp-content\/uploads\/2022\/08\/ssl-sertifikaatti-lets-encrypt-onnistunut-viesti.jpg 500w, https:\/\/www.zoner.fi\/tuki\/wp-content\/uploads\/2022\/08\/ssl-sertifikaatti-lets-encrypt-onnistunut-viesti-300x182.jpg 300w\" sizes=\"auto, (max-width: 500px) 100vw, 500px\" \/><\/figure>\n\n\n\n<p>Jos hait wildcard-sertifikaattia, saat ilmoituksen, ett\u00e4 hakemustasi k\u00e4sitell\u00e4\u00e4n taustalla. Tieto sertifikaatin onnistuneesta luomisesta toimitetaan sinulle webhotellin viestij\u00e4rjestelm\u00e4n kautta.<\/p>\n\n\n\n<figure class=\"wp-block-image size-full\"><img loading=\"lazy\" decoding=\"async\" width=\"500\" height=\"82\" src=\"https:\/\/www.zoner.fi\/tuki\/wp-content\/uploads\/2022\/08\/ssl-sertifikaatti-lets-encrypt-wildcard-onnistunut.jpg\" alt=\"\" class=\"wp-image-129962\" srcset=\"https:\/\/www.zoner.fi\/tuki\/wp-content\/uploads\/2022\/08\/ssl-sertifikaatti-lets-encrypt-wildcard-onnistunut.jpg 500w, https:\/\/www.zoner.fi\/tuki\/wp-content\/uploads\/2022\/08\/ssl-sertifikaatti-lets-encrypt-wildcard-onnistunut-300x49.jpg 300w\" sizes=\"auto, (max-width: 500px) 100vw, 500px\" \/><\/figure>\n","protected":false},"excerpt":{"rendered":"<p>T\u00e4m\u00e4 ohje k\u00e4sittelee ilmaisen Let&#8217;s Encrypt -sertifikaatin luontia ja k\u00e4ytt\u00f6\u00f6nottoa.<\/p>\n","protected":false},"author":15,"featured_media":0,"parent":129010,"menu_order":0,"comment_status":"closed","ping_status":"closed","template":"","meta":{"_relevanssi_hide_post":"","_relevanssi_hide_content":"","_relevanssi_pin_for_all":"","_relevanssi_pin_keywords":"","_relevanssi_unpin_keywords":"","_relevanssi_related_keywords":"","_relevanssi_related_include_ids":"","_relevanssi_related_exclude_ids":"","_relevanssi_related_no_append":"","_relevanssi_related_not_related":"","_relevanssi_related_posts":"1076,1066,1063","_relevanssi_noindex_reason":"","footnotes":""},"categories":[192,209],"tags":[219,158],"wf_page_folders":[],"class_list":{"0":"post-129682","1":"page","2":"type-page","3":"status-publish","5":"category-directadmin","6":"category-directadmin-verkkotunnus","7":"tag-verkkotunnusten-hallinta","8":"tag-yleiset"},"_links":{"self":[{"href":"https:\/\/www.zoner.fi\/tuki\/wp-json\/wp\/v2\/pages\/129682","targetHints":{"allow":["GET"]}}],"collection":[{"href":"https:\/\/www.zoner.fi\/tuki\/wp-json\/wp\/v2\/pages"}],"about":[{"href":"https:\/\/www.zoner.fi\/tuki\/wp-json\/wp\/v2\/types\/page"}],"author":[{"embeddable":true,"href":"https:\/\/www.zoner.fi\/tuki\/wp-json\/wp\/v2\/users\/15"}],"replies":[{"embeddable":true,"href":"https:\/\/www.zoner.fi\/tuki\/wp-json\/wp\/v2\/comments?post=129682"}],"version-history":[{"count":11,"href":"https:\/\/www.zoner.fi\/tuki\/wp-json\/wp\/v2\/pages\/129682\/revisions"}],"predecessor-version":[{"id":137464,"href":"https:\/\/www.zoner.fi\/tuki\/wp-json\/wp\/v2\/pages\/129682\/revisions\/137464"}],"up":[{"embeddable":true,"href":"https:\/\/www.zoner.fi\/tuki\/wp-json\/wp\/v2\/pages\/129010"}],"wp:attachment":[{"href":"https:\/\/www.zoner.fi\/tuki\/wp-json\/wp\/v2\/media?parent=129682"}],"wp:term":[{"taxonomy":"category","embeddable":true,"href":"https:\/\/www.zoner.fi\/tuki\/wp-json\/wp\/v2\/categories?post=129682"},{"taxonomy":"post_tag","embeddable":true,"href":"https:\/\/www.zoner.fi\/tuki\/wp-json\/wp\/v2\/tags?post=129682"},{"taxonomy":"wf_page_folders","embeddable":true,"href":"https:\/\/www.zoner.fi\/tuki\/wp-json\/wp\/v2\/wf_page_folders?post=129682"}],"curies":[{"name":"wp","href":"https:\/\/api.w.org\/{rel}","templated":true}]}}