{"id":129684,"date":"2019-02-24T12:21:00","date_gmt":"2019-02-24T10:21:00","guid":{"rendered":"https:\/\/www.zoner.fi\/tuki\/?page_id=129684"},"modified":"2026-03-17T12:47:21","modified_gmt":"2026-03-17T10:47:21","slug":"miten-katson-kotisivujeni-tilastoja-awstatsin-avulla","status":"publish","type":"page","link":"https:\/\/www.zoner.fi\/tuki\/webhotellit\/miten-katson-kotisivujeni-tilastoja-awstatsin-avulla\/","title":{"rendered":"Kotisivujen lokien katsominen webhotellin hallintapaneelissa"},"content":{"rendered":"\n<p>Kaikki Zonerin webhotellit sis\u00e4lt\u00e4v\u00e4t lokitiedostot, joka sis\u00e4lt\u00e4v\u00e4t statistiikkaa sivustosi toiminnasta ja k\u00e4vij\u00f6ist\u00e4.<\/p>\n\n\n\n<p>Kirjaudu sis\u00e4\u00e4n webhotellin <a href=\"https:\/\/www.zoner.fi\/tuki\/webhotellit\/miten-kaytan-directadmin-hallintapaneelia\" data-type=\"link\" data-id=\"https:\/\/www.zoner.fi\/tuki\/webhotellit\/miten-kaytan-directadmin-hallintapaneelia\">DirectAdmin-hallintapaneeliin<\/a>.<\/p>\n\n\n\n<p>Valitse p\u00e4\u00e4valikosta J\u00e4rjestelm\u00e4n tiedot ja tiedostot &#8211; Sivuston yhteenveto\/tilastot\/lokit<\/p>\n\n\n\n<figure class=\"wp-block-image size-full\"><img loading=\"lazy\" decoding=\"async\" width=\"571\" height=\"219\" src=\"https:\/\/www.zoner.fi\/tuki\/wp-content\/uploads\/2026\/03\/DA_logs.png\" alt=\"\" class=\"wp-image-138700\" srcset=\"https:\/\/www.zoner.fi\/tuki\/wp-content\/uploads\/2026\/03\/DA_logs.png 571w, https:\/\/www.zoner.fi\/tuki\/wp-content\/uploads\/2026\/03\/DA_logs-300x115.png 300w\" sizes=\"auto, (max-width: 571px) 100vw, 571px\" \/><\/figure>\n\n\n\n<p>Avautuvalla K\u00e4ytt\u00e4j\u00e4n tiedot -sivulla n\u00e4et listauksen domaineista, yhteenvedon k\u00e4yt\u00f6ss\u00e4 olevista resursseista ja linkkej\u00e4 eri tyyppisiin tilastoihin.<\/p>\n\n\n\n<p>Voit muokata tilin m\u00e4\u00e4rityksi\u00e4 ja mm. poistaa tilastoinnin k\u00e4yt\u00f6st\u00e4 klikkaamalla Muokkaa tilin m\u00e4\u00e4rityksi\u00e4.<\/p>\n\n\n\n<p>Katso k\u00e4ytt\u00f6- ja virhelokia klikkaamalla ko. lokin nime\u00e4.<\/p>\n\n\n\n<p>N\u00e4et sivustosi tilastot klikkaamalla domainia. Avautuvalla N\u00e4yt\u00e4 tilastoraportit -sivulla on laaja valikoima erilaisia raportteja, joita voit tarkastella my\u00f6s kuukausi-, viikko- ja p\u00e4iv\u00e4tasolla. Voit siirty\u00e4 haluamaasi raporttiin vasemmanpuoleisen sarakkeen linkkej\u00e4 klikkaamalla.<\/p>\n","protected":false},"excerpt":{"rendered":"<p>T\u00e4ss\u00e4 ohjeessa k\u00e4yd\u00e4\u00e4n l\u00e4pi Awstats-ohjelmaa ja tilastojen katsomista sen avulla.<\/p>\n","protected":false},"author":15,"featured_media":0,"parent":129010,"menu_order":0,"comment_status":"closed","ping_status":"closed","template":"","meta":{"_relevanssi_hide_post":"","_relevanssi_hide_content":"","_relevanssi_pin_for_all":"","_relevanssi_pin_keywords":"","_relevanssi_unpin_keywords":"","_relevanssi_related_keywords":"","_relevanssi_related_include_ids":"","_relevanssi_related_exclude_ids":"","_relevanssi_related_no_append":"","_relevanssi_related_not_related":"","_relevanssi_related_posts":"1066,1076,1063","_relevanssi_noindex_reason":"","footnotes":""},"categories":[192],"tags":[158],"wf_page_folders":[],"class_list":{"0":"post-129684","1":"page","2":"type-page","3":"status-publish","5":"category-directadmin","6":"tag-yleiset"},"_links":{"self":[{"href":"https:\/\/www.zoner.fi\/tuki\/wp-json\/wp\/v2\/pages\/129684","targetHints":{"allow":["GET"]}}],"collection":[{"href":"https:\/\/www.zoner.fi\/tuki\/wp-json\/wp\/v2\/pages"}],"about":[{"href":"https:\/\/www.zoner.fi\/tuki\/wp-json\/wp\/v2\/types\/page"}],"author":[{"embeddable":true,"href":"https:\/\/www.zoner.fi\/tuki\/wp-json\/wp\/v2\/users\/15"}],"replies":[{"embeddable":true,"href":"https:\/\/www.zoner.fi\/tuki\/wp-json\/wp\/v2\/comments?post=129684"}],"version-history":[{"count":9,"href":"https:\/\/www.zoner.fi\/tuki\/wp-json\/wp\/v2\/pages\/129684\/revisions"}],"predecessor-version":[{"id":138701,"href":"https:\/\/www.zoner.fi\/tuki\/wp-json\/wp\/v2\/pages\/129684\/revisions\/138701"}],"up":[{"embeddable":true,"href":"https:\/\/www.zoner.fi\/tuki\/wp-json\/wp\/v2\/pages\/129010"}],"wp:attachment":[{"href":"https:\/\/www.zoner.fi\/tuki\/wp-json\/wp\/v2\/media?parent=129684"}],"wp:term":[{"taxonomy":"category","embeddable":true,"href":"https:\/\/www.zoner.fi\/tuki\/wp-json\/wp\/v2\/categories?post=129684"},{"taxonomy":"post_tag","embeddable":true,"href":"https:\/\/www.zoner.fi\/tuki\/wp-json\/wp\/v2\/tags?post=129684"},{"taxonomy":"wf_page_folders","embeddable":true,"href":"https:\/\/www.zoner.fi\/tuki\/wp-json\/wp\/v2\/wf_page_folders?post=129684"}],"curies":[{"name":"wp","href":"https:\/\/api.w.org\/{rel}","templated":true}]}}