{"id":129687,"date":"2019-02-24T12:24:00","date_gmt":"2019-02-24T10:24:00","guid":{"rendered":"https:\/\/www.zoner.fi\/tuki\/?page_id=129687"},"modified":"2025-09-17T15:01:27","modified_gmt":"2025-09-17T12:01:27","slug":"miten-luon-ftp-tunnuksen","status":"publish","type":"page","link":"https:\/\/www.zoner.fi\/tuki\/webhotellit\/miten-luon-ftp-tunnuksen\/","title":{"rendered":"Miten luon FTP-tunnuksen webhotellissa?"},"content":{"rendered":"\n<p>Ylim\u00e4\u00e4r\u00e4isten FTP-tunnusten avulla voit antaa esim. sivuston yll\u00e4pit\u00e4j\u00e4lle p\u00e4\u00e4syn tiedostonhallintaan ilman, ett\u00e4 annat h\u00e4nelle samalla koko webhotellisi p\u00e4\u00e4k\u00e4ytt\u00e4j\u00e4tunnukset. FTP-tunnusten oikeuksia voi my\u00f6s rajata koskemaan tiettyj\u00e4 kansioita, jos p\u00e4\u00e4sy juurihakemistoon ei ole v\u00e4ltt\u00e4m\u00e4t\u00f6nt\u00e4.<\/p>\n\n\n\n<p>T\u00e4ss\u00e4 ohjeessa k\u00e4ymme l\u00e4pi, kuinka voit luoda ylim\u00e4\u00e4r\u00e4isen FTP-tunnuksen webhotellin hallintapaneelista.<\/p>\n\n\n\n<p>Lue tarvittaessa my\u00f6s toinen ohjeemme: <a href=\"https:\/\/www.zoner.fi\/tuki\/webhotellit\/miten-kaytan-ftp-ohjelmaa-webhotellissa\/\">Miten k\u00e4yt\u00e4n FTP-ohjelmaa webhotellissa?<\/a><\/p>\n\n\n\n<p>Zonerin laajempi Yritys tai&nbsp;Teho &#8211;<a href=\"https:\/\/www.zoner.fi\/webhotellit\/\">webhotelli<\/a> sis\u00e4lt\u00e4\u00e4 rajattoman m\u00e4\u00e4r\u00e4n FTP-tunnuksia. Muissa paketeissamme webhotellin p\u00e4\u00e4k\u00e4ytt\u00e4j\u00e4n tunnus toimii ainoana FTP-tunnuksena palveluun.<\/p>\n\n\n\n<p>1. Kirjaudu ensin sis\u00e4\u00e4n webhotellin DirectAdmin-hallintapaneeliin.<\/p>\n\n\n\n<p>2. Valitse p\u00e4\u00e4valikosta Tilin hallinta &#8211; FTP-hallinta<\/p>\n\n\n\n<figure class=\"wp-block-image size-full\"><img loading=\"lazy\" decoding=\"async\" width=\"500\" height=\"319\" src=\"https:\/\/www.zoner.fi\/tuki\/wp-content\/uploads\/2022\/08\/ftp-hallinta-paavalikko.jpg\" alt=\"\" class=\"wp-image-130148\" srcset=\"https:\/\/www.zoner.fi\/tuki\/wp-content\/uploads\/2022\/08\/ftp-hallinta-paavalikko.jpg 500w, https:\/\/www.zoner.fi\/tuki\/wp-content\/uploads\/2022\/08\/ftp-hallinta-paavalikko-300x191.jpg 300w\" sizes=\"auto, (max-width: 500px) 100vw, 500px\" \/><\/figure>\n\n\n\n<p>3. Klikkaa avautuvalla FTP-tilit -sivulla n\u00e4kyv\u00e4\u00e4 sinist\u00e4 painiketta Luo FTP-tili.<\/p>\n\n\n\n<figure class=\"wp-block-image size-full\"><img loading=\"lazy\" decoding=\"async\" width=\"900\" height=\"219\" src=\"https:\/\/www.zoner.fi\/tuki\/wp-content\/uploads\/2022\/08\/ftp-hallinta-lista-tunnuksista-luo-ftp-tili.jpg\" alt=\"\" class=\"wp-image-130144\" srcset=\"https:\/\/www.zoner.fi\/tuki\/wp-content\/uploads\/2022\/08\/ftp-hallinta-lista-tunnuksista-luo-ftp-tili.jpg 900w, https:\/\/www.zoner.fi\/tuki\/wp-content\/uploads\/2022\/08\/ftp-hallinta-lista-tunnuksista-luo-ftp-tili-300x73.jpg 300w, https:\/\/www.zoner.fi\/tuki\/wp-content\/uploads\/2022\/08\/ftp-hallinta-lista-tunnuksista-luo-ftp-tili-768x187.jpg 768w\" sizes=\"auto, (max-width: 900px) 100vw, 900px\" \/><\/figure>\n\n\n\n<p><em>Sivulla n\u00e4kyv\u00e4ss\u00e4 listassa n\u00e4kyv\u00e4t p\u00e4\u00e4k\u00e4ytt\u00e4j\u00e4n FTP-tili ja mahdolliset aiemmin luomasi FTP-tilit.<\/em><\/p>\n\n\n\n<p>4. Kirjoita uuden FTP-tilin k\u00e4ytt\u00e4j\u00e4tunnus ja salasana.\u00a0Voit painaa salasanarivin vasemmassa reunassa n\u00e4kyvi\u00e4 noppia, jolloin ohjelma muodostaa automaattisesti vahvan salasanan. Saat salasanan n\u00e4kyviin klikkaamalla rivill\u00e4 n\u00e4kyv\u00e4\u00e4 silm\u00e4-kuvaketta. Kopioi salasana leikep\u00f6yd\u00e4lle. Salasana n\u00e4ytet\u00e4\u00e4n ruudussa viel\u00e4 tallentamisen j\u00e4lkeen, joten ei tarvitse s\u00e4ik\u00e4ht\u00e4\u00e4, jos se j\u00e4\u00e4 t\u00e4ss\u00e4 kohtaa ottamatta talteen.<\/p>\n\n\n\n<figure class=\"wp-block-image size-full\"><img loading=\"lazy\" decoding=\"async\" width=\"900\" height=\"306\" src=\"https:\/\/www.zoner.fi\/tuki\/wp-content\/uploads\/2022\/08\/ftp-hallinta-luo-uusi-ftp-tili-tunnukset.jpg\" alt=\"\" class=\"wp-image-130147\" srcset=\"https:\/\/www.zoner.fi\/tuki\/wp-content\/uploads\/2022\/08\/ftp-hallinta-luo-uusi-ftp-tili-tunnukset.jpg 900w, https:\/\/www.zoner.fi\/tuki\/wp-content\/uploads\/2022\/08\/ftp-hallinta-luo-uusi-ftp-tili-tunnukset-300x102.jpg 300w, https:\/\/www.zoner.fi\/tuki\/wp-content\/uploads\/2022\/08\/ftp-hallinta-luo-uusi-ftp-tili-tunnukset-768x261.jpg 768w\" sizes=\"auto, (max-width: 900px) 100vw, 900px\" \/><\/figure>\n\n\n\n<p>5. Valitse, miten laajat kansioiden k\u00e4ytt\u00f6oikeudet haluat antaa luomallesi tunnukselle.\u00a0Tallenna muutokset klikkaamalla Luo.<\/p>\n\n\n\n<p>Saat vahvistusviestin tilin luomisesta. Jos salasana j\u00e4i aiemmin ottamatta talteen, saat sen kopioitua t\u00e4st\u00e4.<\/p>\n\n\n\n<figure class=\"wp-block-image size-full\"><img loading=\"lazy\" decoding=\"async\" width=\"500\" height=\"150\" src=\"https:\/\/www.zoner.fi\/tuki\/wp-content\/uploads\/2022\/08\/ftp-hallinta-luo-uusi-ftp-vahvistusviesti.jpg\" alt=\"\" class=\"wp-image-130145\" srcset=\"https:\/\/www.zoner.fi\/tuki\/wp-content\/uploads\/2022\/08\/ftp-hallinta-luo-uusi-ftp-vahvistusviesti.jpg 500w, https:\/\/www.zoner.fi\/tuki\/wp-content\/uploads\/2022\/08\/ftp-hallinta-luo-uusi-ftp-vahvistusviesti-300x90.jpg 300w\" sizes=\"auto, (max-width: 500px) 100vw, 500px\" \/><\/figure>\n\n\n\n<h3 class=\"wp-block-heading\">FTP-tilin salasanan vaihtaminen ja k\u00e4ytt\u00f6oikeustason muutos<\/h3>\n\n\n\n<p>Klikkaa sen FTP-tilin nime\u00e4, jonka salasanan haluat vaihtaa.<\/p>\n\n\n\n<figure class=\"wp-block-image size-full\"><img loading=\"lazy\" decoding=\"async\" width=\"900\" height=\"247\" src=\"https:\/\/www.zoner.fi\/tuki\/wp-content\/uploads\/2022\/08\/ftp-hallinta-salasanan-vaihtaminen.jpg\" alt=\"\" class=\"wp-image-130150\" srcset=\"https:\/\/www.zoner.fi\/tuki\/wp-content\/uploads\/2022\/08\/ftp-hallinta-salasanan-vaihtaminen.jpg 900w, https:\/\/www.zoner.fi\/tuki\/wp-content\/uploads\/2022\/08\/ftp-hallinta-salasanan-vaihtaminen-300x82.jpg 300w, https:\/\/www.zoner.fi\/tuki\/wp-content\/uploads\/2022\/08\/ftp-hallinta-salasanan-vaihtaminen-768x211.jpg 768w\" sizes=\"auto, (max-width: 900px) 100vw, 900px\" \/><\/figure>\n\n\n\n<p>Anna uusi salasana.&nbsp;Voit painaa salasanarivin vasemmassa reunassa n\u00e4kyvi\u00e4 noppia, jolloin ohjelma muodostaa automaattisesti vahvan salasanan. Saat salasanan n\u00e4kyviin klikkaamalla rivill\u00e4 n\u00e4kyv\u00e4\u00e4 silm\u00e4-kuvaketta. Kopioi salasana leikep\u00f6yd\u00e4lle. Salasana n\u00e4ytet\u00e4\u00e4n ruudussa viel\u00e4 tallentamisen j\u00e4lkeen, joten ei tarvitse s\u00e4ik\u00e4ht\u00e4\u00e4, jos se j\u00e4\u00e4 t\u00e4ss\u00e4 kohtaa ottamatta talteen. Mukauta tilin k\u00e4ytt\u00f6oikeuksia tarvittaessa ja tallenna viel\u00e4 muutokset klikkaamalla Muokkaa.<\/p>\n\n\n\n<figure class=\"wp-block-image size-full\"><img loading=\"lazy\" decoding=\"async\" width=\"900\" height=\"286\" src=\"https:\/\/www.zoner.fi\/tuki\/wp-content\/uploads\/2022\/08\/ftp-hallinta-salasanan-vaihtaminen-uusi-salasana.jpg\" alt=\"\" class=\"wp-image-130149\" srcset=\"https:\/\/www.zoner.fi\/tuki\/wp-content\/uploads\/2022\/08\/ftp-hallinta-salasanan-vaihtaminen-uusi-salasana.jpg 900w, https:\/\/www.zoner.fi\/tuki\/wp-content\/uploads\/2022\/08\/ftp-hallinta-salasanan-vaihtaminen-uusi-salasana-300x95.jpg 300w, https:\/\/www.zoner.fi\/tuki\/wp-content\/uploads\/2022\/08\/ftp-hallinta-salasanan-vaihtaminen-uusi-salasana-768x244.jpg 768w\" sizes=\"auto, (max-width: 900px) 100vw, 900px\" \/><\/figure>\n\n\n\n<h4 class=\"wp-block-heading\">Ohje FTP-ohjelman k\u00e4ytt\u00f6\u00f6n<\/h4>\n\n\n\n<p>T\u00e4\u00e4lt\u00e4 l\u00f6yd\u00e4t my\u00f6s oman <a href=\"https:\/\/www.zoner.fi\/tuki\/webhotellit\/miten-kaytan-ftp-ohjelmaa-webhotellissa\/\">ohjeen FTP-ohjelman k\u00e4ytt\u00f6\u00f6n<\/a>.<\/p>\n","protected":false},"excerpt":{"rendered":"<p>T\u00e4ss\u00e4 ohjeessa k\u00e4ymme l\u00e4pi, kuinka voit luoda ylim\u00e4\u00e4r\u00e4isen FTP-tunnuksen webhotellin hallintapaneelista.<\/p>\n","protected":false},"author":15,"featured_media":0,"parent":129010,"menu_order":0,"comment_status":"closed","ping_status":"closed","template":"","meta":{"_relevanssi_hide_post":"","_relevanssi_hide_content":"","_relevanssi_pin_for_all":"","_relevanssi_pin_keywords":"","_relevanssi_unpin_keywords":"","_relevanssi_related_keywords":"","_relevanssi_related_include_ids":"","_relevanssi_related_exclude_ids":"","_relevanssi_related_no_append":"","_relevanssi_related_not_related":"","_relevanssi_related_posts":"1066,1063,1076","_relevanssi_noindex_reason":"","footnotes":""},"categories":[192],"tags":[93],"wf_page_folders":[],"class_list":{"0":"post-129687","1":"page","2":"type-page","3":"status-publish","5":"category-directadmin","6":"tag-ftp-sftp-ssh"},"_links":{"self":[{"href":"https:\/\/www.zoner.fi\/tuki\/wp-json\/wp\/v2\/pages\/129687","targetHints":{"allow":["GET"]}}],"collection":[{"href":"https:\/\/www.zoner.fi\/tuki\/wp-json\/wp\/v2\/pages"}],"about":[{"href":"https:\/\/www.zoner.fi\/tuki\/wp-json\/wp\/v2\/types\/page"}],"author":[{"embeddable":true,"href":"https:\/\/www.zoner.fi\/tuki\/wp-json\/wp\/v2\/users\/15"}],"replies":[{"embeddable":true,"href":"https:\/\/www.zoner.fi\/tuki\/wp-json\/wp\/v2\/comments?post=129687"}],"version-history":[{"count":13,"href":"https:\/\/www.zoner.fi\/tuki\/wp-json\/wp\/v2\/pages\/129687\/revisions"}],"predecessor-version":[{"id":137478,"href":"https:\/\/www.zoner.fi\/tuki\/wp-json\/wp\/v2\/pages\/129687\/revisions\/137478"}],"up":[{"embeddable":true,"href":"https:\/\/www.zoner.fi\/tuki\/wp-json\/wp\/v2\/pages\/129010"}],"wp:attachment":[{"href":"https:\/\/www.zoner.fi\/tuki\/wp-json\/wp\/v2\/media?parent=129687"}],"wp:term":[{"taxonomy":"category","embeddable":true,"href":"https:\/\/www.zoner.fi\/tuki\/wp-json\/wp\/v2\/categories?post=129687"},{"taxonomy":"post_tag","embeddable":true,"href":"https:\/\/www.zoner.fi\/tuki\/wp-json\/wp\/v2\/tags?post=129687"},{"taxonomy":"wf_page_folders","embeddable":true,"href":"https:\/\/www.zoner.fi\/tuki\/wp-json\/wp\/v2\/wf_page_folders?post=129687"}],"curies":[{"name":"wp","href":"https:\/\/api.w.org\/{rel}","templated":true}]}}