{"id":129691,"date":"2019-02-23T12:29:00","date_gmt":"2019-02-23T10:29:00","guid":{"rendered":"https:\/\/www.zoner.fi\/tuki\/?page_id=129691"},"modified":"2025-09-17T15:31:51","modified_gmt":"2025-09-17T12:31:51","slug":"miten-hallitsen-tiedostoja-file-managerilla","status":"publish","type":"page","link":"https:\/\/www.zoner.fi\/tuki\/webhotellit\/miten-hallitsen-tiedostoja-file-managerilla\/","title":{"rendered":"Tiedostojen hallitseminen File Managerilla"},"content":{"rendered":"\n<p>Kaikki<a href=\"https:\/\/www.zoner.fi\/webhotellit\/\"> webhotellit<\/a> sis\u00e4lt\u00e4v\u00e4t tiedostojen hallintaan tarkoitetun File Managerin. Tiedostonhallinnan avulla voit ladata tiedostoja, uudelleennimet\u00e4, siirt\u00e4\u00e4 ja poistaa tiedostoja ja kansioita ja muuttaa niiden oikeuksia.<\/p>\n\n\n\n<p>Kirjaudu sis\u00e4\u00e4n webhotellin DirectAdmin-hallintapaneeliin.<\/p>\n\n\n\n<p>Valitse p\u00e4\u00e4valikosta J\u00e4rjestelm\u00e4n tiedot ja tiedostot &#8211; Tiedostonhallinta<\/p>\n\n\n\n<figure class=\"wp-block-image size-full\"><img loading=\"lazy\" decoding=\"async\" width=\"500\" height=\"500\" src=\"https:\/\/www.zoner.fi\/tuki\/wp-content\/uploads\/2022\/08\/filemanager-tiedostonhallinta-paavalikko.jpg\" alt=\"\" class=\"wp-image-130285\" srcset=\"https:\/\/www.zoner.fi\/tuki\/wp-content\/uploads\/2022\/08\/filemanager-tiedostonhallinta-paavalikko.jpg 500w, https:\/\/www.zoner.fi\/tuki\/wp-content\/uploads\/2022\/08\/filemanager-tiedostonhallinta-paavalikko-300x300.jpg 300w, https:\/\/www.zoner.fi\/tuki\/wp-content\/uploads\/2022\/08\/filemanager-tiedostonhallinta-paavalikko-150x150.jpg 150w\" sizes=\"auto, (max-width: 500px) 100vw, 500px\" \/><\/figure>\n\n\n\n<p>Kansiorakenteessa liikutaan kansion nime\u00e4 klikkaamalla. Vasemmanpuoleisessa sarakkeessa on n\u00e4kyviss\u00e4 kansiorakenne juuresta alkaen.<\/p>\n\n\n\n<p>Nettisivusi sijaitsevat public_html -kansiossa. Jos k\u00e4yt\u00f6ss\u00e4si on useampi domain ja niill\u00e4 omat sivustonsa, l\u00f6ytyv\u00e4t sivustot kansiosta domains\/domainnimi.<\/p>\n\n\n\n<figure class=\"gb-block-image gb-block-image-4d135cd1\"><img loading=\"lazy\" decoding=\"async\" width=\"900\" height=\"523\" class=\"gb-image gb-image-4d135cd1\" src=\"https:\/\/www.zoner.fi\/tuki\/wp-content\/uploads\/2022\/08\/filemanager-juurihakemisto.jpg\" alt=\"\" title=\"filemanager-juurihakemisto\" srcset=\"https:\/\/www.zoner.fi\/tuki\/wp-content\/uploads\/2022\/08\/filemanager-juurihakemisto.jpg 900w, https:\/\/www.zoner.fi\/tuki\/wp-content\/uploads\/2022\/08\/filemanager-juurihakemisto-300x174.jpg 300w, https:\/\/www.zoner.fi\/tuki\/wp-content\/uploads\/2022\/08\/filemanager-juurihakemisto-768x446.jpg 768w\" sizes=\"auto, (max-width: 900px) 100vw, 900px\" \/><\/figure>\n\n\n\n<p><\/p>\n\n\n\n<h3 class=\"wp-block-heading\">Uuden kansion luominen<\/h3>\n\n\n\n<p>Klikkaa vasemmanpuoleisesta sarakkeesta Uusi kansio. Huomaa, ett\u00e4 sinun pit\u00e4\u00e4 olla siin\u00e4 kansiossa, jonka alle haluat luoda uuden kansion. Jos siis olisit luomassa uutta kansiota juureen, klikkaa ensin juurikansiota vasemmanpuoleisesta sarakkeesta. Esimerkiss\u00e4mme luodaan uusi kansio public_html-kansioon.<\/p>\n\n\n\n<figure class=\"gb-block-image gb-block-image-59bc291d\"><img loading=\"lazy\" decoding=\"async\" width=\"500\" height=\"283\" class=\"gb-image gb-image-59bc291d\" src=\"https:\/\/www.zoner.fi\/tuki\/wp-content\/uploads\/2022\/08\/filemanager-uusi-kansio-lataa-tiedosto-muokkaa.jpg\" alt=\"\" title=\"filemanager-uusi-kansio-lataa-tiedosto-muokkaa\" srcset=\"https:\/\/www.zoner.fi\/tuki\/wp-content\/uploads\/2022\/08\/filemanager-uusi-kansio-lataa-tiedosto-muokkaa.jpg 500w, https:\/\/www.zoner.fi\/tuki\/wp-content\/uploads\/2022\/08\/filemanager-uusi-kansio-lataa-tiedosto-muokkaa-300x170.jpg 300w\" sizes=\"auto, (max-width: 500px) 100vw, 500px\" \/><\/figure>\n\n\n\n<p><\/p>\n\n\n\n<p>Anna uudelle kansiolle nimi. Kansio kannattaa nimet\u00e4 pienill\u00e4 kirjaimilla ilman \u00e4\u00e4kk\u00f6si\u00e4 ja v\u00e4lily\u00f6ntej\u00e4. V\u00e4lily\u00f6nnin voi korvata &#8211; tai _ -merkill\u00e4. Tallenna muutokset klikkaamalla Luo.<\/p>\n\n\n\n<figure class=\"gb-block-image gb-block-image-cc9c013d\"><img loading=\"lazy\" decoding=\"async\" width=\"500\" height=\"436\" class=\"gb-image gb-image-cc9c013d\" src=\"https:\/\/www.zoner.fi\/tuki\/wp-content\/uploads\/2022\/08\/filemanager-kansion-luominen-uusi-kansio.jpg\" alt=\"\" title=\"filemanager-kansion-luominen-uusi-kansio\" srcset=\"https:\/\/www.zoner.fi\/tuki\/wp-content\/uploads\/2022\/08\/filemanager-kansion-luominen-uusi-kansio.jpg 500w, https:\/\/www.zoner.fi\/tuki\/wp-content\/uploads\/2022\/08\/filemanager-kansion-luominen-uusi-kansio-300x262.jpg 300w\" sizes=\"auto, (max-width: 500px) 100vw, 500px\" \/><\/figure>\n\n\n\n<p><\/p>\n\n\n\n<p>Nyt uusi kansio nimelt\u00e4\u00e4n uusikansio n\u00e4kyy kansiolistauksessa public_html-kansiossa.<\/p>\n\n\n\n<figure class=\"gb-block-image gb-block-image-370d6e4a\"><img loading=\"lazy\" decoding=\"async\" width=\"500\" height=\"252\" class=\"gb-image gb-image-370d6e4a\" src=\"https:\/\/www.zoner.fi\/tuki\/wp-content\/uploads\/2022\/08\/filemanager-uusi-kansio-listauksessa.jpg\" alt=\"\" title=\"filemanager-uusi-kansio-listauksessa\" srcset=\"https:\/\/www.zoner.fi\/tuki\/wp-content\/uploads\/2022\/08\/filemanager-uusi-kansio-listauksessa.jpg 500w, https:\/\/www.zoner.fi\/tuki\/wp-content\/uploads\/2022\/08\/filemanager-uusi-kansio-listauksessa-300x151.jpg 300w\" sizes=\"auto, (max-width: 500px) 100vw, 500px\" \/><\/figure>\n\n\n\n<p><\/p>\n\n\n\n<h3 class=\"wp-block-heading\">Kansion nime\u00e4minen uudelleen<\/h3>\n\n\n\n<p>Kansion uudelleennime\u00e4minen tulee kyseeseen mm. silloin, kun halutaan testata nettisivujen toimivuutta poistamalla lis\u00e4osia k\u00e4yt\u00f6st\u00e4. Konkreettisen poistamisen sijaan kannattaa lis\u00e4osan kansio nimet\u00e4 uudelleen lis\u00e4\u00e4m\u00e4ll\u00e4 nimeen yksi tai useampi merkki, esim. <em>lisaosannimi -&gt; lisaosannimi_x<\/em> jolloin nettisivusto ei l\u00f6yd\u00e4 kansiota. Lis\u00e4osa on helppo palauttaa toimintaan palauttamalla kansion nimi alkuper\u00e4iseen muotoonsa.<\/p>\n\n\n\n<p>Vie hiiri uudellennimett\u00e4v\u00e4n kansion nimen p\u00e4\u00e4lle ja valitse avautuvasta ikkunasta Nime\u00e4 uudelleen.<\/p>\n\n\n\n<figure class=\"gb-block-image gb-block-image-a1475750\"><img loading=\"lazy\" decoding=\"async\" width=\"500\" height=\"317\" class=\"gb-image gb-image-a1475750\" src=\"https:\/\/www.zoner.fi\/tuki\/wp-content\/uploads\/2022\/08\/filemanager-kansio-nimea-uudelleen.jpg\" alt=\"\" title=\"filemanager-kansio-nimea-uudelleen\" srcset=\"https:\/\/www.zoner.fi\/tuki\/wp-content\/uploads\/2022\/08\/filemanager-kansio-nimea-uudelleen.jpg 500w, https:\/\/www.zoner.fi\/tuki\/wp-content\/uploads\/2022\/08\/filemanager-kansio-nimea-uudelleen-300x190.jpg 300w\" sizes=\"auto, (max-width: 500px) 100vw, 500px\" \/><\/figure>\n\n\n\n<p><\/p>\n\n\n\n<p>Kirjoita kansion uusi nimi. Kansio kannattaa nimet\u00e4 pienill\u00e4 kirjaimilla ilman \u00e4\u00e4kk\u00f6si\u00e4 ja v\u00e4lily\u00f6ntej\u00e4. V\u00e4lily\u00f6nnin voi korvata &#8211; tai _ -merkill\u00e4. Tallenna muutokset klikkaamalla Nime\u00e4 uudelleen.<\/p>\n\n\n\n<figure class=\"gb-block-image gb-block-image-9a783189\"><img loading=\"lazy\" decoding=\"async\" width=\"500\" height=\"353\" class=\"gb-image gb-image-9a783189\" src=\"https:\/\/www.zoner.fi\/tuki\/wp-content\/uploads\/2022\/08\/filemanager-uudelleennimea-kansio.jpg\" alt=\"\" title=\"filemanager-uudelleennimea-kansio\" srcset=\"https:\/\/www.zoner.fi\/tuki\/wp-content\/uploads\/2022\/08\/filemanager-uudelleennimea-kansio.jpg 500w, https:\/\/www.zoner.fi\/tuki\/wp-content\/uploads\/2022\/08\/filemanager-uudelleennimea-kansio-300x212.jpg 300w\" sizes=\"auto, (max-width: 500px) 100vw, 500px\" \/><\/figure>\n\n\n\n<p><\/p>\n\n\n\n<h3 class=\"wp-block-heading\">Kansion poistaminen<\/h3>\n\n\n\n<p>Vie hiiri poistettavan kansion nimen p\u00e4\u00e4lle ja valitse avautuvasta ikkunasta Poista. Huomaa, ett\u00e4 kansion mukana poistuvat my\u00f6s kaikki sen sis\u00e4lt\u00e4m\u00e4t kansiot ja tiedostot!<\/p>\n\n\n\n<figure class=\"gb-block-image gb-block-image-cc50e897\"><img loading=\"lazy\" decoding=\"async\" width=\"500\" height=\"283\" class=\"gb-image gb-image-cc50e897\" src=\"https:\/\/www.zoner.fi\/tuki\/wp-content\/uploads\/2022\/08\/filemanager-kansio-poistaminen.jpg\" alt=\"\" title=\"filemanager-kansio-poistaminen\" srcset=\"https:\/\/www.zoner.fi\/tuki\/wp-content\/uploads\/2022\/08\/filemanager-kansio-poistaminen.jpg 500w, https:\/\/www.zoner.fi\/tuki\/wp-content\/uploads\/2022\/08\/filemanager-kansio-poistaminen-300x170.jpg 300w\" sizes=\"auto, (max-width: 500px) 100vw, 500px\" \/><\/figure>\n\n\n\n<p><\/p>\n\n\n\n<p>Vahvista poistaminen klikkaamalla Poista.<\/p>\n\n\n\n<figure class=\"gb-block-image gb-block-image-c6f1c2b9\"><img loading=\"lazy\" decoding=\"async\" width=\"500\" height=\"247\" class=\"gb-image gb-image-c6f1c2b9\" src=\"https:\/\/www.zoner.fi\/tuki\/wp-content\/uploads\/2022\/08\/filemanager-kansion-poistaminen-vahvistuskysely.jpg\" alt=\"\" title=\"filemanager-kansion-poistaminen-vahvistuskysely\" srcset=\"https:\/\/www.zoner.fi\/tuki\/wp-content\/uploads\/2022\/08\/filemanager-kansion-poistaminen-vahvistuskysely.jpg 500w, https:\/\/www.zoner.fi\/tuki\/wp-content\/uploads\/2022\/08\/filemanager-kansion-poistaminen-vahvistuskysely-300x148.jpg 300w\" sizes=\"auto, (max-width: 500px) 100vw, 500px\" \/><\/figure>\n\n\n\n<p><\/p>\n\n\n\n<h3 class=\"wp-block-heading\">Uuden tiedoston luominen<\/h3>\n\n\n\n<p>Klikkaa vasemmanpuoleisesta sarakkeesta Luo tiedosto. Huomaa, ett\u00e4 sinun pit\u00e4\u00e4 olla siin\u00e4 kansiossa, jonka alle haluat luoda uuden tiedoston. Jos siis olisit luomassa uutta kansiota juureen, klikkaa ensin juurikansiota vasemmanpuoleisesta sarakkeesta. Esimerkiss\u00e4mme luodaan uusi kansio upouusi-kansio -kansioon.<\/p>\n\n\n\n<figure class=\"gb-block-image gb-block-image-2472bc58\"><img loading=\"lazy\" decoding=\"async\" width=\"500\" height=\"283\" class=\"gb-image gb-image-2472bc58\" src=\"https:\/\/www.zoner.fi\/tuki\/wp-content\/uploads\/2022\/08\/filemanager-uusi-kansio-lataa-tiedosto-muokkaa.jpg\" alt=\"\" title=\"filemanager-uusi-kansio-lataa-tiedosto-muokkaa\" srcset=\"https:\/\/www.zoner.fi\/tuki\/wp-content\/uploads\/2022\/08\/filemanager-uusi-kansio-lataa-tiedosto-muokkaa.jpg 500w, https:\/\/www.zoner.fi\/tuki\/wp-content\/uploads\/2022\/08\/filemanager-uusi-kansio-lataa-tiedosto-muokkaa-300x170.jpg 300w\" sizes=\"auto, (max-width: 500px) 100vw, 500px\" \/><\/figure>\n\n\n\n<p><\/p>\n\n\n\n<p>Anna tiedostolle nimi.&nbsp;Tiedosto kannattaa nimet\u00e4 pienill\u00e4 kirjaimilla ilman \u00e4\u00e4kk\u00f6si\u00e4 ja v\u00e4lily\u00f6ntej\u00e4. V\u00e4lily\u00f6nnin voi korvata &#8211; tai _ -merkill\u00e4. Tallenna muutokset klikkaamalla Luo.<\/p>\n\n\n\n<figure class=\"gb-block-image gb-block-image-c8688b67\"><img loading=\"lazy\" decoding=\"async\" width=\"500\" height=\"437\" class=\"gb-image gb-image-c8688b67\" src=\"https:\/\/www.zoner.fi\/tuki\/wp-content\/uploads\/2022\/08\/filemanager-tiedoston-luominen-popup.jpg\" alt=\"\" title=\"filemanager-tiedoston-luominen-popup\" srcset=\"https:\/\/www.zoner.fi\/tuki\/wp-content\/uploads\/2022\/08\/filemanager-tiedoston-luominen-popup.jpg 500w, https:\/\/www.zoner.fi\/tuki\/wp-content\/uploads\/2022\/08\/filemanager-tiedoston-luominen-popup-300x262.jpg 300w\" sizes=\"auto, (max-width: 500px) 100vw, 500px\" \/><\/figure>\n\n\n\n<p><\/p>\n\n\n\n<h3 class=\"wp-block-heading\">Tiedoston muokkaaminen<\/h3>\n\n\n\n<p>Vie hiiri muokattavan tiedoston nimen p\u00e4\u00e4lle ja valitse avautuvasta ikkunasta Muokkaa tiedostoa.<\/p>\n\n\n\n<figure class=\"gb-block-image gb-block-image-7159e713\"><img loading=\"lazy\" decoding=\"async\" width=\"500\" height=\"310\" class=\"gb-image gb-image-7159e713\" src=\"https:\/\/www.zoner.fi\/tuki\/wp-content\/uploads\/2022\/08\/filemanager-tiedoston-muokkaus.jpg\" alt=\"\" title=\"filemanager-tiedoston-muokkaus\" srcset=\"https:\/\/www.zoner.fi\/tuki\/wp-content\/uploads\/2022\/08\/filemanager-tiedoston-muokkaus.jpg 500w, https:\/\/www.zoner.fi\/tuki\/wp-content\/uploads\/2022\/08\/filemanager-tiedoston-muokkaus-300x186.jpg 300w\" sizes=\"auto, (max-width: 500px) 100vw, 500px\" \/><\/figure>\n\n\n\n<p><\/p>\n\n\n\n<p>Tee muokkaukset ja tallenna.<\/p>\n\n\n\n<h3 class=\"wp-block-heading\">Uuden tiedoston lataaminen<\/h3>\n\n\n\n<p>Klikkaa vasemmanpuoleisesta sarakkeesta L\u00e4het\u00e4 tiedosto. Huomaa, ett\u00e4 sinun pit\u00e4\u00e4 olla siin\u00e4 kansiossa, jonka alle haluat tuoda uuden tiedoston. Jos siis olisit tuomassa uutta kansiota juureen, klikkaa ensin juurikansiota vasemmanpuoleisesta sarakkeesta. Esimerkiss\u00e4mme tuodaan uusi kansio upouusi-kansio -kansioon.<\/p>\n\n\n\n<figure class=\"gb-block-image gb-block-image-441fb971\"><img loading=\"lazy\" decoding=\"async\" width=\"500\" height=\"283\" class=\"gb-image gb-image-441fb971\" src=\"https:\/\/www.zoner.fi\/tuki\/wp-content\/uploads\/2022\/08\/filemanager-uusi-kansio-lataa-tiedosto-muokkaa.jpg\" alt=\"\" title=\"filemanager-uusi-kansio-lataa-tiedosto-muokkaa\" srcset=\"https:\/\/www.zoner.fi\/tuki\/wp-content\/uploads\/2022\/08\/filemanager-uusi-kansio-lataa-tiedosto-muokkaa.jpg 500w, https:\/\/www.zoner.fi\/tuki\/wp-content\/uploads\/2022\/08\/filemanager-uusi-kansio-lataa-tiedosto-muokkaa-300x170.jpg 300w\" sizes=\"auto, (max-width: 500px) 100vw, 500px\" \/><\/figure>\n\n\n\n<p><\/p>\n\n\n\n<p>Raahaa siirrett\u00e4v\u00e4(t) tiedosto(t) ruutuun tai klikkaa ruutua p\u00e4\u00e4st\u00e4ksesi hakemaan tiedostoja koneeltasi. Lataa tiedosto(t) klikkaamalla L\u00e4het\u00e4 palveluun -painiketta.<\/p>\n\n\n\n<figure class=\"gb-block-image gb-block-image-cdac5990\"><img loading=\"lazy\" decoding=\"async\" width=\"1609\" height=\"944\" class=\"gb-image gb-image-cdac5990\" src=\"https:\/\/www.zoner.fi\/tuki\/wp-content\/uploads\/2022\/08\/filemanager-tiedoston-lataaminen.jpg\" alt=\"\" title=\"filemanager-tiedoston-lataaminen\" srcset=\"https:\/\/www.zoner.fi\/tuki\/wp-content\/uploads\/2022\/08\/filemanager-tiedoston-lataaminen.jpg 1609w, https:\/\/www.zoner.fi\/tuki\/wp-content\/uploads\/2022\/08\/filemanager-tiedoston-lataaminen-300x176.jpg 300w, https:\/\/www.zoner.fi\/tuki\/wp-content\/uploads\/2022\/08\/filemanager-tiedoston-lataaminen-1024x601.jpg 1024w, https:\/\/www.zoner.fi\/tuki\/wp-content\/uploads\/2022\/08\/filemanager-tiedoston-lataaminen-768x451.jpg 768w, https:\/\/www.zoner.fi\/tuki\/wp-content\/uploads\/2022\/08\/filemanager-tiedoston-lataaminen-1536x901.jpg 1536w\" sizes=\"auto, (max-width: 1609px) 100vw, 1609px\" \/><\/figure>\n\n\n\n<p><\/p>\n\n\n\n<h3 class=\"wp-block-heading\">Tiedoston poistaminen<\/h3>\n\n\n\n<p>Vie hiiri poistettavan tiedoston nimen p\u00e4\u00e4lle ja valitse avautuvasta ikkunasta Poista.<\/p>\n\n\n\n<figure class=\"gb-block-image gb-block-image-5423b436\"><img loading=\"lazy\" decoding=\"async\" width=\"500\" height=\"364\" class=\"gb-image gb-image-5423b436\" src=\"https:\/\/www.zoner.fi\/tuki\/wp-content\/uploads\/2022\/08\/filemanager-tiedoston-poistaminen.jpg\" alt=\"\" title=\"filemanager-tiedoston-poistaminen\" srcset=\"https:\/\/www.zoner.fi\/tuki\/wp-content\/uploads\/2022\/08\/filemanager-tiedoston-poistaminen.jpg 500w, https:\/\/www.zoner.fi\/tuki\/wp-content\/uploads\/2022\/08\/filemanager-tiedoston-poistaminen-300x218.jpg 300w\" sizes=\"auto, (max-width: 500px) 100vw, 500px\" \/><\/figure>\n\n\n\n<p><\/p>\n\n\n\n<p>Vahvista poistaminen klikkaamalla Poista.<\/p>\n\n\n\n<figure class=\"gb-block-image gb-block-image-77e5e5d0\"><img loading=\"lazy\" decoding=\"async\" width=\"500\" height=\"244\" class=\"gb-image gb-image-77e5e5d0\" src=\"https:\/\/www.zoner.fi\/tuki\/wp-content\/uploads\/2022\/08\/filemanager-tiedoston-poistaminen-vahvistusviesti.jpg\" alt=\"\" title=\"filemanager-tiedoston-poistaminen-vahvistusviesti\" srcset=\"https:\/\/www.zoner.fi\/tuki\/wp-content\/uploads\/2022\/08\/filemanager-tiedoston-poistaminen-vahvistusviesti.jpg 500w, https:\/\/www.zoner.fi\/tuki\/wp-content\/uploads\/2022\/08\/filemanager-tiedoston-poistaminen-vahvistusviesti-300x146.jpg 300w\" sizes=\"auto, (max-width: 500px) 100vw, 500px\" \/><\/figure>\n\n\n\n<p><\/p>\n\n\n\n<h3 class=\"wp-block-heading\">Tiedoston\/kansion oikeuksien muuttaminen<\/h3>\n\n\n\n<p>Vie hiiri muokattavan tiedoston\/kansion nimen p\u00e4\u00e4lle ja valitse avautuvasta ikkunasta M\u00e4\u00e4rit\u00e4 k\u00e4ytt\u00f6oikeudet.<\/p>\n\n\n\n<figure class=\"gb-block-image gb-block-image-5e24d012\"><img loading=\"lazy\" decoding=\"async\" width=\"500\" height=\"355\" class=\"gb-image gb-image-5e24d012\" src=\"https:\/\/www.zoner.fi\/tuki\/wp-content\/uploads\/2022\/08\/filemanager-maarita-kayttooikeudet.jpg\" alt=\"\" title=\"filemanager-maarita-kayttooikeudet\" srcset=\"https:\/\/www.zoner.fi\/tuki\/wp-content\/uploads\/2022\/08\/filemanager-maarita-kayttooikeudet.jpg 500w, https:\/\/www.zoner.fi\/tuki\/wp-content\/uploads\/2022\/08\/filemanager-maarita-kayttooikeudet-300x213.jpg 300w\" sizes=\"auto, (max-width: 500px) 100vw, 500px\" \/><\/figure>\n\n\n\n<p><\/p>\n\n\n\n<p>Tee m\u00e4\u00e4ritykset ja tallenna muutokset klikkaamalla Aseta.<\/p>\n\n\n\n<figure class=\"gb-block-image gb-block-image-f0944d99\"><img loading=\"lazy\" decoding=\"async\" width=\"900\" height=\"551\" class=\"gb-image gb-image-f0944d99\" src=\"https:\/\/www.zoner.fi\/tuki\/wp-content\/uploads\/2022\/08\/filemanager-kayttooikeuksien-maarittaminen-astukset.jpg\" alt=\"\" title=\"filemanager-kayttooikeuksien-maarittaminen-astukset\" srcset=\"https:\/\/www.zoner.fi\/tuki\/wp-content\/uploads\/2022\/08\/filemanager-kayttooikeuksien-maarittaminen-astukset.jpg 900w, https:\/\/www.zoner.fi\/tuki\/wp-content\/uploads\/2022\/08\/filemanager-kayttooikeuksien-maarittaminen-astukset-300x184.jpg 300w, https:\/\/www.zoner.fi\/tuki\/wp-content\/uploads\/2022\/08\/filemanager-kayttooikeuksien-maarittaminen-astukset-768x470.jpg 768w\" sizes=\"auto, (max-width: 900px) 100vw, 900px\" \/><\/figure>\n\n\n\n<p><\/p>\n\n\n\n<h3 class=\"wp-block-heading\">Tiedoston\/kansion kopioiminen<\/h3>\n\n\n\n<p>Vie hiiri kopioitavan tiedoston\/kansion nimen p\u00e4\u00e4lle ja valitse avautuvasta ikkunasta Kopioi tiedosto.<\/p>\n\n\n\n<figure class=\"gb-block-image gb-block-image-2bef8efd\"><img loading=\"lazy\" decoding=\"async\" width=\"500\" height=\"330\" class=\"gb-image gb-image-2bef8efd\" src=\"https:\/\/www.zoner.fi\/tuki\/wp-content\/uploads\/2022\/08\/filemanager-tiedoston-kopioiminen.jpg\" alt=\"\" title=\"filemanager-tiedoston-kopioiminen\" srcset=\"https:\/\/www.zoner.fi\/tuki\/wp-content\/uploads\/2022\/08\/filemanager-tiedoston-kopioiminen.jpg 500w, https:\/\/www.zoner.fi\/tuki\/wp-content\/uploads\/2022\/08\/filemanager-tiedoston-kopioiminen-300x198.jpg 300w\" sizes=\"auto, (max-width: 500px) 100vw, 500px\" \/><\/figure>\n\n\n\n<p><\/p>\n\n\n\n<p>Kirjoita kohdekansion polku ja tallenna muutokset klikkaamalla Kopioi.<\/p>\n\n\n\n<figure class=\"gb-block-image gb-block-image-ea89370d\"><img loading=\"lazy\" decoding=\"async\" width=\"500\" height=\"406\" class=\"gb-image gb-image-ea89370d\" src=\"https:\/\/www.zoner.fi\/tuki\/wp-content\/uploads\/2022\/08\/filemanager-tiedoston-kopioiminen-valinnat.jpg\" alt=\"\" title=\"filemanager-tiedoston-kopioiminen-valinnat\" srcset=\"https:\/\/www.zoner.fi\/tuki\/wp-content\/uploads\/2022\/08\/filemanager-tiedoston-kopioiminen-valinnat.jpg 500w, https:\/\/www.zoner.fi\/tuki\/wp-content\/uploads\/2022\/08\/filemanager-tiedoston-kopioiminen-valinnat-300x244.jpg 300w\" sizes=\"auto, (max-width: 500px) 100vw, 500px\" \/><\/figure>\n\n\n\n<p><\/p>\n\n\n\n<h3 class=\"wp-block-heading\">Tiedoston\/kansion siirt\u00e4minen leikep\u00f6yd\u00e4n avulla<\/h3>\n\n\n\n<p>Vie hiiri siirrett\u00e4v\u00e4n tiedoston\/kansion nimen p\u00e4\u00e4lle ja valitse avautuvasta ikkunasta Lis\u00e4\u00e4 leikep\u00f6yd\u00e4lle (Add to Clipboard).<\/p>\n\n\n\n<figure class=\"gb-block-image gb-block-image-3c0c6d2f\"><img loading=\"lazy\" decoding=\"async\" width=\"500\" height=\"343\" class=\"gb-image gb-image-3c0c6d2f\" src=\"https:\/\/www.zoner.fi\/tuki\/wp-content\/uploads\/2022\/08\/filemanager-tiedoston-tai-kansion-kopioiminen-tai-siirtaminen-leikepoyta.jpg\" alt=\"\" title=\"filemanager-tiedoston-tai-kansion-kopioiminen-tai-siirtaminen-leikepoyta\" srcset=\"https:\/\/www.zoner.fi\/tuki\/wp-content\/uploads\/2022\/08\/filemanager-tiedoston-tai-kansion-kopioiminen-tai-siirtaminen-leikepoyta.jpg 500w, https:\/\/www.zoner.fi\/tuki\/wp-content\/uploads\/2022\/08\/filemanager-tiedoston-tai-kansion-kopioiminen-tai-siirtaminen-leikepoyta-300x206.jpg 300w\" sizes=\"auto, (max-width: 500px) 100vw, 500px\" \/><\/figure>\n\n\n\n<p><\/p>\n\n\n\n<p>Siirry kansioon, jonne haluat siirt\u00e4\u00e4 leikep\u00f6yd\u00e4n sis\u00e4ll\u00f6n. Leikep\u00f6yd\u00e4n toiminnot l\u00f6ytyv\u00e4t tiedostolistauksen alareunasta. Tuo leikep\u00f6yd\u00e4n tiedot valitsemalla Siirr\u00e4 tiedostoja.<\/p>\n\n\n\n<figure class=\"gb-block-image gb-block-image-25df1b9a\"><img loading=\"lazy\" decoding=\"async\" width=\"500\" height=\"349\" class=\"gb-image gb-image-25df1b9a\" src=\"https:\/\/www.zoner.fi\/tuki\/wp-content\/uploads\/2022\/08\/filemanager-leikepoyta.jpg\" alt=\"\" title=\"filemanager-leikepoyta\" srcset=\"https:\/\/www.zoner.fi\/tuki\/wp-content\/uploads\/2022\/08\/filemanager-leikepoyta.jpg 500w, https:\/\/www.zoner.fi\/tuki\/wp-content\/uploads\/2022\/08\/filemanager-leikepoyta-300x209.jpg 300w\" sizes=\"auto, (max-width: 500px) 100vw, 500px\" \/><\/figure>\n\n\n\n<p><\/p>\n","protected":false},"excerpt":{"rendered":"<p>Tiedostonhallinnan avulla voit ladata tiedostoja, uudelleennimet\u00e4, siirt\u00e4\u00e4 ja poistaa tiedostoja ja kansioita ja muuttaa niiden oikeuksia.<\/p>\n","protected":false},"author":15,"featured_media":0,"parent":129010,"menu_order":0,"comment_status":"closed","ping_status":"closed","template":"","meta":{"_relevanssi_hide_post":"","_relevanssi_hide_content":"","_relevanssi_pin_for_all":"","_relevanssi_pin_keywords":"","_relevanssi_unpin_keywords":"","_relevanssi_related_keywords":"","_relevanssi_related_include_ids":"","_relevanssi_related_exclude_ids":"","_relevanssi_related_no_append":"","_relevanssi_related_not_related":"","_relevanssi_related_posts":"1076,1063,1066","_relevanssi_noindex_reason":"","footnotes":""},"categories":[192],"tags":[95,220],"wf_page_folders":[],"class_list":{"0":"post-129691","1":"page","2":"type-page","3":"status-publish","5":"category-directadmin","6":"tag-ohjelmistot","7":"tag-tiedostonhallinta"},"_links":{"self":[{"href":"https:\/\/www.zoner.fi\/tuki\/wp-json\/wp\/v2\/pages\/129691","targetHints":{"allow":["GET"]}}],"collection":[{"href":"https:\/\/www.zoner.fi\/tuki\/wp-json\/wp\/v2\/pages"}],"about":[{"href":"https:\/\/www.zoner.fi\/tuki\/wp-json\/wp\/v2\/types\/page"}],"author":[{"embeddable":true,"href":"https:\/\/www.zoner.fi\/tuki\/wp-json\/wp\/v2\/users\/15"}],"replies":[{"embeddable":true,"href":"https:\/\/www.zoner.fi\/tuki\/wp-json\/wp\/v2\/comments?post=129691"}],"version-history":[{"count":20,"href":"https:\/\/www.zoner.fi\/tuki\/wp-json\/wp\/v2\/pages\/129691\/revisions"}],"predecessor-version":[{"id":137506,"href":"https:\/\/www.zoner.fi\/tuki\/wp-json\/wp\/v2\/pages\/129691\/revisions\/137506"}],"up":[{"embeddable":true,"href":"https:\/\/www.zoner.fi\/tuki\/wp-json\/wp\/v2\/pages\/129010"}],"wp:attachment":[{"href":"https:\/\/www.zoner.fi\/tuki\/wp-json\/wp\/v2\/media?parent=129691"}],"wp:term":[{"taxonomy":"category","embeddable":true,"href":"https:\/\/www.zoner.fi\/tuki\/wp-json\/wp\/v2\/categories?post=129691"},{"taxonomy":"post_tag","embeddable":true,"href":"https:\/\/www.zoner.fi\/tuki\/wp-json\/wp\/v2\/tags?post=129691"},{"taxonomy":"wf_page_folders","embeddable":true,"href":"https:\/\/www.zoner.fi\/tuki\/wp-json\/wp\/v2\/wf_page_folders?post=129691"}],"curies":[{"name":"wp","href":"https:\/\/api.w.org\/{rel}","templated":true}]}}