{"id":129694,"date":"2019-02-23T12:31:00","date_gmt":"2019-02-23T10:31:00","guid":{"rendered":"https:\/\/www.zoner.fi\/tuki\/?page_id=129694"},"modified":"2025-09-17T15:03:33","modified_gmt":"2025-09-17T12:03:33","slug":"miten-suojaan-tiedostoja-tai-kansioita-htaccess-tiedostolla","status":"publish","type":"page","link":"https:\/\/www.zoner.fi\/tuki\/webhotellit\/miten-suojaan-tiedostoja-tai-kansioita-htaccess-tiedostolla\/","title":{"rendered":"Tiedoston tai kansion suojaaminen salasanalla"},"content":{"rendered":"\n<p><a href=\"https:\/\/www.zoner.fi\/webhotellit\/\">Webhotelli<\/a> mahdollistaa kokonaisen tiedostokansion sis\u00e4ll\u00f6n tai yksitt\u00e4isen tiedoston suojaamisen salasanalla est\u00e4\u00e4ksesi p\u00e4\u00e4syn sen sis\u00e4lt\u00e4miin tietoihin.<\/p>\n\n\n\n<h3 class=\"wp-block-heading\">Kansion suojaaminen<\/h3>\n\n\n\n<p>Kirjaudu sis\u00e4\u00e4n webhotellin DirectAdmin-hallintapaneeliin.<\/p>\n\n\n\n<p>Valitse p\u00e4\u00e4valikosta Edistyneet toiminnot &#8211; Salasanalla suojatut hakemistot.<\/p>\n\n\n\n<figure class=\"wp-block-image size-full\"><img loading=\"lazy\" decoding=\"async\" width=\"500\" height=\"264\" src=\"https:\/\/www.zoner.fi\/tuki\/wp-content\/uploads\/2022\/08\/kansion-suojaaminen-htaccess-tiedostolla-paavalikko-salasanalla-suojatut-tiedostot.jpg\" alt=\"\" class=\"wp-image-130119\" srcset=\"https:\/\/www.zoner.fi\/tuki\/wp-content\/uploads\/2022\/08\/kansion-suojaaminen-htaccess-tiedostolla-paavalikko-salasanalla-suojatut-tiedostot.jpg 500w, https:\/\/www.zoner.fi\/tuki\/wp-content\/uploads\/2022\/08\/kansion-suojaaminen-htaccess-tiedostolla-paavalikko-salasanalla-suojatut-tiedostot-300x158.jpg 300w\" sizes=\"auto, (max-width: 500px) 100vw, 500px\" \/><\/figure>\n\n\n\n<p>Klikkaa avautuvan Suojatut hakemistot -sivun alaosassa n\u00e4kyv\u00e4\u00e4 Etsi hakemisto, joka suojataan salasanalla -linkki\u00e4.<\/p>\n\n\n\n<figure class=\"wp-block-image size-full\"><img loading=\"lazy\" decoding=\"async\" width=\"900\" height=\"217\" src=\"https:\/\/www.zoner.fi\/tuki\/wp-content\/uploads\/2022\/08\/kansion-suojaaminen-htaccess-etsi-kansio.jpg\" alt=\"\" class=\"wp-image-130113\" srcset=\"https:\/\/www.zoner.fi\/tuki\/wp-content\/uploads\/2022\/08\/kansion-suojaaminen-htaccess-etsi-kansio.jpg 900w, https:\/\/www.zoner.fi\/tuki\/wp-content\/uploads\/2022\/08\/kansion-suojaaminen-htaccess-etsi-kansio-300x72.jpg 300w, https:\/\/www.zoner.fi\/tuki\/wp-content\/uploads\/2022\/08\/kansion-suojaaminen-htaccess-etsi-kansio-768x185.jpg 768w\" sizes=\"auto, (max-width: 900px) 100vw, 900px\" \/><\/figure>\n\n\n\n<p><em>Sivulla n\u00e4kyv\u00e4ss\u00e4 listassa n\u00e4kyv\u00e4t my\u00f6s mahdolliset aiemmin salaamasi kansiot. Niit\u00e4 p\u00e4\u00e4set hallinnoimaan klikkaamalla kansiopolkua.<\/em><\/p>\n\n\n\n<p>Siirryt Tiedostonhallinta-sivulle. Lue lis\u00e4\u00e4 tiedostonhallinnasta <a href=\"https:\/\/www.zoner.fi\/tuki\/webhotellit\/miten-hallitsen-tiedostoja-file-managerilla\/\">t\u00e4\u00e4lt\u00e4<\/a>. Etsi kansio\/tiedosto, jonka haluat suojata ja vie hiiren osoitin kansion\/tiedoston nimen p\u00e4\u00e4lle. Valitse aukeavasta ikkunasta Suojaa.<\/p>\n\n\n\n<figure class=\"wp-block-image size-full\"><img loading=\"lazy\" decoding=\"async\" width=\"900\" height=\"391\" src=\"https:\/\/www.zoner.fi\/tuki\/wp-content\/uploads\/2022\/08\/kansion-suojaaminen-htaccess-valitse-kansio-file-manager.jpg\" alt=\"\" class=\"wp-image-130117\" srcset=\"https:\/\/www.zoner.fi\/tuki\/wp-content\/uploads\/2022\/08\/kansion-suojaaminen-htaccess-valitse-kansio-file-manager.jpg 900w, https:\/\/www.zoner.fi\/tuki\/wp-content\/uploads\/2022\/08\/kansion-suojaaminen-htaccess-valitse-kansio-file-manager-300x130.jpg 300w, https:\/\/www.zoner.fi\/tuki\/wp-content\/uploads\/2022\/08\/kansion-suojaaminen-htaccess-valitse-kansio-file-manager-768x334.jpg 768w\" sizes=\"auto, (max-width: 900px) 100vw, 900px\" \/><\/figure>\n\n\n\n<p>Kirjoita avautuvaan ponnahdusikkunaan kansiota\/suojausta kuvaava nimi ja m\u00e4\u00e4rit\u00e4 tunnukset, joiden avulla suojattua sis\u00e4lt\u00f6\u00e4 p\u00e4\u00e4see tarkastelemaan.&nbsp;Voit painaa salasanarivin vasemmassa reunassa n\u00e4kyvi\u00e4 noppia, jolloin ohjelma muodostaa automaattisesti vahvan salasanan. Saat salasanan n\u00e4kyviin klikkaamalla rivill\u00e4 n\u00e4kyv\u00e4\u00e4 silm\u00e4-kuvaketta. Tallenna muutokset klikkaamalla Suojaa.<\/p>\n\n\n\n<figure class=\"wp-block-image size-full\"><img loading=\"lazy\" decoding=\"async\" width=\"458\" height=\"500\" src=\"https:\/\/www.zoner.fi\/tuki\/wp-content\/uploads\/2022\/08\/kansion-suojaaminen-htaccess-maarita-kayttaja.jpg\" alt=\"\" class=\"wp-image-130116\" srcset=\"https:\/\/www.zoner.fi\/tuki\/wp-content\/uploads\/2022\/08\/kansion-suojaaminen-htaccess-maarita-kayttaja.jpg 458w, https:\/\/www.zoner.fi\/tuki\/wp-content\/uploads\/2022\/08\/kansion-suojaaminen-htaccess-maarita-kayttaja-275x300.jpg 275w\" sizes=\"auto, (max-width: 458px) 100vw, 458px\" \/><\/figure>\n\n\n\n<p>Siirryt suojauksen muokkaussivulle, jossa voit poistaa suojauksen, muokata tietoja ja lis\u00e4t\u00e4 uusia k\u00e4ytt\u00e4ji\u00e4.<\/p>\n\n\n\n<figure class=\"wp-block-image size-full\"><img loading=\"lazy\" decoding=\"async\" width=\"900\" height=\"255\" src=\"https:\/\/www.zoner.fi\/tuki\/wp-content\/uploads\/2022\/08\/kansion-suojaaminen-htaccess-suojauksen-muokkaus-poistaminen.jpg\" alt=\"\" class=\"wp-image-130118\" srcset=\"https:\/\/www.zoner.fi\/tuki\/wp-content\/uploads\/2022\/08\/kansion-suojaaminen-htaccess-suojauksen-muokkaus-poistaminen.jpg 900w, https:\/\/www.zoner.fi\/tuki\/wp-content\/uploads\/2022\/08\/kansion-suojaaminen-htaccess-suojauksen-muokkaus-poistaminen-300x85.jpg 300w, https:\/\/www.zoner.fi\/tuki\/wp-content\/uploads\/2022\/08\/kansion-suojaaminen-htaccess-suojauksen-muokkaus-poistaminen-768x218.jpg 768w\" sizes=\"auto, (max-width: 900px) 100vw, 900px\" \/><\/figure>\n\n\n\n<p>Testaa suojauksen toimivuus kirjoittamalla selaimen osoiteriville domainisi\/suojatun kansion polku eli esimerkiss\u00e4mme suojatun kansion osoite olisi domaintesti.fi\/kauppa. Selain pyyt\u00e4\u00e4 kirjautumaan sis\u00e4\u00e4n k\u00e4ytt\u00e4j\u00e4tunnuksellla ja salasanalla.<\/p>\n\n\n\n<figure class=\"wp-block-image size-full\"><img loading=\"lazy\" decoding=\"async\" width=\"500\" height=\"277\" src=\"https:\/\/www.zoner.fi\/tuki\/wp-content\/uploads\/2022\/08\/kansion-suojaaminen-htaccess-front-kirjautumisikkuna.jpg\" alt=\"\" class=\"wp-image-130114\" srcset=\"https:\/\/www.zoner.fi\/tuki\/wp-content\/uploads\/2022\/08\/kansion-suojaaminen-htaccess-front-kirjautumisikkuna.jpg 500w, https:\/\/www.zoner.fi\/tuki\/wp-content\/uploads\/2022\/08\/kansion-suojaaminen-htaccess-front-kirjautumisikkuna-300x166.jpg 300w\" sizes=\"auto, (max-width: 500px) 100vw, 500px\" \/><\/figure>\n","protected":false},"excerpt":{"rendered":"<p>T\u00e4ss\u00e4 ohjeessa k\u00e4yd\u00e4\u00e4n l\u00e4pi tiedoston ja kansion suojaaminen .htaccess-tiedostolla.<\/p>\n","protected":false},"author":15,"featured_media":0,"parent":129010,"menu_order":0,"comment_status":"closed","ping_status":"closed","template":"","meta":{"_relevanssi_hide_post":"","_relevanssi_hide_content":"","_relevanssi_pin_for_all":"","_relevanssi_pin_keywords":"","_relevanssi_unpin_keywords":"","_relevanssi_related_keywords":"","_relevanssi_related_include_ids":"","_relevanssi_related_exclude_ids":"","_relevanssi_related_no_append":"","_relevanssi_related_not_related":"","_relevanssi_related_posts":"1076,1063,1066","_relevanssi_noindex_reason":"","footnotes":""},"categories":[192],"tags":[93],"wf_page_folders":[],"class_list":{"0":"post-129694","1":"page","2":"type-page","3":"status-publish","5":"category-directadmin","6":"tag-ftp-sftp-ssh"},"_links":{"self":[{"href":"https:\/\/www.zoner.fi\/tuki\/wp-json\/wp\/v2\/pages\/129694","targetHints":{"allow":["GET"]}}],"collection":[{"href":"https:\/\/www.zoner.fi\/tuki\/wp-json\/wp\/v2\/pages"}],"about":[{"href":"https:\/\/www.zoner.fi\/tuki\/wp-json\/wp\/v2\/types\/page"}],"author":[{"embeddable":true,"href":"https:\/\/www.zoner.fi\/tuki\/wp-json\/wp\/v2\/users\/15"}],"replies":[{"embeddable":true,"href":"https:\/\/www.zoner.fi\/tuki\/wp-json\/wp\/v2\/comments?post=129694"}],"version-history":[{"count":7,"href":"https:\/\/www.zoner.fi\/tuki\/wp-json\/wp\/v2\/pages\/129694\/revisions"}],"predecessor-version":[{"id":137482,"href":"https:\/\/www.zoner.fi\/tuki\/wp-json\/wp\/v2\/pages\/129694\/revisions\/137482"}],"up":[{"embeddable":true,"href":"https:\/\/www.zoner.fi\/tuki\/wp-json\/wp\/v2\/pages\/129010"}],"wp:attachment":[{"href":"https:\/\/www.zoner.fi\/tuki\/wp-json\/wp\/v2\/media?parent=129694"}],"wp:term":[{"taxonomy":"category","embeddable":true,"href":"https:\/\/www.zoner.fi\/tuki\/wp-json\/wp\/v2\/categories?post=129694"},{"taxonomy":"post_tag","embeddable":true,"href":"https:\/\/www.zoner.fi\/tuki\/wp-json\/wp\/v2\/tags?post=129694"},{"taxonomy":"wf_page_folders","embeddable":true,"href":"https:\/\/www.zoner.fi\/tuki\/wp-json\/wp\/v2\/wf_page_folders?post=129694"}],"curies":[{"name":"wp","href":"https:\/\/api.w.org\/{rel}","templated":true}]}}