{"id":129696,"date":"2019-02-22T12:33:00","date_gmt":"2019-02-22T10:33:00","guid":{"rendered":"https:\/\/www.zoner.fi\/tuki\/?page_id=129696"},"modified":"2025-11-13T11:53:25","modified_gmt":"2025-11-13T09:53:25","slug":"miten-maaritan-spamassassin-roskapostisuodatuksen","status":"publish","type":"page","link":"https:\/\/www.zoner.fi\/tuki\/webhotellit\/miten-maaritan-spamassassin-roskapostisuodatuksen\/","title":{"rendered":"Roskapostinsuodatuksen m\u00e4\u00e4ritt\u00e4minen webhotellissa"},"content":{"rendered":"\n<p><a href=\"https:\/\/www.zoner.fi\/webhotellit\/\">Webhotellit <\/a>mahdollistavat roskapostisuodattimen k\u00e4yt\u00f6n. Roskapostisuodattimen avulla voit hallita sit\u00e4, miten roskapostiksi luokiteltuja viestej\u00e4 k\u00e4sitell\u00e4\u00e4n. Voit my\u00f6s asettaa s\u00e4hk\u00f6postiosoitteita mustalle (estetty) tai valkoiselle (sallittu) listalle.<\/p>\n\n\n\n<p>Viestit pisteytet\u00e4\u00e4n ja luokitellaan pisteytyksen perusteella roskapostiksi. Huomaa, ett\u00e4 joskus suodattimeen voi syyst\u00e4 tai toisesta joutua my\u00f6s viestej\u00e4, jotka eiv\u00e4t ole roskapostia. Suosittelemme tarkistamaan roskapostikansion s\u00e4\u00e4nn\u00f6llisesti!<\/p>\n\n\n\n<h2 class=\"wp-block-heading\">Spamassassin-roskapostisuodattimen k\u00e4ytt\u00f6\u00f6notto<\/h2>\n\n\n\n<p>Kirjaudu sis\u00e4\u00e4n webhotellin DirectAdmin-hallintapaneeliin.<\/p>\n\n\n\n<p>Jos sinulla on kauttamme useampi domain, valitse ensin se domain, johon haluat kohdentaa muokkauksen. Ohje muokattavan domainin valintaan l\u00f6ytyy <a href=\"https:\/\/www.zoner.fi\/tuki\/webhotellit\/miten-kaytan-directadmin-hallintapaneelia\/\">t\u00e4\u00e4lt\u00e4<\/a>.<\/p>\n\n\n\n<p>Valitse p\u00e4\u00e4valikosta <strong>S\u00e4hk\u00f6postien hallinta<\/strong> \u2013 <strong>Spamassassin-toiminnon m\u00e4\u00e4ritys<\/strong>.<\/p>\n\n\n\n<p>Klikkaa avautuvalla Spamassassin-toiminnon m\u00e4\u00e4ritys -sivulla n\u00e4kyv\u00e4\u00e4 sinist\u00e4 painiketta <strong>Ota Spamassassin k\u00e4ytt\u00f6\u00f6n<\/strong>.<\/p>\n\n\n\n<p>M\u00e4\u00e4rit\u00e4 suodattimen asetukset. Jos haluat est\u00e4\u00e4 tai sallia viestit domain-tasolla, kirjoita s\u00e4hk\u00f6postiosoitteeksi *@domain.fi eli * korvaa kaikki merkit ennen @-merkki\u00e4. Lopuksi tallenna tekem\u00e4si muutokset.<\/p>\n\n\n\n<h3 class=\"wp-block-heading\">Suodattimen muokkaaminen<\/h3>\n\n\n\n<p>Spamassassin suodatinta voi k\u00e4sin ja\/tai DirectAdmin hallintapaneelista&nbsp;muokata l\u00e4hes rajattomasti. Asetukset tallentuvat k\u00e4ytt\u00e4j\u00e4n kotihakemistoon .\/spamassassin hakemiston alle&nbsp;user_pref tiedostoon. User_pref asetuksista tarkemmat tiedot&nbsp;<a href=\"https:\/\/spamassassin.apache.org\/full\/3.2.x\/doc\/Mail_SpamAssassin_Conf.html\" target=\"_blank\" rel=\"noreferrer noopener\">t\u00e4\u00e4lt\u00e4<\/a><\/p>\n\n\n\n<p><strong>Oppiva Bayes &#8211; suodatin:<\/strong><\/p>\n\n\n\n<p>Bayes &#8211; suodatin ker\u00e4\u00e4 tietoa automaattisesti tietyt pisterajat ylitt\u00e4vist\u00e4 viesteist\u00e4 (0.1 = oikeaa postia, 12 = roskapostia), mutta sille voi my\u00f6s kertoa mitk\u00e4 viestit ovat roskia ja mitk\u00e4 oikeita jolloin se ker\u00e4\u00e4 tiedot my\u00f6s niist\u00e4. Jos opettamista ei suoriteta odottaa&nbsp;spamassaassin kunnes bayes &#8211; suodatin on ker\u00e4nnyt yli 200 roskapostia sek\u00e4 200 oikeaa postia, jonka j\u00e4lkeen my\u00f6s bayes &#8211; suodatus otetaan k\u00e4ytt\u00f6\u00f6n. Bayes &#8211; suodatin antaa lis\u00e4pisteit\u00e4 vastaanotetulle viestille ja parhaimmillaan juuri n\u00e4m\u00e4 lis\u00e4pisteet riitt\u00e4v\u00e4t ylitt\u00e4m\u00e4\u00e4n hylk\u00e4yskynnyksen.<\/p>\n\n\n\n<p>SA-Learn k\u00e4skyst\u00e4 tarkemmat tiedot&nbsp;<a href=\"https:\/\/spamassassin.apache.org\/full\/3.1.x\/doc\/sa-learn.html\" target=\"_blank\" rel=\"noreferrer noopener\">t\u00e4\u00e4lt\u00e4<\/a><\/p>\n\n\n\n<p><strong>Bayes suodattimen&nbsp;tiedostojen pienent\u00e4minen:<\/strong><\/p>\n\n\n\n<p><em>cd \/home\/user\/.spamassassin<\/em><\/p>\n\n\n\n<p># P\u00e4ivitet\u00e4\u00e4n tietokanta ajantasalle manuaalisesti #<br><em>sa-learn &#8211;force-expire<\/em><\/p>\n\n\n\n<p># Poistetaan vanhat tiedot #<br><em>sa-learn &#8211;clear<\/em><\/p>\n\n\n\n<p><strong>user_prefs asetuksia:<\/strong><\/p>\n\n\n\n<p>bayes_journal_max_size 102400<br>bayes_expiry_max_db_size 150000<br>bayes_auto_expire 1<br>use_auto_whitelist 0<\/p>\n\n\n\n<p># use_auto_whitelist 0 #<br>SpamAssassin has something called auto whitelist, which I&#8217;ve personally found completely useless. In fact, it increases spam levels for me. The SpamAssassin home page has more information about the Auto-Whitelist feature.<\/p>\n\n\n\n<p>T\u00e4m\u00e4n j\u00e4lkeen voi auto-whitelist tiedoston poistaa<\/p>\n","protected":false},"excerpt":{"rendered":"<p>Ohjeessa k\u00e4yd\u00e4\u00e4n Spamassassin-roskapostisuodattimen k\u00e4ytt\u00f6notto ja m\u00e4\u00e4ritys.<\/p>\n","protected":false},"author":15,"featured_media":0,"parent":129010,"menu_order":0,"comment_status":"closed","ping_status":"closed","template":"","meta":{"_relevanssi_hide_post":"","_relevanssi_hide_content":"","_relevanssi_pin_for_all":"","_relevanssi_pin_keywords":"","_relevanssi_unpin_keywords":"","_relevanssi_related_keywords":"","_relevanssi_related_include_ids":"","_relevanssi_related_exclude_ids":"","_relevanssi_related_no_append":"","_relevanssi_related_not_related":"","_relevanssi_related_posts":"1063,1076,1066","_relevanssi_noindex_reason":"","footnotes":""},"categories":[192,209],"tags":[199,214],"wf_page_folders":[],"class_list":{"0":"post-129696","1":"page","2":"type-page","3":"status-publish","5":"category-directadmin","6":"category-directadmin-verkkotunnus","7":"tag-sahkoposti","8":"tag-sahkopostin-hallinta"},"_links":{"self":[{"href":"https:\/\/www.zoner.fi\/tuki\/wp-json\/wp\/v2\/pages\/129696","targetHints":{"allow":["GET"]}}],"collection":[{"href":"https:\/\/www.zoner.fi\/tuki\/wp-json\/wp\/v2\/pages"}],"about":[{"href":"https:\/\/www.zoner.fi\/tuki\/wp-json\/wp\/v2\/types\/page"}],"author":[{"embeddable":true,"href":"https:\/\/www.zoner.fi\/tuki\/wp-json\/wp\/v2\/users\/15"}],"replies":[{"embeddable":true,"href":"https:\/\/www.zoner.fi\/tuki\/wp-json\/wp\/v2\/comments?post=129696"}],"version-history":[{"count":9,"href":"https:\/\/www.zoner.fi\/tuki\/wp-json\/wp\/v2\/pages\/129696\/revisions"}],"predecessor-version":[{"id":138131,"href":"https:\/\/www.zoner.fi\/tuki\/wp-json\/wp\/v2\/pages\/129696\/revisions\/138131"}],"up":[{"embeddable":true,"href":"https:\/\/www.zoner.fi\/tuki\/wp-json\/wp\/v2\/pages\/129010"}],"wp:attachment":[{"href":"https:\/\/www.zoner.fi\/tuki\/wp-json\/wp\/v2\/media?parent=129696"}],"wp:term":[{"taxonomy":"category","embeddable":true,"href":"https:\/\/www.zoner.fi\/tuki\/wp-json\/wp\/v2\/categories?post=129696"},{"taxonomy":"post_tag","embeddable":true,"href":"https:\/\/www.zoner.fi\/tuki\/wp-json\/wp\/v2\/tags?post=129696"},{"taxonomy":"wf_page_folders","embeddable":true,"href":"https:\/\/www.zoner.fi\/tuki\/wp-json\/wp\/v2\/wf_page_folders?post=129696"}],"curies":[{"name":"wp","href":"https:\/\/api.w.org\/{rel}","templated":true}]}}