{"id":129698,"date":"2019-02-22T12:36:00","date_gmt":"2019-02-22T10:36:00","guid":{"rendered":"https:\/\/www.zoner.fi\/tuki\/?page_id=129698"},"modified":"2025-09-17T15:33:26","modified_gmt":"2025-09-17T12:33:26","slug":"miten-luon-sahkopostilistan","status":"publish","type":"page","link":"https:\/\/www.zoner.fi\/tuki\/webhotellit\/miten-luon-sahkopostilistan\/","title":{"rendered":"S\u00e4hk\u00f6postilistan luominen"},"content":{"rendered":"\n<p><a href=\"https:\/\/www.zoner.fi\/webhotellit\/\">Webhotellit<\/a> mahdollistavat s\u00e4hk\u00f6postilistojen luomisen suoraan hallintapaneelista. Postituslistojen avulla voit l\u00e4hett\u00e4\u00e4 uutiskirjeit\u00e4 ja tiedotteita suuremmalle joukolle.<\/p>\n\n\n\n<p>Kirjaudu sis\u00e4\u00e4n webhotellin DirectAdmin-hallintapaneeliin.<\/p>\n\n\n\n<p>Jos sinulla on kauttamme useampi domain, valitse ensin se domain, johon haluat kohdentaa muokkauksen. Ohje muokattavan domainin valintaan l\u00f6ytyy <a href=\"https:\/\/www.zoner.fi\/tuki\/webhotellit\/miten-kaytan-directadmin-hallintapaneelia\/\">t\u00e4\u00e4lt\u00e4<\/a>.<\/p>\n\n\n\n<p>Valitse p\u00e4\u00e4valikosta S\u00e4hk\u00f6postien hallinta \u2013 V\u00e4litt\u00e4j\u00e4t<\/p>\n\n\n\n<figure class=\"wp-block-image size-full\"><img loading=\"lazy\" decoding=\"async\" width=\"900\" height=\"538\" src=\"https:\/\/www.zoner.fi\/tuki\/wp-content\/uploads\/2022\/08\/postituslistat-luominen-paavalikko.jpg\" alt=\"\" class=\"wp-image-129966\" srcset=\"https:\/\/www.zoner.fi\/tuki\/wp-content\/uploads\/2022\/08\/postituslistat-luominen-paavalikko.jpg 900w, https:\/\/www.zoner.fi\/tuki\/wp-content\/uploads\/2022\/08\/postituslistat-luominen-paavalikko-300x179.jpg 300w, https:\/\/www.zoner.fi\/tuki\/wp-content\/uploads\/2022\/08\/postituslistat-luominen-paavalikko-768x459.jpg 768w\" sizes=\"auto, (max-width: 900px) 100vw, 900px\" \/><\/figure>\n\n\n\n<p>Klikkaa avautuvalla Postituslistat-sivulla n\u00e4kyv\u00e4\u00e4 sinist\u00e4 painiketta Luo postitusluettelo.<\/p>\n\n\n\n<figure class=\"wp-block-image size-full\"><img loading=\"lazy\" decoding=\"async\" width=\"900\" height=\"159\" src=\"https:\/\/www.zoner.fi\/tuki\/wp-content\/uploads\/2022\/08\/postituslistat-luo-postitusluettelo-listaus.jpg\" alt=\"\" class=\"wp-image-129967\" srcset=\"https:\/\/www.zoner.fi\/tuki\/wp-content\/uploads\/2022\/08\/postituslistat-luo-postitusluettelo-listaus.jpg 900w, https:\/\/www.zoner.fi\/tuki\/wp-content\/uploads\/2022\/08\/postituslistat-luo-postitusluettelo-listaus-300x53.jpg 300w, https:\/\/www.zoner.fi\/tuki\/wp-content\/uploads\/2022\/08\/postituslistat-luo-postitusluettelo-listaus-768x136.jpg 768w\" sizes=\"auto, (max-width: 900px) 100vw, 900px\" \/><\/figure>\n\n\n\n<p><em>Sivulla n\u00e4kyv\u00e4ss\u00e4 listassa n\u00e4kyv\u00e4t my\u00f6s mahdolliset aiemmin luomasi listat. Voit poistaa listan laittamalla valinnan osoitteen edess\u00e4 olevaan ruutuun. Listaa muokataan klikkaamalla rivin oikeassa laidassa n\u00e4kyv\u00e4\u00e4 kyn\u00e4-kuvaketta.<\/em><\/p>\n\n\n\n<p>Anna avautuvaan ponnahdusikkunaan postitusluettelolle nimi. Nimi ei saa olla sama kuin mik\u00e4\u00e4n k\u00e4yt\u00f6ss\u00e4 jo oleva s\u00e4hk\u00f6postitili eik\u00e4 v\u00e4litt\u00e4j\u00e4n (forwarder) tai automaattivastauksen k\u00e4yt\u00f6ss\u00e4 oleva s\u00e4hk\u00f6postiosoite. Tallenna nimi klikkaamalla Luo.<\/p>\n\n\n\n<figure class=\"wp-block-image size-full\"><img loading=\"lazy\" decoding=\"async\" width=\"895\" height=\"591\" src=\"https:\/\/www.zoner.fi\/tuki\/wp-content\/uploads\/2022\/08\/postituslistat-luo-uusi-ponnahdusikkuna.jpg\" alt=\"\" class=\"wp-image-129968\" srcset=\"https:\/\/www.zoner.fi\/tuki\/wp-content\/uploads\/2022\/08\/postituslistat-luo-uusi-ponnahdusikkuna.jpg 895w, https:\/\/www.zoner.fi\/tuki\/wp-content\/uploads\/2022\/08\/postituslistat-luo-uusi-ponnahdusikkuna-300x198.jpg 300w, https:\/\/www.zoner.fi\/tuki\/wp-content\/uploads\/2022\/08\/postituslistat-luo-uusi-ponnahdusikkuna-768x507.jpg 768w\" sizes=\"auto, (max-width: 895px) 100vw, 895px\" \/><\/figure>\n\n\n\n<p>Palaat takaisin Postituslistat-sivulle. Muokkaa listan asetuksia klikkaamalla rivin oikeassa reunassa n\u00e4kyv\u00e4\u00e4 kyn\u00e4-kuvaketta. Lopuksi tallenna muutokset ja klikkaa Takaisin-painiketta palataksesi Postituslistat-sivulle.<\/p>\n\n\n\n<figure class=\"wp-block-image size-full\"><img loading=\"lazy\" decoding=\"async\" width=\"900\" height=\"132\" src=\"https:\/\/www.zoner.fi\/tuki\/wp-content\/uploads\/2022\/08\/postituslistat-nayta-kaikki-listat-muokkaus.jpg\" alt=\"\" class=\"wp-image-129969\" srcset=\"https:\/\/www.zoner.fi\/tuki\/wp-content\/uploads\/2022\/08\/postituslistat-nayta-kaikki-listat-muokkaus.jpg 900w, https:\/\/www.zoner.fi\/tuki\/wp-content\/uploads\/2022\/08\/postituslistat-nayta-kaikki-listat-muokkaus-300x44.jpg 300w, https:\/\/www.zoner.fi\/tuki\/wp-content\/uploads\/2022\/08\/postituslistat-nayta-kaikki-listat-muokkaus-768x113.jpg 768w\" sizes=\"auto, (max-width: 900px) 100vw, 900px\" \/><\/figure>\n\n\n\n<p>Lis\u00e4\u00e4 s\u00e4hk\u00f6postiosoitteita listalle klikkaamalla listan nime\u00e4.<\/p>\n\n\n\n<p>Anna lis\u00e4tt\u00e4v\u00e4 s\u00e4hk\u00f6postiosoite ja valitse kohde. Tallenna osoite klikkaamalla Lis\u00e4\u00e4.<\/p>\n\n\n\n<figure class=\"wp-block-image size-full\"><img loading=\"lazy\" decoding=\"async\" width=\"892\" height=\"752\" src=\"https:\/\/www.zoner.fi\/tuki\/wp-content\/uploads\/2022\/08\/postituslistat-lisaa-uusi-osoite-listalle.jpg\" alt=\"\" class=\"wp-image-129970\" srcset=\"https:\/\/www.zoner.fi\/tuki\/wp-content\/uploads\/2022\/08\/postituslistat-lisaa-uusi-osoite-listalle.jpg 892w, https:\/\/www.zoner.fi\/tuki\/wp-content\/uploads\/2022\/08\/postituslistat-lisaa-uusi-osoite-listalle-300x253.jpg 300w, https:\/\/www.zoner.fi\/tuki\/wp-content\/uploads\/2022\/08\/postituslistat-lisaa-uusi-osoite-listalle-768x647.jpg 768w\" sizes=\"auto, (max-width: 892px) 100vw, 892px\" \/><\/figure>\n","protected":false},"excerpt":{"rendered":"<p>Ohjeessa k\u00e4yd\u00e4\u00e4n l\u00e4pi s\u00e4hk\u00f6postilistan k\u00e4ytt\u00e4mist\u00e4. <\/p>\n","protected":false},"author":15,"featured_media":0,"parent":129010,"menu_order":0,"comment_status":"closed","ping_status":"closed","template":"","meta":{"_relevanssi_hide_post":"","_relevanssi_hide_content":"","_relevanssi_pin_for_all":"","_relevanssi_pin_keywords":"","_relevanssi_unpin_keywords":"","_relevanssi_related_keywords":"","_relevanssi_related_include_ids":"","_relevanssi_related_exclude_ids":"","_relevanssi_related_no_append":"","_relevanssi_related_not_related":"","_relevanssi_related_posts":"1066,1076,1063","_relevanssi_noindex_reason":"","footnotes":""},"categories":[192,193],"tags":[199,214],"wf_page_folders":[],"class_list":{"0":"post-129698","1":"page","2":"type-page","3":"status-publish","5":"category-directadmin","6":"category-directadmin-sahkoposti","7":"tag-sahkoposti","8":"tag-sahkopostin-hallinta"},"_links":{"self":[{"href":"https:\/\/www.zoner.fi\/tuki\/wp-json\/wp\/v2\/pages\/129698","targetHints":{"allow":["GET"]}}],"collection":[{"href":"https:\/\/www.zoner.fi\/tuki\/wp-json\/wp\/v2\/pages"}],"about":[{"href":"https:\/\/www.zoner.fi\/tuki\/wp-json\/wp\/v2\/types\/page"}],"author":[{"embeddable":true,"href":"https:\/\/www.zoner.fi\/tuki\/wp-json\/wp\/v2\/users\/15"}],"replies":[{"embeddable":true,"href":"https:\/\/www.zoner.fi\/tuki\/wp-json\/wp\/v2\/comments?post=129698"}],"version-history":[{"count":5,"href":"https:\/\/www.zoner.fi\/tuki\/wp-json\/wp\/v2\/pages\/129698\/revisions"}],"predecessor-version":[{"id":137507,"href":"https:\/\/www.zoner.fi\/tuki\/wp-json\/wp\/v2\/pages\/129698\/revisions\/137507"}],"up":[{"embeddable":true,"href":"https:\/\/www.zoner.fi\/tuki\/wp-json\/wp\/v2\/pages\/129010"}],"wp:attachment":[{"href":"https:\/\/www.zoner.fi\/tuki\/wp-json\/wp\/v2\/media?parent=129698"}],"wp:term":[{"taxonomy":"category","embeddable":true,"href":"https:\/\/www.zoner.fi\/tuki\/wp-json\/wp\/v2\/categories?post=129698"},{"taxonomy":"post_tag","embeddable":true,"href":"https:\/\/www.zoner.fi\/tuki\/wp-json\/wp\/v2\/tags?post=129698"},{"taxonomy":"wf_page_folders","embeddable":true,"href":"https:\/\/www.zoner.fi\/tuki\/wp-json\/wp\/v2\/wf_page_folders?post=129698"}],"curies":[{"name":"wp","href":"https:\/\/api.w.org\/{rel}","templated":true}]}}