{"id":129702,"date":"2019-02-22T13:31:00","date_gmt":"2019-02-22T11:31:00","guid":{"rendered":"https:\/\/www.zoner.fi\/tuki\/?page_id=129702"},"modified":"2025-11-12T15:33:52","modified_gmt":"2025-11-12T13:33:52","slug":"miten-luon-allekirjoituksen-sahkopostiin","status":"publish","type":"page","link":"https:\/\/www.zoner.fi\/tuki\/sahkopostiohjeet\/miten-luon-allekirjoituksen-sahkopostiin\/","title":{"rendered":"Miten luon allekirjoituksen s\u00e4hk\u00f6postiin?"},"content":{"rendered":"\n<p>T\u00e4ss\u00e4 ohjeessa k\u00e4ymme l\u00e4pi, kuinka voi luoda allekirjoituksen s\u00e4hk\u00f6postiin Zonerin webmailin kautta.<\/p>\n\n\n\n<h2 class=\"wp-block-heading\">Allekirjoitus s\u00e4hk\u00f6postiin<\/h2>\n\n\n\n<p><a href=\"https:\/\/www.zoner.fi\/sahkoposti\/sahkopostin-allekirjoitus\/\">S\u00e4hk\u00f6postin allekirjoitus<\/a> on hyv\u00e4 tapa yksil\u00f6id\u00e4 viestin l\u00e4hett\u00e4j\u00e4 ja tarjota esimerkiksi oleellisimmat yhteystiedot viestin vastaanottajalle. Luodaan seuraavaksi varsinainen allerkirjoitus s\u00e4hk\u00f6postiin webmailin kautta.<\/p>\n\n\n\n<h3 class=\"wp-block-heading\">Roundcube webmail<\/h3>\n\n\n\n<p>1. Kirjaudu sis\u00e4\u00e4n webmailiin. <strong>Ohje<\/strong>: <a href=\"https:\/\/www.zoner.fi\/tuki\/sahkopostiohjeet\/directadmin\/mista-kirjaudun-webmailiin\/\">Mist\u00e4 kirjaudun Webmailiin?<\/a><\/p>\n\n\n\n<p>2. Siirry oikean yl\u00e4kulman rataskuvakkeesta asetuksiin.<\/p>\n\n\n\n<figure class=\"wp-block-image size-full\"><img loading=\"lazy\" decoding=\"async\" width=\"500\" height=\"60\" src=\"https:\/\/www.zoner.fi\/tuki\/wp-content\/uploads\/2022\/08\/roundcube-asetukset-ratas.jpg\" alt=\"\" class=\"wp-image-129972\" srcset=\"https:\/\/www.zoner.fi\/tuki\/wp-content\/uploads\/2022\/08\/roundcube-asetukset-ratas.jpg 500w, https:\/\/www.zoner.fi\/tuki\/wp-content\/uploads\/2022\/08\/roundcube-asetukset-ratas-300x36.jpg 300w\" sizes=\"auto, (max-width: 500px) 100vw, 500px\" \/><\/figure>\n\n\n\n<p>3. Valitse vasemmanpuoleisesta sarakkeesta Identiteetit ja sitten s\u00e4hk\u00f6postiosoitteesi.<\/p>\n\n\n\n<figure class=\"wp-block-image size-full\"><img loading=\"lazy\" decoding=\"async\" width=\"519\" height=\"437\" src=\"https:\/\/www.zoner.fi\/tuki\/wp-content\/uploads\/2022\/08\/roundcube-identiteetit-valilehti.jpg\" alt=\"\" class=\"wp-image-129973\" srcset=\"https:\/\/www.zoner.fi\/tuki\/wp-content\/uploads\/2022\/08\/roundcube-identiteetit-valilehti.jpg 519w, https:\/\/www.zoner.fi\/tuki\/wp-content\/uploads\/2022\/08\/roundcube-identiteetit-valilehti-300x253.jpg 300w\" sizes=\"auto, (max-width: 519px) 100vw, 519px\" \/><\/figure>\n\n\n\n<p>4. Muokkaa allekirjoitus haluamallasi tavalla. Laittamalla valinnan HTML-allekirjoitus-ruutuun saat lis\u00e4\u00e4 muokkausvaihtoehtoja. Tallenna muutokset.<\/p>\n\n\n\n<figure class=\"wp-block-image size-full\"><img loading=\"lazy\" decoding=\"async\" width=\"900\" height=\"332\" src=\"https:\/\/www.zoner.fi\/tuki\/wp-content\/uploads\/2022\/08\/roundcube-allekirjoituksen-asettaminen.jpg\" alt=\"\" class=\"wp-image-129974\" srcset=\"https:\/\/www.zoner.fi\/tuki\/wp-content\/uploads\/2022\/08\/roundcube-allekirjoituksen-asettaminen.jpg 900w, https:\/\/www.zoner.fi\/tuki\/wp-content\/uploads\/2022\/08\/roundcube-allekirjoituksen-asettaminen-300x111.jpg 300w, https:\/\/www.zoner.fi\/tuki\/wp-content\/uploads\/2022\/08\/roundcube-allekirjoituksen-asettaminen-768x283.jpg 768w\" sizes=\"auto, (max-width: 900px) 100vw, 900px\" \/><\/figure>\n\n\n\n<h3 class=\"wp-block-heading\">Muut s\u00e4hk\u00f6postisovellukset<\/h3>\n\n\n\n<p>Jos k\u00e4yt\u00e4t s\u00e4hk\u00f6postia toisen sovelluksen kautta, allekirjoitus t\u00e4ytyy m\u00e4\u00e4ritt\u00e4\u00e4 siihen erikseen. Samoin jos s\u00e4hk\u00f6postia k\u00e4ytet\u00e4\u00e4n eri laitteilla, jokainen tarvitsee oman m\u00e4\u00e4rityksens\u00e4.<\/p>\n","protected":false},"excerpt":{"rendered":"<p>T\u00e4ss\u00e4 ohjeessa k\u00e4ymme l\u00e4pi, kuinka voi luoda allekirjoituksen webhotellin s\u00e4hk\u00f6postiin kahdessa yleisess\u00e4 s\u00e4hk\u00f6postiohjelmassa.<\/p>\n","protected":false},"author":15,"featured_media":0,"parent":229,"menu_order":0,"comment_status":"closed","ping_status":"closed","template":"","meta":{"_relevanssi_hide_post":"","_relevanssi_hide_content":"","_relevanssi_pin_for_all":"","_relevanssi_pin_keywords":"","_relevanssi_unpin_keywords":"","_relevanssi_related_keywords":"","_relevanssi_related_include_ids":"","_relevanssi_related_exclude_ids":"","_relevanssi_related_no_append":"","_relevanssi_related_not_related":"","_relevanssi_related_posts":"1063,1066,1076","_relevanssi_noindex_reason":"","footnotes":""},"categories":[193,194,196],"tags":[214],"wf_page_folders":[],"class_list":{"0":"post-129702","1":"page","2":"type-page","3":"status-publish","5":"category-directadmin-sahkoposti","6":"category-zoner-home","7":"category-zoner-sahkoposti","8":"tag-sahkopostin-hallinta"},"_links":{"self":[{"href":"https:\/\/www.zoner.fi\/tuki\/wp-json\/wp\/v2\/pages\/129702","targetHints":{"allow":["GET"]}}],"collection":[{"href":"https:\/\/www.zoner.fi\/tuki\/wp-json\/wp\/v2\/pages"}],"about":[{"href":"https:\/\/www.zoner.fi\/tuki\/wp-json\/wp\/v2\/types\/page"}],"author":[{"embeddable":true,"href":"https:\/\/www.zoner.fi\/tuki\/wp-json\/wp\/v2\/users\/15"}],"replies":[{"embeddable":true,"href":"https:\/\/www.zoner.fi\/tuki\/wp-json\/wp\/v2\/comments?post=129702"}],"version-history":[{"count":7,"href":"https:\/\/www.zoner.fi\/tuki\/wp-json\/wp\/v2\/pages\/129702\/revisions"}],"predecessor-version":[{"id":138055,"href":"https:\/\/www.zoner.fi\/tuki\/wp-json\/wp\/v2\/pages\/129702\/revisions\/138055"}],"up":[{"embeddable":true,"href":"https:\/\/www.zoner.fi\/tuki\/wp-json\/wp\/v2\/pages\/229"}],"wp:attachment":[{"href":"https:\/\/www.zoner.fi\/tuki\/wp-json\/wp\/v2\/media?parent=129702"}],"wp:term":[{"taxonomy":"category","embeddable":true,"href":"https:\/\/www.zoner.fi\/tuki\/wp-json\/wp\/v2\/categories?post=129702"},{"taxonomy":"post_tag","embeddable":true,"href":"https:\/\/www.zoner.fi\/tuki\/wp-json\/wp\/v2\/tags?post=129702"},{"taxonomy":"wf_page_folders","embeddable":true,"href":"https:\/\/www.zoner.fi\/tuki\/wp-json\/wp\/v2\/wf_page_folders?post=129702"}],"curies":[{"name":"wp","href":"https:\/\/api.w.org\/{rel}","templated":true}]}}