{"id":129705,"date":"2019-02-22T13:37:00","date_gmt":"2019-02-22T11:37:00","guid":{"rendered":"https:\/\/www.zoner.fi\/tuki\/?page_id=129705"},"modified":"2025-11-12T15:26:44","modified_gmt":"2025-11-12T13:26:44","slug":"miten-valitan-viestit-toiseen-osoitteeseen-webhotellin-sahkopostissa","status":"publish","type":"page","link":"https:\/\/www.zoner.fi\/tuki\/sahkopostiohjeet\/directadmin\/miten-valitan-viestit-toiseen-osoitteeseen-webhotellin-sahkopostissa\/","title":{"rendered":"Miten v\u00e4lit\u00e4n viestit toiseen osoitteeseen webhotellin s\u00e4hk\u00f6postissa?"},"content":{"rendered":"\n<p>Kun haluat s\u00e4hk\u00f6postilaatikon liikenteen ohjautumaan toiseen osoitteeseen, voit luoda sille uudelleenohjauksen (email forwarder).<\/p>\n\n\n\n<ul class=\"wp-block-list\">\n<li><a href=\"#1\">Mik\u00e4 on s\u00e4hk\u00f6postin uudelleenohjaus?<\/a><\/li>\n\n\n\n<li><a href=\"#2\">Uudelleenohjauksen luominen <strong>webhotellin hallintapaneelissa<\/strong><\/a><\/li>\n\n\n\n<li><a href=\"#3\">Uudelleenohjauksen luominen <strong>webmailissa<\/strong><\/a><\/li>\n<\/ul>\n\n\n\n<h2 class=\"wp-block-heading\" id=\"1\">Mik\u00e4 on s\u00e4hk\u00f6postin uudelleenohjaus?<\/h2>\n\n\n\n<p>S\u00e4hk\u00f6postin uudelleenohjauksella (email forwarder) tarkoitetaan automaattista toimenpidett\u00e4, jossa m\u00e4\u00e4ritettyyn s\u00e4hk\u00f6postiosoitteeseen saapuva viesti ohjataan automaattisesti johonkin toiseen s\u00e4hk\u00f6postiosoitteeseen.<\/p>\n\n\n\n<p>Uudelleenohjauksen toimimiseksi vaaditaan verkkotunnuksen s\u00e4hk\u00f6postiliikenteen ohjautuminen webhotelliin, mutta osoite, johon viesti ohjataan, voi puolestaan olla mik\u00e4 tahansa s\u00e4hk\u00f6postiosoite.<\/p>\n\n\n\n<p>Uudelleenohjattava s\u00e4hk\u00f6postiosoite ei vaadi olemassa olevaa s\u00e4hk\u00f6postilaatikkoa webhotellissa. Mik\u00e4li s\u00e4hk\u00f6postilaatikko on olemassa webhotellissa, tallentuu uudelleenohjattava viesti webhotellin s\u00e4hk\u00f6postilaatikkoon sek\u00e4 ohjataan uudelleen m\u00e4\u00e4ritettyyn osoitteeseen.<\/p>\n\n\n\n<h2 class=\"wp-block-heading\" id=\"2\">Uudelleenohjauksen luominen webhotellin hallintapaneelissa<\/h2>\n\n\n\n<p>1. Kirjaudu sis\u00e4\u00e4n webhotellin DirectAdmin-hallintapaneeliin.<\/p>\n\n\n\n<p>2. Jos sinulla on kauttamme useampi domain, valitse ensin se domain, johon haluat kohdentaa muokkauksen. Ohje muokattavan domainin valintaan l\u00f6ytyy <a href=\"https:\/\/www.zoner.fi\/tuki\/webhotellit\/miten-kaytan-directadmin-hallintapaneelia\/\">t\u00e4\u00e4lt\u00e4<\/a>.<\/p>\n\n\n\n<p>3. Valitse p\u00e4\u00e4valikosta <strong>S\u00e4hk\u00f6postien hallinta<\/strong> \u2192 <strong>V\u00e4litt\u00e4j\u00e4t<\/strong><\/p>\n\n\n\n<figure class=\"wp-block-image size-full\"><img loading=\"lazy\" decoding=\"async\" width=\"884\" height=\"520\" src=\"https:\/\/www.zoner.fi\/tuki\/wp-content\/uploads\/2022\/08\/sahkopostin-forwarder-paavalikko.jpg\" alt=\"\" class=\"wp-image-130216\" srcset=\"https:\/\/www.zoner.fi\/tuki\/wp-content\/uploads\/2022\/08\/sahkopostin-forwarder-paavalikko.jpg 884w, https:\/\/www.zoner.fi\/tuki\/wp-content\/uploads\/2022\/08\/sahkopostin-forwarder-paavalikko-300x176.jpg 300w, https:\/\/www.zoner.fi\/tuki\/wp-content\/uploads\/2022\/08\/sahkopostin-forwarder-paavalikko-768x452.jpg 768w\" sizes=\"auto, (max-width: 884px) 100vw, 884px\" \/><\/figure>\n\n\n\n<p>4. Klikkaa avautuvalla V\u00e4litt\u00e4j\u00e4t-sivulla n\u00e4kyv\u00e4\u00e4 sinist\u00e4 painiketta<strong> Luo s\u00e4hk\u00f6postin v\u00e4litt\u00e4j\u00e4<\/strong>.<\/p>\n\n\n\n<figure class=\"wp-block-image size-full\"><img loading=\"lazy\" decoding=\"async\" width=\"900\" height=\"157\" src=\"https:\/\/www.zoner.fi\/tuki\/wp-content\/uploads\/2022\/08\/sahkoposti-valittajat-listaus-luo-uusi-valittaja-forwarder.jpg\" alt=\"\" class=\"wp-image-130218\" srcset=\"https:\/\/www.zoner.fi\/tuki\/wp-content\/uploads\/2022\/08\/sahkoposti-valittajat-listaus-luo-uusi-valittaja-forwarder.jpg 900w, https:\/\/www.zoner.fi\/tuki\/wp-content\/uploads\/2022\/08\/sahkoposti-valittajat-listaus-luo-uusi-valittaja-forwarder-300x52.jpg 300w, https:\/\/www.zoner.fi\/tuki\/wp-content\/uploads\/2022\/08\/sahkoposti-valittajat-listaus-luo-uusi-valittaja-forwarder-768x134.jpg 768w\" sizes=\"auto, (max-width: 900px) 100vw, 900px\" \/><\/figure>\n\n\n\n<p><em>Sivulla n\u00e4kyv\u00e4ss\u00e4 listassa n\u00e4kyv\u00e4t my\u00f6s mahdolliset aiemmin luomasi v\u00e4litt\u00e4j\u00e4t. Voit poistaa v\u00e4litt\u00e4j\u00e4n laittamalla valinnan osoitteen edess\u00e4 olevaan ruutuun. V\u00e4litt\u00e4j\u00e4\u00e4 muokataan klikkaamalla rivin oikeassa laidassa n\u00e4kyv\u00e4\u00e4 kyn\u00e4-kuvaketta.<\/em><\/p>\n\n\n\n<p>5. Anna s\u00e4hk\u00f6postiosoite, josta liikenne ohjataan eteenp\u00e4in. Voit lis\u00e4t\u00e4 useita osoitteita klikkaamalla <strong>+<\/strong> merkki\u00e4.<\/p>\n\n\n\n<figure class=\"wp-block-image size-full\"><img loading=\"lazy\" decoding=\"async\" width=\"603\" height=\"900\" src=\"https:\/\/www.zoner.fi\/tuki\/wp-content\/uploads\/2022\/08\/sahkoposti-valittajat-luo-uusi-valittaja.jpg\" alt=\"\" class=\"wp-image-130215\" srcset=\"https:\/\/www.zoner.fi\/tuki\/wp-content\/uploads\/2022\/08\/sahkoposti-valittajat-luo-uusi-valittaja.jpg 603w, https:\/\/www.zoner.fi\/tuki\/wp-content\/uploads\/2022\/08\/sahkoposti-valittajat-luo-uusi-valittaja-201x300.jpg 201w\" sizes=\"auto, (max-width: 603px) 100vw, 603px\" \/><\/figure>\n\n\n\n<p>6. Anna kohdes\u00e4hk\u00f6postiosoite. Voit lis\u00e4t\u00e4 useita osoitteita klikkaamalla<strong> +<\/strong> merkki\u00e4.<\/p>\n\n\n\n<p>7. Tallenna muutokset klikkaamalla <strong>Luo<\/strong>.<\/p>\n\n\n\n<h2 class=\"wp-block-heading\" id=\"3\">Uudelleenohjauksen luominen webmailissa<\/h2>\n\n\n\n<p>Uudelleenohjauksen voi m\u00e4\u00e4ritt\u00e4\u00e4 my\u00f6s suoraan Roundcube-webmailissa. Ohje:<\/p>\n\n\n\n<ul class=\"wp-block-list\">\n<li><a href=\"https:\/\/www.zoner.fi\/tuki\/sahkopostiohjeet\/directadmin\/webmail-sahkopostin-uudelleenohjaus-suodattimen-avulla\/\">Webmail &#8211; S\u00e4hk\u00f6postin uudelleenohjaus suodattimen avulla<\/a><\/li>\n<\/ul>\n","protected":false},"excerpt":{"rendered":"<p>Kun haluat s\u00e4hk\u00f6postilaatikon liikenteen ohjautumaan toiseen osoitteeseen, voit luoda sille uudelleenohjauksen (email forwarder).<\/p>\n","protected":false},"author":15,"featured_media":0,"parent":137084,"menu_order":0,"comment_status":"closed","ping_status":"closed","template":"","meta":{"_relevanssi_hide_post":"","_relevanssi_hide_content":"","_relevanssi_pin_for_all":"","_relevanssi_pin_keywords":"","_relevanssi_unpin_keywords":"","_relevanssi_related_keywords":"","_relevanssi_related_include_ids":"","_relevanssi_related_exclude_ids":"","_relevanssi_related_no_append":"","_relevanssi_related_not_related":"","_relevanssi_related_posts":"1063,1076,1066","_relevanssi_noindex_reason":"","footnotes":""},"categories":[192,193],"tags":[199,214],"wf_page_folders":[],"class_list":{"0":"post-129705","1":"page","2":"type-page","3":"status-publish","5":"category-directadmin","6":"category-directadmin-sahkoposti","7":"tag-sahkoposti","8":"tag-sahkopostin-hallinta"},"_links":{"self":[{"href":"https:\/\/www.zoner.fi\/tuki\/wp-json\/wp\/v2\/pages\/129705","targetHints":{"allow":["GET"]}}],"collection":[{"href":"https:\/\/www.zoner.fi\/tuki\/wp-json\/wp\/v2\/pages"}],"about":[{"href":"https:\/\/www.zoner.fi\/tuki\/wp-json\/wp\/v2\/types\/page"}],"author":[{"embeddable":true,"href":"https:\/\/www.zoner.fi\/tuki\/wp-json\/wp\/v2\/users\/15"}],"replies":[{"embeddable":true,"href":"https:\/\/www.zoner.fi\/tuki\/wp-json\/wp\/v2\/comments?post=129705"}],"version-history":[{"count":12,"href":"https:\/\/www.zoner.fi\/tuki\/wp-json\/wp\/v2\/pages\/129705\/revisions"}],"predecessor-version":[{"id":138043,"href":"https:\/\/www.zoner.fi\/tuki\/wp-json\/wp\/v2\/pages\/129705\/revisions\/138043"}],"up":[{"embeddable":true,"href":"https:\/\/www.zoner.fi\/tuki\/wp-json\/wp\/v2\/pages\/137084"}],"wp:attachment":[{"href":"https:\/\/www.zoner.fi\/tuki\/wp-json\/wp\/v2\/media?parent=129705"}],"wp:term":[{"taxonomy":"category","embeddable":true,"href":"https:\/\/www.zoner.fi\/tuki\/wp-json\/wp\/v2\/categories?post=129705"},{"taxonomy":"post_tag","embeddable":true,"href":"https:\/\/www.zoner.fi\/tuki\/wp-json\/wp\/v2\/tags?post=129705"},{"taxonomy":"wf_page_folders","embeddable":true,"href":"https:\/\/www.zoner.fi\/tuki\/wp-json\/wp\/v2\/wf_page_folders?post=129705"}],"curies":[{"name":"wp","href":"https:\/\/api.w.org\/{rel}","templated":true}]}}