{"id":129707,"date":"2019-02-22T13:42:00","date_gmt":"2019-02-22T11:42:00","guid":{"rendered":"https:\/\/www.zoner.fi\/tuki\/?page_id=129707"},"modified":"2025-11-12T15:21:07","modified_gmt":"2025-11-12T13:21:07","slug":"miten-vaihdan-webhotellin-sahkopostin-salasanan","status":"publish","type":"page","link":"https:\/\/www.zoner.fi\/tuki\/sahkopostiohjeet\/directadmin\/miten-vaihdan-webhotellin-sahkopostin-salasanan\/","title":{"rendered":"Miten vaihdan webhotellin s\u00e4hk\u00f6postin salasanan?"},"content":{"rendered":"\n<p>T\u00e4ss\u00e4 ohjeessa k\u00e4ymme l\u00e4pi, kuinka <a href=\"https:\/\/www.zoner.fi\/webhotellit\/\">webhotelli <\/a>s\u00e4hk\u00f6postilaatikon salasanan saa vaihdettua. Mik\u00e4li k\u00e4yt\u00e4t webhotellin sijasta s\u00e4hk\u00f6postiin erillist\u00e4 Zoner S\u00e4hk\u00f6posti -palvelua, l\u00f6ytyy oikea ohje <a href=\"https:\/\/www.zoner.fi\/tuki\/sahkopostiohjeet\/zoner-sahkoposti\/miten-vaihdan-zoner-sahkoposti-salasanan\/\">t\u00e4\u00e4lt\u00e4<\/a><\/p>\n\n\n\n<p>S\u00e4hk\u00f6postilaatikon salasanan vaihtamiseen on useita eri tapoja. K\u00e4ytett\u00e4v\u00e4 tapa riippuu k\u00e4ytt\u00e4j\u00e4n hallintaoikeuksista ja siit\u00e4, onko vanha salasana tiedossa.<\/p>\n\n\n\n<ul class=\"wp-block-list\">\n<li><a href=\"#1\">Salasanan vaihtaminen, kun vanha salasana on tiedossa<\/a><\/li>\n\n\n\n<li><a href=\"#2\">Salasanan vaihtaminen, kun vanha salasana ei ole tiedossa<\/a><\/li>\n<\/ul>\n\n\n\n<h2 class=\"wp-block-heading\" id=\"1\">Salasanan vaihtaminen, kun vanha salasana on tiedossa<\/h2>\n\n\n\n<p>K\u00e4ytt\u00e4j\u00e4 voi itse vaihtaa oman s\u00e4hk\u00f6postinsa salasanan Roundcube-webmailin kautta.<\/p>\n\n\n\n<p>1. Kirjaudu sis\u00e4\u00e4n Roundcuben webmailiin osoitteesta <a href=\"https:\/\/webmail.zoner.fi\/roundcube\/\" target=\"_blank\" rel=\"noreferrer noopener\">webmail.zoner.fi<\/a>. K\u00e4ytt\u00e4j\u00e4tunnus on s\u00e4hk\u00f6postiosoitteesi. <\/p>\n\n\n\n<figure class=\"wp-block-image size-full\"><img loading=\"lazy\" decoding=\"async\" width=\"427\" height=\"320\" src=\"https:\/\/www.zoner.fi\/tuki\/wp-content\/uploads\/2022\/08\/webmail_kirjautuminen.jpg\" alt=\"Kuvakaappaus Roundcube-webmailin kirjautumissivusta.\" class=\"wp-image-130228\" srcset=\"https:\/\/www.zoner.fi\/tuki\/wp-content\/uploads\/2022\/08\/webmail_kirjautuminen.jpg 427w, https:\/\/www.zoner.fi\/tuki\/wp-content\/uploads\/2022\/08\/webmail_kirjautuminen-300x225.jpg 300w\" sizes=\"auto, (max-width: 427px) 100vw, 427px\" \/><\/figure>\n\n\n\n<p>2. Valitse vasemmasta reunasta <strong>Asetukset <\/strong>\u2192 <strong>Salasana<\/strong>. Sy\u00f6t\u00e4 nykyinen salasanasi ja uusi salasana kahteen kertaan ja <strong>Tallenna<\/strong> muutokset.<\/p>\n\n\n\n<figure class=\"wp-block-image size-full\"><img loading=\"lazy\" decoding=\"async\" width=\"821\" height=\"354\" src=\"https:\/\/www.zoner.fi\/tuki\/wp-content\/uploads\/2022\/08\/salasana_webmail.jpg\" alt=\"Kuvakaappaus Roundcube-webmailin salasananvaihtosivusta.\" class=\"wp-image-130220\" srcset=\"https:\/\/www.zoner.fi\/tuki\/wp-content\/uploads\/2022\/08\/salasana_webmail.jpg 821w, https:\/\/www.zoner.fi\/tuki\/wp-content\/uploads\/2022\/08\/salasana_webmail-300x129.jpg 300w, https:\/\/www.zoner.fi\/tuki\/wp-content\/uploads\/2022\/08\/salasana_webmail-768x331.jpg 768w\" sizes=\"auto, (max-width: 821px) 100vw, 821px\" \/><\/figure>\n\n\n\n<h2 class=\"wp-block-heading\" id=\"2\">Salasanan vaihtaminen, kun vanha salasana ei ole tiedossa<\/h2>\n\n\n\n<p>Jos vanha salasana ei ole tiedossa, sen voi vaihtaa uuteen vain p\u00e4\u00e4k\u00e4ytt\u00e4j\u00e4 webhotellin hallintapaneelista k\u00e4sin.<\/p>\n\n\n\n<p>1. Kirjaudu sis\u00e4\u00e4n webhotellin DirectAdmin-hallintapaneeliin.<\/p>\n\n\n\n<p>2. Jos sinulla on kauttamme useampi domain, valitse ensin se domain, johon haluat kohdentaa muokkauksen. Ohje muokattavan domainin valintaan l\u00f6ytyy <a href=\"https:\/\/www.zoner.fi\/tuki\/webhotellit\/miten-kaytan-directadmin-hallintapaneelia\/\">t\u00e4\u00e4lt\u00e4<\/a>.<\/p>\n\n\n\n<p>3. Valitse p\u00e4\u00e4valikosta <strong>S\u00e4hk\u00f6postien hallinta<\/strong> \u2192 <strong>S\u00e4hk\u00f6postitilit<\/strong><\/p>\n\n\n\n<figure class=\"wp-block-image size-full\"><img loading=\"lazy\" decoding=\"async\" width=\"900\" height=\"538\" src=\"https:\/\/www.zoner.fi\/tuki\/wp-content\/uploads\/2022\/08\/sahkopostitilin-luominen-paavalikko.jpg\" alt=\"Kuvakaappaus DIrectAdminista\" class=\"wp-image-130225\" srcset=\"https:\/\/www.zoner.fi\/tuki\/wp-content\/uploads\/2022\/08\/sahkopostitilin-luominen-paavalikko.jpg 900w, https:\/\/www.zoner.fi\/tuki\/wp-content\/uploads\/2022\/08\/sahkopostitilin-luominen-paavalikko-300x179.jpg 300w, https:\/\/www.zoner.fi\/tuki\/wp-content\/uploads\/2022\/08\/sahkopostitilin-luominen-paavalikko-768x459.jpg 768w\" sizes=\"auto, (max-width: 900px) 100vw, 900px\" \/><\/figure>\n\n\n\n<p>4. Sivulla n\u00e4kyy lista k\u00e4yt\u00f6ss\u00e4 olevista s\u00e4hk\u00f6postilaatikoista. Klikkaa osoiterivin oikeassa reunassa olevaa + merkki\u00e4 &#8211; <strong>Vaihda salasana\/k\u00e4ytt\u00e4j\u00e4tunnus<\/strong>.<\/p>\n\n\n\n<figure class=\"wp-block-image size-full\"><img loading=\"lazy\" decoding=\"async\" width=\"900\" height=\"132\" src=\"https:\/\/www.zoner.fi\/tuki\/wp-content\/uploads\/2022\/08\/sahkopostitilin-koko-rajoitus-salasanan-vaihto.jpg\" alt=\"Kuvakaappaus DIrectAdminista\" class=\"wp-image-130221\" srcset=\"https:\/\/www.zoner.fi\/tuki\/wp-content\/uploads\/2022\/08\/sahkopostitilin-koko-rajoitus-salasanan-vaihto.jpg 900w, https:\/\/www.zoner.fi\/tuki\/wp-content\/uploads\/2022\/08\/sahkopostitilin-koko-rajoitus-salasanan-vaihto-300x44.jpg 300w, https:\/\/www.zoner.fi\/tuki\/wp-content\/uploads\/2022\/08\/sahkopostitilin-koko-rajoitus-salasanan-vaihto-768x113.jpg 768w\" sizes=\"auto, (max-width: 900px) 100vw, 900px\" \/><\/figure>\n\n\n\n<p>5. Anna avautuvaan ponnahdusikkunaan uusi salasana. Voit painaa salasanarivin vasemmassa reunassa n\u00e4kyvi\u00e4 noppia, jolloin ohjelma muodostaa automaattisesti turvallisen salasanan. Saat salasanan n\u00e4kyviin klikkaamalla rivill\u00e4 n\u00e4kyv\u00e4\u00e4 silm\u00e4-kuvaketta. Kopioi salasana leikep\u00f6yd\u00e4lle klikkaamalla ilmoitusta. Salasana n\u00e4ytet\u00e4\u00e4n ruudussa viel\u00e4 tallentamisen j\u00e4lkeen, joten ei tarvitse s\u00e4ik\u00e4ht\u00e4\u00e4, jos se j\u00e4\u00e4 t\u00e4ss\u00e4 kohtaa ottamatta talteen. <strong>Tallenna <\/strong>muutokset.<\/p>\n\n\n\n<figure class=\"wp-block-image size-full\"><img loading=\"lazy\" decoding=\"async\" width=\"900\" height=\"388\" src=\"https:\/\/www.zoner.fi\/tuki\/wp-content\/uploads\/2022\/08\/sahkopostitili-salasanan-vaihto-webhotellissa-1.jpg\" alt=\"Kuvakaappaus DIrectAdminista\" class=\"wp-image-130231\" srcset=\"https:\/\/www.zoner.fi\/tuki\/wp-content\/uploads\/2022\/08\/sahkopostitili-salasanan-vaihto-webhotellissa-1.jpg 900w, https:\/\/www.zoner.fi\/tuki\/wp-content\/uploads\/2022\/08\/sahkopostitili-salasanan-vaihto-webhotellissa-1-300x129.jpg 300w, https:\/\/www.zoner.fi\/tuki\/wp-content\/uploads\/2022\/08\/sahkopostitili-salasanan-vaihto-webhotellissa-1-768x331.jpg 768w\" sizes=\"auto, (max-width: 900px) 100vw, 900px\" \/><\/figure>\n\n\n\n<p><\/p>\n","protected":false},"excerpt":{"rendered":"<p>T\u00e4ss\u00e4 ohjeessa k\u00e4ymme l\u00e4pi, kuinka webhotellista luodun s\u00e4hk\u00f6postilaatikon salasanan saa vaihdettua.<\/p>\n","protected":false},"author":15,"featured_media":0,"parent":137084,"menu_order":0,"comment_status":"closed","ping_status":"closed","template":"","meta":{"_relevanssi_hide_post":"","_relevanssi_hide_content":"","_relevanssi_pin_for_all":"","_relevanssi_pin_keywords":"","_relevanssi_unpin_keywords":"","_relevanssi_related_keywords":"","_relevanssi_related_include_ids":"","_relevanssi_related_exclude_ids":"","_relevanssi_related_no_append":"","_relevanssi_related_not_related":"","_relevanssi_related_posts":"1076,1063,1066","_relevanssi_noindex_reason":"","footnotes":""},"categories":[192,193],"tags":[199,214],"wf_page_folders":[],"class_list":{"0":"post-129707","1":"page","2":"type-page","3":"status-publish","5":"category-directadmin","6":"category-directadmin-sahkoposti","7":"tag-sahkoposti","8":"tag-sahkopostin-hallinta"},"_links":{"self":[{"href":"https:\/\/www.zoner.fi\/tuki\/wp-json\/wp\/v2\/pages\/129707","targetHints":{"allow":["GET"]}}],"collection":[{"href":"https:\/\/www.zoner.fi\/tuki\/wp-json\/wp\/v2\/pages"}],"about":[{"href":"https:\/\/www.zoner.fi\/tuki\/wp-json\/wp\/v2\/types\/page"}],"author":[{"embeddable":true,"href":"https:\/\/www.zoner.fi\/tuki\/wp-json\/wp\/v2\/users\/15"}],"replies":[{"embeddable":true,"href":"https:\/\/www.zoner.fi\/tuki\/wp-json\/wp\/v2\/comments?post=129707"}],"version-history":[{"count":19,"href":"https:\/\/www.zoner.fi\/tuki\/wp-json\/wp\/v2\/pages\/129707\/revisions"}],"predecessor-version":[{"id":138042,"href":"https:\/\/www.zoner.fi\/tuki\/wp-json\/wp\/v2\/pages\/129707\/revisions\/138042"}],"up":[{"embeddable":true,"href":"https:\/\/www.zoner.fi\/tuki\/wp-json\/wp\/v2\/pages\/137084"}],"wp:attachment":[{"href":"https:\/\/www.zoner.fi\/tuki\/wp-json\/wp\/v2\/media?parent=129707"}],"wp:term":[{"taxonomy":"category","embeddable":true,"href":"https:\/\/www.zoner.fi\/tuki\/wp-json\/wp\/v2\/categories?post=129707"},{"taxonomy":"post_tag","embeddable":true,"href":"https:\/\/www.zoner.fi\/tuki\/wp-json\/wp\/v2\/tags?post=129707"},{"taxonomy":"wf_page_folders","embeddable":true,"href":"https:\/\/www.zoner.fi\/tuki\/wp-json\/wp\/v2\/wf_page_folders?post=129707"}],"curies":[{"name":"wp","href":"https:\/\/api.w.org\/{rel}","templated":true}]}}