{"id":129709,"date":"2019-02-21T13:46:00","date_gmt":"2019-02-21T11:46:00","guid":{"rendered":"https:\/\/www.zoner.fi\/tuki\/?page_id=129709"},"modified":"2025-11-12T15:18:19","modified_gmt":"2025-11-12T13:18:19","slug":"miten-muutan-sahkopostilaatikon-kokoa-webhotellissa","status":"publish","type":"page","link":"https:\/\/www.zoner.fi\/tuki\/sahkopostiohjeet\/directadmin\/miten-muutan-sahkopostilaatikon-kokoa-webhotellissa\/","title":{"rendered":"S\u00e4hk\u00f6postilaatikon koon muuttaminen"},"content":{"rendered":"\n<p>Webhotellin s\u00e4hk\u00f6postilaatikon kokoa voi muuttaa DirectAdmin-hallintapaneelissa n\u00e4in:<\/p>\n\n\n\n<p>1. Kirjaudu sis\u00e4\u00e4n webhotellin DirectAdmin-hallintapaneeliin.<\/p>\n\n\n\n<p>2. Jos sinulla on kauttamme useampi domain, valitse ensin se domain, johon haluat kohdentaa muokkauksen. Ohje muokattavan domainin valintaan l\u00f6ytyy <a href=\"https:\/\/www.zoner.fi\/tuki\/webhotellit\/miten-kaytan-directadmin-hallintapaneelia\/\">t\u00e4\u00e4lt\u00e4<\/a>.<\/p>\n\n\n\n<p>3. Valitse p\u00e4\u00e4valikosta <strong>S\u00e4hk\u00f6postien hallinta<\/strong> \u2013&gt; <strong>S\u00e4hk\u00f6postitilit<\/strong><\/p>\n\n\n\n<figure class=\"wp-block-image\"><img decoding=\"async\" src=\"https:\/\/www.zoner.fi\/wp-content\/uploads\/2019\/02\/sahkopostitilin-luominen-paavalikko.jpg\" alt=\"\" class=\"wp-image-44267\"\/><\/figure>\n\n\n\n<p>4. Sivulla n\u00e4kyy lista k\u00e4yt\u00f6ss\u00e4 olevista s\u00e4hk\u00f6postilaatikoista. Lis\u00e4ksi n\u00e4et, paljonko laatikon tilasta on k\u00e4ytetty. Klikkaa osoiterivin oikeassa reunassa olevaa <strong>+<\/strong> -merkki\u00e4 -&gt; <strong>Muuta rajoituksia<\/strong>.<\/p>\n\n\n\n<figure class=\"wp-block-image\"><img decoding=\"async\" src=\"https:\/\/www.zoner.fi\/wp-content\/uploads\/2019\/02\/sahkopostitilin-koko-rajoitus-salasanan-vaihto.jpg\" alt=\"\" class=\"wp-image-44291\"\/><\/figure>\n\n\n\n<p>5. Anna avautuvaan ponnahdusikkunaan uusi kiinti\u00f6 ja\/tai L\u00e4hetysraja ja klikkaa <strong>Tallenna<\/strong>.<\/p>\n","protected":false},"excerpt":{"rendered":"<p>T\u00e4ss\u00e4 ohjeessa k\u00e4yd\u00e4\u00e4n l\u00e4pi webhotelliin liittyv\u00e4n s\u00e4hk\u00f6postilaatikon koon muuttaminen.<\/p>\n","protected":false},"author":15,"featured_media":0,"parent":137084,"menu_order":0,"comment_status":"closed","ping_status":"closed","template":"","meta":{"_relevanssi_hide_post":"","_relevanssi_hide_content":"","_relevanssi_pin_for_all":"","_relevanssi_pin_keywords":"","_relevanssi_unpin_keywords":"","_relevanssi_related_keywords":"","_relevanssi_related_include_ids":"","_relevanssi_related_exclude_ids":"","_relevanssi_related_no_append":"","_relevanssi_related_not_related":"","_relevanssi_related_posts":"1076,1063,1066","_relevanssi_noindex_reason":"","footnotes":""},"categories":[193],"tags":[214],"wf_page_folders":[],"class_list":{"0":"post-129709","1":"page","2":"type-page","3":"status-publish","5":"category-directadmin-sahkoposti","6":"tag-sahkopostin-hallinta"},"_links":{"self":[{"href":"https:\/\/www.zoner.fi\/tuki\/wp-json\/wp\/v2\/pages\/129709","targetHints":{"allow":["GET"]}}],"collection":[{"href":"https:\/\/www.zoner.fi\/tuki\/wp-json\/wp\/v2\/pages"}],"about":[{"href":"https:\/\/www.zoner.fi\/tuki\/wp-json\/wp\/v2\/types\/page"}],"author":[{"embeddable":true,"href":"https:\/\/www.zoner.fi\/tuki\/wp-json\/wp\/v2\/users\/15"}],"replies":[{"embeddable":true,"href":"https:\/\/www.zoner.fi\/tuki\/wp-json\/wp\/v2\/comments?post=129709"}],"version-history":[{"count":8,"href":"https:\/\/www.zoner.fi\/tuki\/wp-json\/wp\/v2\/pages\/129709\/revisions"}],"predecessor-version":[{"id":138040,"href":"https:\/\/www.zoner.fi\/tuki\/wp-json\/wp\/v2\/pages\/129709\/revisions\/138040"}],"up":[{"embeddable":true,"href":"https:\/\/www.zoner.fi\/tuki\/wp-json\/wp\/v2\/pages\/137084"}],"wp:attachment":[{"href":"https:\/\/www.zoner.fi\/tuki\/wp-json\/wp\/v2\/media?parent=129709"}],"wp:term":[{"taxonomy":"category","embeddable":true,"href":"https:\/\/www.zoner.fi\/tuki\/wp-json\/wp\/v2\/categories?post=129709"},{"taxonomy":"post_tag","embeddable":true,"href":"https:\/\/www.zoner.fi\/tuki\/wp-json\/wp\/v2\/tags?post=129709"},{"taxonomy":"wf_page_folders","embeddable":true,"href":"https:\/\/www.zoner.fi\/tuki\/wp-json\/wp\/v2\/wf_page_folders?post=129709"}],"curies":[{"name":"wp","href":"https:\/\/api.w.org\/{rel}","templated":true}]}}