{"id":129711,"date":"2019-02-21T13:47:00","date_gmt":"2019-02-21T11:47:00","guid":{"rendered":"https:\/\/www.zoner.fi\/tuki\/?page_id=129711"},"modified":"2025-09-24T12:37:42","modified_gmt":"2025-09-24T09:37:42","slug":"miten-lisaan-spf-tietueen-webhotellissa","status":"publish","type":"page","link":"https:\/\/www.zoner.fi\/tuki\/sahkopostiohjeet\/directadmin\/miten-lisaan-spf-tietueen-webhotellissa\/","title":{"rendered":"Miten lis\u00e4\u00e4n SPF-tietueen webhotellissa?"},"content":{"rendered":"\n<p>T\u00e4ss\u00e4 ohjeessa k\u00e4ymme l\u00e4pi, kuinka saat otettua k\u00e4ytt\u00f6\u00f6n SPF-tietueen verkkotunnuksellesi, kun k\u00e4yt\u00e4t Zonerin <a href=\"https:\/\/www.zoner.fi\/webhotellit\/\">webhotellipalveluita<\/a>.<\/p>\n\n\n\n<p>SPF-tietueen tarkoitus on informoida vastaanottavalle s\u00e4hk\u00f6postipalvelimelle, milt\u00e4 palvelimilta on sallittu l\u00e4hetykset verkkotunnuksen nimiss\u00e4. Lue lis\u00e4\u00e4 SPF-tietueen merkityksest\u00e4&nbsp;<a href=\"https:\/\/www.zoner.fi\/sahkoposti\/sahkopostitietueet\/\">blogikirjoituksestamme<\/a>.<\/p>\n\n\n\n<h2 class=\"wp-block-heading\">SPF-tietueen lis\u00e4\u00e4minen<\/h2>\n\n\n\n<p>1. Kirjaudu sis\u00e4\u00e4n webhotellin DirectAdmin-hallintapaneeliin.<\/p>\n\n\n\n<p>2. Jos sinulla on kauttamme useampi domain, valitse ensin se domain, johon haluat kohdentaa muokkauksen. Ohje muokattavan domainin valintaan l\u00f6ytyy <a href=\"https:\/\/www.zoner.fi\/tuki\/webhotellit\/miten-kaytan-directadmin-hallintapaneelia\/\">t\u00e4\u00e4lt\u00e4<\/a>.<\/p>\n\n\n\n<p>3. Valitse p\u00e4\u00e4valikosta <strong>Tilin hallinta<\/strong> \u2192 <strong>DNS-hallinta<\/strong><\/p>\n\n\n\n<figure class=\"wp-block-image size-full\"><img loading=\"lazy\" decoding=\"async\" width=\"500\" height=\"318\" src=\"https:\/\/www.zoner.fi\/tuki\/wp-content\/uploads\/2022\/08\/dns-hallinta-paavalikko.jpg\" alt=\"\" class=\"wp-image-129976\" srcset=\"https:\/\/www.zoner.fi\/tuki\/wp-content\/uploads\/2022\/08\/dns-hallinta-paavalikko.jpg 500w, https:\/\/www.zoner.fi\/tuki\/wp-content\/uploads\/2022\/08\/dns-hallinta-paavalikko-300x191.jpg 300w\" sizes=\"auto, (max-width: 500px) 100vw, 500px\" \/><\/figure>\n\n\n\n<p>4. Klikkaa avautuvalla DNS-hallinta -sivulla n\u00e4kyv\u00e4\u00e4 vihre\u00e4\u00e4 painiketta <strong>Lis\u00e4\u00e4 tietue<\/strong>.<\/p>\n\n\n\n<figure class=\"wp-block-image size-full\"><img loading=\"lazy\" decoding=\"async\" width=\"900\" height=\"187\" src=\"https:\/\/www.zoner.fi\/tuki\/wp-content\/uploads\/2022\/08\/dns-hallinta-lisaa-tietue-korvaa-ttl-arvo.jpg\" alt=\"\" class=\"wp-image-129977\" srcset=\"https:\/\/www.zoner.fi\/tuki\/wp-content\/uploads\/2022\/08\/dns-hallinta-lisaa-tietue-korvaa-ttl-arvo.jpg 900w, https:\/\/www.zoner.fi\/tuki\/wp-content\/uploads\/2022\/08\/dns-hallinta-lisaa-tietue-korvaa-ttl-arvo-300x62.jpg 300w, https:\/\/www.zoner.fi\/tuki\/wp-content\/uploads\/2022\/08\/dns-hallinta-lisaa-tietue-korvaa-ttl-arvo-768x160.jpg 768w\" sizes=\"auto, (max-width: 900px) 100vw, 900px\" \/><\/figure>\n\n\n\n<p>5. Ruutuun aukeaa ponnahdusikkuna, joka t\u00e4ytet\u00e4\u00e4n mallin mukaan:<\/p>\n\n\n\n<figure class=\"wp-block-image size-full\"><img loading=\"lazy\" decoding=\"async\" width=\"715\" height=\"503\" src=\"https:\/\/www.zoner.fi\/tuki\/wp-content\/uploads\/2022\/08\/spf-tietueen-maaritys.png\" alt=\"\" class=\"wp-image-129978\" srcset=\"https:\/\/www.zoner.fi\/tuki\/wp-content\/uploads\/2022\/08\/spf-tietueen-maaritys.png 715w, https:\/\/www.zoner.fi\/tuki\/wp-content\/uploads\/2022\/08\/spf-tietueen-maaritys-300x211.png 300w\" sizes=\"auto, (max-width: 715px) 100vw, 715px\" \/><\/figure>\n\n\n\n<p>Arvo -kentt\u00e4 m\u00e4\u00e4ritt\u00e4\u00e4, kuinka tietue ohjeistaa ulkoisia s\u00e4hk\u00f6postipalveluita. Esimerkiksi alla olevalla m\u00e4\u00e4rityksell\u00e4, voit l\u00e4hett\u00e4\u00e4 viestej\u00e4 vain Zonerin s\u00e4hk\u00f6postipalvelimilta.<\/p>\n\n\n\n<pre class=\"wp-block-preformatted\">v=spf1 include:spf.zoner.fi ~all<\/pre>\n\n\n\n<h3 class=\"wp-block-heading\">Lis\u00e4\u00e4 kaikki l\u00e4hett\u00e4v\u00e4t palvelimet SPF-tietueeseen<\/h3>\n\n\n\n<p>On t\u00e4rke\u00e4 huomioida, ett\u00e4 SPF-tietueeseen tulee m\u00e4\u00e4ritt\u00e4\u00e4 kaikki ne s\u00e4hk\u00f6postipalvelimet, joilta sallitaan l\u00e4hetys oman verkkotunnuksen nimiss\u00e4.<\/p>\n\n\n\n<p>Mik\u00e4li k\u00e4yt\u00e4t ulkoista s\u00e4hk\u00f6postipalvelua, kuten esimerkiksi Office 365, ja haluat l\u00e4hett\u00e4\u00e4 viestej\u00e4 my\u00f6s webhotellissa sijaitsevan sivuston kautta (lomakkeet, tilausvahvistukset yms.), tulee tietueeseen lis\u00e4t\u00e4 sek\u00e4 Office 365 palvelu ett\u00e4 Zonerin s\u00e4hk\u00f6postipalvelimet. T\u00e4ll\u00f6in tietueen arvo olisi muotoa:<\/p>\n\n\n\n<pre class=\"wp-block-preformatted\">v=spf1 include:spf.zoner.fi include:spf.protection.outlook.com ~all<\/pre>\n\n\n\n<p>Muutokset verkkotunnukselle tulevat voimaan oletuksena 4 h kuluessa muutosten tallentamisesta.<\/p>\n","protected":false},"excerpt":{"rendered":"<p>T\u00e4ss\u00e4 ohjeessa k\u00e4ymme l\u00e4pi, kuinka saat otettua k\u00e4ytt\u00f6\u00f6n SPF-tietueen verkkotunnuksellesi.<\/p>\n","protected":false},"author":15,"featured_media":0,"parent":137084,"menu_order":0,"comment_status":"closed","ping_status":"closed","template":"","meta":{"_relevanssi_hide_post":"","_relevanssi_hide_content":"","_relevanssi_pin_for_all":"","_relevanssi_pin_keywords":"","_relevanssi_unpin_keywords":"","_relevanssi_related_keywords":"","_relevanssi_related_include_ids":"","_relevanssi_related_exclude_ids":"","_relevanssi_related_no_append":"","_relevanssi_related_not_related":"","_relevanssi_related_posts":"1066,1076,1063","_relevanssi_noindex_reason":"","footnotes":""},"categories":[192,193,209],"tags":[207,199,214,219],"wf_page_folders":[],"class_list":{"0":"post-129711","1":"page","2":"type-page","3":"status-publish","5":"category-directadmin","6":"category-directadmin-sahkoposti","7":"category-directadmin-verkkotunnus","8":"tag-dns","9":"tag-sahkoposti","10":"tag-sahkopostin-hallinta","11":"tag-verkkotunnusten-hallinta"},"_links":{"self":[{"href":"https:\/\/www.zoner.fi\/tuki\/wp-json\/wp\/v2\/pages\/129711","targetHints":{"allow":["GET"]}}],"collection":[{"href":"https:\/\/www.zoner.fi\/tuki\/wp-json\/wp\/v2\/pages"}],"about":[{"href":"https:\/\/www.zoner.fi\/tuki\/wp-json\/wp\/v2\/types\/page"}],"author":[{"embeddable":true,"href":"https:\/\/www.zoner.fi\/tuki\/wp-json\/wp\/v2\/users\/15"}],"replies":[{"embeddable":true,"href":"https:\/\/www.zoner.fi\/tuki\/wp-json\/wp\/v2\/comments?post=129711"}],"version-history":[{"count":10,"href":"https:\/\/www.zoner.fi\/tuki\/wp-json\/wp\/v2\/pages\/129711\/revisions"}],"predecessor-version":[{"id":137425,"href":"https:\/\/www.zoner.fi\/tuki\/wp-json\/wp\/v2\/pages\/129711\/revisions\/137425"}],"up":[{"embeddable":true,"href":"https:\/\/www.zoner.fi\/tuki\/wp-json\/wp\/v2\/pages\/137084"}],"wp:attachment":[{"href":"https:\/\/www.zoner.fi\/tuki\/wp-json\/wp\/v2\/media?parent=129711"}],"wp:term":[{"taxonomy":"category","embeddable":true,"href":"https:\/\/www.zoner.fi\/tuki\/wp-json\/wp\/v2\/categories?post=129711"},{"taxonomy":"post_tag","embeddable":true,"href":"https:\/\/www.zoner.fi\/tuki\/wp-json\/wp\/v2\/tags?post=129711"},{"taxonomy":"wf_page_folders","embeddable":true,"href":"https:\/\/www.zoner.fi\/tuki\/wp-json\/wp\/v2\/wf_page_folders?post=129711"}],"curies":[{"name":"wp","href":"https:\/\/api.w.org\/{rel}","templated":true}]}}