{"id":129714,"date":"2019-02-21T13:48:00","date_gmt":"2019-02-21T11:48:00","guid":{"rendered":"https:\/\/www.zoner.fi\/tuki\/?page_id=129714"},"modified":"2025-09-17T15:42:35","modified_gmt":"2025-09-17T12:42:35","slug":"miten-luon-sahkopostilaatikon-webhotellissa","status":"publish","type":"page","link":"https:\/\/www.zoner.fi\/tuki\/sahkopostiohjeet\/directadmin\/miten-luon-sahkopostilaatikon-webhotellissa\/","title":{"rendered":"Miten luon s\u00e4hk\u00f6postilaatikon webhotellissa?"},"content":{"rendered":"\n<p>S\u00e4hk\u00f6postilaatikoita voi luoda webhotellin DirectAdmin-hallintapaneelissa.<\/p>\n\n\n\n<p>1. Kirjaudu sis\u00e4\u00e4n webhotellin DirectAdmin-hallintapaneeliin. Ohje: <a href=\"https:\/\/www.zoner.fi\/tuki\/webhotellit\/miten-kaytan-directadmin-hallintapaneelia\/#1\">DirectAdmin hallintapaneeliin kirjautuminen<\/a><\/p>\n\n\n\n<p>2. Jos sinulla on kauttamme useampi domain, valitse ensin se domain, johon haluat kohdentaa muokkauksen. Ohje muokattavan domainin valintaan l\u00f6ytyy <a href=\"https:\/\/www.zoner.fi\/tuki\/webhotellit\/miten-kaytan-directadmin-hallintapaneelia\/\">t\u00e4\u00e4lt\u00e4<\/a>.<\/p>\n\n\n\n<p>3. Valitse p\u00e4\u00e4valikosta <strong>S\u00e4hk\u00f6postien hallinta <\/strong>\u2192<strong> S\u00e4hk\u00f6postitilit<\/strong><\/p>\n\n\n\n<figure class=\"wp-block-image size-full\"><img loading=\"lazy\" decoding=\"async\" width=\"900\" height=\"538\" src=\"https:\/\/www.zoner.fi\/tuki\/wp-content\/uploads\/2022\/08\/sahkopostitilin-luominen-paavalikko.jpg\" alt=\"Kuvakaappaus DirectAdmin-hallintapaneelista\" class=\"wp-image-130225\" srcset=\"https:\/\/www.zoner.fi\/tuki\/wp-content\/uploads\/2022\/08\/sahkopostitilin-luominen-paavalikko.jpg 900w, https:\/\/www.zoner.fi\/tuki\/wp-content\/uploads\/2022\/08\/sahkopostitilin-luominen-paavalikko-300x179.jpg 300w, https:\/\/www.zoner.fi\/tuki\/wp-content\/uploads\/2022\/08\/sahkopostitilin-luominen-paavalikko-768x459.jpg 768w\" sizes=\"auto, (max-width: 900px) 100vw, 900px\" \/><\/figure>\n\n\n\n<p>4. Klikkaa avautuvalla S\u00e4hk\u00f6postitilit-sivulla n\u00e4kyv\u00e4\u00e4 sinist\u00e4 painiketta <strong>Luo tili<\/strong>.<\/p>\n\n\n\n<figure class=\"wp-block-image size-full\"><img loading=\"lazy\" decoding=\"async\" width=\"900\" height=\"211\" src=\"https:\/\/www.zoner.fi\/tuki\/wp-content\/uploads\/2022\/08\/sahkopostitilin-luominen-luo-uusi-tili.jpg\" alt=\"Kuvakaappaus DirectAdmin-hallintapaneelista\" class=\"wp-image-130254\" srcset=\"https:\/\/www.zoner.fi\/tuki\/wp-content\/uploads\/2022\/08\/sahkopostitilin-luominen-luo-uusi-tili.jpg 900w, https:\/\/www.zoner.fi\/tuki\/wp-content\/uploads\/2022\/08\/sahkopostitilin-luominen-luo-uusi-tili-300x70.jpg 300w, https:\/\/www.zoner.fi\/tuki\/wp-content\/uploads\/2022\/08\/sahkopostitilin-luominen-luo-uusi-tili-768x180.jpg 768w\" sizes=\"auto, (max-width: 900px) 100vw, 900px\" \/><\/figure>\n\n\n\n<p><em>Sivulla n\u00e4kyv\u00e4ss\u00e4 listassa n\u00e4kyv\u00e4t my\u00f6s mahdolliset aiemmin luomasi s\u00e4hk\u00f6postitilit. Niit\u00e4 p\u00e4\u00e4set hallinnoimaan laittamalla valinnan osoitteen edess\u00e4 olevaan ruutuun. Rivin lopussa olevasta plus-merkist\u00e4 voit vaihtaa tilin salasanan ja k\u00e4ytt\u00f6rajoituksia.<\/em><\/p>\n\n\n\n<p>5. Kirjoita haluamasi s\u00e4hk\u00f6postiosoitteen alkuosa ja anna salasana.<br>Voit my\u00f6s painaa salasanarivin vasemmassa reunassa n\u00e4kyvi\u00e4 noppia, jolloin ohjelma luo automaattisesti turvallisen salasanan. Saat salasanan n\u00e4kyviin klikkaamalla rivill\u00e4 n\u00e4kyv\u00e4\u00e4 silm\u00e4-kuvaketta. Salasana n\u00e4ytet\u00e4\u00e4n ruudussa tilin luomisen j\u00e4lkeen, joten ei tarvitse s\u00e4ik\u00e4ht\u00e4\u00e4, jos se j\u00e4\u00e4 t\u00e4ss\u00e4 kohtaa ottamatta talteen.<\/p>\n\n\n\n<figure class=\"wp-block-image size-full\"><img loading=\"lazy\" decoding=\"async\" width=\"900\" height=\"168\" src=\"https:\/\/www.zoner.fi\/tuki\/wp-content\/uploads\/2022\/08\/sahkopostitilin-luominen-tilin-osoite-tiedot.jpg\" alt=\"Kuvakaappaus DirectAdmin-hallintapaneelista\" class=\"wp-image-130258\" srcset=\"https:\/\/www.zoner.fi\/tuki\/wp-content\/uploads\/2022\/08\/sahkopostitilin-luominen-tilin-osoite-tiedot.jpg 900w, https:\/\/www.zoner.fi\/tuki\/wp-content\/uploads\/2022\/08\/sahkopostitilin-luominen-tilin-osoite-tiedot-300x56.jpg 300w, https:\/\/www.zoner.fi\/tuki\/wp-content\/uploads\/2022\/08\/sahkopostitilin-luominen-tilin-osoite-tiedot-768x143.jpg 768w\" sizes=\"auto, (max-width: 900px) 100vw, 900px\" \/><\/figure>\n\n\n\n<p>6. Anna viel\u00e4 s\u00e4hk\u00f6postin kiinti\u00f6 ja l\u00e4hetysraja. Oletuksena oleva nolla on rajaton, jolloin ainoa raja on webhotellin oma tilaraja.<\/p>\n\n\n\n<p>S\u00e4hk\u00f6postin kiinti\u00f6 on hyv\u00e4 asettaa tarpeen mukaisesti, mutta kuitenkin reiluksi. Jos s\u00e4hk\u00f6postilaatikko t\u00e4yttyy, sen toiminnassa voi ilmet\u00e4 h\u00e4iri\u00f6it\u00e4 &#8211; esim. s\u00e4hk\u00f6postiviestit eiv\u00e4t v\u00e4ltt\u00e4m\u00e4tt\u00e4 tule perille.<\/p>\n\n\n\n<p>8. Klikkaa seuraavaksi <strong>Luo tili<\/strong>. Ruutuun aukeaa ponnahdusikkuna, jossa on yhteenveto antamistasi tiedoista. T\u00e4st\u00e4 voit ottaa yl\u00f6s salasanan, mik\u00e4li se unohtui edellisess\u00e4 kohdassa. S\u00e4hk\u00f6postilaatikko on nyt valmis k\u00e4ytt\u00f6\u00f6n, mutta jatka viel\u00e4 seuraavaan vaiheeseen tarkistaaksesi, ett\u00e4 viestit saapuvat perille oikein.<\/p>\n\n\n\n<figure class=\"wp-block-image size-full\"><img loading=\"lazy\" decoding=\"async\" width=\"900\" height=\"399\" src=\"https:\/\/www.zoner.fi\/tuki\/wp-content\/uploads\/2022\/08\/sahkopostitilin-luominen-vahvistus-tilin-tiedot.jpg\" alt=\"Kuvakaappaus DirectAdmin-hallintapaneelista\" class=\"wp-image-130255\" srcset=\"https:\/\/www.zoner.fi\/tuki\/wp-content\/uploads\/2022\/08\/sahkopostitilin-luominen-vahvistus-tilin-tiedot.jpg 900w, https:\/\/www.zoner.fi\/tuki\/wp-content\/uploads\/2022\/08\/sahkopostitilin-luominen-vahvistus-tilin-tiedot-300x133.jpg 300w, https:\/\/www.zoner.fi\/tuki\/wp-content\/uploads\/2022\/08\/sahkopostitilin-luominen-vahvistus-tilin-tiedot-768x340.jpg 768w\" sizes=\"auto, (max-width: 900px) 100vw, 900px\" \/><\/figure>\n\n\n\n<p>9. <strong>Muista viel\u00e4 varmistaa ett\u00e4 &#8221;K\u00e4yt\u00e4 t\u00e4t\u00e4 palvelinta s\u00e4hk\u00f6postieni k\u00e4sittelyyn.&#8221; on p\u00e4\u00e4ll\u00e4, jotta viestit saapuvat webhotellin s\u00e4hk\u00f6postilaatikoihin: <\/strong><br><br>Valitse p\u00e4\u00e4valikosta <strong>S\u00e4hk\u00f6postien hallinta<\/strong> \u2192 <strong>MX-tietueet<\/strong>.<\/p>\n\n\n\n<p>Painike l\u00f6ytyy sivulta menem\u00e4ll\u00e4 alasp\u00e4in Asetukset-kohtaan, t\u00e4m\u00e4n alta l\u00f6ytyy &#8221;K\u00e4yt\u00e4 t\u00e4t\u00e4 palvelinta s\u00e4hk\u00f6postieni k\u00e4sittelyyn&#8221;. Asetus tulee olla valittuna, jotta viestit saapuvat webhotelliin luotuihin s\u00e4hk\u00f6postilaatikoihin.<br><br>Jos asetus ei mene p\u00e4\u00e4lle, odota ett\u00e4 MX-tietueet p\u00e4ivittyv\u00e4t osoittamaan Zonerille webhotelliin. <br>MX-tietueiden p\u00e4ivittyminen tulee yleens\u00e4 voimaan 24 tunnin kuluessa.<br><br>Jos s\u00e4hk\u00f6postipalvelut siirret\u00e4\u00e4n k\u00e4ytt\u00e4m\u00e4\u00e4n jotain toista palvelua(esim. Google Workspace tai Microsoft 365), tulee asetuksen olla pois p\u00e4\u00e4lt\u00e4.<\/p>\n","protected":false},"excerpt":{"rendered":"<p>T\u00e4ss\u00e4 ohjeessa k\u00e4yd\u00e4\u00e4n l\u00e4pi, miten luot s\u00e4hk\u00f6postitilin webhotelliin. <\/p>\n","protected":false},"author":15,"featured_media":0,"parent":137084,"menu_order":0,"comment_status":"closed","ping_status":"closed","template":"","meta":{"_relevanssi_hide_post":"","_relevanssi_hide_content":"","_relevanssi_pin_for_all":"","_relevanssi_pin_keywords":"","_relevanssi_unpin_keywords":"","_relevanssi_related_keywords":"","_relevanssi_related_include_ids":"","_relevanssi_related_exclude_ids":"","_relevanssi_related_no_append":"","_relevanssi_related_not_related":"","_relevanssi_related_posts":"1063,1076,1066","_relevanssi_noindex_reason":"","footnotes":""},"categories":[192,193],"tags":[199,214],"wf_page_folders":[],"class_list":{"0":"post-129714","1":"page","2":"type-page","3":"status-publish","5":"category-directadmin","6":"category-directadmin-sahkoposti","7":"tag-sahkoposti","8":"tag-sahkopostin-hallinta"},"_links":{"self":[{"href":"https:\/\/www.zoner.fi\/tuki\/wp-json\/wp\/v2\/pages\/129714","targetHints":{"allow":["GET"]}}],"collection":[{"href":"https:\/\/www.zoner.fi\/tuki\/wp-json\/wp\/v2\/pages"}],"about":[{"href":"https:\/\/www.zoner.fi\/tuki\/wp-json\/wp\/v2\/types\/page"}],"author":[{"embeddable":true,"href":"https:\/\/www.zoner.fi\/tuki\/wp-json\/wp\/v2\/users\/15"}],"replies":[{"embeddable":true,"href":"https:\/\/www.zoner.fi\/tuki\/wp-json\/wp\/v2\/comments?post=129714"}],"version-history":[{"count":17,"href":"https:\/\/www.zoner.fi\/tuki\/wp-json\/wp\/v2\/pages\/129714\/revisions"}],"predecessor-version":[{"id":137264,"href":"https:\/\/www.zoner.fi\/tuki\/wp-json\/wp\/v2\/pages\/129714\/revisions\/137264"}],"up":[{"embeddable":true,"href":"https:\/\/www.zoner.fi\/tuki\/wp-json\/wp\/v2\/pages\/137084"}],"wp:attachment":[{"href":"https:\/\/www.zoner.fi\/tuki\/wp-json\/wp\/v2\/media?parent=129714"}],"wp:term":[{"taxonomy":"category","embeddable":true,"href":"https:\/\/www.zoner.fi\/tuki\/wp-json\/wp\/v2\/categories?post=129714"},{"taxonomy":"post_tag","embeddable":true,"href":"https:\/\/www.zoner.fi\/tuki\/wp-json\/wp\/v2\/tags?post=129714"},{"taxonomy":"wf_page_folders","embeddable":true,"href":"https:\/\/www.zoner.fi\/tuki\/wp-json\/wp\/v2\/wf_page_folders?post=129714"}],"curies":[{"name":"wp","href":"https:\/\/api.w.org\/{rel}","templated":true}]}}