{"id":129716,"date":"2019-02-21T13:50:00","date_gmt":"2019-02-21T11:50:00","guid":{"rendered":"https:\/\/www.zoner.fi\/tuki\/?page_id=129716"},"modified":"2025-09-17T15:38:34","modified_gmt":"2025-09-17T12:38:34","slug":"miten-kaytan-directadmin-hallintapaneelia","status":"publish","type":"page","link":"https:\/\/www.zoner.fi\/tuki\/webhotellit\/miten-kaytan-directadmin-hallintapaneelia\/","title":{"rendered":"DirectAdmin hallintapaneeli"},"content":{"rendered":"\n<p>Zonerin <a href=\"https:\/\/www.zoner.fi\/webhotellit\/\">webhotellit<\/a> k\u00e4ytt\u00e4v\u00e4t <strong>DirectAdmin<\/strong> -hallintapaneelia, joka mahdollistaa palvelun hallinnoinnin, kuten s\u00e4hk\u00f6postilaatikoiden luonnin, verkkotunnusten DNS-muutokset ja ohjelmistojen asentamisen kotisivutilaan.<\/p>\n\n\n\n<p>T\u00e4ss\u00e4 ohjeessa tutustumme DirectAdminiin ja sen perustoimintoihin.<\/p>\n\n\n\n<ul class=\"wp-block-list\">\n<li><a href=\"#1\">DirectAdmin hallintapaneeliin kirjautuminen<\/a><\/li>\n\n\n\n<li><a href=\"#2\">Liikkuminen DirectAdmin -hallintapaneelissa<\/a><\/li>\n<\/ul>\n\n\n\n<h2 class=\"wp-block-heading\" id=\"1\">DirectAdmin hallintapaneeliin kirjautuminen<\/h2>\n\n\n\n<p>DirectAdmin-hallintapaneeliin voi kirjautua palvelimen omasta osoitteesta sek\u00e4 Zoner Homen kautta.<\/p>\n\n\n\n<h3 class=\"wp-block-heading\">Kirjautuminen palvelimen osoitteesta<\/h3>\n\n\n\n<p>L\u00f6yd\u00e4t DirectAdmin-hallintapaneelin kirjautumistunnukset ja -osoitteen webhotellin luonnin yhteydess\u00e4 saamastasi tunnusviestist\u00e4. K\u00e4ytett\u00e4v\u00e4 palvelin ja kirjautumisosoite vaihtelevat webhotellikohtaisesti.<\/p>\n\n\n\n<h3 class=\"wp-block-heading\">Kirjautuminen Zoner Homen kautta<\/h3>\n\n\n\n<p>1. Kirjaudu Zoner Homeen osoitteessa <a href=\"https:\/\/home.zoner.fi\/\" target=\"_blank\" rel=\"noreferrer noopener\">https:\/\/home.zoner.fi<\/a>.<br>Lue tarvittaessa ohje: <a href=\"https:\/\/www.zoner.fi\/tuki\/zoner-home\/miten-kirjaudun-zoner-home-hallintapaneeliin\/\">Miten kirjaudun Zoner Home -hallintapaneeliin?<\/a><\/p>\n\n\n\n<p>2. Avaa Zoner Homessa <strong>Omat tuotteet<\/strong> -v\u00e4lilehti, joka l\u00f6ytyy sivun yl\u00e4reunasta.<br>Vaihtoehtoisesti voit siirty\u00e4 webhotellin yleiskatsaukseen suoraan Zoner Homen etusivulta klikkaamalla sit\u00e4 <strong>Hiljattain k\u00e4ytetyt tuotteet<\/strong> -osiossa.<\/p>\n\n\n\n<figure class=\"wp-block-image size-large\"><img loading=\"lazy\" decoding=\"async\" width=\"1024\" height=\"703\" src=\"https:\/\/www.zoner.fi\/tuki\/wp-content\/uploads\/2025\/01\/omat-tuotteet-zoner-home-1024x703.png\" alt=\"\" class=\"wp-image-135121\" srcset=\"https:\/\/www.zoner.fi\/tuki\/wp-content\/uploads\/2025\/01\/omat-tuotteet-zoner-home-1024x703.png 1024w, https:\/\/www.zoner.fi\/tuki\/wp-content\/uploads\/2025\/01\/omat-tuotteet-zoner-home-300x206.png 300w, https:\/\/www.zoner.fi\/tuki\/wp-content\/uploads\/2025\/01\/omat-tuotteet-zoner-home-768x528.png 768w, https:\/\/www.zoner.fi\/tuki\/wp-content\/uploads\/2025\/01\/omat-tuotteet-zoner-home.png 1399w\" sizes=\"auto, (max-width: 1024px) 100vw, 1024px\" \/><\/figure>\n\n\n\n<p>3. Klikkaa <strong>Verkkosivustot<\/strong>-kohdassa sit\u00e4 webhotellia, johon haluat kirjautua.<\/p>\n\n\n\n<figure class=\"wp-block-image size-large\"><img loading=\"lazy\" decoding=\"async\" width=\"1024\" height=\"727\" src=\"https:\/\/www.zoner.fi\/tuki\/wp-content\/uploads\/2025\/04\/direct-admin-kirjautuminen-1024x727.png\" alt=\"\" class=\"wp-image-135793\" srcset=\"https:\/\/www.zoner.fi\/tuki\/wp-content\/uploads\/2025\/04\/direct-admin-kirjautuminen-1024x727.png 1024w, https:\/\/www.zoner.fi\/tuki\/wp-content\/uploads\/2025\/04\/direct-admin-kirjautuminen-300x213.png 300w, https:\/\/www.zoner.fi\/tuki\/wp-content\/uploads\/2025\/04\/direct-admin-kirjautuminen-768x546.png 768w, https:\/\/www.zoner.fi\/tuki\/wp-content\/uploads\/2025\/04\/direct-admin-kirjautuminen-1536x1091.png 1536w, https:\/\/www.zoner.fi\/tuki\/wp-content\/uploads\/2025\/04\/direct-admin-kirjautuminen.png 1578w\" sizes=\"auto, (max-width: 1024px) 100vw, 1024px\" \/><\/figure>\n\n\n\n<p>4. Avautuneella sivulla n\u00e4et yleiskatsauksen webhotellin tiedoista ja <strong>Hallitse webhotelliasi<\/strong> -painikkeen, jota klikkaamalla voit siirty\u00e4 webhotellin DirectAdmin-hallintapaneeliin. DirectAdmin-hallintapaneeli avautuu uudelle v\u00e4lilehdelle.<\/p>\n\n\n\n<p>Ohjeita webhotellin hallintapaneelin k\u00e4ytt\u00f6\u00f6n l\u00f6yd\u00e4t Tukisivuston <a href=\"https:\/\/www.zoner.fi\/tuki\/webhotellit\/\">Webhotellit<\/a>-kategoriasta.<\/p>\n\n\n\n<figure class=\"wp-block-image size-large\"><img loading=\"lazy\" decoding=\"async\" width=\"1024\" height=\"694\" src=\"https:\/\/www.zoner.fi\/tuki\/wp-content\/uploads\/2025\/02\/zoner-home-webhotelli-kirjautuminen-1024x694.png\" alt=\"\" class=\"wp-image-135206\" srcset=\"https:\/\/www.zoner.fi\/tuki\/wp-content\/uploads\/2025\/02\/zoner-home-webhotelli-kirjautuminen-1024x694.png 1024w, https:\/\/www.zoner.fi\/tuki\/wp-content\/uploads\/2025\/02\/zoner-home-webhotelli-kirjautuminen-300x203.png 300w, https:\/\/www.zoner.fi\/tuki\/wp-content\/uploads\/2025\/02\/zoner-home-webhotelli-kirjautuminen-768x520.png 768w, https:\/\/www.zoner.fi\/tuki\/wp-content\/uploads\/2025\/02\/zoner-home-webhotelli-kirjautuminen.png 1444w\" sizes=\"auto, (max-width: 1024px) 100vw, 1024px\" \/><\/figure>\n\n\n\n<h2 class=\"wp-block-heading\" id=\"2\">Liikkuminen DirectAdmin -hallintapaneelissa<\/h2>\n\n\n\n<figure class=\"gb-block-image gb-block-image-e4534aa0\"><img loading=\"lazy\" decoding=\"async\" width=\"900\" height=\"646\" class=\"gb-image gb-image-e4534aa0\" src=\"https:\/\/www.zoner.fi\/tuki\/wp-content\/uploads\/2022\/08\/directadmin-hallintapaneeli-etusivu-kaavio.jpg\" alt=\"\" title=\"directadmin-hallintapaneeli-etusivu-kaavio\" srcset=\"https:\/\/www.zoner.fi\/tuki\/wp-content\/uploads\/2022\/08\/directadmin-hallintapaneeli-etusivu-kaavio.jpg 900w, https:\/\/www.zoner.fi\/tuki\/wp-content\/uploads\/2022\/08\/directadmin-hallintapaneeli-etusivu-kaavio-300x215.jpg 300w, https:\/\/www.zoner.fi\/tuki\/wp-content\/uploads\/2022\/08\/directadmin-hallintapaneeli-etusivu-kaavio-768x551.jpg 768w\" sizes=\"auto, (max-width: 900px) 100vw, 900px\" \/><\/figure>\n\n\n\n<p><\/p>\n\n\n\n<h3 class=\"wp-block-heading\">1. Palveluntarjoajan logo &#8211; Linkki etusivulle<\/h3>\n\n\n\n<p>P\u00e4\u00e4set aina takaisin hallintapaneelin aloitusivulle klikkaamalla vasemmassa kulmassa n\u00e4kyv\u00e4\u00e4 palveluntarjoajan logoa.<\/p>\n\n\n\n<h3 class=\"wp-block-heading\">2. Hallintapaneelin valikkokohteiden n\u00e4kym\u00e4n valinta<\/h3>\n\n\n\n<p>Voit valita valikkoon kaksi erilaista n\u00e4kym\u00e4\u00e4. N\u00e4kym\u00e4\u00e4 vaihdetaan otsakkeessa sijatsevien painikkeiden avulla.<\/p>\n\n\n\n<figure class=\"gb-block-image gb-block-image-0b08d363\"><img loading=\"lazy\" decoding=\"async\" width=\"900\" height=\"245\" class=\"gb-image gb-image-0b08d363\" src=\"https:\/\/www.zoner.fi\/tuki\/wp-content\/uploads\/2022\/08\/direct-admin-hallintapaneeli-paavalikko-lista.jpg\" alt=\"\" title=\"direct-admin-hallintapaneeli-paavalikko-lista\" srcset=\"https:\/\/www.zoner.fi\/tuki\/wp-content\/uploads\/2022\/08\/direct-admin-hallintapaneeli-paavalikko-lista.jpg 900w, https:\/\/www.zoner.fi\/tuki\/wp-content\/uploads\/2022\/08\/direct-admin-hallintapaneeli-paavalikko-lista-300x82.jpg 300w, https:\/\/www.zoner.fi\/tuki\/wp-content\/uploads\/2022\/08\/direct-admin-hallintapaneeli-paavalikko-lista-768x209.jpg 768w\" sizes=\"auto, (max-width: 900px) 100vw, 900px\" \/><\/figure>\n\n\n\n<p>Listan\u00e4kym\u00e4ss\u00e4 kaikki valikkokohteet ovat koko ajan n\u00e4kyviss\u00e4.<\/p>\n\n\n\n<figure class=\"gb-block-image gb-block-image-a5cd986e\"><img loading=\"lazy\" decoding=\"async\" width=\"900\" height=\"219\" class=\"gb-image gb-image-a5cd986e\" src=\"https:\/\/www.zoner.fi\/tuki\/wp-content\/uploads\/2022\/08\/direct-admin-hallintapaneeli-paavalikko.jpg\" alt=\"\" title=\"direct-admin-hallintapaneeli-paavalikko\" srcset=\"https:\/\/www.zoner.fi\/tuki\/wp-content\/uploads\/2022\/08\/direct-admin-hallintapaneeli-paavalikko.jpg 900w, https:\/\/www.zoner.fi\/tuki\/wp-content\/uploads\/2022\/08\/direct-admin-hallintapaneeli-paavalikko-300x73.jpg 300w, https:\/\/www.zoner.fi\/tuki\/wp-content\/uploads\/2022\/08\/direct-admin-hallintapaneeli-paavalikko-768x187.jpg 768w\" sizes=\"auto, (max-width: 900px) 100vw, 900px\" \/><\/figure>\n\n\n\n<p>Ruudukkon\u00e4kym\u00e4ss\u00e4 valikon yl\u00e4valinnat ovat n\u00e4kyviss\u00e4 ja alavalikot aukeavat viem\u00e4ll\u00e4 hiiren yl\u00e4valinnan p\u00e4\u00e4lle.<\/p>\n\n\n\n<h3 class=\"wp-block-heading\">3. Muokattavan domainin valinta<\/h3>\n\n\n\n<p>Webhotellia on mahdollista k\u00e4ytt\u00e4\u00e4 useammalla eri verkkotunnuksella. Jos webhotellissasi on useita eri domaineja, valitse ennen haluttuja muutoksia, mit\u00e4 verkkotunnusta haluat muutosten koskevan.<\/p>\n\n\n\n<p>Domainin valinta tapahtuu sivun yl\u00e4laidasta l\u00f6ytyv\u00e4n pudotusvalikon avulla.<\/p>\n\n\n\n<figure class=\"gb-block-image gb-block-image-35fd86ca\"><img loading=\"lazy\" decoding=\"async\" width=\"900\" height=\"83\" class=\"gb-image gb-image-35fd86ca\" src=\"https:\/\/www.zoner.fi\/tuki\/wp-content\/uploads\/2022\/08\/liikkuminen-direct-admin-hallintapaneelissa-domain-valinta.jpg\" alt=\"\" title=\"liikkuminen-direct-admin-hallintapaneelissa-domain-valinta\" srcset=\"https:\/\/www.zoner.fi\/tuki\/wp-content\/uploads\/2022\/08\/liikkuminen-direct-admin-hallintapaneelissa-domain-valinta.jpg 900w, https:\/\/www.zoner.fi\/tuki\/wp-content\/uploads\/2022\/08\/liikkuminen-direct-admin-hallintapaneelissa-domain-valinta-300x28.jpg 300w, https:\/\/www.zoner.fi\/tuki\/wp-content\/uploads\/2022\/08\/liikkuminen-direct-admin-hallintapaneelissa-domain-valinta-768x71.jpg 768w\" sizes=\"auto, (max-width: 900px) 100vw, 900px\" \/><\/figure>\n\n\n\n<p><\/p>\n\n\n\n<h3 class=\"wp-block-heading\">4. Yleiset asetukset<\/h3>\n\n\n\n<p>Klikkaamalla oikeassa yl\u00e4kulmassa n\u00e4kyv\u00e4\u00e4 k\u00e4ytt\u00e4j\u00e4nime\u00e4si saat esille alasvetovalikon, jonka kautta voit muokata tilin asetuksia. T\u00e4\u00e4lt\u00e4 l\u00f6yd\u00e4t my\u00f6s j\u00e4rjestelm\u00e4n l\u00e4hett\u00e4m\u00e4t viestit ja voit kirjautua ulos hallintapaneelista.<\/p>\n\n\n\n<h3 class=\"wp-block-heading\">5. P\u00e4\u00e4valikko<\/h3>\n\n\n\n<p>P\u00e4\u00e4valikosta l\u00f6ytyv\u00e4t kaikki webhotellin toiminnot, jotka on jaettu aihealueittain. P\u00e4\u00e4valikossa on my\u00f6s suora linkki ohjetietokantaan ja tukipyynn\u00f6n tekemiseen.<\/p>\n\n\n\n<h3 class=\"wp-block-heading\">6. Haku<\/h3>\n\n\n\n<p>Hakupalkki on k\u00e4tev\u00e4 tapa liikkua kohteesta toiseen. Voit hakea kaikkia hallintapaneelin kohteita, haku koskee my\u00f6s luotuja tilej\u00e4 ja tunnuksia.<\/p>\n\n\n\n<h3 class=\"wp-block-heading\">7. Oikopolut<\/h3>\n\n\n\n<p>Aloitusn\u00e4kym\u00e4n vasemman reunan sarakkeessa on listattuna oikopolkuja erilaisiin toiminnallisuuksiin. Voit muokata listaa lis\u00e4\u00e4m\u00e4ll\u00e4 ja poistamalla oikopolkuja ja vaihtamalla niiden j\u00e4rjestyst\u00e4.<\/p>\n\n\n\n<h3 class=\"wp-block-heading\">8. Webhotellin resurssit<\/h3>\n\n\n\n<p>Oikean reunan sarakkeesta l\u00f6ytyy tieto webhotellisi k\u00e4ytett\u00e4viss\u00e4 olevista resursseista ja niiden k\u00e4ytt\u00f6asteesta. N\u00e4et linkin kautta my\u00f6s kirjautumishistoriasi ja voit tehd\u00e4 m\u00e4\u00e4rityksi\u00e4 k\u00e4ytt\u00e4j\u00e4profiiliin.<\/p>\n\n\n\n<h3 class=\"wp-block-heading\">9. Kielivalinta<\/h3>\n\n\n\n<p>Sivun oikeasta alakulmasta voit vaihtaa kielen englanniksi tai suomeksi.<\/p>\n","protected":false},"excerpt":{"rendered":"<p>T\u00e4ss\u00e4 ohjeessa tutustumme DirectAdminiin ja sen perustoimintoihin.<\/p>\n","protected":false},"author":15,"featured_media":0,"parent":129010,"menu_order":0,"comment_status":"closed","ping_status":"closed","template":"","meta":{"_relevanssi_hide_post":"","_relevanssi_hide_content":"","_relevanssi_pin_for_all":"","_relevanssi_pin_keywords":"","_relevanssi_unpin_keywords":"","_relevanssi_related_keywords":"","_relevanssi_related_include_ids":"","_relevanssi_related_exclude_ids":"","_relevanssi_related_no_append":"","_relevanssi_related_not_related":"","_relevanssi_related_posts":"1076,1063,1066","_relevanssi_noindex_reason":"","footnotes":""},"categories":[192,193],"tags":[214,158],"wf_page_folders":[],"class_list":{"0":"post-129716","1":"page","2":"type-page","3":"status-publish","5":"category-directadmin","6":"category-directadmin-sahkoposti","7":"tag-sahkopostin-hallinta","8":"tag-yleiset"},"_links":{"self":[{"href":"https:\/\/www.zoner.fi\/tuki\/wp-json\/wp\/v2\/pages\/129716","targetHints":{"allow":["GET"]}}],"collection":[{"href":"https:\/\/www.zoner.fi\/tuki\/wp-json\/wp\/v2\/pages"}],"about":[{"href":"https:\/\/www.zoner.fi\/tuki\/wp-json\/wp\/v2\/types\/page"}],"author":[{"embeddable":true,"href":"https:\/\/www.zoner.fi\/tuki\/wp-json\/wp\/v2\/users\/15"}],"replies":[{"embeddable":true,"href":"https:\/\/www.zoner.fi\/tuki\/wp-json\/wp\/v2\/comments?post=129716"}],"version-history":[{"count":9,"href":"https:\/\/www.zoner.fi\/tuki\/wp-json\/wp\/v2\/pages\/129716\/revisions"}],"predecessor-version":[{"id":137836,"href":"https:\/\/www.zoner.fi\/tuki\/wp-json\/wp\/v2\/pages\/129716\/revisions\/137836"}],"up":[{"embeddable":true,"href":"https:\/\/www.zoner.fi\/tuki\/wp-json\/wp\/v2\/pages\/129010"}],"wp:attachment":[{"href":"https:\/\/www.zoner.fi\/tuki\/wp-json\/wp\/v2\/media?parent=129716"}],"wp:term":[{"taxonomy":"category","embeddable":true,"href":"https:\/\/www.zoner.fi\/tuki\/wp-json\/wp\/v2\/categories?post=129716"},{"taxonomy":"post_tag","embeddable":true,"href":"https:\/\/www.zoner.fi\/tuki\/wp-json\/wp\/v2\/tags?post=129716"},{"taxonomy":"wf_page_folders","embeddable":true,"href":"https:\/\/www.zoner.fi\/tuki\/wp-json\/wp\/v2\/wf_page_folders?post=129716"}],"curies":[{"name":"wp","href":"https:\/\/api.w.org\/{rel}","templated":true}]}}