{"id":129915,"date":"2022-08-16T10:55:10","date_gmt":"2022-08-16T07:55:10","guid":{"rendered":"https:\/\/www.zoner.fi\/tuki\/?page_id=129915"},"modified":"2026-02-04T10:33:02","modified_gmt":"2026-02-04T08:33:02","slug":"miten-valitsen-php-version-webhotellissa","status":"publish","type":"page","link":"https:\/\/www.zoner.fi\/tuki\/webhotellit\/miten-valitsen-php-version-webhotellissa\/","title":{"rendered":"Miten valitsen PHP-version webhotellissa?"},"content":{"rendered":"\n<p>Zonerin <a href=\"\/webhotellit\/\">webhotellit<\/a> sis\u00e4lt\u00e4v\u00e4t oletusarvoisesti useita eri PHP-versioita. Joskus PHP-versio on vaihdettava toiseen, koska se on vanhentunut, tai esimerkiksi ep\u00e4sopivan apuohjelman tai lis\u00e4osan vuoksi.<\/p>\n\n\n\n<p>T\u00e4ss\u00e4 ohjeessa k\u00e4ymme l\u00e4pi, kuinka PHP-version valitseminen onnistuu Zoner Home -webhotellin hallintapaneelista k\u00e4sin.<\/p>\n\n\n\n<p>Lue lis\u00e4\u00e4 PHP:st\u00e4: <a href=\"https:\/\/www.zoner.fi\/webhotellit\/php\/\">PHP \u2013 Kattava info sivuston omistajalle<\/a><\/p>\n\n\n\n<ul class=\"wp-block-list\">\n<li><a href=\"#1\">Miksi on t\u00e4rke\u00e4\u00e4 k\u00e4ytt\u00e4\u00e4 tuettua PHP-versiota?<\/a><\/li>\n\n\n\n<li><a href=\"#jos-sivusto-ei-toimi\">Mit\u00e4 jos sivusto ei toimi uudemmalla PHP-versiolla?<\/a><\/li>\n\n\n\n<li><a href=\"#1\">Miten vaihdan PHP-versiota DirectAdminissa?<\/a><\/li>\n<\/ul>\n\n\n\n<h2 class=\"wp-block-heading\" id=\"1\">Miksi on t\u00e4rke\u00e4\u00e4 k\u00e4ytt\u00e4\u00e4 tuettua PHP-versiota?<\/h2>\n\n\n\n<p>Tuettu PHP-versio saa s\u00e4\u00e4nn\u00f6llisesti virallisia tietoturvap\u00e4ivityksi\u00e4. N\u00e4et t\u00e4ll\u00e4 hetkell\u00e4 tuetut PHP-versiot <a href=\"https:\/\/www.php.net\/supported-versions.php\" target=\"_blank\" rel=\"noopener\">virallisilta PHP-sivuilta<\/a>.<\/p>\n\n\n\n<ul class=\"wp-block-list\">\n<li><strong>Parempi tietoturva<\/strong>&nbsp;&#8211; T\u00e4rkein syy p\u00e4ivitt\u00e4\u00e4 PHP-versio on tietoturva. Vanhentuneet PHP-versiot eiv\u00e4t saa virallisia tietoturvap\u00e4ivityksi\u00e4, joten niiden k\u00e4ytt\u00e4minen voi altistaa sivuston hakkereille.<\/li>\n\n\n\n<li><strong>Parempi suorituskyky<\/strong>&nbsp;&#8211; Jokainen uusi PHP-versio sis\u00e4lt\u00e4\u00e4 suorituskykyparannuksia, esim. nopeammat suoritusajat ja pienemm\u00e4n muistin k\u00e4yt\u00f6n. Sivustosi voi siis latautua nopeammin ja k\u00e4sitell\u00e4 suurempia k\u00e4vij\u00e4m\u00e4\u00e4ri\u00e4. Koskee erityisesti WordPress-sivustoja.<\/li>\n\n\n\n<li><strong>Uusia ominaisuuksia ja parannuksia<\/strong>&nbsp;&#8211; Uudempi PHP-versio sis\u00e4lt\u00e4\u00e4 todenn\u00e4k\u00f6isesti uusia ja parannettuja ominaisuuksia.<\/li>\n<\/ul>\n\n\n\n<h2 class=\"wp-block-heading\" id=\"jos-sivusto-ei-toimi\">Mit\u00e4 jos sivusto ei toimi uudemmalla PHP-versiolla?<\/h2>\n\n\n\n<p>Seuraa ensin alla olevia ohjeita vaihtaaksesi PHP-versio takaisin aiempaan, jolloin sivusto palaa toimintaan.<\/p>\n\n\n\n<p><strong>Huom!<\/strong> Vanhaan PHP-versioon vaihtaminen on vain tilap\u00e4inen ratkaisu, sill\u00e4 vanheneva versio poistuu aikanaan kokonaan k\u00e4yt\u00f6st\u00e4, mink\u00e4 j\u00e4lkeen sit\u00e4 ei ole en\u00e4\u00e4 mahdollista valita.<\/p>\n\n\n\n<h3 class=\"wp-block-heading\">Miten sivuston saa toimimaan uudella PHP-versiolla?<\/h3>\n\n\n\n<p>Lyhyt vastaus on &#8221;p\u00e4ivitt\u00e4m\u00e4ll\u00e4 sivusto&#8221;. Kun sivuston ohjelmisto ja lis\u00e4osat ovat ajan tasalla, niiden pit\u00e4isi toimia ajantaisaisella PHP-versiolla. Jokainen sivusto on kuitenkin uniikki, joten t\u00e4ss\u00e4 yleisimpi\u00e4 toimenpiteit\u00e4 ongelmanselvitykseen.<\/p>\n\n\n\n<h4 class=\"wp-block-heading\">Miten p\u00e4ivit\u00e4n sivuston?<\/h4>\n\n\n\n<p>Sivuston ajan tasalla pit\u00e4minen on aina k\u00e4ytt\u00e4j\u00e4n omalla vastuulla, mutta Zonerin webhotelli tarjoaa avuksi Installatron-ty\u00f6kalun, jolla p\u00e4ivityksi\u00e4 voi suorittaa sek\u00e4 k\u00e4sin ett\u00e4 automaattisesti. Voit tarkistaa, onko sivusto liitetty Installatroniin webhotellin hallintapaneelin kohdasta <em>Lis\u00e4toiminnot, Installatron Applications Installer<\/em>. Jos sivusto k\u00e4ytt\u00e4\u00e4 tuettua julkaisuj\u00e4rjestelm\u00e4\u00e4, mutta se ei ole viel\u00e4 liitettyn\u00e4 Installatroniin, voit liitt\u00e4\u00e4 sen <a href=\"https:\/\/www.zoner.fi\/tuki\/webhotellit\/miten-kytken-sivuston-installatron-ohjelmaan\/\">t\u00e4m\u00e4n ohjeen mukaan<\/a>.<\/p>\n\n\n\n<p>Installatroniin liitetyn sivuston voi p\u00e4ivitt\u00e4\u00e4 lis\u00e4osineen punaisen nuolen painikkeesta. Suosittelemme tekem\u00e4\u00e4n Installatronin tarjoaman varmuuskopion p\u00e4ivityksen yhteydess\u00e4.<br><img loading=\"lazy\" decoding=\"async\" src=\"https:\/\/www.zoner.fi\/tuki\/wp-content\/uploads\/2022\/10\/installatron_update-300x59.jpg\" alt=\"P\u00e4ivit\u00e4 sivusto Installatronilla\" width=\"300\" height=\"59\"><\/p>\n\n\n\n<p>Jos sivustolla on k\u00e4yt\u00f6ss\u00e4 maksullisia tai omaan k\u00e4ytt\u00f6\u00f6n kehitettyj\u00e4 osia, niiden p\u00e4ivitykset t\u00e4ytyy tarkistaa kehitt\u00e4j\u00e4lt\u00e4 erikseen.<\/p>\n\n\n\n<h4 class=\"wp-block-heading\">Voiko joku tehd\u00e4 p\u00e4ivitykset puolestani?<\/h4>\n\n\n\n<p>Etenkin jos sivustoa ei ole p\u00e4ivitetty pitk\u00e4\u00e4n aikaan, p\u00e4ivitys voi aiheuttaa sivustolla odottamattomia ongelmia. Jos sivusto on jonkun muun rakentama, kannattaa t\u00e4llaisessa tilanteessa k\u00e4\u00e4nty\u00e4 ensisijaisesti sivuston tekij\u00e4n puoleen. My\u00f6s Zoner voi p\u00e4ivitt\u00e4\u00e4 PHP-version puolestasi <a href=\"https:\/\/www.zoner.fi\/asiantuntijatyot\/\">asiantuntijaty\u00f6n\u00e4<\/a>.<\/p>\n\n\n\n<p>Jos haluat varmistaa, ett\u00e4 WordPress-sivustosi on aina ajan tasalla niin PHP-version kuin muidenkin teknisten p\u00e4ivitysten osalta, suosittelemme <a href=\"https:\/\/www.zoner.fi\/zoner-care\/\">Zoner Care<\/a> -palvelua, jossa hoidamme sivuston teknisen yll\u00e4pidon puolestasi ja huolehdimme sen turvallisuudesta ja toiminnasta.<\/p>\n\n\n\n<h4 class=\"wp-block-heading\">P\u00e4ivitin sivuston, mutta se ei silti toimi uudella PHP:lla<\/h4>\n\n\n\n<p>Jos sivusto ei p\u00e4ivityksist\u00e4 huolimatta toimi uudella PHP-versiolla, t\u00e4ytyy tarkempaa syyp\u00e4\u00e4t\u00e4 etsi\u00e4 virhelokin kautta. Virheloki l\u00f6ytyy webhotellista kohdasta <em>J\u00e4rjestelm\u00e4n tiedot ja tiedostot, Sivuston yhteenveto \/ tilastot \/ lokit, Virheloki<\/em>.<\/p>\n\n\n\n<p>Sivuston kaatuessa virhelokiin tulee siit\u00e4 merkint\u00e4. Lokiteksti voi olla vaikealukuista, mutta oleellista on vain l\u00f6yt\u00e4\u00e4 tekstin joukosta avainsanoja!<\/p>\n\n\n\n<ol class=\"wp-block-list\">\n<li>Jos teksti\u00e4 on paljon, paikanna ensin ajankohta, jolloin huomasit sivuston olevan kaatunut.<\/li>\n\n\n\n<li>Jos koko sivusto on ollut alhaalla, virhe sis\u00e4lt\u00e4\u00e4 todenn\u00e4k\u00f6isesti sanat &#8221;fatal error&#8221;. Ongelmasta riippuen virheilmoitus voi kuitenkin olla toisenlainen.<\/li>\n\n\n\n<li>Kun olet l\u00f6yt\u00e4nyt virheviestin, joka vaikuttaa liittyv\u00e4n sivuston kaatumiseen, etsi virheviestist\u00e4 kohtia, jotka kuulostavat viittaavan tiettyyn osaan sivustosta. Virhe viittaa usein tiedostopolkuun, joka voi sis\u00e4lt\u00e4\u00e4 tekstin &#8221;plugins\/lis\u00e4osannimi&#8221; tai &#8221;themes\/teemannimi&#8221;.<\/li>\n\n\n\n<li>Vaihda PHP-versio takaisin vanhaan. Kun sivusto toimii, poista k\u00e4yt\u00f6st\u00e4 osa, johon virheviesti viittaa. Vaihda PHP-versio takaisin uudempaan, odota minuutti ja tarkista toimiiko sivusto. Prosessin voi joutua toistamaan, jos ongelmakohtia on useampia.<\/li>\n\n\n\n<li>Kun sivusto toimii uudella PHP-versiolla, selvit\u00e4 k\u00e4yt\u00f6st\u00e4 poistettujen osien kehitt\u00e4jilt\u00e4 niiden p\u00e4ivitysten saatavuus. Jos kehitys on lopetettu, kyseisen komponentin saattaa joutua korvaamaan toisella.<\/li>\n<\/ol>\n\n\n\n<h2 class=\"wp-block-heading\" id=\"1\">Miten vaihdan PHP-versiota DirectAdminissa?<\/h2>\n\n\n\n<p>PHP-version vaihtaminen DirectAdminissa onnistuu helposti.<\/p>\n\n\n\n<p>1. Kirjaudu aluksi sis\u00e4\u00e4n webhotellin DirectAdmin-hallintapaneeliin &#8211; <a href=\"https:\/\/www.zoner.fi\/tuki\/webhotellit\/miten-kaytan-directadmin-hallintapaneelia\/#1\">ohje<\/a>.<\/p>\n\n\n\n<p>2. Valitse <strong>Tilin hallinta<\/strong> -osion alta kohta <strong>Verkkotunnusten m\u00e4\u00e4ritys<\/strong>.<\/p>\n\n\n\n<figure class=\"wp-block-image\"><img decoding=\"async\" src=\"https:\/\/zonerwp2022.zoner.fi\/wp-content\/uploads\/2019\/02\/php-version-valitseminen-aloitus.jpg\" alt=\"PHP-version valitseminen\" class=\"wp-image-44072\"\/><\/figure>\n\n\n\n<p>3. Klikkaa verkkotunnusta, jonka PHP-versiota haluat tarkastella. PHP-versio on verkkotunnuskohtainen, joten jos samassa webhotellissa on useampi verkkotunnus, tee mahdolliset muutokset jokaiselle niist\u00e4 erikseen.<\/p>\n\n\n\n<figure class=\"wp-block-image\"><img decoding=\"async\" src=\"https:\/\/zonerwp2022.zoner.fi\/wp-content\/uploads\/2019\/02\/php-version-valitseminen-domainin-valinta.jpg\" alt=\"PHP-version valitseminen, domainin valinta\" class=\"wp-image-44075\"\/><\/figure>\n\n\n\n<p>4. Klikkaa avautuvan sivun yl\u00e4reunasta l\u00f6ytyv\u00e4\u00e4 <strong>PHP-version valitsin<\/strong> -linkki\u00e4.<\/p>\n\n\n\n<figure class=\"wp-block-image size-large\"><img loading=\"lazy\" decoding=\"async\" width=\"1024\" height=\"323\" src=\"https:\/\/www.zoner.fi\/tuki\/wp-content\/uploads\/2022\/10\/php_valitseminen-1024x323.jpg\" alt=\"\" class=\"wp-image-130446\" srcset=\"https:\/\/www.zoner.fi\/tuki\/wp-content\/uploads\/2022\/10\/php_valitseminen-1024x323.jpg 1024w, https:\/\/www.zoner.fi\/tuki\/wp-content\/uploads\/2022\/10\/php_valitseminen-300x95.jpg 300w, https:\/\/www.zoner.fi\/tuki\/wp-content\/uploads\/2022\/10\/php_valitseminen-768x242.jpg 768w, https:\/\/www.zoner.fi\/tuki\/wp-content\/uploads\/2022\/10\/php_valitseminen.jpg 1243w\" sizes=\"auto, (max-width: 1024px) 100vw, 1024px\" \/><\/figure>\n\n\n\n<p>5. Ruutuun aukeaa ponnahdusikkuna, josta n\u00e4et k\u00e4yt\u00f6ss\u00e4 olevan PHP-version ja voit vaihtaa toiseen saatavilla olevaan versioon. Muista tallentaa valinta, mik\u00e4li teet muutoksia. Muutos tulee voimaan muutaman minuutin kuluttua tallentamisesta.<\/p>\n\n\n\n<figure class=\"wp-block-image size-full\"><img loading=\"lazy\" decoding=\"async\" width=\"374\" height=\"222\" src=\"https:\/\/www.zoner.fi\/tuki\/wp-content\/uploads\/2022\/10\/version_selector.jpg\" alt=\"Valitse PHP-versio\" class=\"wp-image-130439\" srcset=\"https:\/\/www.zoner.fi\/tuki\/wp-content\/uploads\/2022\/10\/version_selector.jpg 374w, https:\/\/www.zoner.fi\/tuki\/wp-content\/uploads\/2022\/10\/version_selector-300x178.jpg 300w\" sizes=\"auto, (max-width: 374px) 100vw, 374px\" \/><\/figure>\n\n\n\n<p>Jos valitset pian poistumassa olevan PHP-version, hallintapaneeli varoittaa asiasta ja muutoksessa voi kest\u00e4\u00e4 noin viisi minuuttia.<\/p>\n\n\n\n<p><\/p>\n","protected":false},"excerpt":{"rendered":"<p>Zonerin webhotellit sis\u00e4lt\u00e4v\u00e4t oletusarvoisesti useita eri PHP-versioita. Joskus PHP-versio on vaihdettava toiseen, koska se on vanhentunut, tai esimerkiksi ep\u00e4sopivan apuohjelman tai lis\u00e4osan vuoksi. T\u00e4ss\u00e4 ohjeessa k\u00e4ymme l\u00e4pi, kuinka PHP-version valitseminen onnistuu Zoner Home -webhotellin hallintapaneelista k\u00e4sin. Lue lis\u00e4\u00e4 PHP:st\u00e4: PHP \u2013 Kattava info sivuston omistajalle Miksi on t\u00e4rke\u00e4\u00e4 k\u00e4ytt\u00e4\u00e4 tuettua PHP-versiota? Tuettu PHP-versio saa s\u00e4\u00e4nn\u00f6llisesti &#8230; <a title=\"Miten valitsen PHP-version webhotellissa?\" class=\"read-more\" href=\"https:\/\/www.zoner.fi\/tuki\/webhotellit\/miten-valitsen-php-version-webhotellissa\/\" aria-label=\"Lue lis\u00e4\u00e4 aiheesta Miten valitsen PHP-version webhotellissa?\">Lue lis\u00e4\u00e4<\/a><\/p>\n","protected":false},"author":15,"featured_media":0,"parent":129010,"menu_order":0,"comment_status":"closed","ping_status":"closed","template":"","meta":{"_relevanssi_hide_post":"","_relevanssi_hide_content":"","_relevanssi_pin_for_all":"","_relevanssi_pin_keywords":"","_relevanssi_unpin_keywords":"","_relevanssi_related_keywords":"","_relevanssi_related_include_ids":"","_relevanssi_related_exclude_ids":"","_relevanssi_related_no_append":"","_relevanssi_related_not_related":"","_relevanssi_related_posts":"1076,1066,1063","_relevanssi_noindex_reason":"","footnotes":""},"categories":[192],"tags":[94],"wf_page_folders":[],"class_list":{"0":"post-129915","1":"page","2":"type-page","3":"status-publish","5":"category-directadmin","6":"tag-html-php"},"_links":{"self":[{"href":"https:\/\/www.zoner.fi\/tuki\/wp-json\/wp\/v2\/pages\/129915","targetHints":{"allow":["GET"]}}],"collection":[{"href":"https:\/\/www.zoner.fi\/tuki\/wp-json\/wp\/v2\/pages"}],"about":[{"href":"https:\/\/www.zoner.fi\/tuki\/wp-json\/wp\/v2\/types\/page"}],"author":[{"embeddable":true,"href":"https:\/\/www.zoner.fi\/tuki\/wp-json\/wp\/v2\/users\/15"}],"replies":[{"embeddable":true,"href":"https:\/\/www.zoner.fi\/tuki\/wp-json\/wp\/v2\/comments?post=129915"}],"version-history":[{"count":13,"href":"https:\/\/www.zoner.fi\/tuki\/wp-json\/wp\/v2\/pages\/129915\/revisions"}],"predecessor-version":[{"id":138544,"href":"https:\/\/www.zoner.fi\/tuki\/wp-json\/wp\/v2\/pages\/129915\/revisions\/138544"}],"up":[{"embeddable":true,"href":"https:\/\/www.zoner.fi\/tuki\/wp-json\/wp\/v2\/pages\/129010"}],"wp:attachment":[{"href":"https:\/\/www.zoner.fi\/tuki\/wp-json\/wp\/v2\/media?parent=129915"}],"wp:term":[{"taxonomy":"category","embeddable":true,"href":"https:\/\/www.zoner.fi\/tuki\/wp-json\/wp\/v2\/categories?post=129915"},{"taxonomy":"post_tag","embeddable":true,"href":"https:\/\/www.zoner.fi\/tuki\/wp-json\/wp\/v2\/tags?post=129915"},{"taxonomy":"wf_page_folders","embeddable":true,"href":"https:\/\/www.zoner.fi\/tuki\/wp-json\/wp\/v2\/wf_page_folders?post=129915"}],"curies":[{"name":"wp","href":"https:\/\/api.w.org\/{rel}","templated":true}]}}