{"id":129917,"date":"2022-08-16T11:14:39","date_gmt":"2022-08-16T08:14:39","guid":{"rendered":"https:\/\/www.zoner.fi\/tuki\/?page_id=129917"},"modified":"2025-11-13T12:01:23","modified_gmt":"2025-11-13T10:01:23","slug":"lets-encrypt-sertifikaatin-automaattinen-uusinta-epaonnistui","status":"publish","type":"page","link":"https:\/\/www.zoner.fi\/tuki\/webhotellit\/lets-encrypt-sertifikaatin-automaattinen-uusinta-epaonnistui\/","title":{"rendered":"Let&#8217;s encrypt -sertifikaatin automaattinen uusinta ep\u00e4onnistui"},"content":{"rendered":"\n<p><a href=\"https:\/\/www.zoner.fi\/webhotellit\/\">Webhotellit <\/a>sis\u00e4lt\u00e4v\u00e4t maksuttoman Let&#8217;s encrypt -sertifikaatin. T\u00e4ss\u00e4 ohjeessa k\u00e4yd\u00e4\u00e4n l\u00e4pi, mit\u00e4 tehd\u00e4, jos saat seuraavan viestin koskien sertifikaatin ep\u00e4onnistunutta uusimista. Sinulle on saapunut uusi viesti: Error during automated certificate renewal for [domain.fi]. Kyseess\u00e4 on automaattisesti luotu viesti, joka ilmoittaa, ett\u00e4 SSL-salauksen mahdollistavan Let\u2019s Encrypt -sertifikaatin automaattinen uusinta ei onnistu. Usein syy t\u00e4h\u00e4n on se, ett\u00e4 verkkotunnuksen liikenne ei en\u00e4\u00e4 ohjaudu Zonerille ja sertifikaattia ei siksi voida uusia.<\/p>\n\n\n\n<p>Mik\u00e4li on kyse siit\u00e4, ett\u00e4 verkkotunnuksen liikenne ei ohjaudu Zonerille, tuon SSL-salauksen uusinnan voi k\u00e4yd\u00e4 ottamassa pois p\u00e4\u00e4lt\u00e4 kirjautumalla webhotellin hallintapaneeliin [esim. www10.zoner.fi:2222].<\/p>\n\n\n\n<p>Huomaathan, ett\u00e4 SSL-salaus kannattaa ehdottomasti olla aina p\u00e4\u00e4ll\u00e4, joten varmistathan ennen uusinnan pois p\u00e4\u00e4lt\u00e4 ottamista, ett\u00e4 salaus on k\u00e4yt\u00f6ss\u00e4si jonkin toisen palvelun kautta. Lue lis\u00e4\u00e4 <a href=\"https:\/\/www.zoner.fi\/tietoturva\/ssl-salaus\/\">SSL-salauksesta<\/a> ja <a href=\"https:\/\/www.zoner.fi\/tietoturva\/ssl-sertifikaatti\/\">SSL-sertifikaateista<\/a>.<\/p>\n\n\n\n<p>Asetus l\u00f6ytyy kohdasta Tilin hallinta -&gt; SSL-sertifikaatit -&gt; paina automaattinen uusinta pois p\u00e4\u00e4lt\u00e4 \u201dDisable Auto-Renew\u201d nappia.<\/p>\n\n\n\n<figure class=\"wp-block-image\"><img decoding=\"async\" src=\"https:\/\/zonerwp2022.zoner.fi\/wp-content\/uploads\/2022\/03\/ssl-sertifikaatin-haku-pois-paalta.png\" alt=\"\" class=\"wp-image-136872\"\/><\/figure>\n\n\n\n<p>Viestit lakkaavat, kun automaattinen uusinta on otettu pois p\u00e4\u00e4lt\u00e4. Mik\u00e4li verkkotunnuksen liikenne ohjataan jossain vaiheessa takaisin Zonerille, pit\u00e4\u00e4 sertifikaatti hakea uudestaan <a href=\"https:\/\/www.zoner.fi\/tuki\/webhotellit\/miten-otan-kayttoon-lets-encrypt-ssl-sertifikaatin\/\">t\u00e4ll\u00e4 ohjeella<\/a>.<\/p>\n","protected":false},"excerpt":{"rendered":"<p>Webhotellit sis\u00e4lt\u00e4v\u00e4t maksuttoman Let&#8217;s encrypt -sertifikaatin. T\u00e4ss\u00e4 ohjeessa k\u00e4yd\u00e4\u00e4n l\u00e4pi, mit\u00e4 tehd\u00e4, jos saat seuraavan viestin koskien sertifikaatin ep\u00e4onnistunutta uusimista. Sinulle on saapunut uusi viesti: Error during automated certificate renewal for [domain.fi]. Kyseess\u00e4 on automaattisesti luotu viesti, joka ilmoittaa, ett\u00e4 SSL-salauksen mahdollistavan Let\u2019s Encrypt -sertifikaatin automaattinen uusinta ei onnistu. Usein syy t\u00e4h\u00e4n on se, ett\u00e4 &#8230; <a title=\"Let&#8217;s encrypt -sertifikaatin automaattinen uusinta ep\u00e4onnistui\" class=\"read-more\" href=\"https:\/\/www.zoner.fi\/tuki\/webhotellit\/lets-encrypt-sertifikaatin-automaattinen-uusinta-epaonnistui\/\" aria-label=\"Lue lis\u00e4\u00e4 aiheesta Let&#8217;s encrypt -sertifikaatin automaattinen uusinta ep\u00e4onnistui\">Lue lis\u00e4\u00e4<\/a><\/p>\n","protected":false},"author":15,"featured_media":0,"parent":129010,"menu_order":0,"comment_status":"closed","ping_status":"closed","template":"","meta":{"_relevanssi_hide_post":"","_relevanssi_hide_content":"","_relevanssi_pin_for_all":"","_relevanssi_pin_keywords":"","_relevanssi_unpin_keywords":"","_relevanssi_related_keywords":"","_relevanssi_related_include_ids":"","_relevanssi_related_exclude_ids":"","_relevanssi_related_no_append":"","_relevanssi_related_not_related":"","_relevanssi_related_posts":"1063,1066,1076","_relevanssi_noindex_reason":"","footnotes":""},"categories":[192,209],"tags":[219],"wf_page_folders":[],"class_list":{"0":"post-129917","1":"page","2":"type-page","3":"status-publish","5":"category-directadmin","6":"category-directadmin-verkkotunnus","7":"tag-verkkotunnusten-hallinta"},"_links":{"self":[{"href":"https:\/\/www.zoner.fi\/tuki\/wp-json\/wp\/v2\/pages\/129917","targetHints":{"allow":["GET"]}}],"collection":[{"href":"https:\/\/www.zoner.fi\/tuki\/wp-json\/wp\/v2\/pages"}],"about":[{"href":"https:\/\/www.zoner.fi\/tuki\/wp-json\/wp\/v2\/types\/page"}],"author":[{"embeddable":true,"href":"https:\/\/www.zoner.fi\/tuki\/wp-json\/wp\/v2\/users\/15"}],"replies":[{"embeddable":true,"href":"https:\/\/www.zoner.fi\/tuki\/wp-json\/wp\/v2\/comments?post=129917"}],"version-history":[{"count":5,"href":"https:\/\/www.zoner.fi\/tuki\/wp-json\/wp\/v2\/pages\/129917\/revisions"}],"predecessor-version":[{"id":138132,"href":"https:\/\/www.zoner.fi\/tuki\/wp-json\/wp\/v2\/pages\/129917\/revisions\/138132"}],"up":[{"embeddable":true,"href":"https:\/\/www.zoner.fi\/tuki\/wp-json\/wp\/v2\/pages\/129010"}],"wp:attachment":[{"href":"https:\/\/www.zoner.fi\/tuki\/wp-json\/wp\/v2\/media?parent=129917"}],"wp:term":[{"taxonomy":"category","embeddable":true,"href":"https:\/\/www.zoner.fi\/tuki\/wp-json\/wp\/v2\/categories?post=129917"},{"taxonomy":"post_tag","embeddable":true,"href":"https:\/\/www.zoner.fi\/tuki\/wp-json\/wp\/v2\/tags?post=129917"},{"taxonomy":"wf_page_folders","embeddable":true,"href":"https:\/\/www.zoner.fi\/tuki\/wp-json\/wp\/v2\/wf_page_folders?post=129917"}],"curies":[{"name":"wp","href":"https:\/\/api.w.org\/{rel}","templated":true}]}}