{"id":129927,"date":"2022-08-16T11:52:09","date_gmt":"2022-08-16T08:52:09","guid":{"rendered":"https:\/\/www.zoner.fi\/tuki\/?page_id=129927"},"modified":"2025-11-13T10:47:35","modified_gmt":"2025-11-13T08:47:35","slug":"miten-luon-aliverkkotunnuksen-webhotellissa","status":"publish","type":"page","link":"https:\/\/www.zoner.fi\/tuki\/webhotellit\/zoner-home\/miten-luon-aliverkkotunnuksen-webhotellissa\/","title":{"rendered":"Miten luon aliverkkotunnuksen webhotellissa?"},"content":{"rendered":"\n<p>Zonerin webhotellit sis\u00e4lt\u00e4v\u00e4t rajattoman m\u00e4\u00e4r\u00e4n subdomaineja eli aliverkkotunnuksia, joita voit luoda vapaasti k\u00e4ytt\u00f6\u00f6si palvelustamme.<\/p>\n\n\n\n<p><strong><strong><strong>Zoner Homessa ei t\u00e4ll\u00e4 hetkell\u00e4 pysty luomaan aliverkkotunnuksia. Jos haluat luoda aliverkkotunnuksen, pyyd\u00e4 apua asiakaspalvelultamme: tuki@zoner.fi<\/strong><\/strong><\/strong><\/p>\n\n\n\n<h2 class=\"wp-block-heading\">Mik\u00e4 on subdomain eli aliverkkotunnus?<\/h2>\n\n\n\n<p>Subdomain muodostuu osoitteen alkuosasta, jonka j\u00e4lkeen tulee piste ja oma verkkotunnuksesi eli esimerkiksi kauppa.domaintesti.fi on aliverkkotunnus osoitteelle domaintesti.fi.<\/p>\n\n\n\n<p>Aliverkkotunnuksia k\u00e4ytet\u00e4\u00e4n usein yrityksen \/ sivuston eri toimintojen erottamiseen toisistaan. Suosittuja k\u00e4ytt\u00f6kohteita ovat vaikkapa verkkokauppa, blogi, intranet ja muut erilaiset toiminnanohjausj\u00e4rjestelm\u00e4t. Eri aliverkkotunnukset voivat my\u00f6s ohjautua toisistaan erill\u00e4 oleville palvelimille ja ulkoisiin palveluihin, siin\u00e4 miss\u00e4 esimerkiksi kaikki p\u00e4\u00e4verkkotunnuksen alla olevat sis\u00e4ll\u00f6t ja alikansiot, kuten domaintesti.fi\/kauppa ohjautuvat aina yhteen ja samaan palveluun.<\/p>\n\n\n\n<p>Aliverkkotunnuksen hy\u00f6dynt\u00e4miseksi sinulla tulee olla mahdollisuus tehd\u00e4 muutoksia p\u00e4\u00e4verkkotunnuksen DNS-ohjauksiin. Kukaan ulkopuolinen ei siis l\u00e4ht\u00f6kohtaisesti pysty hy\u00f6dynt\u00e4m\u00e4\u00e4n toisen omistaman verkkotunnuksen alaosoitteita.<\/p>\n","protected":false},"excerpt":{"rendered":"<p>Zonerin webhotellit sis\u00e4lt\u00e4v\u00e4t rajattoman m\u00e4\u00e4r\u00e4n subdomaineja eli aliverkkotunnuksia, joita voit luoda vapaasti k\u00e4ytt\u00f6\u00f6si palvelustamme. Zoner Homessa ei t\u00e4ll\u00e4 hetkell\u00e4 pysty luomaan aliverkkotunnuksia. Jos haluat luoda aliverkkotunnuksen, pyyd\u00e4 apua asiakaspalvelultamme: tuki@zoner.fi Mik\u00e4 on subdomain eli aliverkkotunnus? Subdomain muodostuu osoitteen alkuosasta, jonka j\u00e4lkeen tulee piste ja oma verkkotunnuksesi eli esimerkiksi kauppa.domaintesti.fi on aliverkkotunnus osoitteelle domaintesti.fi. Aliverkkotunnuksia k\u00e4ytet\u00e4\u00e4n &#8230; <a title=\"Miten luon aliverkkotunnuksen webhotellissa?\" class=\"read-more\" href=\"https:\/\/www.zoner.fi\/tuki\/webhotellit\/zoner-home\/miten-luon-aliverkkotunnuksen-webhotellissa\/\" aria-label=\"Lue lis\u00e4\u00e4 aiheesta Miten luon aliverkkotunnuksen webhotellissa?\">Lue lis\u00e4\u00e4<\/a><\/p>\n","protected":false},"author":15,"featured_media":0,"parent":137347,"menu_order":0,"comment_status":"closed","ping_status":"closed","template":"","meta":{"_relevanssi_hide_post":"","_relevanssi_hide_content":"","_relevanssi_pin_for_all":"","_relevanssi_pin_keywords":"","_relevanssi_unpin_keywords":"","_relevanssi_related_keywords":"","_relevanssi_related_include_ids":"","_relevanssi_related_exclude_ids":"","_relevanssi_related_no_append":"","_relevanssi_related_not_related":"","_relevanssi_related_posts":"1076,1066,1063","_relevanssi_noindex_reason":"","footnotes":""},"categories":[210,217],"tags":[219,158],"wf_page_folders":[],"class_list":{"0":"post-129927","1":"page","2":"type-page","3":"status-publish","5":"category-zoner-home-verkkotunnus","6":"category-zoner-home-webhotellit","7":"tag-verkkotunnusten-hallinta","8":"tag-yleiset"},"_links":{"self":[{"href":"https:\/\/www.zoner.fi\/tuki\/wp-json\/wp\/v2\/pages\/129927","targetHints":{"allow":["GET"]}}],"collection":[{"href":"https:\/\/www.zoner.fi\/tuki\/wp-json\/wp\/v2\/pages"}],"about":[{"href":"https:\/\/www.zoner.fi\/tuki\/wp-json\/wp\/v2\/types\/page"}],"author":[{"embeddable":true,"href":"https:\/\/www.zoner.fi\/tuki\/wp-json\/wp\/v2\/users\/15"}],"replies":[{"embeddable":true,"href":"https:\/\/www.zoner.fi\/tuki\/wp-json\/wp\/v2\/comments?post=129927"}],"version-history":[{"count":9,"href":"https:\/\/www.zoner.fi\/tuki\/wp-json\/wp\/v2\/pages\/129927\/revisions"}],"predecessor-version":[{"id":137459,"href":"https:\/\/www.zoner.fi\/tuki\/wp-json\/wp\/v2\/pages\/129927\/revisions\/137459"}],"up":[{"embeddable":true,"href":"https:\/\/www.zoner.fi\/tuki\/wp-json\/wp\/v2\/pages\/137347"}],"wp:attachment":[{"href":"https:\/\/www.zoner.fi\/tuki\/wp-json\/wp\/v2\/media?parent=129927"}],"wp:term":[{"taxonomy":"category","embeddable":true,"href":"https:\/\/www.zoner.fi\/tuki\/wp-json\/wp\/v2\/categories?post=129927"},{"taxonomy":"post_tag","embeddable":true,"href":"https:\/\/www.zoner.fi\/tuki\/wp-json\/wp\/v2\/tags?post=129927"},{"taxonomy":"wf_page_folders","embeddable":true,"href":"https:\/\/www.zoner.fi\/tuki\/wp-json\/wp\/v2\/wf_page_folders?post=129927"}],"curies":[{"name":"wp","href":"https:\/\/api.w.org\/{rel}","templated":true}]}}