{"id":129934,"date":"2022-08-16T12:08:40","date_gmt":"2022-08-16T09:08:40","guid":{"rendered":"https:\/\/www.zoner.fi\/tuki\/?page_id=129934"},"modified":"2025-09-24T12:36:19","modified_gmt":"2025-09-24T09:36:19","slug":"miten-kaytan-useaa-domainia-webhotellissa","status":"publish","type":"page","link":"https:\/\/www.zoner.fi\/tuki\/webhotellit\/miten-kaytan-useaa-domainia-webhotellissa\/","title":{"rendered":"Miten k\u00e4yt\u00e4n useaa domainia webhotellissa?"},"content":{"rendered":"\n<p>Yhteen webhotelliin on mahdollista lis\u00e4t\u00e4 useat <a href=\"https:\/\/www.zoner.fi\/verkkotunnus\/\">verkkotunnukset<\/a>. Zonerin <a href=\"https:\/\/www.zoner.fi\/webhotellit\/\">webhotelleissa<\/a>, jokaisella verkkotunnuksella on automaattisesti oma tiedostopolkunsa, jolloin verkkotunnukset, ja niihin asennetut sivustot, toimivat toisistaan erillisin\u00e4 kokonaisuuksina, ilman erillisi\u00e4 s\u00e4\u00e4t\u00f6j\u00e4.<\/p>\n\n\n\n<h2 class=\"wp-block-heading\">Lis\u00e4verkkotunnus webhotelliin<\/h2>\n\n\n\n<p><strong>Lis\u00e4verkkotunnus<\/strong>, tai lis\u00e4domain, tarkoittaa webhotellissa, varsinaisen p\u00e4\u00e4verkkotunnuksen ohella, toimivaa toista, t\u00e4ysin itsen\u00e4ist\u00e4 verkkotunnusta. Mik\u00e4li lis\u00e4verkkotunnus asetetaan ohjaamaan liikenne samaan sivustoon kuin p\u00e4\u00e4verkkotunnus, k\u00e4ytet\u00e4\u00e4n lis\u00e4verkkotunnuksesta usein my\u00f6s termi\u00e4 rinnakkaisdomain.<\/p>\n\n\n\n<p><strong>Kuinka saan lis\u00e4tty\u00e4 verkkotunnuksia webhotelliin?<\/strong><\/p>\n\n\n\n<p>Webhotelliin t\u00e4ytyy tilata halutut lis\u00e4verkkotunnukset sivustomme kautta. Etsi ja tilaa haluamasi <a href=\"https:\/\/www.zoner.fi\/domainhaku\/\">domain t\u00e4\u00e4lt\u00e4<\/a>.<\/p>\n\n\n\n<p>Tilauksen k\u00e4sittelyn yhteydess\u00e4, lis\u00e4\u00e4mme verkkotunnuksen webhotelliin ja rekister\u00f6imme verkkotunnuksen, mik\u00e4li sit\u00e4 ei viel\u00e4 ole olemassa.<\/p>\n\n\n\n<p>Huomioithan, ett\u00e4 pienimmiss\u00e4 webhotellipaketeissamme on vain yksi tai kaksi tietokantaa k\u00e4ytett\u00e4viss\u00e4. Suosittelemmekin p\u00e4ivitt\u00e4m\u00e4\u00e4n webhotellin Zoner Yrityswebhotelliksi, mik\u00e4li haluat k\u00e4ytt\u00e4\u00e4 useita tietokantoja tarvitsevia sivustoja yhden webhotellin alta.<\/p>\n\n\n\n<p><strong>Kuinka monta verkkotunnusta voi lis\u00e4t\u00e4 webhotelliin?<\/strong><\/p>\n\n\n\n<p>Yhdess\u00e4 webhotellissa voi olla maksimissaan kuusi eri verkkotunnusta. Poikkeuksen muodostavat domainpointerina lis\u00e4tt\u00e4v\u00e4t verkkotunnukset.<\/p>\n\n\n\n<p><strong>Mit\u00e4 hy\u00f6ty\u00e4 on laittaa useampi verkkotunnus yhteen webhotelliin?<\/strong><\/p>\n\n\n\n<ul class=\"wp-block-list\">\n<li>Edullisempi webhotellin k\u00e4ytt\u00f6. Samalla webhotellin hinnalla ja pienell\u00e4 lis\u00e4verkkotunnusmaksulla voi mahdollisesti hostata useamman sivuston kerralla.<\/li>\n\n\n\n<li>Verkkotunnusten uudelleenohjausten teko. Webhotelliin liitetyt verkkotunnukset ja niiden k\u00e4vij\u00e4liikenne on helppo ohjata yhdest\u00e4 paikasta. Monesti onkin j\u00e4rkev\u00e4\u00e4 varata useita eri osoitteita ja muunnoksia kotisivujen osoitteesta, sek\u00e4 ohjata ne kaikki yhdelle verkko-osoitteelle, jossa varsinainen sivusto toimii.<\/li>\n<\/ul>\n\n\n\n<p><strong>Mit\u00e4 haittaa on laittaa useita verkkotunnuksia yhteen webhotelliin?<\/strong><\/p>\n\n\n\n<ul class=\"wp-block-list\">\n<li>Webhotellin resurssit ovat yhteisi\u00e4. N\u00e4in ollen, yksitt\u00e4isille sivustoille ei voi allokoida omia resurssejaan, vaan yksi sivusto voi helposti k\u00e4ytt\u00e4\u00e4 kaikille tarkoitetun levytilan ja siirtokaistan.<\/li>\n\n\n\n<li>Webhotellin varmuuskopionti on yhteinen. Mik\u00e4li jokin menisi pieleen, ja jokin sivusto pit\u00e4isi saada palautettua varmuuskopiosta, palautuisivat kaikki sivustot kyseiseen tilaan, kumoten kaikki t\u00e4m\u00e4n j\u00e4lkeen tehdyt muutokset sivustolla.<\/li>\n\n\n\n<li>Mik\u00e4li yksi sivustoista hakkeroitaisiin, vaikuttaisi se todenn\u00e4k\u00f6isesti my\u00f6s muihin sivustoihin, koska joudumme sulkemaan kaikki hakkeroituneet webhotellipalvelut tietoturvasyist\u00e4.<\/li>\n<\/ul>\n\n\n\n<h2 class=\"wp-block-heading\">Mik\u00e4 on domain pointer?<\/h2>\n\n\n\n<p><strong>Domainpointer<\/strong> ohjaa yhden verkkotunnuksen osoittamaan johonkin toiselle verkkotunnukselle. Domain pointereita eiv\u00e4t koske samat rajat, eli maksimissaan kuusi verkkotunnusta per webhotelli, kuin normaalisti webhotelliin lis\u00e4tt\u00e4vi\u00e4 verkkotunnuksia.<\/p>\n\n\n\n<p>Domain pointerina webhotelliin lis\u00e4tyll\u00e4 verkkotunnuksella ei kuitenkaan ole omaa tiedostopolkua tai mahdollisuutta k\u00e4ytt\u00e4\u00e4 s\u00e4hk\u00f6postipalveluita.<\/p>\n\n\n\n<h3 class=\"wp-block-heading\">Mihin domain pointeria k\u00e4ytet\u00e4\u00e4n?<\/h3>\n\n\n\n<p>Domain pointeria tarvitaan usein erilaisissa multi-asennuksissa, joissa yht\u00e4 ohjelmistoa ja asennusta k\u00e4ytet\u00e4\u00e4n usean eri sivuston pohjana.<br>Muun muassa monet verkkokauppaohjelmistot tarjoavat mahdollisuutena moniasennusta, jossa yhden hallintapaneelin alta voidaan hallita useita eri osoitteissa toimivia kauppoja kootusti. T\u00e4ll\u00f6in itse fyysinen verkkokauppa-asennus sijaitsee yhden verkkotunnuksen alla sijaitsevassa sijainnissa ja eri verkkotunnukset ohjataan domainpointereiden avulla oikein asennukseen.<\/p>\n","protected":false},"excerpt":{"rendered":"<p>Yhteen webhotelliin on mahdollista lis\u00e4t\u00e4 useat verkkotunnukset. Zonerin webhotelleissa, jokaisella verkkotunnuksella on automaattisesti oma tiedostopolkunsa, jolloin verkkotunnukset, ja niihin asennetut sivustot, toimivat toisistaan erillisin\u00e4 kokonaisuuksina, ilman erillisi\u00e4 s\u00e4\u00e4t\u00f6j\u00e4. Lis\u00e4verkkotunnus webhotelliin Lis\u00e4verkkotunnus, tai lis\u00e4domain, tarkoittaa webhotellissa, varsinaisen p\u00e4\u00e4verkkotunnuksen ohella, toimivaa toista, t\u00e4ysin itsen\u00e4ist\u00e4 verkkotunnusta. Mik\u00e4li lis\u00e4verkkotunnus asetetaan ohjaamaan liikenne samaan sivustoon kuin p\u00e4\u00e4verkkotunnus, k\u00e4ytet\u00e4\u00e4n lis\u00e4verkkotunnuksesta usein &#8230; <a title=\"Miten k\u00e4yt\u00e4n useaa domainia webhotellissa?\" class=\"read-more\" href=\"https:\/\/www.zoner.fi\/tuki\/webhotellit\/miten-kaytan-useaa-domainia-webhotellissa\/\" aria-label=\"Lue lis\u00e4\u00e4 aiheesta Miten k\u00e4yt\u00e4n useaa domainia webhotellissa?\">Lue lis\u00e4\u00e4<\/a><\/p>\n","protected":false},"author":15,"featured_media":0,"parent":129010,"menu_order":0,"comment_status":"closed","ping_status":"closed","template":"","meta":{"_relevanssi_hide_post":"","_relevanssi_hide_content":"","_relevanssi_pin_for_all":"","_relevanssi_pin_keywords":"","_relevanssi_unpin_keywords":"","_relevanssi_related_keywords":"","_relevanssi_related_include_ids":"","_relevanssi_related_exclude_ids":"","_relevanssi_related_no_append":"","_relevanssi_related_not_related":"","_relevanssi_related_posts":"1066,1063,1076","_relevanssi_noindex_reason":"","footnotes":""},"categories":[211,212,192,209,210],"tags":[96,219,158],"wf_page_folders":[],"class_list":{"0":"post-129934","1":"page","2":"type-page","3":"status-publish","5":"category-cpanel-webhotelli-fi","6":"category-cpanel-wepardi-verkkotunnus","7":"category-directadmin","8":"category-directadmin-verkkotunnus","9":"category-zoner-home-verkkotunnus","10":"tag-domainhallinta","11":"tag-verkkotunnusten-hallinta","12":"tag-yleiset"},"_links":{"self":[{"href":"https:\/\/www.zoner.fi\/tuki\/wp-json\/wp\/v2\/pages\/129934","targetHints":{"allow":["GET"]}}],"collection":[{"href":"https:\/\/www.zoner.fi\/tuki\/wp-json\/wp\/v2\/pages"}],"about":[{"href":"https:\/\/www.zoner.fi\/tuki\/wp-json\/wp\/v2\/types\/page"}],"author":[{"embeddable":true,"href":"https:\/\/www.zoner.fi\/tuki\/wp-json\/wp\/v2\/users\/15"}],"replies":[{"embeddable":true,"href":"https:\/\/www.zoner.fi\/tuki\/wp-json\/wp\/v2\/comments?post=129934"}],"version-history":[{"count":5,"href":"https:\/\/www.zoner.fi\/tuki\/wp-json\/wp\/v2\/pages\/129934\/revisions"}],"predecessor-version":[{"id":137403,"href":"https:\/\/www.zoner.fi\/tuki\/wp-json\/wp\/v2\/pages\/129934\/revisions\/137403"}],"up":[{"embeddable":true,"href":"https:\/\/www.zoner.fi\/tuki\/wp-json\/wp\/v2\/pages\/129010"}],"wp:attachment":[{"href":"https:\/\/www.zoner.fi\/tuki\/wp-json\/wp\/v2\/media?parent=129934"}],"wp:term":[{"taxonomy":"category","embeddable":true,"href":"https:\/\/www.zoner.fi\/tuki\/wp-json\/wp\/v2\/categories?post=129934"},{"taxonomy":"post_tag","embeddable":true,"href":"https:\/\/www.zoner.fi\/tuki\/wp-json\/wp\/v2\/tags?post=129934"},{"taxonomy":"wf_page_folders","embeddable":true,"href":"https:\/\/www.zoner.fi\/tuki\/wp-json\/wp\/v2\/wf_page_folders?post=129934"}],"curies":[{"name":"wp","href":"https:\/\/api.w.org\/{rel}","templated":true}]}}