{"id":129982,"date":"2022-08-17T13:58:30","date_gmt":"2022-08-17T10:58:30","guid":{"rendered":"https:\/\/www.zoner.fi\/tuki\/?page_id=129982"},"modified":"2025-09-17T15:13:40","modified_gmt":"2025-09-17T12:13:40","slug":"miten-muutan-tiedostojen-ja-kansioiden-oikeuksia","status":"publish","type":"page","link":"https:\/\/www.zoner.fi\/tuki\/webhotellit\/miten-muutan-tiedostojen-ja-kansioiden-oikeuksia\/","title":{"rendered":"Miten muutan tiedostojen ja kansioiden oikeuksia?"},"content":{"rendered":"\n<p><a href=\"https:\/\/www.zoner.fi\/webhotellit\/\">Webhotellit<\/a> mahdollistavat tiedostojen ja kansioiden hallinnan suoraan webhotellin hallintapaneelissa.<\/p>\n\n\n\n<p>Aloita kirjautumalla sis\u00e4\u00e4n webhotellin DirectAdmin-hallintapaneeliin.<\/p>\n\n\n\n<p>Valitse p\u00e4\u00e4valikosta J\u00e4rjestelm\u00e4n tiedot ja tiedostot \u2013 Tiedostonhallinta<\/p>\n\n\n\n<figure class=\"wp-block-image\"><img decoding=\"async\" src=\"https:\/\/zonerwp2022.zoner.fi\/wp-content\/uploads\/2019\/02\/filemanager-tiedostonhallinta-paavalikko.jpg\" alt=\"\" class=\"wp-image-44765\"\/><\/figure>\n\n\n\n<p>Etsi kansio\/tiedosto, jonka oikeuksia haluat muokata.&nbsp;Lue liikkumisesta tiedostonhallinnassa <a href=\"https:\/\/www.zoner.fi\/tuki\/webhotellit\/miten-hallitsen-tiedostoja-file-managerilla\/\">t\u00e4\u00e4lt\u00e4<\/a>.<\/p>\n\n\n\n<p>Vie hiiri muokattavan tiedoston\/kansion nimen p\u00e4\u00e4lle ja valitse avautuvasta ikkunasta M\u00e4\u00e4rit\u00e4 k\u00e4ytt\u00f6oikeudet.<\/p>\n\n\n\n<figure class=\"wp-block-image\"><img decoding=\"async\" src=\"https:\/\/zonerwp2022.zoner.fi\/wp-content\/uploads\/2019\/02\/filemanager-maarita-kayttooikeudet.jpg\" alt=\"\" class=\"wp-image-44807\"\/><\/figure>\n\n\n\n<p>Tee m\u00e4\u00e4ritykset ja tallenna muutokset klikkaamalla Aseta.<\/p>\n\n\n\n<figure class=\"wp-block-image\"><img decoding=\"async\" src=\"https:\/\/zonerwp2022.zoner.fi\/wp-content\/uploads\/2019\/02\/filemanager-kayttooikeuksien-maarittaminen-astukset.jpg\" alt=\"\" class=\"wp-image-44810\"\/><\/figure>\n","protected":false},"excerpt":{"rendered":"<p>Webhotellit mahdollistavat tiedostojen ja kansioiden hallinnan suoraan webhotellin hallintapaneelissa. Aloita kirjautumalla sis\u00e4\u00e4n webhotellin DirectAdmin-hallintapaneeliin. Valitse p\u00e4\u00e4valikosta J\u00e4rjestelm\u00e4n tiedot ja tiedostot \u2013 Tiedostonhallinta Etsi kansio\/tiedosto, jonka oikeuksia haluat muokata.&nbsp;Lue liikkumisesta tiedostonhallinnassa t\u00e4\u00e4lt\u00e4. Vie hiiri muokattavan tiedoston\/kansion nimen p\u00e4\u00e4lle ja valitse avautuvasta ikkunasta M\u00e4\u00e4rit\u00e4 k\u00e4ytt\u00f6oikeudet. Tee m\u00e4\u00e4ritykset ja tallenna muutokset klikkaamalla Aseta.<\/p>\n","protected":false},"author":15,"featured_media":0,"parent":129010,"menu_order":0,"comment_status":"closed","ping_status":"closed","template":"","meta":{"_relevanssi_hide_post":"","_relevanssi_hide_content":"","_relevanssi_pin_for_all":"","_relevanssi_pin_keywords":"","_relevanssi_unpin_keywords":"","_relevanssi_related_keywords":"","_relevanssi_related_include_ids":"","_relevanssi_related_exclude_ids":"","_relevanssi_related_no_append":"","_relevanssi_related_not_related":"","_relevanssi_related_posts":"1076,1063,1066","_relevanssi_noindex_reason":"","footnotes":""},"categories":[192],"tags":[220],"wf_page_folders":[],"class_list":{"0":"post-129982","1":"page","2":"type-page","3":"status-publish","5":"category-directadmin","6":"tag-tiedostonhallinta"},"_links":{"self":[{"href":"https:\/\/www.zoner.fi\/tuki\/wp-json\/wp\/v2\/pages\/129982","targetHints":{"allow":["GET"]}}],"collection":[{"href":"https:\/\/www.zoner.fi\/tuki\/wp-json\/wp\/v2\/pages"}],"about":[{"href":"https:\/\/www.zoner.fi\/tuki\/wp-json\/wp\/v2\/types\/page"}],"author":[{"embeddable":true,"href":"https:\/\/www.zoner.fi\/tuki\/wp-json\/wp\/v2\/users\/15"}],"replies":[{"embeddable":true,"href":"https:\/\/www.zoner.fi\/tuki\/wp-json\/wp\/v2\/comments?post=129982"}],"version-history":[{"count":6,"href":"https:\/\/www.zoner.fi\/tuki\/wp-json\/wp\/v2\/pages\/129982\/revisions"}],"predecessor-version":[{"id":137492,"href":"https:\/\/www.zoner.fi\/tuki\/wp-json\/wp\/v2\/pages\/129982\/revisions\/137492"}],"up":[{"embeddable":true,"href":"https:\/\/www.zoner.fi\/tuki\/wp-json\/wp\/v2\/pages\/129010"}],"wp:attachment":[{"href":"https:\/\/www.zoner.fi\/tuki\/wp-json\/wp\/v2\/media?parent=129982"}],"wp:term":[{"taxonomy":"category","embeddable":true,"href":"https:\/\/www.zoner.fi\/tuki\/wp-json\/wp\/v2\/categories?post=129982"},{"taxonomy":"post_tag","embeddable":true,"href":"https:\/\/www.zoner.fi\/tuki\/wp-json\/wp\/v2\/tags?post=129982"},{"taxonomy":"wf_page_folders","embeddable":true,"href":"https:\/\/www.zoner.fi\/tuki\/wp-json\/wp\/v2\/wf_page_folders?post=129982"}],"curies":[{"name":"wp","href":"https:\/\/api.w.org\/{rel}","templated":true}]}}