{"id":130366,"date":"2022-08-31T14:36:18","date_gmt":"2022-08-31T11:36:18","guid":{"rendered":"https:\/\/www.zoner.fi\/tuki\/?page_id=130366"},"modified":"2025-09-02T12:27:10","modified_gmt":"2025-09-02T09:27:10","slug":"miten-kopioin-sahkopostit","status":"publish","type":"page","link":"https:\/\/www.zoner.fi\/tuki\/sahkopostiohjeet\/google-workspace\/miten-kopioin-sahkopostit\/","title":{"rendered":"Miten kopioin s\u00e4hk\u00f6postit Google Workspace -palveluun?"},"content":{"rendered":"\n<p>T\u00e4ss\u00e4 ohjeessa k\u00e4ymme l\u00e4pi, kuinka saat kopioitua s\u00e4hk\u00f6postit <a href=\"https:\/\/www.zoner.fi\/google-workspace\/\">Google Workspace<\/a> -palveluun k\u00e4ytt\u00e4en Googlen datansiirtoty\u00f6kalua. Ty\u00f6kalu mahdollistaa useamman s\u00e4hk\u00f6postin samanaikaisen kopioinnin.<\/p>\n\n\n\n<p><\/p>\n\n\n\n<h2 class=\"wp-block-heading\">Siirtoty\u00f6kalun avaaminen<\/h2>\n\n\n\n<p>S\u00e4hk\u00f6postien kopioinnin aloittamiseksi kirjaudu Googlen <a href=\"https:\/\/admin.google.com\/\" target=\"_blank\" rel=\"noopener\">hallintapaneeliin<\/a> p\u00e4\u00e4k\u00e4ytt\u00e4j\u00e4tunnuksella. P\u00e4\u00e4k\u00e4ytt\u00e4j\u00e4 on yleisesti ensimm\u00e4inen Workspace palveluun luotu k\u00e4ytt\u00e4j\u00e4. Jos et kuitenkaan ole varma k\u00e4ytt\u00e4j\u00e4st\u00e4si, voit aina varmistaa t\u00e4m\u00e4n nykyiselt\u00e4 palveluntarjoajaltasi.<br><br>Hallintakonsolin alaosasta l\u00f6ytyy &#8221;N\u00e4yt\u00e4 lis\u00e4\u00e4&#8221; -painike, jolla saadaan esille palvelun toimintoja:<\/p>\n\n\n\n<figure class=\"wp-block-image size-large is-resized\"><img loading=\"lazy\" decoding=\"async\" src=\"https:\/\/www.zoner.fi\/tuki\/wp-content\/uploads\/2022\/08\/image-5-1024x965.png\" alt=\"\" class=\"wp-image-130368\" width=\"927\" height=\"873\" srcset=\"https:\/\/www.zoner.fi\/tuki\/wp-content\/uploads\/2022\/08\/image-5-1024x965.png 1024w, https:\/\/www.zoner.fi\/tuki\/wp-content\/uploads\/2022\/08\/image-5-300x283.png 300w, https:\/\/www.zoner.fi\/tuki\/wp-content\/uploads\/2022\/08\/image-5-768x724.png 768w, https:\/\/www.zoner.fi\/tuki\/wp-content\/uploads\/2022\/08\/image-5.png 1059w\" sizes=\"auto, (max-width: 927px) 100vw, 927px\" \/><\/figure>\n\n\n\n<p>Painikkeen alta paljastuu &#8221;Tietojen siirto&#8221; -osio, josta p\u00e4\u00e4st\u00e4\u00e4n etenem\u00e4\u00e4n kopiointity\u00f6kaluun:<br><\/p>\n\n\n\n<figure class=\"wp-block-image size-large\"><img loading=\"lazy\" decoding=\"async\" width=\"1024\" height=\"494\" src=\"https:\/\/www.zoner.fi\/tuki\/wp-content\/uploads\/2022\/08\/image-6-1024x494.png\" alt=\"\" class=\"wp-image-130369\" srcset=\"https:\/\/www.zoner.fi\/tuki\/wp-content\/uploads\/2022\/08\/image-6-1024x494.png 1024w, https:\/\/www.zoner.fi\/tuki\/wp-content\/uploads\/2022\/08\/image-6-300x145.png 300w, https:\/\/www.zoner.fi\/tuki\/wp-content\/uploads\/2022\/08\/image-6-768x371.png 768w, https:\/\/www.zoner.fi\/tuki\/wp-content\/uploads\/2022\/08\/image-6.png 1059w\" sizes=\"auto, (max-width: 1024px) 100vw, 1024px\" \/><\/figure>\n\n\n\n<p><\/p>\n\n\n\n<p>Aukeavalta sivustolta edet\u00e4\u00e4n klikkaamalla &#8221;M\u00c4\u00c4RIT\u00c4 TIEDONSIIRTO&#8221; -painiketta:<br><\/p>\n\n\n\n<figure class=\"wp-block-image size-large\"><img loading=\"lazy\" decoding=\"async\" width=\"1024\" height=\"199\" src=\"https:\/\/www.zoner.fi\/tuki\/wp-content\/uploads\/2022\/08\/image-7-1024x199.png\" alt=\"\" class=\"wp-image-130370\" srcset=\"https:\/\/www.zoner.fi\/tuki\/wp-content\/uploads\/2022\/08\/image-7-1024x199.png 1024w, https:\/\/www.zoner.fi\/tuki\/wp-content\/uploads\/2022\/08\/image-7-300x58.png 300w, https:\/\/www.zoner.fi\/tuki\/wp-content\/uploads\/2022\/08\/image-7-768x150.png 768w, https:\/\/www.zoner.fi\/tuki\/wp-content\/uploads\/2022\/08\/image-7.png 1309w\" sizes=\"auto, (max-width: 1024px) 100vw, 1024px\" \/><\/figure>\n\n\n\n<h2 class=\"wp-block-heading\">Siirtoty\u00f6kalun m\u00e4\u00e4ritt\u00e4minen<\/h2>\n\n\n\n<p>Seuraavaksi m\u00e4\u00e4rit\u00e4 vanhaan laatikkoon yhdist\u00e4mist\u00e4 varten s\u00e4hk\u00f6postipalvelimen tiedot. Alla olevassa esimerkiss\u00e4 on k\u00e4ytetty <a href=\"https:\/\/www.zoner.fi\/webhotellit\/\">Zoner Webhotellissa<\/a> sijaitsevaa s\u00e4hk\u00f6postia. Mik\u00e4li k\u00e4yt\u00e4t muuta s\u00e4hk\u00f6postipalvelua, niin tulee IMAP-palvelinosoitteeksi m\u00e4\u00e4ritt\u00e4\u00e4 kyseisen palvelun postipalvelimen osoite. Palvelinosoitteen saatte varmistettua s\u00e4hk\u00f6postin palveluntarjoajalta.<br><br>Siirron l\u00e4hde: Muu IMAP-palvelin<br><br>Siirrett\u00e4vien kohteiden tyyppi: S\u00e4hk\u00f6posti<br><br>Yhteysprotokolla: IMAP<br><br>IMAP-palvelinosoite: S\u00e4hk\u00f6postipalvelimen osoite<br><br>K\u00e4ytt\u00e4j\u00e4tunnus: Kopioitavan s\u00e4hk\u00f6postin k\u00e4ytt\u00e4j\u00e4tunnus<br><br>Salasana: Kopioitavan s\u00e4hk\u00f6postin salasana<\/p>\n\n\n\n<figure class=\"wp-block-image size-full\"><img loading=\"lazy\" decoding=\"async\" width=\"1023\" height=\"950\" src=\"https:\/\/www.zoner.fi\/tuki\/wp-content\/uploads\/2022\/08\/image-8.png\" alt=\"\" class=\"wp-image-130371\" srcset=\"https:\/\/www.zoner.fi\/tuki\/wp-content\/uploads\/2022\/08\/image-8.png 1023w, https:\/\/www.zoner.fi\/tuki\/wp-content\/uploads\/2022\/08\/image-8-300x279.png 300w, https:\/\/www.zoner.fi\/tuki\/wp-content\/uploads\/2022\/08\/image-8-768x713.png 768w\" sizes=\"auto, (max-width: 1023px) 100vw, 1023px\" \/><\/figure>\n\n\n\n<p>Kun tiedot on sy\u00f6tetty oikein, niin ty\u00f6kalu pyyt\u00e4\u00e4 viel\u00e4 antamaan aloitusp\u00e4iv\u00e4n. P\u00e4iv\u00e4m\u00e4\u00e4r\u00e4 kertoo, mist\u00e4 p\u00e4iv\u00e4st\u00e4 l\u00e4htien k\u00e4ytt\u00e4j\u00e4ll\u00e4 olleet viestit kopioidaan. Siirtovaihtoehdoista l\u00f6ytyy my\u00f6s valinnat siirt\u00e4\u00e4 poistetut tai roskapostiin siirretyt viestit.<br><\/p>\n\n\n\n<figure class=\"wp-block-image size-large\"><img loading=\"lazy\" decoding=\"async\" width=\"1024\" height=\"707\" src=\"https:\/\/www.zoner.fi\/tuki\/wp-content\/uploads\/2022\/08\/image-9-1024x707.png\" alt=\"\" class=\"wp-image-130372\" srcset=\"https:\/\/www.zoner.fi\/tuki\/wp-content\/uploads\/2022\/08\/image-9-1024x707.png 1024w, https:\/\/www.zoner.fi\/tuki\/wp-content\/uploads\/2022\/08\/image-9-300x207.png 300w, https:\/\/www.zoner.fi\/tuki\/wp-content\/uploads\/2022\/08\/image-9-768x530.png 768w, https:\/\/www.zoner.fi\/tuki\/wp-content\/uploads\/2022\/08\/image-9.png 1026w\" sizes=\"auto, (max-width: 1024px) 100vw, 1024px\" \/><figcaption>Kun siirtovaihtoehdot on m\u00e4\u00e4ritetty, p\u00e4\u00e4see ty\u00f6kaluun lis\u00e4\u00e4m\u00e4\u00e4n kopioitavia s\u00e4hk\u00f6postitilej\u00e4.<\/figcaption><\/figure>\n\n\n\n<figure class=\"wp-block-image size-large is-resized\"><img loading=\"lazy\" decoding=\"async\" src=\"https:\/\/www.zoner.fi\/tuki\/wp-content\/uploads\/2022\/08\/image-10-1024x417.png\" alt=\"\" class=\"wp-image-130373\" width=\"925\" height=\"376\" srcset=\"https:\/\/www.zoner.fi\/tuki\/wp-content\/uploads\/2022\/08\/image-10-1024x417.png 1024w, https:\/\/www.zoner.fi\/tuki\/wp-content\/uploads\/2022\/08\/image-10-300x122.png 300w, https:\/\/www.zoner.fi\/tuki\/wp-content\/uploads\/2022\/08\/image-10-768x313.png 768w, https:\/\/www.zoner.fi\/tuki\/wp-content\/uploads\/2022\/08\/image-10.png 1352w\" sizes=\"auto, (max-width: 925px) 100vw, 925px\" \/><\/figure>\n\n\n\n<p>L\u00e4hdes\u00e4hk\u00f6posti: Kopioitavan laatikon osoite<br><br>Salasana: Kopioitavan laatikon salasana<br><br>Google Workspace -s\u00e4hk\u00f6postiosoite: Workspace k\u00e4ytt\u00e4j\u00e4, jolle viestit kopioidaan.<\/p>\n\n\n\n<figure class=\"wp-block-image size-full\"><img loading=\"lazy\" decoding=\"async\" width=\"470\" height=\"608\" src=\"https:\/\/www.zoner.fi\/tuki\/wp-content\/uploads\/2022\/08\/image-11.png\" alt=\"\" class=\"wp-image-130374\" srcset=\"https:\/\/www.zoner.fi\/tuki\/wp-content\/uploads\/2022\/08\/image-11.png 470w, https:\/\/www.zoner.fi\/tuki\/wp-content\/uploads\/2022\/08\/image-11-232x300.png 232w\" sizes=\"auto, (max-width: 470px) 100vw, 470px\" \/><\/figure>\n\n\n\n<p>Jokaisen k\u00e4ytt\u00e4j\u00e4n kopiointiprosessin tilaa saa seurattua ty\u00f6kalusta &#8221;Tila&#8221; -sarakkeen kohdalta. Tilan kohdalle tulee teksti &#8221;Valmis&#8221;, kun vanhan s\u00e4hk\u00f6postin sis\u00e4lt\u00f6 on saatu kopioitua palveluun.<\/p>\n","protected":false},"excerpt":{"rendered":"<p>T\u00e4ss\u00e4 ohjeessa k\u00e4ymme l\u00e4pi, kuinka saat kopioitua s\u00e4hk\u00f6postit Google Workspace -palveluun k\u00e4ytt\u00e4en Googlen datansiirtoty\u00f6kalua. Ty\u00f6kalu mahdollistaa useamman s\u00e4hk\u00f6postin samanaikaisen kopioinnin. Siirtoty\u00f6kalun avaaminen S\u00e4hk\u00f6postien kopioinnin aloittamiseksi kirjaudu Googlen hallintapaneeliin p\u00e4\u00e4k\u00e4ytt\u00e4j\u00e4tunnuksella. P\u00e4\u00e4k\u00e4ytt\u00e4j\u00e4 on yleisesti ensimm\u00e4inen Workspace palveluun luotu k\u00e4ytt\u00e4j\u00e4. Jos et kuitenkaan ole varma k\u00e4ytt\u00e4j\u00e4st\u00e4si, voit aina varmistaa t\u00e4m\u00e4n nykyiselt\u00e4 palveluntarjoajaltasi. Hallintakonsolin alaosasta l\u00f6ytyy &#8221;N\u00e4yt\u00e4 lis\u00e4\u00e4&#8221; -painike, &#8230; <a title=\"Miten kopioin s\u00e4hk\u00f6postit Google Workspace -palveluun?\" class=\"read-more\" href=\"https:\/\/www.zoner.fi\/tuki\/sahkopostiohjeet\/google-workspace\/miten-kopioin-sahkopostit\/\" aria-label=\"Lue lis\u00e4\u00e4 aiheesta Miten kopioin s\u00e4hk\u00f6postit Google Workspace -palveluun?\">Lue lis\u00e4\u00e4<\/a><\/p>\n","protected":false},"author":20,"featured_media":0,"parent":137095,"menu_order":0,"comment_status":"closed","ping_status":"closed","template":"","meta":{"_relevanssi_hide_post":"","_relevanssi_hide_content":"","_relevanssi_pin_for_all":"","_relevanssi_pin_keywords":"","_relevanssi_unpin_keywords":"","_relevanssi_related_keywords":"","_relevanssi_related_include_ids":"","_relevanssi_related_exclude_ids":"","_relevanssi_related_no_append":"","_relevanssi_related_not_related":"","_relevanssi_related_posts":"130273,1066,1076,130269","_relevanssi_noindex_reason":"","footnotes":""},"categories":[198],"tags":[108],"wf_page_folders":[],"class_list":{"0":"post-130366","1":"page","2":"type-page","3":"status-publish","5":"category-google-workspace","6":"tag-google-workspace"},"_links":{"self":[{"href":"https:\/\/www.zoner.fi\/tuki\/wp-json\/wp\/v2\/pages\/130366","targetHints":{"allow":["GET"]}}],"collection":[{"href":"https:\/\/www.zoner.fi\/tuki\/wp-json\/wp\/v2\/pages"}],"about":[{"href":"https:\/\/www.zoner.fi\/tuki\/wp-json\/wp\/v2\/types\/page"}],"author":[{"embeddable":true,"href":"https:\/\/www.zoner.fi\/tuki\/wp-json\/wp\/v2\/users\/20"}],"replies":[{"embeddable":true,"href":"https:\/\/www.zoner.fi\/tuki\/wp-json\/wp\/v2\/comments?post=130366"}],"version-history":[{"count":3,"href":"https:\/\/www.zoner.fi\/tuki\/wp-json\/wp\/v2\/pages\/130366\/revisions"}],"predecessor-version":[{"id":137101,"href":"https:\/\/www.zoner.fi\/tuki\/wp-json\/wp\/v2\/pages\/130366\/revisions\/137101"}],"up":[{"embeddable":true,"href":"https:\/\/www.zoner.fi\/tuki\/wp-json\/wp\/v2\/pages\/137095"}],"wp:attachment":[{"href":"https:\/\/www.zoner.fi\/tuki\/wp-json\/wp\/v2\/media?parent=130366"}],"wp:term":[{"taxonomy":"category","embeddable":true,"href":"https:\/\/www.zoner.fi\/tuki\/wp-json\/wp\/v2\/categories?post=130366"},{"taxonomy":"post_tag","embeddable":true,"href":"https:\/\/www.zoner.fi\/tuki\/wp-json\/wp\/v2\/tags?post=130366"},{"taxonomy":"wf_page_folders","embeddable":true,"href":"https:\/\/www.zoner.fi\/tuki\/wp-json\/wp\/v2\/wf_page_folders?post=130366"}],"curies":[{"name":"wp","href":"https:\/\/api.w.org\/{rel}","templated":true}]}}