{"id":130468,"date":"2022-10-31T19:25:30","date_gmt":"2022-10-31T17:25:30","guid":{"rendered":"https:\/\/www.zoner.fi\/tuki\/?page_id=130468"},"modified":"2025-09-11T17:02:40","modified_gmt":"2025-09-11T14:02:40","slug":"miten-hallitsen-kayttajia-wp-one-hallintapaneelissa","status":"publish","type":"page","link":"https:\/\/www.zoner.fi\/tuki\/wp-one\/miten-hallitsen-kayttajia-wp-one-hallintapaneelissa\/","title":{"rendered":"Miten hallitsen k\u00e4ytt\u00e4ji\u00e4 WP.one-hallintapaneelissa?"},"content":{"rendered":"\n<p><a href=\"https:\/\/www.zoner.fi\/wordpress\/wp-one\/\">WordPress-hosting <\/a>helpottaa k\u00e4ytt\u00e4jien hallintaa. K\u00e4ytt\u00e4jienhallinnan kautta voit helposti antaa yll\u00e4pit\u00e4j\u00e4lle tai muille sit\u00e4 tarvitseville henkil\u00f6ille p\u00e4\u00e4syn sivustoosi WP.onen hallintapaneelin kautta.<\/p>\n\n\n\n<p>P\u00e4\u00e4set hallitsemaan kunkin sivuston k\u00e4ytt\u00e4ji\u00e4 hallintapaneelista klikkaamalla sivustolistauksessa sivuston nime\u00e4 ja valitsemalla v\u00e4lilehden <strong>K\u00e4ytt\u00e4j\u00e4t<\/strong>.<\/p>\n\n\n\n<p>K\u00e4ytt\u00f6oikeudet ovat sivustokohtaisia.<\/p>\n\n\n\n<figure class=\"wp-block-image size-large\"><img loading=\"lazy\" decoding=\"async\" width=\"1024\" height=\"540\" src=\"https:\/\/www.zoner.fi\/tuki\/wp-content\/uploads\/2025\/09\/kayttajat-1024x540.png\" alt=\"Kuvakaappaus WP.onen K\u00e4ytt\u00e4j\u00e4t-sivusta\" class=\"wp-image-137309\" srcset=\"https:\/\/www.zoner.fi\/tuki\/wp-content\/uploads\/2025\/09\/kayttajat-1024x540.png 1024w, https:\/\/www.zoner.fi\/tuki\/wp-content\/uploads\/2025\/09\/kayttajat-300x158.png 300w, https:\/\/www.zoner.fi\/tuki\/wp-content\/uploads\/2025\/09\/kayttajat-768x405.png 768w, https:\/\/www.zoner.fi\/tuki\/wp-content\/uploads\/2025\/09\/kayttajat-1536x810.png 1536w, https:\/\/www.zoner.fi\/tuki\/wp-content\/uploads\/2025\/09\/kayttajat.png 1950w\" sizes=\"auto, (max-width: 1024px) 100vw, 1024px\" \/><\/figure>\n\n\n\n<h2 class=\"wp-block-heading\">Mit\u00e4 oikeuksia eri rooleilla on?<\/h2>\n\n\n\n<p><strong>Owner<\/strong> on sivuston omistaja. Omistajalla on t\u00e4ydet oikeudet kaikkiin sivuston toimintoihin hallintapaneelissa. Jokaisella sivustolla on vain yksi omistaja.<\/p>\n\n\n\n<p><strong>Admin<\/strong> on p\u00e4\u00e4k\u00e4ytt\u00e4j\u00e4, jolla on samat oikeudet kuin ownerilla. Admin voi my\u00f6s lis\u00e4t\u00e4 tai poistaa muita admin- tai developer-tason k\u00e4ytt\u00e4ji\u00e4.<\/p>\n\n\n\n<p><strong>Developer<\/strong> on sivuston kehitt\u00e4j\u00e4, jolla on samat oikeudet kuin adminilla, poislukien verkkotunnuksen ohjausten hallinta DNS-osiossa ja k\u00e4ytt\u00e4jien hallinta.<\/p>\n\n\n\n<h2 class=\"wp-block-heading\">Miksi sivuston omistaja on tuki@zoner.fi?<\/h2>\n\n\n\n<p>Jos sivuston omistajaksi on listattu tuki@zoner.fi, kyseess\u00e4 on vanha WP.one-paketti, jolle kaikki hallintapaneelin toiminnot eiv\u00e4t ole saatavilla. Jos haluat p\u00e4ivitt\u00e4\u00e4 paketin uuteen, olethan yhteydess\u00e4 tukeemme.<\/p>\n\n\n\n<h2 class=\"wp-block-heading\">Voinko poistaa itseni sivuston k\u00e4ytt\u00e4jist\u00e4?<\/h2>\n\n\n\n<p>Kyll\u00e4. Jos et halua en\u00e4\u00e4 pit\u00e4\u00e4 tietty\u00e4 toisen omistamaa sivustoa n\u00e4kyviss\u00e4 omassa hallintapaneelissasi, voit poistaa oman tilisi sen k\u00e4ytt\u00e4jist\u00e4.<\/p>\n","protected":false},"excerpt":{"rendered":"<p>WordPress-hosting helpottaa k\u00e4ytt\u00e4jien hallintaa. K\u00e4ytt\u00e4jienhallinnan kautta voit helposti antaa yll\u00e4pit\u00e4j\u00e4lle tai muille sit\u00e4 tarvitseville henkil\u00f6ille p\u00e4\u00e4syn sivustoosi WP.onen hallintapaneelin kautta. P\u00e4\u00e4set hallitsemaan kunkin sivuston k\u00e4ytt\u00e4ji\u00e4 hallintapaneelista klikkaamalla sivustolistauksessa sivuston nime\u00e4 ja valitsemalla v\u00e4lilehden K\u00e4ytt\u00e4j\u00e4t. K\u00e4ytt\u00f6oikeudet ovat sivustokohtaisia. Mit\u00e4 oikeuksia eri rooleilla on? Owner on sivuston omistaja. Omistajalla on t\u00e4ydet oikeudet kaikkiin sivuston toimintoihin hallintapaneelissa. Jokaisella &#8230; <a title=\"Miten hallitsen k\u00e4ytt\u00e4ji\u00e4 WP.one-hallintapaneelissa?\" class=\"read-more\" href=\"https:\/\/www.zoner.fi\/tuki\/wp-one\/miten-hallitsen-kayttajia-wp-one-hallintapaneelissa\/\" aria-label=\"Lue lis\u00e4\u00e4 aiheesta Miten hallitsen k\u00e4ytt\u00e4ji\u00e4 WP.one-hallintapaneelissa?\">Lue lis\u00e4\u00e4<\/a><\/p>\n","protected":false},"author":15,"featured_media":0,"parent":434,"menu_order":0,"comment_status":"closed","ping_status":"closed","template":"","meta":{"_relevanssi_hide_post":"","_relevanssi_hide_content":"","_relevanssi_pin_for_all":"","_relevanssi_pin_keywords":"","_relevanssi_unpin_keywords":"","_relevanssi_related_keywords":"","_relevanssi_related_include_ids":"","_relevanssi_related_exclude_ids":"","_relevanssi_related_no_append":"","_relevanssi_related_not_related":"","_relevanssi_related_posts":"130269,1076,130455,130397,1066,130424","_relevanssi_noindex_reason":"","footnotes":""},"categories":[48],"tags":[104],"wf_page_folders":[],"class_list":{"0":"post-130468","1":"page","2":"type-page","3":"status-publish","5":"category-wp-one","6":"tag-hallintapaneeli"},"_links":{"self":[{"href":"https:\/\/www.zoner.fi\/tuki\/wp-json\/wp\/v2\/pages\/130468","targetHints":{"allow":["GET"]}}],"collection":[{"href":"https:\/\/www.zoner.fi\/tuki\/wp-json\/wp\/v2\/pages"}],"about":[{"href":"https:\/\/www.zoner.fi\/tuki\/wp-json\/wp\/v2\/types\/page"}],"author":[{"embeddable":true,"href":"https:\/\/www.zoner.fi\/tuki\/wp-json\/wp\/v2\/users\/15"}],"replies":[{"embeddable":true,"href":"https:\/\/www.zoner.fi\/tuki\/wp-json\/wp\/v2\/comments?post=130468"}],"version-history":[{"count":5,"href":"https:\/\/www.zoner.fi\/tuki\/wp-json\/wp\/v2\/pages\/130468\/revisions"}],"predecessor-version":[{"id":137310,"href":"https:\/\/www.zoner.fi\/tuki\/wp-json\/wp\/v2\/pages\/130468\/revisions\/137310"}],"up":[{"embeddable":true,"href":"https:\/\/www.zoner.fi\/tuki\/wp-json\/wp\/v2\/pages\/434"}],"wp:attachment":[{"href":"https:\/\/www.zoner.fi\/tuki\/wp-json\/wp\/v2\/media?parent=130468"}],"wp:term":[{"taxonomy":"category","embeddable":true,"href":"https:\/\/www.zoner.fi\/tuki\/wp-json\/wp\/v2\/categories?post=130468"},{"taxonomy":"post_tag","embeddable":true,"href":"https:\/\/www.zoner.fi\/tuki\/wp-json\/wp\/v2\/tags?post=130468"},{"taxonomy":"wf_page_folders","embeddable":true,"href":"https:\/\/www.zoner.fi\/tuki\/wp-json\/wp\/v2\/wf_page_folders?post=130468"}],"curies":[{"name":"wp","href":"https:\/\/api.w.org\/{rel}","templated":true}]}}