{"id":130584,"date":"2023-01-04T12:40:05","date_gmt":"2023-01-04T10:40:05","guid":{"rendered":"https:\/\/www.zoner.fi\/tuki\/?page_id=130584"},"modified":"2026-01-21T15:39:02","modified_gmt":"2026-01-21T13:39:02","slug":"miten-valitsen-php-version-wp-onessa","status":"publish","type":"page","link":"https:\/\/www.zoner.fi\/tuki\/wp-one\/miten-valitsen-php-version-wp-onessa\/","title":{"rendered":"Miten valitsen PHP-version WP.onessa"},"content":{"rendered":"\n<p>Zonerin\u00a0WP.one <a href=\"https:\/\/www.zoner.fi\/wordpress\/wp-one\/\">WordPress-hosting<\/a> sis\u00e4lt\u00e4\u00e4 oletusarvoisesti useita eri PHP-versioita. Joskus on tarve muuttaa PHP-versio toiseen esimerkiksi ep\u00e4sopivan teeman tai lis\u00e4osan vuoksi.<\/p>\n\n\n\n<p>WP.onessa voit my\u00f6s ottaa k\u00e4ytt\u00f6\u00f6n automaattiset ja turvalliset PHP-version p\u00e4ivitykset: t\u00e4ll\u00f6in p\u00e4ivit\u00e4mme sivustosi PHP-version automaattisesti uusimpaan vakaaseen versioon, mik\u00e4li se ei aiheuta ongelmia sivustollasi.<\/p>\n\n\n\n<p>T\u00e4ss\u00e4 ohjeessa k\u00e4ymme l\u00e4pi, kuinka PHP-version valitseminen onnistuu WP.one-hallintapaneelissa.<\/p>\n\n\n\n<p><strong>Lue lis\u00e4\u00e4 PHP:st\u00e4<\/strong>: <a href=\"https:\/\/www.zoner.fi\/webhotellit\/php\/\">PHP \u2013 Kattava info sivuston omistajalle<\/a><\/p>\n\n\n\n<ul class=\"wp-block-list\">\n<li><a href=\"#automaattiset-php-paivitykset\">Automaattiset PHP-p\u00e4ivitykset<\/a><\/li>\n\n\n\n<li><a href=\"#php-version-vaihtaminen\">PHP-version vaihtaminen<\/a><\/li>\n\n\n\n<li id=\"php-version-vaihtaminen\"><a href=\"#jos-sivusto-ei-toimi\">Jos sivusto ei toimi uudemmalla PHP-versiolla<\/a><\/li>\n<\/ul>\n\n\n\n<h2 class=\"wp-block-heading\" id=\"automaattiset-php-paivitykset\">Automaattiset PHP-p\u00e4ivitykset<\/h2>\n\n\n\n<p>Voit ottaa automaattiset PHP-p\u00e4ivitykset k\u00e4ytt\u00f6\u00f6n WP.one-hallintapaneelin Asetukset-sivulla.<\/p>\n\n\n\n<ol class=\"wp-block-list\">\n<li>Kirjaudu <a href=\"https:\/\/app.wp.one\/login\" target=\"_blank\" rel=\"noopener\">WP.one-hallintapaneeliin<\/a> ja valitse sivusto, jonka PHP-asetuksia haluat muuttaa.<\/li>\n\n\n\n<li>Klikkaa vasemmassa valikossa <strong>Asetukset<\/strong>.<\/li>\n\n\n\n<li>Klikkaa Asetukset-sivulla <strong>Hallinnoi PHP-versiota<\/strong>.<\/li>\n\n\n\n<li>Klikkaa <strong>Automaattiset PHP-p\u00e4ivitykset<\/strong> -kohdassa tilaksi <strong>Aktiivinen<\/strong>. Klikkaa <strong>Tallenna <\/strong>sivun alareunassa.<\/li>\n<\/ol>\n\n\n\n<h3 class=\"wp-block-heading\">Miten automaattiset PHP-p\u00e4ivitykset toimivat?<\/h3>\n\n\n\n<ul class=\"wp-block-list\">\n<li>P\u00e4ivit\u00e4mme sivustosi uusimpaan vakaaseen PHP-versioon.<\/li>\n\n\n\n<li>Tarkistamme sivustosi ennen p\u00e4ivityst\u00e4 ja sen j\u00e4lkeen yhteensopivuusongelmien varalta.<\/li>\n\n\n\n<li>Jos p\u00e4ivitys aiheuttaa muutoksia sivustollasi, peruutamme sen.<\/li>\n\n\n\n<li>Saat s\u00e4hk\u00f6postilla tiedon kaikista onnistuneista ja yritetyist\u00e4 PHP-p\u00e4ivityksist\u00e4.<\/li>\n<\/ul>\n\n\n\n<h2 class=\"wp-block-heading\">PHP-version vaihtaminen<\/h2>\n\n\n\n<p>Voit vaihtaa PHP-version WP.one-hallintapaneelissa my\u00f6s silloin, kun automaattiset PHP-p\u00e4ivitykset ovat k\u00e4yt\u00f6ss\u00e4.<\/p>\n\n\n\n<ol class=\"wp-block-list\">\n<li>Kirjaudu sis\u00e4\u00e4n <a href=\"https:\/\/app.wp.one\/login\" target=\"_blank\" rel=\"noreferrer noopener nofollow\">WP.one-hallintapaneeliin<\/a>.<\/li>\n\n\n\n<li>Valitse sivusto, jonka PHP-version haluat vaihtaa.<\/li>\n\n\n\n<li>Klikkaa vasemmassa valikossa <strong>Asetukset<\/strong>.<\/li>\n\n\n\n<li>Vierit\u00e4 Asetukset-sivua alemmas ja klikkaa <strong>Hallinnoi PHP-versiota<\/strong>.<\/li>\n\n\n\n<li>Valitse PHP-versio avattavasta valikosta ja klikkaa <strong>Tallenna<\/strong>. Uusi PHP-versio tulee voimaan sivustolle muutamassa minuutissa.<\/li>\n<\/ol>\n\n\n\n<figure class=\"wp-block-image size-large\"><img loading=\"lazy\" decoding=\"async\" width=\"1024\" height=\"664\" src=\"https:\/\/www.zoner.fi\/tuki\/wp-content\/uploads\/2026\/01\/php-versio-vaihto-1024x664.png\" alt=\"\" class=\"wp-image-138471\" srcset=\"https:\/\/www.zoner.fi\/tuki\/wp-content\/uploads\/2026\/01\/php-versio-vaihto-1024x664.png 1024w, https:\/\/www.zoner.fi\/tuki\/wp-content\/uploads\/2026\/01\/php-versio-vaihto-300x195.png 300w, https:\/\/www.zoner.fi\/tuki\/wp-content\/uploads\/2026\/01\/php-versio-vaihto-768x498.png 768w, https:\/\/www.zoner.fi\/tuki\/wp-content\/uploads\/2026\/01\/php-versio-vaihto-1536x996.png 1536w, https:\/\/www.zoner.fi\/tuki\/wp-content\/uploads\/2026\/01\/php-versio-vaihto.png 1768w\" sizes=\"auto, (max-width: 1024px) 100vw, 1024px\" \/><\/figure>\n\n\n\n<h2 class=\"wp-block-heading\" id=\"jos-sivusto-ei-toimi\">Jos sivusto ei toimi uudemmalla PHP-versiolla<\/h2>\n\n\n\n<p>Seuraa ensin yll\u00e4 olevia ohjeita vaihtaaksesi PHP-versio takaisin aiempaan, jolloin sivusto palaa toimintaan.<\/p>\n\n\n\n<p><strong>Huom!<\/strong>&nbsp;Vanhaan PHP-versioon vaihtaminen on vain tilap\u00e4inen ratkaisu, sill\u00e4 vanheneva versio poistuu aikanaan kokonaan k\u00e4yt\u00f6st\u00e4, mink\u00e4 j\u00e4lkeen sit\u00e4 ei ole en\u00e4\u00e4 mahdollista valita.<\/p>\n\n\n\n<h3 class=\"wp-block-heading\">Miten sivuston saa toimimaan uudella PHP-versiolla?<\/h3>\n\n\n\n<p>Lyhyt vastaus on \u201dp\u00e4ivitt\u00e4m\u00e4ll\u00e4 sivusto\u201d. Kun sivuston ohjelmisto ja lis\u00e4osat ovat ajan tasalla, niiden pit\u00e4isi toimia ajantaisaisella PHP-versiolla.<\/p>\n\n\n\n<p>WP.one palveluun sis\u00e4ltyy automaattiset p\u00e4ivitykset sivustolla oleviin lis\u00e4osiin sek\u00e4 teemoihin, jolloin p\u00e4ivitykset ovat p\u00e4\u00e4s\u00e4\u00e4nt\u00f6isesti ajan tasalla. Mik\u00e4li sivustolla on k\u00e4yt\u00f6ss\u00e4 Premium teemoja tai lis\u00e4osia on mahdollista, ett\u00e4 n\u00e4iden kohdalla p\u00e4ivitykset eiv\u00e4t onnistu automaattisesti, mik\u00e4li n\u00e4iden lisenssi ei ole voimassa. My\u00f6s mahdolliset itse luodut teemat tai lis\u00e4osat eiv\u00e4t p\u00e4ivity automaattisesti, jolloin ne eiv\u00e4t v\u00e4ltt\u00e4m\u00e4tt\u00e4 toimi oikein uudella PHP versiolla.<\/p>\n","protected":false},"excerpt":{"rendered":"<p>Zonerin\u00a0WP.one WordPress-hosting sis\u00e4lt\u00e4\u00e4 oletusarvoisesti useita eri PHP-versioita. Joskus on tarve muuttaa PHP-versio toiseen esimerkiksi ep\u00e4sopivan teeman tai lis\u00e4osan vuoksi. WP.onessa voit my\u00f6s ottaa k\u00e4ytt\u00f6\u00f6n automaattiset ja turvalliset PHP-version p\u00e4ivitykset: t\u00e4ll\u00f6in p\u00e4ivit\u00e4mme sivustosi PHP-version automaattisesti uusimpaan vakaaseen versioon, mik\u00e4li se ei aiheuta ongelmia sivustollasi. T\u00e4ss\u00e4 ohjeessa k\u00e4ymme l\u00e4pi, kuinka PHP-version valitseminen onnistuu WP.one-hallintapaneelissa. Lue lis\u00e4\u00e4 PHP:st\u00e4: &#8230; <a title=\"Miten valitsen PHP-version WP.onessa\" class=\"read-more\" href=\"https:\/\/www.zoner.fi\/tuki\/wp-one\/miten-valitsen-php-version-wp-onessa\/\" aria-label=\"Lue lis\u00e4\u00e4 aiheesta Miten valitsen PHP-version WP.onessa\">Lue lis\u00e4\u00e4<\/a><\/p>\n","protected":false},"author":16,"featured_media":0,"parent":434,"menu_order":0,"comment_status":"closed","ping_status":"closed","template":"","meta":{"_relevanssi_hide_post":"","_relevanssi_hide_content":"","_relevanssi_pin_for_all":"","_relevanssi_pin_keywords":"","_relevanssi_unpin_keywords":"","_relevanssi_related_keywords":"","_relevanssi_related_include_ids":"","_relevanssi_related_exclude_ids":"","_relevanssi_related_no_append":"","_relevanssi_related_not_related":"","_relevanssi_related_posts":"130578,130412,130553,1076,130526,1066","_relevanssi_noindex_reason":"","footnotes":""},"categories":[48],"tags":[104],"wf_page_folders":[],"class_list":{"0":"post-130584","1":"page","2":"type-page","3":"status-publish","5":"category-wp-one","6":"tag-hallintapaneeli"},"_links":{"self":[{"href":"https:\/\/www.zoner.fi\/tuki\/wp-json\/wp\/v2\/pages\/130584","targetHints":{"allow":["GET"]}}],"collection":[{"href":"https:\/\/www.zoner.fi\/tuki\/wp-json\/wp\/v2\/pages"}],"about":[{"href":"https:\/\/www.zoner.fi\/tuki\/wp-json\/wp\/v2\/types\/page"}],"author":[{"embeddable":true,"href":"https:\/\/www.zoner.fi\/tuki\/wp-json\/wp\/v2\/users\/16"}],"replies":[{"embeddable":true,"href":"https:\/\/www.zoner.fi\/tuki\/wp-json\/wp\/v2\/comments?post=130584"}],"version-history":[{"count":12,"href":"https:\/\/www.zoner.fi\/tuki\/wp-json\/wp\/v2\/pages\/130584\/revisions"}],"predecessor-version":[{"id":138475,"href":"https:\/\/www.zoner.fi\/tuki\/wp-json\/wp\/v2\/pages\/130584\/revisions\/138475"}],"up":[{"embeddable":true,"href":"https:\/\/www.zoner.fi\/tuki\/wp-json\/wp\/v2\/pages\/434"}],"wp:attachment":[{"href":"https:\/\/www.zoner.fi\/tuki\/wp-json\/wp\/v2\/media?parent=130584"}],"wp:term":[{"taxonomy":"category","embeddable":true,"href":"https:\/\/www.zoner.fi\/tuki\/wp-json\/wp\/v2\/categories?post=130584"},{"taxonomy":"post_tag","embeddable":true,"href":"https:\/\/www.zoner.fi\/tuki\/wp-json\/wp\/v2\/tags?post=130584"},{"taxonomy":"wf_page_folders","embeddable":true,"href":"https:\/\/www.zoner.fi\/tuki\/wp-json\/wp\/v2\/wf_page_folders?post=130584"}],"curies":[{"name":"wp","href":"https:\/\/api.w.org\/{rel}","templated":true}]}}