{"id":130608,"date":"2023-01-16T15:48:34","date_gmt":"2023-01-16T13:48:34","guid":{"rendered":"https:\/\/www.zoner.fi\/tuki\/?page_id=130608"},"modified":"2026-02-19T10:08:04","modified_gmt":"2026-02-19T08:08:04","slug":"miten-vaihdan-webhotellin-salasanan","status":"publish","type":"page","link":"https:\/\/www.zoner.fi\/tuki\/webhotellit\/miten-vaihdan-webhotellin-salasanan\/","title":{"rendered":"Miten vaihdan webhotellin salasanan?"},"content":{"rendered":"\n<p>Suosittelemme vaihtamaan webhotellin salasanan alkuper\u00e4isest\u00e4 automaattisesti generoidusta, jotta <a href=\"https:\/\/www.zoner.fi\/webhotellit\/\">webhotelli <\/a>on mahdollisimman turvallinen. <a href=\"https:\/\/www.zoner.fi\/tietoturva\/vahvat-salasanat\/\">Salasana <\/a>kannattaa aina vaihtaa my\u00f6s, jos webhotellin yll\u00e4pit\u00e4j\u00e4 vaihtuu.<\/p>\n\n\n\n<ol class=\"wp-block-list\">\n<li>Kirjaudu webhotellin DirectAdmin-hallintapaneeliin nykyisill\u00e4 tunnuksilla. <a href=\"https:\/\/www.zoner.fi\/tuki\/webhotellit\/miten-kaytan-directadmin-hallintapaneelia\/#1\">Ohje<\/a>.<\/li>\n\n\n\n<li>Avaa oikeassa yl\u00e4kulmassa oleva pudotusvalikko ja klikkaa <strong>Salasana<\/strong>.<br><\/li>\n<\/ol>\n\n\n\n<figure class=\"wp-block-image size-full\"><img loading=\"lazy\" decoding=\"async\" width=\"201\" height=\"228\" src=\"https:\/\/www.zoner.fi\/tuki\/wp-content\/uploads\/2023\/01\/1-1.jpg\" alt=\"\" class=\"wp-image-130610\"\/><\/figure>\n\n\n\n<p>3. Sy\u00f6t\u00e4 lomakkeeseen nykyinen salasana ja uusi salasana.<br>4. Klikkaa <strong>L\u00e4het\u00e4<\/strong><em>.<\/em><\/p>\n\n\n\n<figure class=\"wp-block-image size-full\"><img loading=\"lazy\" decoding=\"async\" width=\"759\" height=\"328\" src=\"https:\/\/www.zoner.fi\/tuki\/wp-content\/uploads\/2023\/01\/2.jpg\" alt=\"\" class=\"wp-image-130611\" srcset=\"https:\/\/www.zoner.fi\/tuki\/wp-content\/uploads\/2023\/01\/2.jpg 759w, https:\/\/www.zoner.fi\/tuki\/wp-content\/uploads\/2023\/01\/2-300x130.jpg 300w\" sizes=\"auto, (max-width: 759px) 100vw, 759px\" \/><\/figure>\n\n\n\n<p>Voit vaihtaa salasanan erikseen my\u00f6s FTP-yhteyteen ja tietokantojen hallintaan.<\/p>\n","protected":false},"excerpt":{"rendered":"<p>Suosittelemme vaihtamaan webhotellin salasanan alkuper\u00e4isest\u00e4 automaattisesti generoidusta, jotta webhotelli on mahdollisimman turvallinen. Salasana kannattaa aina vaihtaa my\u00f6s, jos webhotellin yll\u00e4pit\u00e4j\u00e4 vaihtuu. 3. Sy\u00f6t\u00e4 lomakkeeseen nykyinen salasana ja uusi salasana.4. Klikkaa L\u00e4het\u00e4. Voit vaihtaa salasanan erikseen my\u00f6s FTP-yhteyteen ja tietokantojen hallintaan.<\/p>\n","protected":false},"author":15,"featured_media":0,"parent":129010,"menu_order":0,"comment_status":"closed","ping_status":"closed","template":"","meta":{"_relevanssi_hide_post":"","_relevanssi_hide_content":"","_relevanssi_pin_for_all":"","_relevanssi_pin_keywords":"","_relevanssi_unpin_keywords":"","_relevanssi_related_keywords":"","_relevanssi_related_include_ids":"","_relevanssi_related_exclude_ids":"","_relevanssi_related_no_append":"","_relevanssi_related_not_related":"","_relevanssi_related_posts":"130269,130553,130515,130440,130455,130424","_relevanssi_noindex_reason":"","footnotes":""},"categories":[192],"tags":[158],"wf_page_folders":[],"class_list":{"0":"post-130608","1":"page","2":"type-page","3":"status-publish","5":"category-directadmin","6":"tag-yleiset"},"_links":{"self":[{"href":"https:\/\/www.zoner.fi\/tuki\/wp-json\/wp\/v2\/pages\/130608","targetHints":{"allow":["GET"]}}],"collection":[{"href":"https:\/\/www.zoner.fi\/tuki\/wp-json\/wp\/v2\/pages"}],"about":[{"href":"https:\/\/www.zoner.fi\/tuki\/wp-json\/wp\/v2\/types\/page"}],"author":[{"embeddable":true,"href":"https:\/\/www.zoner.fi\/tuki\/wp-json\/wp\/v2\/users\/15"}],"replies":[{"embeddable":true,"href":"https:\/\/www.zoner.fi\/tuki\/wp-json\/wp\/v2\/comments?post=130608"}],"version-history":[{"count":7,"href":"https:\/\/www.zoner.fi\/tuki\/wp-json\/wp\/v2\/pages\/130608\/revisions"}],"predecessor-version":[{"id":138594,"href":"https:\/\/www.zoner.fi\/tuki\/wp-json\/wp\/v2\/pages\/130608\/revisions\/138594"}],"up":[{"embeddable":true,"href":"https:\/\/www.zoner.fi\/tuki\/wp-json\/wp\/v2\/pages\/129010"}],"wp:attachment":[{"href":"https:\/\/www.zoner.fi\/tuki\/wp-json\/wp\/v2\/media?parent=130608"}],"wp:term":[{"taxonomy":"category","embeddable":true,"href":"https:\/\/www.zoner.fi\/tuki\/wp-json\/wp\/v2\/categories?post=130608"},{"taxonomy":"post_tag","embeddable":true,"href":"https:\/\/www.zoner.fi\/tuki\/wp-json\/wp\/v2\/tags?post=130608"},{"taxonomy":"wf_page_folders","embeddable":true,"href":"https:\/\/www.zoner.fi\/tuki\/wp-json\/wp\/v2\/wf_page_folders?post=130608"}],"curies":[{"name":"wp","href":"https:\/\/api.w.org\/{rel}","templated":true}]}}