{"id":130886,"date":"2023-07-31T16:40:27","date_gmt":"2023-07-31T13:40:27","guid":{"rendered":"https:\/\/www.zoner.fi\/tuki\/?page_id=130886"},"modified":"2025-08-20T11:43:47","modified_gmt":"2025-08-20T08:43:47","slug":"kaksivaiheinen-tunnistautuminen-webhotellissa","status":"publish","type":"page","link":"https:\/\/www.zoner.fi\/tuki\/webhotellit\/kaksivaiheinen-tunnistautuminen-webhotellissa\/","title":{"rendered":"Kaksivaiheinen tunnistautuminen webhotellissa"},"content":{"rendered":"\n<p>Kaksivaiheisella tunnistautumisella (2FA) voit parantaa <a href=\"https:\/\/www.zoner.fi\/webhotellit\/\">webhotellin<\/a> tietoturvaa. Kun toiminto on k\u00e4yt\u00f6ss\u00e4, kirjautumiseen tarvitaan k\u00e4ytt\u00e4j\u00e4tunnuksen ja salasanan lis\u00e4ksi mobiililaitteesta tarkistettava koodi. N\u00e4in vaikka tunnukset joutuisivat v\u00e4\u00e4riin k\u00e4siin, hallintapaneeliin kirjautuminen on turvassa.<\/p>\n\n\n\n<p>Voit lukea kaksivaiheisesta tunnistautumisesta lis\u00e4\u00e4 blogistamme: <a href=\"https:\/\/www.zoner.fi\/tietoturva\/kaksivaiheinen-tunnistautuminen\/\" target=\"_blank\" rel=\"noreferrer noopener\">Kaksivaiheinen tunnistautuminen parantaa tietoturvaa<\/a>.<\/p>\n\n\n\n<p><strong>Lue my\u00f6s: <a href=\"https:\/\/www.zoner.fi\/tuki\/zoner-home\/miten-otan-kayttoon-kaksivaiheisen-tunnistautumisen-zoner-homessa\/\">Miten otan k\u00e4ytt\u00f6\u00f6n kaksivaiheisen tunnistautumisen Zoner Homessa?<\/a><\/strong><\/p>\n\n\n\n<h2 class=\"wp-block-heading\">K\u00e4ytt\u00f6\u00f6notto<\/h2>\n\n\n\n<ol class=\"wp-block-list\">\n<li>Asenna puhelimeen tai vastaavaan mobiililaitteeseen kaksivaiheisen tunnistautumisen sovellus. L\u00e4hes mik\u00e4 vain hakusanalla &#8221;2FA&#8221; l\u00f6ytyv\u00e4 sovellus toimii.<br>Helppo valinta on Google Authenticator: <a href=\"https:\/\/play.google.com\/store\/apps\/details?id=com.google.android.apps.authenticator2\" target=\"_blank\" rel=\"noopener\">Android<\/a> | <a href=\"https:\/\/apps.apple.com\/fi\/app\/google-authenticator\/id388497605\" target=\"_blank\" rel=\"noopener\">iPhone<\/a><br><br>Jos kaksivaiheinen tunnistautuminen on sinulla jo k\u00e4yt\u00f6ss\u00e4 toisaalla, voit lis\u00e4t\u00e4 webhotellin samaan sovellukseen.<br><\/li>\n\n\n\n<li>Kirjaudu webhotellin hallintapaneeliin k\u00e4ytt\u00e4j\u00e4tunnuksella ja salasanalla. Avaa valikko <em>Edistyneet toiminnot, Kaksivaiheinen todennus<\/em>.<br><img loading=\"lazy\" decoding=\"async\" width=\"458\" height=\"238\" src=\"https:\/\/www.zoner.fi\/tuki\/wp-content\/uploads\/2023\/07\/2fa_1.jpg\" alt=\"Edistyneet toiminnot, Kaksivaiheinen todennus\"><br><\/li>\n\n\n\n<li>Klikkaa painiketta <em>Luo salainen avain.<br><\/em><img loading=\"lazy\" decoding=\"async\" width=\"804\" height=\"201\" src=\"https:\/\/www.zoner.fi\/tuki\/wp-content\/uploads\/2023\/07\/2fa_2.jpg\" alt=\"Luo salainen avain\"><br><\/li>\n\n\n\n<li>Lue QR-koodi 2FA-sovelluksella. Google Authenticator -sovelluksessa t\u00e4m\u00e4 tapahtuu oikean alakulman + -painikkeesta. Sovellukseen tulee n\u00e4kyville kuusinumeroinen koodi.<br><\/li>\n\n\n\n<li>Sulje ikkuna, jossa QR-koodi n\u00e4kyy ja sy\u00f6t\u00e4 puhelimessa n\u00e4kyv\u00e4 koodi ilman v\u00e4lily\u00f6ntej\u00e4 kentt\u00e4\u00e4n <em>Testaa puhelimesi koodi<\/em>. Klikkaa viereist\u00e4 painiketta <em>Testaa koodi<\/em> varmistaaksesi ett\u00e4 koodi toimii. Koodi vaihtuu 30 sekunnin v\u00e4lein.<br>Jos saat virheen, voit palata vaiheeseen 3 ja luoda uuden QR-koodin.<br><\/li>\n\n\n\n<li>Rastita valinta <em>Edellyt\u00e4 oikea kaksivaiheisen tunnistautumisen koodi, jotta k\u00e4ytt\u00e4j\u00e4 voi kirjautua t\u00e4lle tilille.<br><\/em><img loading=\"lazy\" decoding=\"async\" width=\"1024\" height=\"462\" src=\"https:\/\/www.zoner.fi\/tuki\/wp-content\/uploads\/2023\/07\/2fa_3-1024x462.jpg\" alt=\"Testaa koodi ja edellyt\u00e4 koodi kirjautumiseen\"><br><\/li>\n\n\n\n<li>Tallenna muutokset.<br><\/li>\n\n\n\n<li>Ei pakollinen: Voit halutessasi luoda vaihtoehtoiset kertak\u00e4ytt\u00f6koodit v\u00e4lilehdest\u00e4&nbsp;<em>Raaputuskoodit<\/em>. N\u00e4iden koodien avulla p\u00e4\u00e4set kirjautumaan sis\u00e4\u00e4n, vaikka sovelluksen kautta toimiva koodi ei olisi saatavilla. Raaputuskoodit on t\u00e4rke\u00e4\u00e4 tallentaa turvallisesti.<\/li>\n<\/ol>\n\n\n\n<p>Seuraavan kerran kun kirjaudut webhotelliin, koodia kysyt\u00e4\u00e4n tunnusten sy\u00f6tt\u00e4misen j\u00e4lkeen. Rastittamalla ruudun koodia ei kysyt\u00e4 t\u00e4ll\u00e4 laitteella uudelleen 30 p\u00e4iv\u00e4\u00e4n.<\/p>\n\n\n\n<h2 class=\"wp-block-heading\">Jos hallintapaneelia k\u00e4ytt\u00e4\u00e4 useampi henkil\u00f6<\/h2>\n\n\n\n<p>Kaksivaiheisen tunnistautumisen kanssa kirjautuminen edellytt\u00e4\u00e4 fyysisen p\u00e4\u00e4syn puhelimeen, johon koodi on m\u00e4\u00e4ritetty. Sama koodi voidaan kuitenkin m\u00e4\u00e4ritt\u00e4\u00e4 samanaikaisesti useampaan puhelimeen. T\u00e4m\u00e4 onnistuu j\u00e4tt\u00e4m\u00e4ll\u00e4 ohjeen vaihe 6 tekem\u00e4tt\u00e4, eli poistamalla rasti valinnasta&nbsp;<em>Edellyt\u00e4 oikea kaksivaiheisen tunnistautumisen koodi, jotta k\u00e4ytt\u00e4j\u00e4 voi kirjautua t\u00e4lle tilille.<\/em><\/p>\n\n\n\n<p>Muut k\u00e4ytt\u00e4j\u00e4t voivat kirjautua webhotelliin k\u00e4ytt\u00e4j\u00e4tunnuksella ja salasanalla ja lukea nykyisen QR-koodin&nbsp;<em>Salainen<\/em>-rivin oikealla puolella olevasta kysymysmerkist\u00e4. Huomioithan, ett\u00e4 jos&nbsp;<em>Luo salainen avain<\/em> -nappia klikkaa uudelleen, uusi QR-koodi korvaa vanhan, eiv\u00e4tk\u00e4 vanhalla m\u00e4\u00e4ritettyjen sovellusten koodit en\u00e4\u00e4 toimi.<\/p>\n\n\n\n<figure class=\"wp-block-image\"><img loading=\"lazy\" decoding=\"async\" width=\"1024\" height=\"552\" src=\"https:\/\/www.zoner.fi\/tuki\/wp-content\/uploads\/2023\/07\/2fa_4-1024x552.jpg\" alt=\"Saman koodin voi lis\u00e4t\u00e4 useampaan sovellukseen\" class=\"wp-image-130880\" srcset=\"https:\/\/www.zoner.fi\/tuki\/wp-content\/uploads\/2023\/07\/2fa_4-1024x552.jpg 1024w, https:\/\/www.zoner.fi\/tuki\/wp-content\/uploads\/2023\/07\/2fa_4-300x162.jpg 300w, https:\/\/www.zoner.fi\/tuki\/wp-content\/uploads\/2023\/07\/2fa_4-768x414.jpg 768w, https:\/\/www.zoner.fi\/tuki\/wp-content\/uploads\/2023\/07\/2fa_4.jpg 1335w\" sizes=\"auto, (max-width: 1024px) 100vw, 1024px\" \/><\/figure>\n\n\n\n<p>Kun kaksivaiheinen tunnistautuminen on m\u00e4\u00e4ritettyn\u00e4 kaikkiin tarvittaviin laitteisiin, voit valita kohdan <em>Edellyt\u00e4 oikea kaksivaiheisen tunnistautumisen koodi, jotta k\u00e4ytt\u00e4j\u00e4 voi kirjautua t\u00e4lle tilille.<\/em><\/p>\n\n\n\n<h2 class=\"wp-block-heading\">Koodi kateissa?<\/h2>\n\n\n\n<p>Kun kaksivaiheinen tunnistautuminen on k\u00e4yt\u00f6ss\u00e4, webhotelliin ei p\u00e4\u00e4se kirjautumaan ilman kertak\u00e4ytt\u00f6koodia. Jos koodi ei syyst\u00e4 tai toisesta ole en\u00e4\u00e4 saatavilla, vaihtoehtoja on kaksi:<\/p>\n\n\n\n<ul class=\"wp-block-list\">\n<li>Raaputuskoodit: jos otit k\u00e4ytt\u00f6\u00f6noton vaiheessa 8 talteen raaputuskoodit, voit k\u00e4ytt\u00e4\u00e4 yht\u00e4 niist\u00e4 kertak\u00e4ytt\u00f6koodin tilalla. Kun p\u00e4\u00e4set takaisin webhotellin hallintapaneeliin, voit joko m\u00e4\u00e4ritt\u00e4\u00e4 kaksivaiheisen tunnistautumisen uuteen laitteeseen tai ottaa sen pois k\u00e4yt\u00f6st\u00e4.<\/li>\n\n\n\n<li>Asiakaspalvelu: jos raaputuskoodejakaan ei ole tallessa, kaksivaiheinen tunnistautuminen voidaan poistaa k\u00e4yt\u00f6st\u00e4 tukemme toimesta. T\u00e4m\u00e4 edellytt\u00e4\u00e4 aina pyynn\u00f6n s\u00e4hk\u00f6postitse tuki@zoner.fi s\u00e4hk\u00f6postiosoitteesta, joka on tallennettu kyseisen asiakkuuden yhteyteen.<\/li>\n<\/ul>\n","protected":false},"excerpt":{"rendered":"<p>Kaksivaiheisella tunnistautumisella (2FA) voit parantaa webhotellin tietoturvaa. Kun toiminto on k\u00e4yt\u00f6ss\u00e4, kirjautumiseen tarvitaan k\u00e4ytt\u00e4j\u00e4tunnuksen ja salasanan lis\u00e4ksi mobiililaitteesta tarkistettava koodi. N\u00e4in vaikka tunnukset joutuisivat v\u00e4\u00e4riin k\u00e4siin, hallintapaneeliin kirjautuminen on turvassa. Voit lukea kaksivaiheisesta tunnistautumisesta lis\u00e4\u00e4 blogistamme: Kaksivaiheinen tunnistautuminen parantaa tietoturvaa. Lue my\u00f6s: Miten otan k\u00e4ytt\u00f6\u00f6n kaksivaiheisen tunnistautumisen Zoner Homessa? K\u00e4ytt\u00f6\u00f6notto Seuraavan kerran kun kirjaudut webhotelliin, &#8230; <a title=\"Kaksivaiheinen tunnistautuminen webhotellissa\" class=\"read-more\" href=\"https:\/\/www.zoner.fi\/tuki\/webhotellit\/kaksivaiheinen-tunnistautuminen-webhotellissa\/\" aria-label=\"Lue lis\u00e4\u00e4 aiheesta Kaksivaiheinen tunnistautuminen webhotellissa\">Lue lis\u00e4\u00e4<\/a><\/p>\n","protected":false},"author":15,"featured_media":0,"parent":129010,"menu_order":0,"comment_status":"closed","ping_status":"closed","template":"","meta":{"_relevanssi_hide_post":"","_relevanssi_hide_content":"","_relevanssi_pin_for_all":"on","_relevanssi_pin_keywords":"","_relevanssi_unpin_keywords":"","_relevanssi_related_keywords":"","_relevanssi_related_include_ids":"","_relevanssi_related_exclude_ids":"","_relevanssi_related_no_append":"","_relevanssi_related_not_related":"","_relevanssi_related_posts":"130412,130813,130455,1076,130865,130684","_relevanssi_noindex_reason":"","footnotes":""},"categories":[192],"tags":[95],"wf_page_folders":[],"class_list":{"0":"post-130886","1":"page","2":"type-page","3":"status-publish","5":"category-directadmin","6":"tag-ohjelmistot"},"_links":{"self":[{"href":"https:\/\/www.zoner.fi\/tuki\/wp-json\/wp\/v2\/pages\/130886","targetHints":{"allow":["GET"]}}],"collection":[{"href":"https:\/\/www.zoner.fi\/tuki\/wp-json\/wp\/v2\/pages"}],"about":[{"href":"https:\/\/www.zoner.fi\/tuki\/wp-json\/wp\/v2\/types\/page"}],"author":[{"embeddable":true,"href":"https:\/\/www.zoner.fi\/tuki\/wp-json\/wp\/v2\/users\/15"}],"replies":[{"embeddable":true,"href":"https:\/\/www.zoner.fi\/tuki\/wp-json\/wp\/v2\/comments?post=130886"}],"version-history":[{"count":4,"href":"https:\/\/www.zoner.fi\/tuki\/wp-json\/wp\/v2\/pages\/130886\/revisions"}],"predecessor-version":[{"id":135407,"href":"https:\/\/www.zoner.fi\/tuki\/wp-json\/wp\/v2\/pages\/130886\/revisions\/135407"}],"up":[{"embeddable":true,"href":"https:\/\/www.zoner.fi\/tuki\/wp-json\/wp\/v2\/pages\/129010"}],"wp:attachment":[{"href":"https:\/\/www.zoner.fi\/tuki\/wp-json\/wp\/v2\/media?parent=130886"}],"wp:term":[{"taxonomy":"category","embeddable":true,"href":"https:\/\/www.zoner.fi\/tuki\/wp-json\/wp\/v2\/categories?post=130886"},{"taxonomy":"post_tag","embeddable":true,"href":"https:\/\/www.zoner.fi\/tuki\/wp-json\/wp\/v2\/tags?post=130886"},{"taxonomy":"wf_page_folders","embeddable":true,"href":"https:\/\/www.zoner.fi\/tuki\/wp-json\/wp\/v2\/wf_page_folders?post=130886"}],"curies":[{"name":"wp","href":"https:\/\/api.w.org\/{rel}","templated":true}]}}