{"id":130923,"date":"2023-08-21T11:52:26","date_gmt":"2023-08-21T08:52:26","guid":{"rendered":"https:\/\/www.zoner.fi\/tuki\/?page_id=130923"},"modified":"2025-09-25T16:50:49","modified_gmt":"2025-09-25T13:50:49","slug":"miten-paivitan-sivut-kayttamaan-zoner-kotisivukoneen-uudempaa-versiota","status":"publish","type":"page","link":"https:\/\/www.zoner.fi\/tuki\/kotisivukone\/legacy\/miten-paivitan-sivut-kayttamaan-zoner-kotisivukoneen-uudempaa-versiota\/","title":{"rendered":"Miten p\u00e4ivit\u00e4n sivut k\u00e4ytt\u00e4m\u00e4\u00e4n Zoner kotisivukoneen uudempaa versiota?"},"content":{"rendered":"\n<p>Zonerin kotisivukoneen uusin versio on automaattisesti k\u00e4yt\u00f6ss\u00e4 uusilla sivustoilla. Vanhalla kotisivukoneversiolla luodut sivut on mahdollista siirt\u00e4\u00e4 uuteen versioon. K\u00e4ymme t\u00e4ss\u00e4 ohjeessa l\u00e4pi miten version p\u00e4ivitys onnistuu.<\/p>\n\n\n\n<h3 class=\"wp-block-heading\">Miksi p\u00e4ivitt\u00e4\u00e4 kotisivukone uudempaan versioon?<\/h3>\n\n\n\n<p>Isoja eroja versioiden v\u00e4lill\u00e4 ei ole. Kotisivukoneen vanhan version tuki on kuitenkin p\u00e4\u00e4ttynyt, eik\u00e4 siihen tule en\u00e4\u00e4n uusia p\u00e4ivityksi\u00e4. Uudemman version k\u00e4ytt\u00f6liittym\u00e4\u00e4 ja toimintoja on p\u00e4ivitetty vastaamaan paremmin uusien sivustojen tarpeita.<\/p>\n\n\n\n<h3 class=\"wp-block-heading\">Mist\u00e4 tied\u00e4n, kumpi versio kotisivukoneesta minulla on?<\/h3>\n\n\n\n<p>Mik\u00e4li sivut on tehty vanhemmalla versiolla kotisivukoneesta, eik\u00e4 niit\u00e4 ole viel\u00e4 siirretty k\u00e4ytt\u00e4m\u00e4\u00e4n uudempaa versiota, l\u00f6ytyy sivun yl\u00e4osasta oikealle osoittava nuoli jonka alla lukee &#8221;Siirr\u00e4 uuteen versioon&#8221;.<\/p>\n\n\n\n<figure class=\"wp-block-image size-full\"><img loading=\"lazy\" decoding=\"async\" width=\"789\" height=\"136\" src=\"https:\/\/www.zoner.fi\/tuki\/wp-content\/uploads\/2023\/08\/image-11.png\" alt=\"\" class=\"wp-image-130926\" srcset=\"https:\/\/www.zoner.fi\/tuki\/wp-content\/uploads\/2023\/08\/image-11.png 789w, https:\/\/www.zoner.fi\/tuki\/wp-content\/uploads\/2023\/08\/image-11-300x52.png 300w, https:\/\/www.zoner.fi\/tuki\/wp-content\/uploads\/2023\/08\/image-11-768x132.png 768w\" sizes=\"auto, (max-width: 789px) 100vw, 789px\" \/><\/figure>\n\n\n\n<p>Mik\u00e4li kyseist\u00e4 painiketta ei n\u00e4y, on teill\u00e4 jo uudempi versio kotisivukoneesta k\u00e4yt\u00f6ss\u00e4.<\/p>\n\n\n\n<h3 class=\"wp-block-heading\"><br>Onko kotisivujen p\u00e4ivitt\u00e4minen uudempaan versioon turvallista?<\/h3>\n\n\n\n<p>Sivujen siirto uuteen kotisivukoneversioon voi aiheuttaa sivujen muotoilussa ja toiminnassa muutoksia. Sivuja p\u00e4\u00e4see kuitenkin siirron j\u00e4lkeen tarkastelemaan ja palauttamaan tarvittaessa takaisin vanhempaan versioon, jos muutoksiin ei ole tyytyv\u00e4inen.<\/p>\n\n\n\n<h3 class=\"wp-block-heading\">Kotisivukoneen version p\u00e4ivitys<\/h3>\n\n\n\n<p>&#8221;Siirr\u00e4 uuteen versioon&#8221; -painiketta painaessa siirtyy sivusto v\u00e4litt\u00f6m\u00e4sti siirtoprosessiin. Prosessi voi kest\u00e4\u00e4 useamman minuutin.<br><br>Kun prosessi on valmis tulee sivut p\u00e4ivitetyll\u00e4 kotisivukoneella n\u00e4kym\u00e4\u00e4n, t\u00e4ss\u00e4 vaiheessa on hyv\u00e4 tarkistaa sivujen muotoilu ja toiminta.<\/p>\n\n\n\n<p>Muutokset ja korjaukset tulevat voimaan, kun sivut julkaisee.<\/p>\n\n\n\n<h3 class=\"wp-block-heading\">Voiko p\u00e4ivityksen perua?<\/h3>\n\n\n\n<p>Kun p\u00e4ivitys uuteen versioon on valmis, l\u00f6ytyy sivun oikeasta reunasta painike &#8221;Palaa vanhaan rakennusversioon&#8221;, jota painettaessa pyyt\u00e4\u00e4 sivusto viel\u00e4 varmistamaan, ett\u00e4 sivut halutaan palauttaa k\u00e4ytt\u00e4m\u00e4\u00e4n vanhempaa kotisivukoneversiota.<br><\/p>\n\n\n\n<figure class=\"wp-block-image size-large is-resized\"><img loading=\"lazy\" decoding=\"async\" src=\"https:\/\/www.zoner.fi\/tuki\/wp-content\/uploads\/2023\/08\/image-13-1024x590.png\" alt=\"\" class=\"wp-image-130928\" width=\"693\" height=\"399\" srcset=\"https:\/\/www.zoner.fi\/tuki\/wp-content\/uploads\/2023\/08\/image-13-1024x590.png 1024w, https:\/\/www.zoner.fi\/tuki\/wp-content\/uploads\/2023\/08\/image-13-300x173.png 300w, https:\/\/www.zoner.fi\/tuki\/wp-content\/uploads\/2023\/08\/image-13-768x443.png 768w, https:\/\/www.zoner.fi\/tuki\/wp-content\/uploads\/2023\/08\/image-13.png 1150w\" sizes=\"auto, (max-width: 693px) 100vw, 693px\" \/><\/figure>\n\n\n\n<p><br><br><strong>Huom! Kaikki sivustoille kotisivukoneen p\u00e4ivityksen j\u00e4lkeen tehdyt muutokset katoavat version palauttamisen yhteydess\u00e4.<\/strong><\/p>\n","protected":false},"excerpt":{"rendered":"<p>Zonerin kotisivukoneen uusin versio on automaattisesti k\u00e4yt\u00f6ss\u00e4 uusilla sivustoilla. Vanhalla kotisivukoneversiolla luodut sivut on mahdollista siirt\u00e4\u00e4 uuteen versioon. K\u00e4ymme t\u00e4ss\u00e4 ohjeessa l\u00e4pi miten version p\u00e4ivitys onnistuu. Miksi p\u00e4ivitt\u00e4\u00e4 kotisivukone uudempaan versioon? Isoja eroja versioiden v\u00e4lill\u00e4 ei ole. Kotisivukoneen vanhan version tuki on kuitenkin p\u00e4\u00e4ttynyt, eik\u00e4 siihen tule en\u00e4\u00e4n uusia p\u00e4ivityksi\u00e4. Uudemman version k\u00e4ytt\u00f6liittym\u00e4\u00e4 ja toimintoja &#8230; <a title=\"Miten p\u00e4ivit\u00e4n sivut k\u00e4ytt\u00e4m\u00e4\u00e4n Zoner kotisivukoneen uudempaa versiota?\" class=\"read-more\" href=\"https:\/\/www.zoner.fi\/tuki\/kotisivukone\/legacy\/miten-paivitan-sivut-kayttamaan-zoner-kotisivukoneen-uudempaa-versiota\/\" aria-label=\"Lue lis\u00e4\u00e4 aiheesta Miten p\u00e4ivit\u00e4n sivut k\u00e4ytt\u00e4m\u00e4\u00e4n Zoner kotisivukoneen uudempaa versiota?\">Lue lis\u00e4\u00e4<\/a><\/p>\n","protected":false},"author":20,"featured_media":0,"parent":137590,"menu_order":0,"comment_status":"closed","ping_status":"closed","template":"","meta":{"_relevanssi_hide_post":"","_relevanssi_hide_content":"","_relevanssi_pin_for_all":"","_relevanssi_pin_keywords":"","_relevanssi_unpin_keywords":"","_relevanssi_related_keywords":"","_relevanssi_related_include_ids":"","_relevanssi_related_exclude_ids":"","_relevanssi_related_no_append":"","_relevanssi_related_not_related":"","_relevanssi_related_posts":"130722,130813,130667,130498,130440,130273","_relevanssi_noindex_reason":"","footnotes":""},"categories":[69],"tags":[87],"wf_page_folders":[],"class_list":{"0":"post-130923","1":"page","2":"type-page","3":"status-publish","5":"category-legacy-kotisivukone","6":"tag-kotisivukone"},"_links":{"self":[{"href":"https:\/\/www.zoner.fi\/tuki\/wp-json\/wp\/v2\/pages\/130923","targetHints":{"allow":["GET"]}}],"collection":[{"href":"https:\/\/www.zoner.fi\/tuki\/wp-json\/wp\/v2\/pages"}],"about":[{"href":"https:\/\/www.zoner.fi\/tuki\/wp-json\/wp\/v2\/types\/page"}],"author":[{"embeddable":true,"href":"https:\/\/www.zoner.fi\/tuki\/wp-json\/wp\/v2\/users\/20"}],"replies":[{"embeddable":true,"href":"https:\/\/www.zoner.fi\/tuki\/wp-json\/wp\/v2\/comments?post=130923"}],"version-history":[{"count":5,"href":"https:\/\/www.zoner.fi\/tuki\/wp-json\/wp\/v2\/pages\/130923\/revisions"}],"predecessor-version":[{"id":137722,"href":"https:\/\/www.zoner.fi\/tuki\/wp-json\/wp\/v2\/pages\/130923\/revisions\/137722"}],"up":[{"embeddable":true,"href":"https:\/\/www.zoner.fi\/tuki\/wp-json\/wp\/v2\/pages\/137590"}],"wp:attachment":[{"href":"https:\/\/www.zoner.fi\/tuki\/wp-json\/wp\/v2\/media?parent=130923"}],"wp:term":[{"taxonomy":"category","embeddable":true,"href":"https:\/\/www.zoner.fi\/tuki\/wp-json\/wp\/v2\/categories?post=130923"},{"taxonomy":"post_tag","embeddable":true,"href":"https:\/\/www.zoner.fi\/tuki\/wp-json\/wp\/v2\/tags?post=130923"},{"taxonomy":"wf_page_folders","embeddable":true,"href":"https:\/\/www.zoner.fi\/tuki\/wp-json\/wp\/v2\/wf_page_folders?post=130923"}],"curies":[{"name":"wp","href":"https:\/\/api.w.org\/{rel}","templated":true}]}}