{"id":131634,"date":"2024-04-18T13:02:18","date_gmt":"2024-04-18T10:02:18","guid":{"rendered":"https:\/\/www.zoner.fi\/tuki\/?page_id=131634"},"modified":"2024-04-18T15:49:28","modified_gmt":"2024-04-18T12:49:28","slug":"kuvakoon-pienentaminen-imagify-lisaosalla","status":"publish","type":"page","link":"https:\/\/www.zoner.fi\/tuki\/wordpress\/kuvakoon-pienentaminen-imagify-lisaosalla\/","title":{"rendered":"Kuvakoon pienent\u00e4minen Imagify-lis\u00e4osalla WordPressiss\u00e4\u00a0"},"content":{"rendered":"\n<p><\/p>\n\n\n\n<p>Imagify on tehokas ja helppok\u00e4ytt\u00f6inen ty\u00f6kalu <a href=\"https:\/\/www.zoner.fi\/wordpress\/wordpress-kotisivut\/\">WordPress-sivuston<\/a> kuvien koon optimointiin. <a href=\"https:\/\/www.zoner.fi\/kotisivut\/kuvan-pienentaminen\/\">Kuvakoon pienent\u00e4minen<\/a> Imagifylla nopeuttaa sivustoasi s\u00e4ilytt\u00e4en samalla kuvien hyv\u00e4n laadun. T\u00e4ss\u00e4 oppaassa kerromme, miten kuvien pienent\u00e4minen Imagify-lis\u00e4osalla onnistuu.<\/p>\n\n\n\n<div class=\"wp-block-group is-vertical is-layout-flex wp-container-core-group-is-layout-8cf370e7 wp-block-group-is-layout-flex\">\n<h2 class=\"wp-block-heading has-accent-color has-text-color has-link-color wp-elements-04e299b9ad8e5daf138c59abf9f02536\">Asenna Imagify&nbsp;<\/h2>\n\n\n\n<p><\/p>\n\n\n\n<h3 class=\"gb-headline gb-headline-aad86d07 gb-headline-text\">1. Kirjaudu sis\u00e4\u00e4n WordPress-hallintapaneeliisi&nbsp;<\/h3>\n<\/div>\n\n\n\n<ul class=\"wp-block-list\">\n<li>Kirjaudu sis\u00e4\u00e4n WordPress-hallintapaneeliisi yll\u00e4pit\u00e4j\u00e4n tunnuksillasi. P\u00e4\u00e4set sinne helposti WP.onen kautta klikkaamalla <strong>WP Admin<\/strong> -painiketta:&nbsp;<\/li>\n<\/ul>\n\n\n\n<figure class=\"wp-block-image size-large\"><img loading=\"lazy\" decoding=\"async\" width=\"1024\" height=\"476\" src=\"https:\/\/www.zoner.fi\/tuki\/wp-content\/uploads\/2024\/04\/image001-1024x476.png\" alt=\"\" class=\"wp-image-131672\" srcset=\"https:\/\/www.zoner.fi\/tuki\/wp-content\/uploads\/2024\/04\/image001-1024x476.png 1024w, https:\/\/www.zoner.fi\/tuki\/wp-content\/uploads\/2024\/04\/image001-300x139.png 300w, https:\/\/www.zoner.fi\/tuki\/wp-content\/uploads\/2024\/04\/image001-768x357.png 768w, https:\/\/www.zoner.fi\/tuki\/wp-content\/uploads\/2024\/04\/image001.png 1100w\" sizes=\"auto, (max-width: 1024px) 100vw, 1024px\" \/><\/figure>\n\n\n\n<ul class=\"wp-block-list\">\n<li>Voit kirjautua sis\u00e4\u00e4n my\u00f6s seuraavan osoitteen kautta, jos korvaat siihen oman verkkotunnuksesi ja sen verkkotunnusp\u00e4\u00e4tteen: <strong>verkkotunnus.com\/wp-admin<\/strong>&nbsp;<\/li>\n<\/ul>\n\n\n\n<div class=\"wp-block-group is-vertical is-layout-flex wp-container-core-group-is-layout-8cf370e7 wp-block-group-is-layout-flex\">\n<h3 class=\"gb-headline gb-headline-e938d1a8 gb-headline-text\">2. Mene Lis\u00e4osat-sivulle&nbsp;<\/h3>\n\n\n\n<ul class=\"wp-block-list\">\n<li>Mene WordPress-hallintapaneelissasi sivulle <strong>Lis\u00e4osat <\/strong>(Plugins).<\/li>\n<\/ul>\n<\/div>\n\n\n\n<figure class=\"wp-block-image size-full\"><img loading=\"lazy\" decoding=\"async\" width=\"602\" height=\"508\" src=\"https:\/\/www.zoner.fi\/tuki\/wp-content\/uploads\/2024\/04\/image003.png\" alt=\"\" class=\"wp-image-131673\" srcset=\"https:\/\/www.zoner.fi\/tuki\/wp-content\/uploads\/2024\/04\/image003.png 602w, https:\/\/www.zoner.fi\/tuki\/wp-content\/uploads\/2024\/04\/image003-300x253.png 300w\" sizes=\"auto, (max-width: 602px) 100vw, 602px\" \/><\/figure>\n\n\n\n<div class=\"wp-block-group is-vertical is-layout-flex wp-container-core-group-is-layout-8cf370e7 wp-block-group-is-layout-flex\">\n<h3 class=\"gb-headline gb-headline-6181afca gb-headline-text\">3. Lis\u00e4\u00e4 uusi lis\u00e4osa&nbsp;<\/h3>\n\n\n\n<ul class=\"wp-block-list\">\n<li>Klikkaa <strong>Lis\u00e4\u00e4 uusi lis\u00e4osa <\/strong>(Add New Plugin).&nbsp;<\/li>\n<\/ul>\n<\/div>\n\n\n\n<figure class=\"wp-block-image size-full\"><img loading=\"lazy\" decoding=\"async\" width=\"620\" height=\"422\" src=\"https:\/\/www.zoner.fi\/tuki\/wp-content\/uploads\/2024\/04\/image005.png\" alt=\"\" class=\"wp-image-131674\" srcset=\"https:\/\/www.zoner.fi\/tuki\/wp-content\/uploads\/2024\/04\/image005.png 620w, https:\/\/www.zoner.fi\/tuki\/wp-content\/uploads\/2024\/04\/image005-300x204.png 300w\" sizes=\"auto, (max-width: 620px) 100vw, 620px\" \/><\/figure>\n\n\n\n<div class=\"wp-block-group is-vertical is-layout-flex wp-container-core-group-is-layout-8cf370e7 wp-block-group-is-layout-flex\">\n<h3 class=\"gb-headline gb-headline-ba0929f4 gb-headline-text\">4. Hae Imagify&nbsp;<\/h3>\n\n\n\n<ul class=\"wp-block-list\">\n<li>Kirjoita hakukentt\u00e4\u00e4n <strong>Imagify<\/strong>&nbsp;<\/li>\n<\/ul>\n<\/div>\n\n\n\n<figure class=\"wp-block-image size-large\"><img loading=\"lazy\" decoding=\"async\" width=\"1024\" height=\"104\" src=\"https:\/\/www.zoner.fi\/tuki\/wp-content\/uploads\/2024\/04\/image007-1024x104.png\" alt=\"\" class=\"wp-image-131675\" srcset=\"https:\/\/www.zoner.fi\/tuki\/wp-content\/uploads\/2024\/04\/image007-1024x104.png 1024w, https:\/\/www.zoner.fi\/tuki\/wp-content\/uploads\/2024\/04\/image007-300x31.png 300w, https:\/\/www.zoner.fi\/tuki\/wp-content\/uploads\/2024\/04\/image007-768x78.png 768w, https:\/\/www.zoner.fi\/tuki\/wp-content\/uploads\/2024\/04\/image007.png 1099w\" sizes=\"auto, (max-width: 1024px) 100vw, 1024px\" \/><\/figure>\n\n\n\n<div class=\"wp-block-group is-vertical is-layout-flex wp-container-core-group-is-layout-8cf370e7 wp-block-group-is-layout-flex\">\n<h3 class=\"gb-headline gb-headline-5f0b2d4f gb-headline-text\">5. Asenna ja aktivoi&nbsp;<\/h3>\n\n\n\n<ul class=\"wp-block-list\">\n<li>Klikkaa <strong>Asenna nyt (Install Now)<\/strong> Imagify-kohdan vierest\u00e4. Asennuksen valmistuttua aktivoi lis\u00e4osa samaan kohtaan ilmestyv\u00e4st\u00e4 <strong>Ota k\u00e4ytt\u00f6\u00f6n (Activate)<\/strong> -napista.&nbsp;<\/li>\n<\/ul>\n<\/div>\n\n\n\n<figure class=\"wp-block-image size-full\"><img loading=\"lazy\" decoding=\"async\" width=\"746\" height=\"526\" src=\"https:\/\/www.zoner.fi\/tuki\/wp-content\/uploads\/2024\/04\/image009.png\" alt=\"\" class=\"wp-image-131676\" srcset=\"https:\/\/www.zoner.fi\/tuki\/wp-content\/uploads\/2024\/04\/image009.png 746w, https:\/\/www.zoner.fi\/tuki\/wp-content\/uploads\/2024\/04\/image009-300x212.png 300w\" sizes=\"auto, (max-width: 746px) 100vw, 746px\" \/><\/figure>\n\n\n\n<div class=\"wp-block-group is-vertical is-layout-flex wp-container-core-group-is-layout-8cf370e7 wp-block-group-is-layout-flex\">\n<h3 class=\"gb-headline gb-headline-6cd35fe2 gb-headline-text\">6. Luo Imagify-tunnus&nbsp;<\/h3>\n\n\n\n<ul class=\"wp-block-list\">\n<li>Siirry aktivoinnin j\u00e4lkeen vasemmanpuoleisesta valikosta kohtaan <strong>Lis\u00e4osat <\/strong>(Plugins). Sivun yl\u00e4osassa n\u00e4kyy nyt Imagify-palkki.&nbsp;<\/li>\n\n\n\n<li>Luo Imagify-tunnus noudattamalla ohjeita. Klikkaa ensin <strong>Sign up, it\u2019s free<\/strong> -painiketta. Sy\u00f6t\u00e4 s\u00e4hk\u00f6postiosoitteesi saadaksesi API-avaimen. Klikkaa sen j\u00e4lkeen <strong>I have my Api Key <\/strong>-painiketta ja sy\u00f6t\u00e4 koodi, jonka sait s\u00e4hk\u00f6postiisi.&nbsp;<\/li>\n<\/ul>\n<\/div>\n\n\n\n<figure class=\"wp-block-image size-large\"><img loading=\"lazy\" decoding=\"async\" width=\"1024\" height=\"242\" src=\"https:\/\/www.zoner.fi\/tuki\/wp-content\/uploads\/2024\/04\/image011-1024x242.png\" alt=\"\" class=\"wp-image-131677\" srcset=\"https:\/\/www.zoner.fi\/tuki\/wp-content\/uploads\/2024\/04\/image011-1024x242.png 1024w, https:\/\/www.zoner.fi\/tuki\/wp-content\/uploads\/2024\/04\/image011-300x71.png 300w, https:\/\/www.zoner.fi\/tuki\/wp-content\/uploads\/2024\/04\/image011-768x181.png 768w, https:\/\/www.zoner.fi\/tuki\/wp-content\/uploads\/2024\/04\/image011.png 1327w\" sizes=\"auto, (max-width: 1024px) 100vw, 1024px\" \/><\/figure>\n\n\n\n<div class=\"wp-block-group is-vertical is-layout-flex wp-container-core-group-is-layout-8cf370e7 wp-block-group-is-layout-flex\">\n<h2 class=\"gb-headline gb-headline-bf252929 gb-headline-text\">Imagifyn asetusten muuttaminen&nbsp;<\/h2>\n\n\n\n<div class=\"wp-block-group is-vertical is-layout-flex wp-container-core-group-is-layout-8cf370e7 wp-block-group-is-layout-flex\">\n<p><\/p>\n\n\n\n<h3 class=\"gb-headline gb-headline-09df7af7 gb-headline-text\">1. Mene Imagifyn asetuksiin&nbsp;<\/h3>\n\n\n\n<ul class=\"wp-block-list\">\n<li>Mene WordPress-hallintapaneelisi yl\u00e4reunasta kohtaan <strong>Imagify<\/strong>.&nbsp;<\/li>\n<\/ul>\n<\/div>\n<\/div>\n\n\n\n<figure class=\"wp-block-image size-full\"><img loading=\"lazy\" decoding=\"async\" width=\"599\" height=\"335\" src=\"https:\/\/www.zoner.fi\/tuki\/wp-content\/uploads\/2024\/04\/image013.png\" alt=\"\" class=\"wp-image-131678\" srcset=\"https:\/\/www.zoner.fi\/tuki\/wp-content\/uploads\/2024\/04\/image013.png 599w, https:\/\/www.zoner.fi\/tuki\/wp-content\/uploads\/2024\/04\/image013-300x168.png 300w\" sizes=\"auto, (max-width: 599px) 100vw, 599px\" \/><\/figure>\n\n\n\n<div class=\"wp-block-group is-vertical is-layout-flex wp-container-core-group-is-layout-8cf370e7 wp-block-group-is-layout-flex\">\n<p><strong>2. Muokkaa halutessasi asetuksia<\/strong>&nbsp;<\/p>\n\n\n\n<ul class=\"wp-block-list\">\n<li>M\u00e4\u00e4rit\u00e4 haluamasi asetukset. Voit esimerkiksi valita, ett\u00e4 kuvakoon pienent\u00e4minen tehd\u00e4\u00e4n automaattisesti, jos rastitat <strong>Auto-optimise images on upload.<\/strong> Jos taas haluat, ett\u00e4 optimoidut kuvat n\u00e4ytt\u00e4v\u00e4t tismalleen samalta kuin alkuper\u00e4iset, ja kuvien laatu merkitsee sinulle enemm\u00e4n kuin sivuston suorituskyky, rastita <strong>Lossless Compression<\/strong>.&nbsp;<\/li>\n<\/ul>\n<\/div>\n\n\n\n<div class=\"wp-block-group is-vertical is-layout-flex wp-container-core-group-is-layout-8cf370e7 wp-block-group-is-layout-flex\">\n<h2 class=\"gb-headline gb-headline-11b8c6dd gb-headline-text\">Kuvakoon pienent\u00e4minen Imagify-lis\u00e4osalla&nbsp;<\/h2>\n\n\n\n<div class=\"wp-block-group is-vertical is-layout-flex wp-container-core-group-is-layout-8cf370e7 wp-block-group-is-layout-flex\">\n<p><\/p>\n\n\n\n<h3 class=\"gb-headline gb-headline-645e06ff gb-headline-text\">1. Avaa mediakirjastosi&nbsp;<\/h3>\n\n\n\n<ul class=\"wp-block-list\">\n<li>Mene WordPress-hallintapaneelisi vasemmanpuoleisesta valikosta kohtaan <strong>Media<\/strong>.&nbsp;&nbsp;<\/li>\n<\/ul>\n<\/div>\n<\/div>\n\n\n\n<figure class=\"wp-block-image size-large\"><img loading=\"lazy\" decoding=\"async\" width=\"1024\" height=\"294\" src=\"https:\/\/www.zoner.fi\/tuki\/wp-content\/uploads\/2024\/04\/image015-1024x294.png\" alt=\"\" class=\"wp-image-131679\" srcset=\"https:\/\/www.zoner.fi\/tuki\/wp-content\/uploads\/2024\/04\/image015-1024x294.png 1024w, https:\/\/www.zoner.fi\/tuki\/wp-content\/uploads\/2024\/04\/image015-300x86.png 300w, https:\/\/www.zoner.fi\/tuki\/wp-content\/uploads\/2024\/04\/image015-768x220.png 768w, https:\/\/www.zoner.fi\/tuki\/wp-content\/uploads\/2024\/04\/image015.png 1101w\" sizes=\"auto, (max-width: 1024px) 100vw, 1024px\" \/><\/figure>\n\n\n\n<div class=\"wp-block-group is-vertical is-layout-flex wp-container-core-group-is-layout-8cf370e7 wp-block-group-is-layout-flex\">\n<h3 class=\"gb-headline gb-headline-7aa18ae7 gb-headline-text\">2. Valitse optimoitava kuva&nbsp;<\/h3>\n\n\n\n<ul class=\"wp-block-list\">\n<li>Valitse kuva, jonka haluat optimoida, tai lataa uusi kuva.&nbsp;<\/li>\n<\/ul>\n<\/div>\n\n\n\n<figure class=\"wp-block-image size-large\"><img loading=\"lazy\" decoding=\"async\" width=\"1024\" height=\"493\" src=\"https:\/\/www.zoner.fi\/tuki\/wp-content\/uploads\/2024\/04\/image017-1024x493.png\" alt=\"\" class=\"wp-image-131680\" srcset=\"https:\/\/www.zoner.fi\/tuki\/wp-content\/uploads\/2024\/04\/image017-1024x493.png 1024w, https:\/\/www.zoner.fi\/tuki\/wp-content\/uploads\/2024\/04\/image017-300x145.png 300w, https:\/\/www.zoner.fi\/tuki\/wp-content\/uploads\/2024\/04\/image017-768x370.png 768w, https:\/\/www.zoner.fi\/tuki\/wp-content\/uploads\/2024\/04\/image017.png 1102w\" sizes=\"auto, (max-width: 1024px) 100vw, 1024px\" \/><\/figure>\n\n\n\n<div class=\"wp-block-group is-vertical is-layout-flex wp-container-core-group-is-layout-8cf370e7 wp-block-group-is-layout-flex\">\n<h3 class=\"gb-headline gb-headline-219578e7 gb-headline-text\">3. Optimoi kuva&nbsp;<\/h3>\n\n\n\n<ul class=\"wp-block-list\">\n<li>Pienenn\u00e4 kuvan kokoa klikkaamalla kuvan oikealla puolella olevasta ruudusta <strong>Optimize<\/strong>-painiketta.<\/li>\n<\/ul>\n<\/div>\n\n\n\n<figure class=\"wp-block-image size-large\"><img loading=\"lazy\" decoding=\"async\" width=\"1024\" height=\"476\" src=\"https:\/\/www.zoner.fi\/tuki\/wp-content\/uploads\/2024\/04\/image019-1024x476.png\" alt=\"\" class=\"wp-image-131681\" srcset=\"https:\/\/www.zoner.fi\/tuki\/wp-content\/uploads\/2024\/04\/image019-1024x476.png 1024w, https:\/\/www.zoner.fi\/tuki\/wp-content\/uploads\/2024\/04\/image019-300x139.png 300w, https:\/\/www.zoner.fi\/tuki\/wp-content\/uploads\/2024\/04\/image019-768x357.png 768w, https:\/\/www.zoner.fi\/tuki\/wp-content\/uploads\/2024\/04\/image019.png 1100w\" sizes=\"auto, (max-width: 1024px) 100vw, 1024px\" \/><\/figure>\n\n\n\n<div class=\"wp-block-group is-vertical is-layout-flex wp-container-core-group-is-layout-8cf370e7 wp-block-group-is-layout-flex\">\n<h3 class=\"gb-headline gb-headline-aa7d51fb gb-headline-text\">4. Katso tulokset&nbsp;<\/h3>\n\n\n\n<ul class=\"wp-block-list\">\n<li>Imagify k\u00e4sittelee kuvan ja n\u00e4ytt\u00e4\u00e4 tulokset, mukaan lukien uuden tiedostokoon.&nbsp;<\/li>\n<\/ul>\n<\/div>\n\n\n\n<div class=\"wp-block-group is-vertical is-layout-flex wp-container-core-group-is-layout-8cf370e7 wp-block-group-is-layout-flex\">\n<h2 class=\"gb-headline gb-headline-2d84f877 gb-headline-text\">Massa-optimointi&nbsp;<\/h2>\n\n\n\n<p>Kuvan tiedostokoon pienent\u00e4minen voidaan tehd\u00e4 suurelle m\u00e4\u00e4r\u00e4lle kuvia kerralla, kun k\u00e4ytet\u00e4\u00e4n massa-optimointia:&nbsp;<\/p>\n<\/div>\n\n\n\n<div class=\"wp-block-group is-vertical is-layout-flex wp-container-core-group-is-layout-8cf370e7 wp-block-group-is-layout-flex\">\n<h3 class=\"gb-headline gb-headline-d2a3badc gb-headline-text\">1. Siirry Imagify-asetuksiin&nbsp;<\/h3>\n\n\n\n<ul class=\"wp-block-list\">\n<li>Mene WordPress-hallintapaneelisi yl\u00e4reunasta kohtaan <strong>Imagify<\/strong>.&nbsp;<\/li>\n<\/ul>\n<\/div>\n\n\n\n<figure class=\"wp-block-image size-full\"><img loading=\"lazy\" decoding=\"async\" width=\"480\" height=\"268\" src=\"https:\/\/www.zoner.fi\/tuki\/wp-content\/uploads\/2024\/04\/image021.png\" alt=\"\" class=\"wp-image-131682\" srcset=\"https:\/\/www.zoner.fi\/tuki\/wp-content\/uploads\/2024\/04\/image021.png 480w, https:\/\/www.zoner.fi\/tuki\/wp-content\/uploads\/2024\/04\/image021-300x168.png 300w\" sizes=\"auto, (max-width: 480px) 100vw, 480px\" \/><\/figure>\n\n\n\n<div class=\"wp-block-group is-vertical is-layout-flex wp-container-core-group-is-layout-8cf370e7 wp-block-group-is-layout-flex\">\n<h3 class=\"gb-headline gb-headline-1acf056d gb-headline-text\">2. Tarkista asetukset ja siirry massa-optimointiin&nbsp;<\/h3>\n\n\n\n<ul class=\"wp-block-list\">\n<li>Tarkista asetukset, sill\u00e4 niit\u00e4 k\u00e4ytet\u00e4\u00e4n my\u00f6s massa-optimoinnissa. Sen j\u00e4lkeen vierit\u00e4 alas ja klikkaa <strong>Save &amp; Go To Bulk Optimizer <\/strong>-painiketta.&nbsp;<\/li>\n<\/ul>\n<\/div>\n\n\n\n<figure class=\"wp-block-image size-full\"><img loading=\"lazy\" decoding=\"async\" width=\"862\" height=\"856\" src=\"https:\/\/www.zoner.fi\/tuki\/wp-content\/uploads\/2024\/04\/image022-1.png\" alt=\"\" class=\"wp-image-131683\" srcset=\"https:\/\/www.zoner.fi\/tuki\/wp-content\/uploads\/2024\/04\/image022-1.png 862w, https:\/\/www.zoner.fi\/tuki\/wp-content\/uploads\/2024\/04\/image022-1-300x298.png 300w, https:\/\/www.zoner.fi\/tuki\/wp-content\/uploads\/2024\/04\/image022-1-150x150.png 150w, https:\/\/www.zoner.fi\/tuki\/wp-content\/uploads\/2024\/04\/image022-1-768x763.png 768w\" sizes=\"auto, (max-width: 862px) 100vw, 862px\" \/><\/figure>\n\n\n\n<div class=\"wp-block-group is-vertical is-layout-flex wp-container-core-group-is-layout-8cf370e7 wp-block-group-is-layout-flex\">\n<h3 class=\"gb-headline gb-headline-8dfdafc0 gb-headline-text\">3. Aloita massa-optimointi&nbsp;<\/h3>\n\n\n\n<ul class=\"wp-block-list\">\n<li>Klikkaa <strong>Imagif\u2019em all<\/strong> -painiketta optimoidaksesi kaikki mediakirjastosi kuvat. Jos haluat optimoida vain osan kuvista, klikkaa ensin vihre\u00e4ll\u00e4 pohjalla olevaa <strong>Choose your folders to optimise<\/strong> -painiketta ja valitse kansiot, joiden kuvat haluat optimoida.&nbsp;<\/li>\n<\/ul>\n<\/div>\n\n\n\n<figure class=\"wp-block-image size-full\"><img loading=\"lazy\" decoding=\"async\" width=\"730\" height=\"683\" src=\"https:\/\/www.zoner.fi\/tuki\/wp-content\/uploads\/2024\/04\/image024.png\" alt=\"\" class=\"wp-image-131684\" srcset=\"https:\/\/www.zoner.fi\/tuki\/wp-content\/uploads\/2024\/04\/image024.png 730w, https:\/\/www.zoner.fi\/tuki\/wp-content\/uploads\/2024\/04\/image024-300x281.png 300w\" sizes=\"auto, (max-width: 730px) 100vw, 730px\" \/><\/figure>\n\n\n\n<div class=\"wp-block-group is-vertical is-layout-flex wp-container-core-group-is-layout-8cf370e7 wp-block-group-is-layout-flex\">\n<h3 class=\"gb-headline gb-headline-45122d6e gb-headline-text\">4. Katso tulokset&nbsp;<\/h3>\n\n\n\n<ul class=\"wp-block-list\">\n<li>Kun kuvakoon pienent\u00e4minen on tehty kaikille kuville, Imagify n\u00e4ytt\u00e4\u00e4 yhteenvedon tuloksista.&nbsp;<\/li>\n<\/ul>\n<\/div>\n\n\n\n<figure class=\"wp-block-image size-full\"><img loading=\"lazy\" decoding=\"async\" width=\"960\" height=\"740\" src=\"https:\/\/www.zoner.fi\/tuki\/wp-content\/uploads\/2024\/04\/image026.png\" alt=\"\" class=\"wp-image-131685\" srcset=\"https:\/\/www.zoner.fi\/tuki\/wp-content\/uploads\/2024\/04\/image026.png 960w, https:\/\/www.zoner.fi\/tuki\/wp-content\/uploads\/2024\/04\/image026-300x231.png 300w, https:\/\/www.zoner.fi\/tuki\/wp-content\/uploads\/2024\/04\/image026-768x592.png 768w\" sizes=\"auto, (max-width: 960px) 100vw, 960px\" \/><\/figure>\n","protected":false},"excerpt":{"rendered":"<p>Imagify on tehokas ja helppok\u00e4ytt\u00f6inen ty\u00f6kalu WordPress-sivuston kuvien koon optimointiin. Kuvakoon pienent\u00e4minen Imagifylla nopeuttaa sivustoasi s\u00e4ilytt\u00e4en samalla kuvien hyv\u00e4n laadun. T\u00e4ss\u00e4 oppaassa kerromme, miten kuvien pienent\u00e4minen Imagify-lis\u00e4osalla onnistuu. Asenna Imagify&nbsp; 1. Kirjaudu sis\u00e4\u00e4n WordPress-hallintapaneeliisi&nbsp; 2. Mene Lis\u00e4osat-sivulle&nbsp; 3. Lis\u00e4\u00e4 uusi lis\u00e4osa&nbsp; 4. Hae Imagify&nbsp; 5. Asenna ja aktivoi&nbsp; 6. Luo Imagify-tunnus&nbsp; Imagifyn asetusten muuttaminen&nbsp; 1. &#8230; <a title=\"Kuvakoon pienent\u00e4minen Imagify-lis\u00e4osalla WordPressiss\u00e4\u00a0\" class=\"read-more\" href=\"https:\/\/www.zoner.fi\/tuki\/wordpress\/kuvakoon-pienentaminen-imagify-lisaosalla\/\" aria-label=\"Lue lis\u00e4\u00e4 aiheesta Kuvakoon pienent\u00e4minen Imagify-lis\u00e4osalla WordPressiss\u00e4\u00a0\">Lue lis\u00e4\u00e4<\/a><\/p>\n","protected":false},"author":18,"featured_media":0,"parent":740,"menu_order":0,"comment_status":"closed","ping_status":"closed","template":"","meta":{"_relevanssi_hide_post":"","_relevanssi_hide_content":"","_relevanssi_pin_for_all":"","_relevanssi_pin_keywords":"","_relevanssi_unpin_keywords":"","_relevanssi_related_keywords":"","_relevanssi_related_include_ids":"","_relevanssi_related_exclude_ids":"","_relevanssi_related_no_append":"","_relevanssi_related_not_related":"","_relevanssi_related_posts":"130397,130424,130526,131535,130515,130813","_relevanssi_noindex_reason":"","footnotes":""},"categories":[72],"tags":[112],"wf_page_folders":[],"class_list":{"0":"post-131634","1":"page","2":"type-page","3":"status-publish","5":"category-wordpress","6":"tag-hyodyllisia-wordpress-lisaosia"},"_links":{"self":[{"href":"https:\/\/www.zoner.fi\/tuki\/wp-json\/wp\/v2\/pages\/131634","targetHints":{"allow":["GET"]}}],"collection":[{"href":"https:\/\/www.zoner.fi\/tuki\/wp-json\/wp\/v2\/pages"}],"about":[{"href":"https:\/\/www.zoner.fi\/tuki\/wp-json\/wp\/v2\/types\/page"}],"author":[{"embeddable":true,"href":"https:\/\/www.zoner.fi\/tuki\/wp-json\/wp\/v2\/users\/18"}],"replies":[{"embeddable":true,"href":"https:\/\/www.zoner.fi\/tuki\/wp-json\/wp\/v2\/comments?post=131634"}],"version-history":[{"count":16,"href":"https:\/\/www.zoner.fi\/tuki\/wp-json\/wp\/v2\/pages\/131634\/revisions"}],"predecessor-version":[{"id":131885,"href":"https:\/\/www.zoner.fi\/tuki\/wp-json\/wp\/v2\/pages\/131634\/revisions\/131885"}],"up":[{"embeddable":true,"href":"https:\/\/www.zoner.fi\/tuki\/wp-json\/wp\/v2\/pages\/740"}],"wp:attachment":[{"href":"https:\/\/www.zoner.fi\/tuki\/wp-json\/wp\/v2\/media?parent=131634"}],"wp:term":[{"taxonomy":"category","embeddable":true,"href":"https:\/\/www.zoner.fi\/tuki\/wp-json\/wp\/v2\/categories?post=131634"},{"taxonomy":"post_tag","embeddable":true,"href":"https:\/\/www.zoner.fi\/tuki\/wp-json\/wp\/v2\/tags?post=131634"},{"taxonomy":"wf_page_folders","embeddable":true,"href":"https:\/\/www.zoner.fi\/tuki\/wp-json\/wp\/v2\/wf_page_folders?post=131634"}],"curies":[{"name":"wp","href":"https:\/\/api.w.org\/{rel}","templated":true}]}}