{"id":131688,"date":"2024-04-18T13:05:40","date_gmt":"2024-04-18T10:05:40","guid":{"rendered":"https:\/\/www.zoner.fi\/tuki\/?page_id=131688"},"modified":"2024-04-18T15:48:42","modified_gmt":"2024-04-18T12:48:42","slug":"kommenttien-suodattaminen-ja-poistaminen-wordpressissa","status":"publish","type":"page","link":"https:\/\/www.zoner.fi\/tuki\/wordpress\/kommenttien-suodattaminen-ja-poistaminen-wordpressissa\/","title":{"rendered":"Kommenttien suodattaminen ja poistaminen WordPressiss\u00e4"},"content":{"rendered":"\n<p>WordPressin omalla kommenttien suodatuksella voit v\u00e4hent\u00e4\u00e4 roskapostia ja sopimattomia kommentteja WordPress-sivustollasi. Voit my\u00f6s helposti poistaa kommentit k\u00e4yt\u00f6st\u00e4 koko sivustoltasi tai yksitt\u00e4isist\u00e4 artikkeleista. Lis\u00e4ksi roskapostia voi torjua my\u00f6s lis\u00e4osien avulla.<\/p>\n\n\n\n<p>T\u00e4ss\u00e4 ohjeessa n\u00e4yt\u00e4mme, miten voit suodattaa kommentteja tai poistaa ne k\u00e4yt\u00f6st\u00e4 WordPress-hallintapaneelissasi.<\/p>\n\n\n\n<div class=\"wp-block-group is-vertical is-layout-flex wp-container-core-group-is-layout-8cf370e7 wp-block-group-is-layout-flex\">\n<h2 class=\"gb-headline gb-headline-1f4af84f gb-headline-text\">Suodata kommentteja<\/h2>\n\n\n\n<figure class=\"wp-block-image size-full\"><img loading=\"lazy\" decoding=\"async\" width=\"480\" height=\"306\" src=\"https:\/\/www.zoner.fi\/tuki\/wp-content\/uploads\/2024\/04\/Kuva1.png\" alt=\"\" class=\"wp-image-131690\" srcset=\"https:\/\/www.zoner.fi\/tuki\/wp-content\/uploads\/2024\/04\/Kuva1.png 480w, https:\/\/www.zoner.fi\/tuki\/wp-content\/uploads\/2024\/04\/Kuva1-300x191.png 300w\" sizes=\"auto, (max-width: 480px) 100vw, 480px\" \/><\/figure>\n<\/div>\n\n\n\n<p>Siirry WordPress-hallintapaneelissasi<strong> <\/strong>kohtaan<strong> Asetukset <\/strong>(Settings) -&gt;<strong> Keskustelu <\/strong>(Discussion). T\u00e4ll\u00e4 sivulla voit m\u00e4\u00e4ritt\u00e4\u00e4, miten haluat suodattaa kommentteja:&nbsp;<\/p>\n\n\n\n<ul class=\"wp-block-list\">\n<li>Voit pid\u00e4tt\u00e4\u00e4 kaikki kommentit arviointia varten, jolloin sinun on hyv\u00e4ksytt\u00e4v\u00e4 kommentit julkaistaviksi yksitellen.<\/li>\n\n\n\n<li>Voit pid\u00e4tt\u00e4\u00e4 uusien kommentoijien kommentit arviointia varten: t\u00e4ll\u00f6in joudut hyv\u00e4ksym\u00e4\u00e4n vain sellaiset kommentit, joiden l\u00e4hett\u00e4j\u00e4n kommentteja ei ole aikaisemmin julkaistu sivustollasi.&nbsp;<\/li>\n\n\n\n<li>Voit sallia kommenttien julkaiseminen ilman arviointia, jolloin kaikki kommentit julkaistaan sivustollasi v\u00e4litt\u00f6m\u00e4sti.<\/li>\n<\/ul>\n\n\n\n<p>Voit my\u00f6s lis\u00e4t\u00e4 avainsanoja ja\/tai s\u00e4hk\u00f6postiosoitteita mustalle listalle, jos haluat est\u00e4\u00e4 kyseisi\u00e4 avainsanoja tai s\u00e4hk\u00f6postiosoitteita sis\u00e4lt\u00e4vien kommenttien julkaisemisen.&nbsp;&nbsp;<\/p>\n\n\n\n<div class=\"wp-block-group is-vertical is-layout-flex wp-container-core-group-is-layout-8cf370e7 wp-block-group-is-layout-flex\">\n<h2 class=\"gb-headline gb-headline-4d8b59b8 gb-headline-text\">Poista kommentit k\u00e4yt\u00f6st\u00e4&nbsp;<\/h2>\n\n\n\n<p>Jos haluat poistaa kommentit k\u00e4yt\u00f6st\u00e4 koko sivustollasi, tee se samassa kohdassa WordPress-hallintapaneelissa, eli <strong>Asetukset <\/strong>(Settings) -&gt; <strong>Keskustelu <\/strong>(Discussion)<strong>.<\/strong> Poista valinta \u201dSalli kommentointi uusille artikkeleille\u201d (\u201dAllow people to post comments on new articles\u201d) -valintaruudusta. T\u00e4m\u00e4 poistaa kommentit k\u00e4yt\u00f6st\u00e4 kaikissa tulevissa artikkeleissa.&nbsp;<\/p>\n<\/div>\n\n\n\n<p>Jos haluat poistaa yksitt\u00e4isten artikkeleiden tai sivujen kommentit k\u00e4yt\u00f6st\u00e4, avaa kyseisen artikkelin tai sivun pikamuokkaus ja poista valinta \u201dSalli kommentit\u201d (Allow comments) -valintaruudusta.&nbsp;<\/p>\n\n\n\n<div class=\"wp-block-group is-vertical is-layout-flex wp-container-core-group-is-layout-8cf370e7 wp-block-group-is-layout-flex\">\n<h2 class=\"gb-headline gb-headline-256061ba gb-headline-text\">Suodata kommentteja lis\u00e4osalla<\/h2>\n\n\n\n<p>Kommenttien suodattamista ja poistamista varten on saatavilla my\u00f6s useita lis\u00e4osia. Suosittuja t\u00e4llaisia lis\u00e4osia ovat esimerkiksi:&nbsp;<\/p>\n<\/div>\n\n\n\n<p><strong><a href=\"https:\/\/wordpress.org\/plugins\/disable-comments\/\" target=\"_blank\" rel=\"noopener\">Disable Comments<\/a><\/strong>: T\u00e4m\u00e4n lis\u00e4osan avulla voit poistaa kommentit k\u00e4yt\u00f6st\u00e4 koko sivustolta, tietyist\u00e4 artikkelityypeist\u00e4 tai yksitt\u00e4isist\u00e4 artikkeleista ja sivuilta.&nbsp;<\/p>\n\n\n\n<p><strong><a href=\"https:\/\/wordpress.org\/plugins\/akismet\/\" target=\"_blank\" rel=\"noopener\">Akismet<\/a><\/strong>: T\u00e4m\u00e4 lis\u00e4osa auttaa suojaamaan sivustoasi roskapostikommenteilta vertaamalla kommentteja tietokantaan, joka koostuu tunnetuista roskapostikommenteista.&nbsp;<\/p>\n","protected":false},"excerpt":{"rendered":"<p>WordPressin omalla kommenttien suodatuksella voit v\u00e4hent\u00e4\u00e4 roskapostia ja sopimattomia kommentteja WordPress-sivustollasi. Voit my\u00f6s helposti poistaa kommentit k\u00e4yt\u00f6st\u00e4 koko sivustoltasi tai yksitt\u00e4isist\u00e4 artikkeleista. Lis\u00e4ksi roskapostia voi torjua my\u00f6s lis\u00e4osien avulla. T\u00e4ss\u00e4 ohjeessa n\u00e4yt\u00e4mme, miten voit suodattaa kommentteja tai poistaa ne k\u00e4yt\u00f6st\u00e4 WordPress-hallintapaneelissasi. Suodata kommentteja Siirry WordPress-hallintapaneelissasi kohtaan Asetukset (Settings) -&gt; Keskustelu (Discussion). T\u00e4ll\u00e4 sivulla voit m\u00e4\u00e4ritt\u00e4\u00e4, &#8230; <a title=\"Kommenttien suodattaminen ja poistaminen WordPressiss\u00e4\" class=\"read-more\" href=\"https:\/\/www.zoner.fi\/tuki\/wordpress\/kommenttien-suodattaminen-ja-poistaminen-wordpressissa\/\" aria-label=\"Lue lis\u00e4\u00e4 aiheesta Kommenttien suodattaminen ja poistaminen WordPressiss\u00e4\">Lue lis\u00e4\u00e4<\/a><\/p>\n","protected":false},"author":18,"featured_media":0,"parent":740,"menu_order":0,"comment_status":"closed","ping_status":"closed","template":"","meta":{"_relevanssi_hide_post":"","_relevanssi_hide_content":"","_relevanssi_pin_for_all":"","_relevanssi_pin_keywords":"","_relevanssi_unpin_keywords":"","_relevanssi_related_keywords":"","_relevanssi_related_include_ids":"","_relevanssi_related_exclude_ids":"","_relevanssi_related_no_append":"","_relevanssi_related_not_related":"","_relevanssi_related_posts":"130412,130464,130964,131541,131550,130935","_relevanssi_noindex_reason":"","footnotes":""},"categories":[72],"tags":[100],"wf_page_folders":[],"class_list":{"0":"post-131688","1":"page","2":"type-page","3":"status-publish","5":"category-wordpress","6":"tag-wordpressin-perusohjeet"},"_links":{"self":[{"href":"https:\/\/www.zoner.fi\/tuki\/wp-json\/wp\/v2\/pages\/131688","targetHints":{"allow":["GET"]}}],"collection":[{"href":"https:\/\/www.zoner.fi\/tuki\/wp-json\/wp\/v2\/pages"}],"about":[{"href":"https:\/\/www.zoner.fi\/tuki\/wp-json\/wp\/v2\/types\/page"}],"author":[{"embeddable":true,"href":"https:\/\/www.zoner.fi\/tuki\/wp-json\/wp\/v2\/users\/18"}],"replies":[{"embeddable":true,"href":"https:\/\/www.zoner.fi\/tuki\/wp-json\/wp\/v2\/comments?post=131688"}],"version-history":[{"count":8,"href":"https:\/\/www.zoner.fi\/tuki\/wp-json\/wp\/v2\/pages\/131688\/revisions"}],"predecessor-version":[{"id":131862,"href":"https:\/\/www.zoner.fi\/tuki\/wp-json\/wp\/v2\/pages\/131688\/revisions\/131862"}],"up":[{"embeddable":true,"href":"https:\/\/www.zoner.fi\/tuki\/wp-json\/wp\/v2\/pages\/740"}],"wp:attachment":[{"href":"https:\/\/www.zoner.fi\/tuki\/wp-json\/wp\/v2\/media?parent=131688"}],"wp:term":[{"taxonomy":"category","embeddable":true,"href":"https:\/\/www.zoner.fi\/tuki\/wp-json\/wp\/v2\/categories?post=131688"},{"taxonomy":"post_tag","embeddable":true,"href":"https:\/\/www.zoner.fi\/tuki\/wp-json\/wp\/v2\/tags?post=131688"},{"taxonomy":"wf_page_folders","embeddable":true,"href":"https:\/\/www.zoner.fi\/tuki\/wp-json\/wp\/v2\/wf_page_folders?post=131688"}],"curies":[{"name":"wp","href":"https:\/\/api.w.org\/{rel}","templated":true}]}}