{"id":131698,"date":"2024-04-18T15:27:49","date_gmt":"2024-04-18T12:27:49","guid":{"rendered":"https:\/\/www.zoner.fi\/tuki\/?page_id=131698"},"modified":"2024-04-18T15:43:16","modified_gmt":"2024-04-18T12:43:16","slug":"wordpress-lisaosat-ohje","status":"publish","type":"page","link":"https:\/\/www.zoner.fi\/tuki\/wordpress\/wordpress-lisaosat-ohje\/","title":{"rendered":"Asenna WordPress-lis\u00e4osat n\u00e4in"},"content":{"rendered":"\n<p><a href=\"https:\/\/www.zoner.fi\/wordpress\/parhaat-wordpress-lisaosat\/\" data-type=\"link\" data-id=\"https:\/\/www.zoner.fi\/wordpress\/parhaat-wordpress-lisaosat\/\">WordPress-lis\u00e4osat<\/a> voivat tarjota monia hy\u00f6tyj\u00e4 WordPress-sivustollesi. Niill\u00e4 voit lis\u00e4t\u00e4 sivuillesi erilaisia toimintoja, parantaa sivustosi suorituskyky\u00e4, ja paljon muuta: erilaisia lis\u00e4osia on tarjolla tuhansia.<\/p>\n\n\n\n<p>T\u00e4ss\u00e4 ohjeessa n\u00e4yt\u00e4mme, miten voit ladata ja ottaa k\u00e4ytt\u00f6\u00f6n lis\u00e4osia WordPress-hallintapaneelissasi.<\/p>\n\n\n\n<h2 class=\"gb-headline gb-headline-cb276d32 gb-headline-text\">N\u00e4in voit asentaa WordPress-lis\u00e4osat:<\/h2>\n\n\n\n<div class=\"wp-block-group is-vertical is-layout-flex wp-container-core-group-is-layout-8cf370e7 wp-block-group-is-layout-flex\">\n<h3 class=\"gb-headline gb-headline-066d7630 gb-headline-text\">1. Kirjaudu sis\u00e4\u00e4n:<\/h3>\n\n\n\n<p>Kirjaudu sis\u00e4\u00e4n WordPress-hallintapaneeliisi tai siirry sinne <strong>WP Admin<\/strong> -painikkeen kautta osoitteessa <a href=\"https:\/\/app.wp.one\/\" target=\"_blank\" rel=\"noreferrer noopener\">app.wp.one<\/a>:&nbsp;<\/p>\n<\/div>\n\n\n\n<figure class=\"wp-block-image size-large\"><img loading=\"lazy\" decoding=\"async\" width=\"1024\" height=\"447\" src=\"https:\/\/www.zoner.fi\/tuki\/wp-content\/uploads\/2024\/04\/image002-1-1024x447.png\" alt=\"\" class=\"wp-image-131717\" srcset=\"https:\/\/www.zoner.fi\/tuki\/wp-content\/uploads\/2024\/04\/image002-1-1024x447.png 1024w, https:\/\/www.zoner.fi\/tuki\/wp-content\/uploads\/2024\/04\/image002-1-300x131.png 300w, https:\/\/www.zoner.fi\/tuki\/wp-content\/uploads\/2024\/04\/image002-1-768x335.png 768w, https:\/\/www.zoner.fi\/tuki\/wp-content\/uploads\/2024\/04\/image002-1-1536x671.png 1536w, https:\/\/www.zoner.fi\/tuki\/wp-content\/uploads\/2024\/04\/image002-1.png 1598w\" sizes=\"auto, (max-width: 1024px) 100vw, 1024px\" \/><\/figure>\n\n\n\n<div class=\"wp-block-group is-vertical is-layout-flex wp-container-core-group-is-layout-8cf370e7 wp-block-group-is-layout-flex\">\n<h3 class=\"gb-headline gb-headline-cc9cd3c8 gb-headline-text\">2. Siirry Lis\u00e4osat-sivulle:&nbsp;<\/h3>\n\n\n\n<p>&nbsp;&nbsp; Siirry vasemmanpuoleisen valikon kohtaan <strong>Lis\u00e4osat<\/strong> (Plugins):&nbsp;<\/p>\n<\/div>\n\n\n\n<figure class=\"wp-block-image size-large\"><img loading=\"lazy\" decoding=\"async\" width=\"1024\" height=\"471\" src=\"https:\/\/www.zoner.fi\/tuki\/wp-content\/uploads\/2024\/04\/image003-1-1024x471.png\" alt=\"\" class=\"wp-image-131718\" srcset=\"https:\/\/www.zoner.fi\/tuki\/wp-content\/uploads\/2024\/04\/image003-1-1024x471.png 1024w, https:\/\/www.zoner.fi\/tuki\/wp-content\/uploads\/2024\/04\/image003-1-300x138.png 300w, https:\/\/www.zoner.fi\/tuki\/wp-content\/uploads\/2024\/04\/image003-1-768x353.png 768w, https:\/\/www.zoner.fi\/tuki\/wp-content\/uploads\/2024\/04\/image003-1-1536x707.png 1536w, https:\/\/www.zoner.fi\/tuki\/wp-content\/uploads\/2024\/04\/image003-1.png 1591w\" sizes=\"auto, (max-width: 1024px) 100vw, 1024px\" \/><\/figure>\n\n\n\n<div class=\"wp-block-group is-vertical is-layout-flex wp-container-core-group-is-layout-8cf370e7 wp-block-group-is-layout-flex\">\n<h3 class=\"gb-headline gb-headline-493e8cf0 gb-headline-text\">3. Asenna uusi lis\u00e4osa:&nbsp;<\/h3>\n\n\n\n<p>Klikkaa <strong>Lis\u00e4\u00e4 uusi lis\u00e4osa<\/strong> (Add New) p\u00e4\u00e4st\u00e4ksesi lis\u00e4osahakemistoon.&nbsp;<\/p>\n<\/div>\n\n\n\n<figure class=\"wp-block-image size-large\"><img loading=\"lazy\" decoding=\"async\" width=\"1024\" height=\"128\" src=\"https:\/\/www.zoner.fi\/tuki\/wp-content\/uploads\/2024\/04\/image004-1024x128.png\" alt=\"\" class=\"wp-image-131719\" srcset=\"https:\/\/www.zoner.fi\/tuki\/wp-content\/uploads\/2024\/04\/image004-1024x128.png 1024w, https:\/\/www.zoner.fi\/tuki\/wp-content\/uploads\/2024\/04\/image004-300x37.png 300w, https:\/\/www.zoner.fi\/tuki\/wp-content\/uploads\/2024\/04\/image004-768x96.png 768w, https:\/\/www.zoner.fi\/tuki\/wp-content\/uploads\/2024\/04\/image004-1536x192.png 1536w, https:\/\/www.zoner.fi\/tuki\/wp-content\/uploads\/2024\/04\/image004.png 1596w\" sizes=\"auto, (max-width: 1024px) 100vw, 1024px\" \/><\/figure>\n\n\n\n<div class=\"wp-block-group is-vertical is-layout-flex wp-container-core-group-is-layout-8cf370e7 wp-block-group-is-layout-flex\">\n<p>Voit etsi\u00e4 lis\u00e4osia avainsanoilla tai selata esiteltyj\u00e4, suosittuja tai suositeltuja lis\u00e4osia.&nbsp;<\/p>\n\n\n\n<p>Jos olet jo ladannut lis\u00e4osan muualta, voit asentaa sen t\u00e4ss\u00e4 klikkaamalla <strong>Lataa lis\u00e4osa <\/strong>(Upload plugin) -painiketta. Klikkaa sitten <strong>Valitse tiedosto<\/strong> ja etsi lis\u00e4osan zip-muotoinen tiedosto koneeltasi. Esimerkiksi monet maksulliset WordPress-lis\u00e4osat toimitetaan zip-tiedostoina ja otetaan k\u00e4ytt\u00f6\u00f6n t\u00e4ll\u00e4 tavalla.&nbsp;<\/p>\n<\/div>\n\n\n\n<figure class=\"wp-block-image size-large\"><img loading=\"lazy\" decoding=\"async\" width=\"1024\" height=\"525\" src=\"https:\/\/www.zoner.fi\/tuki\/wp-content\/uploads\/2024\/04\/image005-1-1024x525.png\" alt=\"\" class=\"wp-image-131721\" srcset=\"https:\/\/www.zoner.fi\/tuki\/wp-content\/uploads\/2024\/04\/image005-1-1024x525.png 1024w, https:\/\/www.zoner.fi\/tuki\/wp-content\/uploads\/2024\/04\/image005-1-300x154.png 300w, https:\/\/www.zoner.fi\/tuki\/wp-content\/uploads\/2024\/04\/image005-1-768x393.png 768w, https:\/\/www.zoner.fi\/tuki\/wp-content\/uploads\/2024\/04\/image005-1.png 1427w\" sizes=\"auto, (max-width: 1024px) 100vw, 1024px\" \/><\/figure>\n\n\n\n<div class=\"wp-block-group is-vertical is-layout-flex wp-container-core-group-is-layout-8cf370e7 wp-block-group-is-layout-flex\">\n<div class=\"wp-block-group is-vertical is-layout-flex wp-container-core-group-is-layout-8cf370e7 wp-block-group-is-layout-flex\">\n<div class=\"wp-block-group is-vertical is-layout-flex wp-container-core-group-is-layout-8cf370e7 wp-block-group-is-layout-flex\">\n<h3 class=\"gb-headline gb-headline-e16161ef gb-headline-text\">4. Valitse lis\u00e4osa:&nbsp;<\/h3>\n\n\n\n<p>L\u00f6ydetty\u00e4si lis\u00e4osan, jonka haluat asentaa, napsauta sen vieress\u00e4 olevaa <strong>Asenna nyt<\/strong> (Install Now) -painiketta.&nbsp;<\/p>\n<\/div>\n<\/div>\n<\/div>\n\n\n\n<figure class=\"wp-block-image size-large\"><img loading=\"lazy\" decoding=\"async\" width=\"1024\" height=\"525\" src=\"https:\/\/www.zoner.fi\/tuki\/wp-content\/uploads\/2024\/04\/image006-1-1024x525.png\" alt=\"\" class=\"wp-image-131723\" srcset=\"https:\/\/www.zoner.fi\/tuki\/wp-content\/uploads\/2024\/04\/image006-1-1024x525.png 1024w, https:\/\/www.zoner.fi\/tuki\/wp-content\/uploads\/2024\/04\/image006-1-300x154.png 300w, https:\/\/www.zoner.fi\/tuki\/wp-content\/uploads\/2024\/04\/image006-1-768x393.png 768w, https:\/\/www.zoner.fi\/tuki\/wp-content\/uploads\/2024\/04\/image006-1.png 1427w\" sizes=\"auto, (max-width: 1024px) 100vw, 1024px\" \/><\/figure>\n\n\n\n<div class=\"wp-block-group is-vertical is-layout-flex wp-container-core-group-is-layout-8cf370e7 wp-block-group-is-layout-flex\">\n<h3 class=\"gb-headline gb-headline-2f397c53 gb-headline-text\">5. Aktivoi lis\u00e4osa:&nbsp;<\/h3>\n\n\n\n<p>Asennuksen valmistuttua Asenna nyt -painikkeen tilalle ilmestyy <strong>Ota k\u00e4ytt\u00f6\u00f6n<\/strong> (Activate) -painike. Napsauta sit\u00e4 aktivoidaksesi lis\u00e4osan.&nbsp;<\/p>\n<\/div>\n\n\n\n<figure class=\"wp-block-image size-large\"><img loading=\"lazy\" decoding=\"async\" width=\"1024\" height=\"505\" src=\"https:\/\/www.zoner.fi\/tuki\/wp-content\/uploads\/2024\/04\/image007-1-1024x505.png\" alt=\"\" class=\"wp-image-131724\" srcset=\"https:\/\/www.zoner.fi\/tuki\/wp-content\/uploads\/2024\/04\/image007-1-1024x505.png 1024w, https:\/\/www.zoner.fi\/tuki\/wp-content\/uploads\/2024\/04\/image007-1-300x148.png 300w, https:\/\/www.zoner.fi\/tuki\/wp-content\/uploads\/2024\/04\/image007-1-768x379.png 768w, https:\/\/www.zoner.fi\/tuki\/wp-content\/uploads\/2024\/04\/image007-1.png 1444w\" sizes=\"auto, (max-width: 1024px) 100vw, 1024px\" \/><\/figure>\n\n\n\n<p><strong>T\u00e4rke\u00e4\u00e4:<\/strong>&nbsp;WordPress-lis\u00e4osat ja -teemat on t\u00e4rke\u00e4\u00e4 pit\u00e4\u00e4 ajan tasalla sivuston tietoturvan ja suorituskyvyn takia. Tarkista p\u00e4ivitykset s\u00e4\u00e4nn\u00f6llisesti ja ota ne k\u00e4ytt\u00f6\u00f6n varmistaaksesi, ett\u00e4 sivustosi pysyy turvallisena ja toimivana.&nbsp;<\/p>\n","protected":false},"excerpt":{"rendered":"<p>WordPress-lis\u00e4osat voivat tarjota monia hy\u00f6tyj\u00e4 WordPress-sivustollesi. Niill\u00e4 voit lis\u00e4t\u00e4 sivuillesi erilaisia toimintoja, parantaa sivustosi suorituskyky\u00e4, ja paljon muuta: erilaisia lis\u00e4osia on tarjolla tuhansia. T\u00e4ss\u00e4 ohjeessa n\u00e4yt\u00e4mme, miten voit ladata ja ottaa k\u00e4ytt\u00f6\u00f6n lis\u00e4osia WordPress-hallintapaneelissasi. N\u00e4in voit asentaa WordPress-lis\u00e4osat: 1. Kirjaudu sis\u00e4\u00e4n: Kirjaudu sis\u00e4\u00e4n WordPress-hallintapaneeliisi tai siirry sinne WP Admin -painikkeen kautta osoitteessa app.wp.one:&nbsp; 2. Siirry &#8230; <a title=\"Asenna WordPress-lis\u00e4osat n\u00e4in\" class=\"read-more\" href=\"https:\/\/www.zoner.fi\/tuki\/wordpress\/wordpress-lisaosat-ohje\/\" aria-label=\"Lue lis\u00e4\u00e4 aiheesta Asenna WordPress-lis\u00e4osat n\u00e4in\">Lue lis\u00e4\u00e4<\/a><\/p>\n","protected":false},"author":18,"featured_media":0,"parent":740,"menu_order":0,"comment_status":"closed","ping_status":"closed","template":"","meta":{"_relevanssi_hide_post":"","_relevanssi_hide_content":"","_relevanssi_pin_for_all":"","_relevanssi_pin_keywords":"","_relevanssi_unpin_keywords":"","_relevanssi_related_keywords":"","_relevanssi_related_include_ids":"","_relevanssi_related_exclude_ids":"","_relevanssi_related_no_append":"","_relevanssi_related_not_related":"","_relevanssi_related_posts":"130424,130498,130397,1076,130722,130553","_relevanssi_noindex_reason":"","footnotes":""},"categories":[72],"tags":[112],"wf_page_folders":[],"class_list":{"0":"post-131698","1":"page","2":"type-page","3":"status-publish","5":"category-wordpress","6":"tag-hyodyllisia-wordpress-lisaosia"},"_links":{"self":[{"href":"https:\/\/www.zoner.fi\/tuki\/wp-json\/wp\/v2\/pages\/131698","targetHints":{"allow":["GET"]}}],"collection":[{"href":"https:\/\/www.zoner.fi\/tuki\/wp-json\/wp\/v2\/pages"}],"about":[{"href":"https:\/\/www.zoner.fi\/tuki\/wp-json\/wp\/v2\/types\/page"}],"author":[{"embeddable":true,"href":"https:\/\/www.zoner.fi\/tuki\/wp-json\/wp\/v2\/users\/18"}],"replies":[{"embeddable":true,"href":"https:\/\/www.zoner.fi\/tuki\/wp-json\/wp\/v2\/comments?post=131698"}],"version-history":[{"count":6,"href":"https:\/\/www.zoner.fi\/tuki\/wp-json\/wp\/v2\/pages\/131698\/revisions"}],"predecessor-version":[{"id":131882,"href":"https:\/\/www.zoner.fi\/tuki\/wp-json\/wp\/v2\/pages\/131698\/revisions\/131882"}],"up":[{"embeddable":true,"href":"https:\/\/www.zoner.fi\/tuki\/wp-json\/wp\/v2\/pages\/740"}],"wp:attachment":[{"href":"https:\/\/www.zoner.fi\/tuki\/wp-json\/wp\/v2\/media?parent=131698"}],"wp:term":[{"taxonomy":"category","embeddable":true,"href":"https:\/\/www.zoner.fi\/tuki\/wp-json\/wp\/v2\/categories?post=131698"},{"taxonomy":"post_tag","embeddable":true,"href":"https:\/\/www.zoner.fi\/tuki\/wp-json\/wp\/v2\/tags?post=131698"},{"taxonomy":"wf_page_folders","embeddable":true,"href":"https:\/\/www.zoner.fi\/tuki\/wp-json\/wp\/v2\/wf_page_folders?post=131698"}],"curies":[{"name":"wp","href":"https:\/\/api.w.org\/{rel}","templated":true}]}}