{"id":131729,"date":"2024-04-18T15:26:44","date_gmt":"2024-04-18T12:26:44","guid":{"rendered":"https:\/\/www.zoner.fi\/tuki\/?page_id=131729"},"modified":"2024-04-18T15:48:28","modified_gmt":"2024-04-18T12:48:28","slug":"wordpress-uudelleenohjaus","status":"publish","type":"page","link":"https:\/\/www.zoner.fi\/tuki\/wordpress\/wordpress-uudelleenohjaus\/","title":{"rendered":"Sivujen uudelleenohjaus WordPressiss\u00e4"},"content":{"rendered":"\n<p>T\u00e4ss\u00e4 ohjeessa kerromme, miten sivujen uudelleenohjaus onnistuu <a href=\"https:\/\/www.zoner.fi\/wordpress\/\">WordPress<\/a>-julkaisuj\u00e4rjestelm\u00e4ss\u00e4 helposti lis\u00e4osan avulla tai .conf-tiedostolla.\u00a0<\/p>\n\n\n\n<div class=\"wp-block-group is-vertical is-layout-flex wp-container-core-group-is-layout-8cf370e7 wp-block-group-is-layout-flex\">\n<h2 class=\"gb-headline gb-headline-86cc3dea gb-headline-text\">Uudelleenohjaus lis\u00e4osan avulla&nbsp;&nbsp;<\/h2>\n\n\n\n<p>WordPress-sivujen uudelleenohjaus on helpointa tehd\u00e4 lis\u00e4osalla. Suosittuja lis\u00e4osia t\u00e4h\u00e4n tarkoitukseen ovat muun muassa<strong> Redirection<\/strong> ja <strong>Yoast SEO. <\/strong>N\u00e4in WordPress-uudelleenohjaus onnistuu lis\u00e4osan avulla:&nbsp;<\/p>\n\n\n\n<p><br>1. Kirjaudu ensin sis\u00e4\u00e4n WordPress-hallintapaneeliisi yll\u00e4pit\u00e4j\u00e4n tunnuksillasi. P\u00e4\u00e4set sinne helposti WP.onen kautta klikkaamalla <strong>WP Admin<\/strong> -painiketta:&nbsp;&nbsp;<\/p>\n<\/div>\n\n\n\n<figure class=\"wp-block-image size-large\"><img loading=\"lazy\" decoding=\"async\" width=\"1024\" height=\"476\" src=\"https:\/\/www.zoner.fi\/tuki\/wp-content\/uploads\/2024\/04\/image003-2-1024x476.png\" alt=\"\" class=\"wp-image-131731\" srcset=\"https:\/\/www.zoner.fi\/tuki\/wp-content\/uploads\/2024\/04\/image003-2-1024x476.png 1024w, https:\/\/www.zoner.fi\/tuki\/wp-content\/uploads\/2024\/04\/image003-2-300x139.png 300w, https:\/\/www.zoner.fi\/tuki\/wp-content\/uploads\/2024\/04\/image003-2-768x357.png 768w, https:\/\/www.zoner.fi\/tuki\/wp-content\/uploads\/2024\/04\/image003-2.png 1100w\" sizes=\"auto, (max-width: 1024px) 100vw, 1024px\" \/><\/figure>\n\n\n\n<p>Voit kirjautua sis\u00e4\u00e4n my\u00f6s seuraavan osoitteen kautta, jos korvaat siihen oman verkkotunnuksesi ja sen verkkotunnusp\u00e4\u00e4tteen: <strong>verkkotunnus.com\/wp-admin<\/strong>&nbsp;<\/p>\n\n\n\n<p>2. Siirry vasemman valikon <strong>Lis\u00e4osat <\/strong>(Plugins)<strong> &#8211;<\/strong>osioon ja klikaa<strong> Lis\u00e4\u00e4 uusi<\/strong> (Add New)<strong>.<\/strong>&nbsp;&nbsp;<\/p>\n\n\n\n<figure class=\"wp-block-image size-full\"><img loading=\"lazy\" decoding=\"async\" width=\"357\" height=\"568\" src=\"https:\/\/www.zoner.fi\/tuki\/wp-content\/uploads\/2024\/04\/image005-2.png\" alt=\"\" class=\"wp-image-131732\" srcset=\"https:\/\/www.zoner.fi\/tuki\/wp-content\/uploads\/2024\/04\/image005-2.png 357w, https:\/\/www.zoner.fi\/tuki\/wp-content\/uploads\/2024\/04\/image005-2-189x300.png 189w\" sizes=\"auto, (max-width: 357px) 100vw, 357px\" \/><\/figure>\n\n\n\n<ul class=\"wp-block-list\">\n<li>Kirjoita hakupalkkiin &#8221;<strong>Redirection<\/strong>&#8221;.&nbsp;<\/li>\n\n\n\n<li>Napsauta<strong> <\/strong>Redirection-lis\u00e4osan kohdalla<strong> Asenna nyt <\/strong>(Install Now). Kun asennus on valmis, klikkaa samassa kohdassa <strong>Ota k\u00e4ytt\u00f6\u00f6n <\/strong>(Activcate).&nbsp;&nbsp;<\/li>\n<\/ul>\n\n\n\n<figure class=\"wp-block-image size-large\"><img loading=\"lazy\" decoding=\"async\" width=\"1024\" height=\"286\" src=\"https:\/\/www.zoner.fi\/tuki\/wp-content\/uploads\/2024\/04\/image007-2-1024x286.png\" alt=\"\" class=\"wp-image-131733\" srcset=\"https:\/\/www.zoner.fi\/tuki\/wp-content\/uploads\/2024\/04\/image007-2-1024x286.png 1024w, https:\/\/www.zoner.fi\/tuki\/wp-content\/uploads\/2024\/04\/image007-2-300x84.png 300w, https:\/\/www.zoner.fi\/tuki\/wp-content\/uploads\/2024\/04\/image007-2-768x214.png 768w, https:\/\/www.zoner.fi\/tuki\/wp-content\/uploads\/2024\/04\/image007-2.png 1100w\" sizes=\"auto, (max-width: 1024px) 100vw, 1024px\" \/><\/figure>\n\n\n\n<p>Kun olet aktivoinut lis\u00e4osan, l\u00f6yd\u00e4t vasemmasta valikosta <strong>Ty\u00f6kalut <\/strong>(Tools)<strong> <\/strong>-osion alta<strong> Redirection<\/strong>-sivun, jolla p\u00e4\u00e4set m\u00e4\u00e4ritt\u00e4m\u00e4\u00e4n uudelleenohjauss\u00e4\u00e4nt\u00f6j\u00e4 suoritettuasi lis\u00e4osan asennuksen loppuun:&nbsp;<\/p>\n\n\n\n<figure class=\"wp-block-image size-large\"><img loading=\"lazy\" decoding=\"async\" width=\"1024\" height=\"611\" src=\"https:\/\/www.zoner.fi\/tuki\/wp-content\/uploads\/2024\/04\/image009-1-1024x611.png\" alt=\"\" class=\"wp-image-131734\" srcset=\"https:\/\/www.zoner.fi\/tuki\/wp-content\/uploads\/2024\/04\/image009-1-1024x611.png 1024w, https:\/\/www.zoner.fi\/tuki\/wp-content\/uploads\/2024\/04\/image009-1-300x179.png 300w, https:\/\/www.zoner.fi\/tuki\/wp-content\/uploads\/2024\/04\/image009-1-768x459.png 768w, https:\/\/www.zoner.fi\/tuki\/wp-content\/uploads\/2024\/04\/image009-1.png 1102w\" sizes=\"auto, (max-width: 1024px) 100vw, 1024px\" \/><\/figure>\n\n\n\n<p>Napsauta <strong>Aloita asennus <\/strong>(Start Setup)<strong> <\/strong>ja noudata ohjattua asennustoimintoa.&nbsp;<br>Sen j\u00e4lkeen napsauta <strong>Lis\u00e4\u00e4 uusi <\/strong>(Add New)<strong> <\/strong>ja t\u00e4yt\u00e4 seuraavat kent\u00e4t:&nbsp;<\/p>\n\n\n\n<ul class=\"wp-block-list\">\n<li><strong>L\u00e4hdesivun URL-osoite <\/strong>(Source URL): Anna sen sivun URL-osoite, jolta haluat uudelleenohjata.&nbsp;<\/li>\n\n\n\n<li><strong>Kyselyparametrit <\/strong>(Query Parameters): Voit j\u00e4tt\u00e4\u00e4 t\u00e4m\u00e4n oletusarvoiseksi &#8221;Exact match in any order&#8221;.&nbsp;<\/li>\n\n\n\n<li><strong>Kohdesivun URL-osoite <\/strong>(Target URL): Anna sen sivun URL-osoite, jolle haluat uudelleenohjata.&nbsp;<\/li>\n\n\n\n<li><strong>Ryhm\u00e4 <\/strong>(Group): Voit j\u00e4tt\u00e4\u00e4 t\u00e4m\u00e4n oletusarvoiseksi &#8221; Redirections&#8221;.&nbsp;<\/li>\n<\/ul>\n\n\n\n<p>Klikkaa lopuksi<strong> Lis\u00e4\u00e4 uudelleenohjaus <\/strong>(Add Redirect)<strong>.<\/strong>&nbsp;<\/p>\n\n\n\n<p>3. <strong>Testaa uudelleenohjaus<\/strong>: Varmista, ett\u00e4 uudelleenohjaus toimii oikein avaamalla uusi v\u00e4lilehti ja siirtym\u00e4ll\u00e4 l\u00e4hdesivun URL-osoitteeseen. Sivun pit\u00e4isi ohjautua automaattisesti kohdesivun URL-osoitteeseen.&nbsp;<\/p>\n\n\n\n<p>Voit muuttaa ja poistaa uudelleenohjauss\u00e4\u00e4nt\u00f6j\u00e4 samalla <strong>Redirections<\/strong>-sivulla.&nbsp;<\/p>\n\n\n\n<div class=\"wp-block-group is-vertical is-layout-flex wp-container-core-group-is-layout-8cf370e7 wp-block-group-is-layout-flex\">\n<h2 class=\"gb-headline gb-headline-8f7f21fc gb-headline-text\">Uudelleenohjaus nginx.conf-tiedoston avulla&nbsp;<\/h2>\n\n\n\n<p>Koska WP.one-palvelimet toimivat Nginx:ill\u00e4, uudelleenohjaukset m\u00e4\u00e4ritet\u00e4\u00e4n hakemistossa \/data\/nginx\/*.conf. Tiedostonimen\u00e4 on hyv\u00e4 k\u00e4ytt\u00e4\u00e4 \u201cnginx.conf\u201d, mutta mik\u00e4 tahansa .conf-tiedosto toimii. Jos haluat avata tai muokata <strong>nginx.conf-<\/strong>tiedostoa, tarvitset siihen SSH-yhteyden.&nbsp;&nbsp;<\/p>\n<\/div>\n\n\n\n<p>Saat SSH-tiedot WP.one-hallintapaneelistasi (app.wp.one) menem\u00e4ll\u00e4 ensin kohtaan <strong>Sivustot<\/strong> (Sites). Klikkaa sitten verkkotunnuksesi nime\u00e4 ja siirry sivulle<strong> Asetukset <\/strong>(Settings), josta l\u00f6ytyy osio<strong> SFTP\/SSH.&nbsp;<\/strong>&nbsp;<\/p>\n\n\n\n<figure class=\"wp-block-image size-large\"><img loading=\"lazy\" decoding=\"async\" width=\"1024\" height=\"495\" src=\"https:\/\/www.zoner.fi\/tuki\/wp-content\/uploads\/2024\/04\/image011-1-1024x495.png\" alt=\"\" class=\"wp-image-131735\" srcset=\"https:\/\/www.zoner.fi\/tuki\/wp-content\/uploads\/2024\/04\/image011-1-1024x495.png 1024w, https:\/\/www.zoner.fi\/tuki\/wp-content\/uploads\/2024\/04\/image011-1-300x145.png 300w, https:\/\/www.zoner.fi\/tuki\/wp-content\/uploads\/2024\/04\/image011-1-768x371.png 768w, https:\/\/www.zoner.fi\/tuki\/wp-content\/uploads\/2024\/04\/image011-1.png 1100w\" sizes=\"auto, (max-width: 1024px) 100vw, 1024px\" \/><\/figure>\n\n\n\n<ol class=\"wp-block-list\">\n<li>Siirry NGINX-kansioon: Kun olet kirjautunut sis\u00e4\u00e4n SSH-yhteydell\u00e4, k\u00e4yt\u00e4<strong> cd <\/strong>komentoa vaihtaaksesi hakemiston nginx-kansioon.<\/li>\n<\/ol>\n\n\n\n<figure class=\"wp-block-image size-full\"><img loading=\"lazy\" decoding=\"async\" width=\"658\" height=\"181\" src=\"https:\/\/www.zoner.fi\/tuki\/wp-content\/uploads\/2024\/04\/image013-1.png\" alt=\"\" class=\"wp-image-131736\" srcset=\"https:\/\/www.zoner.fi\/tuki\/wp-content\/uploads\/2024\/04\/image013-1.png 658w, https:\/\/www.zoner.fi\/tuki\/wp-content\/uploads\/2024\/04\/image013-1-300x83.png 300w\" sizes=\"auto, (max-width: 658px) 100vw, 658px\" \/><\/figure>\n\n\n\n<p>2. Edit\/Create nginx.conf: Joissakin tapauksissa .conf-tiedostoa ei ole olemassa. Luo se silloin t\u00e4ll\u00e4 komennolla: <strong>nano nginx.conf<\/strong> (t\u00e4m\u00e4 komento koskee my\u00f6s .conf-tiedoston muokkaamista).&nbsp;<br>&nbsp;<br>Komennon suorittaminen k\u00e4ynnist\u00e4\u00e4 tiedostoeditorin, jossa uudelleenohjauskomentoja voidaan muokata ja lis\u00e4t\u00e4:<\/p>\n\n\n\n<figure class=\"wp-block-image size-full\"><img loading=\"lazy\" decoding=\"async\" width=\"653\" height=\"173\" src=\"https:\/\/www.zoner.fi\/tuki\/wp-content\/uploads\/2024\/04\/image015-1.png\" alt=\"\" class=\"wp-image-131737\" srcset=\"https:\/\/www.zoner.fi\/tuki\/wp-content\/uploads\/2024\/04\/image015-1.png 653w, https:\/\/www.zoner.fi\/tuki\/wp-content\/uploads\/2024\/04\/image015-1-300x79.png 300w\" sizes=\"auto, (max-width: 653px) 100vw, 653px\" \/><\/figure>\n\n\n\n<p>3. Lis\u00e4\u00e4 uudelleenohjauskomennot: Sivun uudelleenohjaus voidaan tehd\u00e4 k\u00e4ytt\u00e4m\u00e4ll\u00e4 jompaakumpaa seuraavista komennoista:&nbsp;<br>&nbsp;<br><strong>location \/page-name\/{<\/strong><\/p>\n\n\n\n<p><strong>rewrite ^\/(.*)$ http:\/\/www.domain.com\/newpage redirect;<\/strong>&nbsp;<\/p>\n\n\n\n<p><strong>}<\/strong>&nbsp;<\/p>\n\n\n\n<p>Tai&nbsp;&nbsp;<\/p>\n\n\n\n<p><strong>location \/page-name\/{<\/strong>&nbsp;<\/p>\n\n\n\n<p><strong>return 301 http:\/\/www.domain.com\/newpage;<\/strong>&nbsp;<\/p>\n\n\n\n<p><strong>}<\/strong>&nbsp;<\/p>\n\n\n\n<p>T\u00e4ss\u00e4 esimerkiss\u00e4 k\u00e4yt\u00e4mme ensimm\u00e4ist\u00e4 komentosarjaa:&nbsp;<\/p>\n\n\n\n<figure class=\"wp-block-image size-full\"><img loading=\"lazy\" decoding=\"async\" width=\"574\" height=\"165\" src=\"https:\/\/www.zoner.fi\/tuki\/wp-content\/uploads\/2024\/04\/image017.gif\" alt=\"\" class=\"wp-image-131738\"\/><\/figure>\n\n\n\n<p>4. Tallenna .conf-tiedosto: Kun uudelleenohjauskomentosarjat on lis\u00e4tty, .conf-tiedosto on tallennettava, jotta palvelin k\u00e4ynnistyy uudelleen. Voit tallentaa muutokset nanoeditorilla seuraavasti:&nbsp;<br>&nbsp;<br>Paina<strong> Ctrl + O:<\/strong> T\u00e4m\u00e4 pyyt\u00e4\u00e4 sinulta tiedoston nime\u00e4.<\/p>\n\n\n\n<figure class=\"wp-block-image size-full\"><img loading=\"lazy\" decoding=\"async\" width=\"479\" height=\"127\" src=\"https:\/\/www.zoner.fi\/tuki\/wp-content\/uploads\/2024\/04\/image018-1.png\" alt=\"\" class=\"wp-image-131739\" srcset=\"https:\/\/www.zoner.fi\/tuki\/wp-content\/uploads\/2024\/04\/image018-1.png 479w, https:\/\/www.zoner.fi\/tuki\/wp-content\/uploads\/2024\/04\/image018-1-300x80.png 300w\" sizes=\"auto, (max-width: 479px) 100vw, 479px\" \/><\/figure>\n\n\n\n<p><br>Paina sitten <strong>Enter: <\/strong>T\u00e4m\u00e4 tallentaa tiedostoon tehdyt muutokset.&nbsp;<br>&nbsp;<br>Paina lopuksi <strong>Ctrl + X<\/strong>: T\u00e4m\u00e4 sulkee editorin ja k\u00e4ynnist\u00e4\u00e4 palvelimen uudelleen.&nbsp;<br>&nbsp;<br><strong>Huomautus<\/strong>: Uudelleenohjaus toimii vasta, kun palvelin on k\u00e4ynnistetty uudelleen. &nbsp;<\/p>\n\n\n\n<p>5. V\u00e4limuistin tyhjent\u00e4minen: V\u00e4limuisti kannattaa tyhjent\u00e4\u00e4 sen j\u00e4lkeen, kun .conf-tiedostoon on tehty muutoksia, koska sill\u00e4 voidaan v\u00e4ltt\u00e4\u00e4 viiv\u00e4stykset uudelleenohjauskomentosarjojen k\u00e4ytt\u00f6\u00f6notossa.&nbsp;<\/p>\n\n\n\n<p>Tee v\u00e4limuistin huuhtelu Nginx-kansion sis\u00e4ll\u00e4 komennolla <strong>wp-cache-flush<\/strong>:<\/p>\n\n\n\n<figure class=\"wp-block-image size-full\"><img loading=\"lazy\" decoding=\"async\" width=\"392\" height=\"112\" src=\"https:\/\/www.zoner.fi\/tuki\/wp-content\/uploads\/2024\/04\/image020-1.png\" alt=\"\" class=\"wp-image-131740\" srcset=\"https:\/\/www.zoner.fi\/tuki\/wp-content\/uploads\/2024\/04\/image020-1.png 392w, https:\/\/www.zoner.fi\/tuki\/wp-content\/uploads\/2024\/04\/image020-1-300x86.png 300w\" sizes=\"auto, (max-width: 392px) 100vw, 392px\" \/><\/figure>\n","protected":false},"excerpt":{"rendered":"<p>T\u00e4ss\u00e4 ohjeessa kerromme, miten sivujen uudelleenohjaus onnistuu WordPress-julkaisuj\u00e4rjestelm\u00e4ss\u00e4 helposti lis\u00e4osan avulla tai .conf-tiedostolla.\u00a0 Uudelleenohjaus lis\u00e4osan avulla&nbsp;&nbsp; WordPress-sivujen uudelleenohjaus on helpointa tehd\u00e4 lis\u00e4osalla. Suosittuja lis\u00e4osia t\u00e4h\u00e4n tarkoitukseen ovat muun muassa Redirection ja Yoast SEO. N\u00e4in WordPress-uudelleenohjaus onnistuu lis\u00e4osan avulla:&nbsp; 1. Kirjaudu ensin sis\u00e4\u00e4n WordPress-hallintapaneeliisi yll\u00e4pit\u00e4j\u00e4n tunnuksillasi. P\u00e4\u00e4set sinne helposti WP.onen kautta klikkaamalla WP Admin -painiketta:&nbsp;&nbsp; Voit &#8230; <a title=\"Sivujen uudelleenohjaus WordPressiss\u00e4\" class=\"read-more\" href=\"https:\/\/www.zoner.fi\/tuki\/wordpress\/wordpress-uudelleenohjaus\/\" aria-label=\"Lue lis\u00e4\u00e4 aiheesta Sivujen uudelleenohjaus WordPressiss\u00e4\">Lue lis\u00e4\u00e4<\/a><\/p>\n","protected":false},"author":18,"featured_media":0,"parent":740,"menu_order":0,"comment_status":"closed","ping_status":"closed","template":"","meta":{"_relevanssi_hide_post":"","_relevanssi_hide_content":"","_relevanssi_pin_for_all":"","_relevanssi_pin_keywords":"","_relevanssi_unpin_keywords":"","_relevanssi_related_keywords":"","_relevanssi_related_include_ids":"","_relevanssi_related_exclude_ids":"","_relevanssi_related_no_append":"","_relevanssi_related_not_related":"","_relevanssi_related_posts":"130819,130578,130616,130641,130553,130464","_relevanssi_noindex_reason":"","footnotes":""},"categories":[72],"tags":[100],"wf_page_folders":[],"class_list":{"0":"post-131729","1":"page","2":"type-page","3":"status-publish","5":"category-wordpress","6":"tag-wordpressin-perusohjeet"},"_links":{"self":[{"href":"https:\/\/www.zoner.fi\/tuki\/wp-json\/wp\/v2\/pages\/131729","targetHints":{"allow":["GET"]}}],"collection":[{"href":"https:\/\/www.zoner.fi\/tuki\/wp-json\/wp\/v2\/pages"}],"about":[{"href":"https:\/\/www.zoner.fi\/tuki\/wp-json\/wp\/v2\/types\/page"}],"author":[{"embeddable":true,"href":"https:\/\/www.zoner.fi\/tuki\/wp-json\/wp\/v2\/users\/18"}],"replies":[{"embeddable":true,"href":"https:\/\/www.zoner.fi\/tuki\/wp-json\/wp\/v2\/comments?post=131729"}],"version-history":[{"count":4,"href":"https:\/\/www.zoner.fi\/tuki\/wp-json\/wp\/v2\/pages\/131729\/revisions"}],"predecessor-version":[{"id":131884,"href":"https:\/\/www.zoner.fi\/tuki\/wp-json\/wp\/v2\/pages\/131729\/revisions\/131884"}],"up":[{"embeddable":true,"href":"https:\/\/www.zoner.fi\/tuki\/wp-json\/wp\/v2\/pages\/740"}],"wp:attachment":[{"href":"https:\/\/www.zoner.fi\/tuki\/wp-json\/wp\/v2\/media?parent=131729"}],"wp:term":[{"taxonomy":"category","embeddable":true,"href":"https:\/\/www.zoner.fi\/tuki\/wp-json\/wp\/v2\/categories?post=131729"},{"taxonomy":"post_tag","embeddable":true,"href":"https:\/\/www.zoner.fi\/tuki\/wp-json\/wp\/v2\/tags?post=131729"},{"taxonomy":"wf_page_folders","embeddable":true,"href":"https:\/\/www.zoner.fi\/tuki\/wp-json\/wp\/v2\/wf_page_folders?post=131729"}],"curies":[{"name":"wp","href":"https:\/\/api.w.org\/{rel}","templated":true}]}}